{"id":22025,"date":"2023-11-10T18:56:03","date_gmt":"2023-11-10T17:56:03","guid":{"rendered":"https:\/\/galli.ch\/?post_type=product&#038;p=22025"},"modified":"2025-03-13T13:45:21","modified_gmt":"2025-03-13T12:45:21","slug":"automatic-42-a17328101l1a1","status":"publish","type":"product","link":"https:\/\/galli.ch\/en\/uhren\/breitling\/avenger\/automatic-42-a17328101l1a1\/","title":{"rendered":"Breitling Avenger Automatic 42"},"content":{"rendered":"<p>Die Avenger ist f\u00fcr Jetpiloten und -pilotinnen konstruiert und eine Uhr, die es mit den h\u00e4rtesten Bedingungen im Cockpit aufnehmen kann und sich niemals geschlagen gibt. Aber man braucht nicht in der Luftwaffe zu sein, um ihr k\u00fchnes Design, ihre aussergew\u00f6hnliche Widerstandsf\u00e4higkeit und ihre \u00fcberragende Funktionalit\u00e4t zu sch\u00e4tzen. Performance trifft auf modernes Luftfahrtdesign: Die Materialien der Kollektion \u2013 Edelstahl bei den regul\u00e4ren Modellen, Keramik und Titan bei der Night Mission \u2013 sind an das Design der Luftfahrt angelehnt, w\u00e4hrend die Zifferblattfarben sich an denen der Milit\u00e4runiformen orientieren.<\/p>\n<p>&nbsp;<\/p>\n","protected":false},"excerpt":{"rendered":"<p>Die Avenger ist f\u00fcr Jetpiloten und -pilotinnen konstruiert und eine Uhr, die es mit den h\u00e4rtesten Bedingungen im Cockpit aufnehmen kann und sich niemals geschlagen gibt. Aber man braucht nicht in der Luftwaffe zu sein, um ihr k\u00fchnes Design, ihre aussergew\u00f6hnliche Widerstandsf\u00e4higkeit und ihre \u00fcberragende Funktionalit\u00e4t zu sch\u00e4tzen. Performance trifft auf modernes Luftfahrtdesign: Die Materialien&#8230;  <a class=\"excerpt-read-more\" href=\"https:\/\/galli.ch\/en\/uhren\/breitling\/avenger\/automatic-42-a17328101l1a1\/\" title=\"Read Breitling Avenger Automatic 42\">Weiter &raquo;<\/a><\/p>\n","protected":false},"featured_media":21826,"template":"","meta":{"_acf_changed":false,"inline_featured_image":false},"product_brand":[],"product_cat":[188],"product_tag":[],"class_list":{"0":"post-22025","1":"product","2":"type-product","3":"status-publish","4":"has-post-thumbnail","6":"uhrenhersteller-breitling","7":"uhrenhersteller-avenger","8":"product_cat-uhren","10":"first","11":"outofstock","12":"taxable","13":"shipping-taxable","14":"purchasable","15":"product-type-simple"},"acf":[],"yoast_head":"<!-- This site is optimized with the Yoast SEO plugin v25.5 - https:\/\/yoast.com\/wordpress\/plugins\/seo\/ -->\n<title>Breitling Avenger Automatic 42 - Galli Uhren Bijouterie<\/title>\n<meta name=\"robots\" content=\"index, follow, max-snippet:-1, max-image-preview:large, max-video-preview:-1\" \/>\n<link rel=\"canonical\" href=\"https:\/\/galli.ch\/uhren\/breitling\/avenger\/automatic-42-a17328101l1a1\/\" \/>\n<meta property=\"og:locale\" content=\"en_US\" \/>\n<meta property=\"og:type\" content=\"article\" \/>\n<meta property=\"og:title\" content=\"Breitling Avenger Automatic 42 - Galli Uhren Bijouterie\" \/>\n<meta property=\"og:description\" content=\"Die Avenger ist f\u00fcr Jetpiloten und -pilotinnen konstruiert und eine Uhr, die es mit den h\u00e4rtesten Bedingungen im Cockpit aufnehmen kann und sich niemals geschlagen gibt. Aber man braucht nicht in der Luftwaffe zu sein, um ihr k\u00fchnes Design, ihre aussergew\u00f6hnliche Widerstandsf\u00e4higkeit und ihre \u00fcberragende Funktionalit\u00e4t zu sch\u00e4tzen. Performance trifft auf modernes Luftfahrtdesign: Die Materialien... Weiter &raquo;\" \/>\n<meta property=\"og:url\" content=\"https:\/\/galli.ch\/uhren\/breitling\/avenger\/automatic-42-a17328101l1a1\/\" \/>\n<meta property=\"og:site_name\" content=\"Galli Uhren Bijouterie\" \/>\n<meta property=\"article:modified_time\" content=\"2025-03-13T12:45:21+00:00\" \/>\n<meta property=\"og:image\" content=\"https:\/\/galli.ch\/wp-content\/uploads\/a17328101l1a1-avenger-automatic-42-soldier.png\" \/>\n\t<meta property=\"og:image:width\" content=\"1000\" \/>\n\t<meta property=\"og:image:height\" content=\"1400\" \/>\n\t<meta property=\"og:image:type\" content=\"image\/png\" \/>\n<meta name=\"twitter:card\" content=\"summary_large_image\" \/>\n<script type=\"application\/ld+json\" class=\"yoast-schema-graph\">{\"@context\":\"https:\/\/schema.org\",\"@graph\":[{\"@type\":\"WebPage\",\"@id\":\"https:\/\/galli.ch\/uhren\/breitling\/avenger\/automatic-42-a17328101l1a1\/\",\"url\":\"https:\/\/galli.ch\/uhren\/breitling\/avenger\/automatic-42-a17328101l1a1\/\",\"name\":\"Breitling Avenger Automatic 42 - Galli Uhren Bijouterie\",\"isPartOf\":{\"@id\":\"http:\/\/galli.ch\/en\/#website\"},\"primaryImageOfPage\":{\"@id\":\"https:\/\/galli.ch\/uhren\/breitling\/avenger\/automatic-42-a17328101l1a1\/#primaryimage\"},\"image\":{\"@id\":\"https:\/\/galli.ch\/uhren\/breitling\/avenger\/automatic-42-a17328101l1a1\/#primaryimage\"},\"thumbnailUrl\":\"https:\/\/galli.ch\/wp-content\/uploads\/a17328101l1a1-avenger-automatic-42-soldier.png\",\"datePublished\":\"2023-11-10T17:56:03+00:00\",\"dateModified\":\"2025-03-13T12:45:21+00:00\",\"breadcrumb\":{\"@id\":\"https:\/\/galli.ch\/uhren\/breitling\/avenger\/automatic-42-a17328101l1a1\/#breadcrumb\"},\"inLanguage\":\"en-US\",\"potentialAction\":[{\"@type\":\"ReadAction\",\"target\":[\"https:\/\/galli.ch\/uhren\/breitling\/avenger\/automatic-42-a17328101l1a1\/\"]}]},{\"@type\":\"ImageObject\",\"inLanguage\":\"en-US\",\"@id\":\"https:\/\/galli.ch\/uhren\/breitling\/avenger\/automatic-42-a17328101l1a1\/#primaryimage\",\"url\":\"https:\/\/galli.ch\/wp-content\/uploads\/a17328101l1a1-avenger-automatic-42-soldier.png\",\"contentUrl\":\"https:\/\/galli.ch\/wp-content\/uploads\/a17328101l1a1-avenger-automatic-42-soldier.png\",\"width\":1000,\"height\":1400,\"caption\":\"Breitling-AVENGER AUTOMATIC 42-zurich\"},{\"@type\":\"BreadcrumbList\",\"@id\":\"https:\/\/galli.ch\/uhren\/breitling\/avenger\/automatic-42-a17328101l1a1\/#breadcrumb\",\"itemListElement\":[{\"@type\":\"ListItem\",\"position\":1,\"name\":\"Home\",\"item\":\"https:\/\/galli.ch\/en\/\"},{\"@type\":\"ListItem\",\"position\":2,\"name\":\"Uhren\",\"item\":\"https:\/\/galli.ch\/en\/uhren\/\"},{\"@type\":\"ListItem\",\"position\":3,\"name\":\"Avenger Automatic 42\"}]},{\"@type\":\"WebSite\",\"@id\":\"http:\/\/galli.ch\/en\/#website\",\"url\":\"http:\/\/galli.ch\/en\/\",\"name\":\"Galli Uhren Bijouterie\",\"description\":\"\",\"potentialAction\":[{\"@type\":\"SearchAction\",\"target\":{\"@type\":\"EntryPoint\",\"urlTemplate\":\"http:\/\/galli.ch\/en\/?s={search_term_string}\"},\"query-input\":{\"@type\":\"PropertyValueSpecification\",\"valueRequired\":true,\"valueName\":\"search_term_string\"}}],\"inLanguage\":\"en-US\"}]}<\/script>\n<!-- \/ Yoast SEO plugin. -->","yoast_head_json":{"title":"Breitling Avenger Automatic 42 - Galli Uhren Bijouterie","robots":{"index":"index","follow":"follow","max-snippet":"max-snippet:-1","max-image-preview":"max-image-preview:large","max-video-preview":"max-video-preview:-1"},"canonical":"https:\/\/galli.ch\/uhren\/breitling\/avenger\/automatic-42-a17328101l1a1\/","og_locale":"en_US","og_type":"article","og_title":"Breitling Avenger Automatic 42 - Galli Uhren Bijouterie","og_description":"Die Avenger ist f\u00fcr Jetpiloten und -pilotinnen konstruiert und eine Uhr, die es mit den h\u00e4rtesten Bedingungen im Cockpit aufnehmen kann und sich niemals geschlagen gibt. Aber man braucht nicht in der Luftwaffe zu sein, um ihr k\u00fchnes Design, ihre aussergew\u00f6hnliche Widerstandsf\u00e4higkeit und ihre \u00fcberragende Funktionalit\u00e4t zu sch\u00e4tzen. Performance trifft auf modernes Luftfahrtdesign: Die Materialien... Weiter &raquo;","og_url":"https:\/\/galli.ch\/uhren\/breitling\/avenger\/automatic-42-a17328101l1a1\/","og_site_name":"Galli Uhren Bijouterie","article_modified_time":"2025-03-13T12:45:21+00:00","og_image":[{"width":1000,"height":1400,"url":"https:\/\/galli.ch\/wp-content\/uploads\/a17328101l1a1-avenger-automatic-42-soldier.png","type":"image\/png"}],"twitter_card":"summary_large_image","schema":{"@context":"https:\/\/schema.org","@graph":[{"@type":"WebPage","@id":"https:\/\/galli.ch\/uhren\/breitling\/avenger\/automatic-42-a17328101l1a1\/","url":"https:\/\/galli.ch\/uhren\/breitling\/avenger\/automatic-42-a17328101l1a1\/","name":"Breitling Avenger Automatic 42 - Galli Uhren Bijouterie","isPartOf":{"@id":"http:\/\/galli.ch\/en\/#website"},"primaryImageOfPage":{"@id":"https:\/\/galli.ch\/uhren\/breitling\/avenger\/automatic-42-a17328101l1a1\/#primaryimage"},"image":{"@id":"https:\/\/galli.ch\/uhren\/breitling\/avenger\/automatic-42-a17328101l1a1\/#primaryimage"},"thumbnailUrl":"https:\/\/galli.ch\/wp-content\/uploads\/a17328101l1a1-avenger-automatic-42-soldier.png","datePublished":"2023-11-10T17:56:03+00:00","dateModified":"2025-03-13T12:45:21+00:00","breadcrumb":{"@id":"https:\/\/galli.ch\/uhren\/breitling\/avenger\/automatic-42-a17328101l1a1\/#breadcrumb"},"inLanguage":"en-US","potentialAction":[{"@type":"ReadAction","target":["https:\/\/galli.ch\/uhren\/breitling\/avenger\/automatic-42-a17328101l1a1\/"]}]},{"@type":"ImageObject","inLanguage":"en-US","@id":"https:\/\/galli.ch\/uhren\/breitling\/avenger\/automatic-42-a17328101l1a1\/#primaryimage","url":"https:\/\/galli.ch\/wp-content\/uploads\/a17328101l1a1-avenger-automatic-42-soldier.png","contentUrl":"https:\/\/galli.ch\/wp-content\/uploads\/a17328101l1a1-avenger-automatic-42-soldier.png","width":1000,"height":1400,"caption":"Breitling-AVENGER AUTOMATIC 42-zurich"},{"@type":"BreadcrumbList","@id":"https:\/\/galli.ch\/uhren\/breitling\/avenger\/automatic-42-a17328101l1a1\/#breadcrumb","itemListElement":[{"@type":"ListItem","position":1,"name":"Home","item":"https:\/\/galli.ch\/en\/"},{"@type":"ListItem","position":2,"name":"Uhren","item":"https:\/\/galli.ch\/en\/uhren\/"},{"@type":"ListItem","position":3,"name":"Avenger Automatic 42"}]},{"@type":"WebSite","@id":"http:\/\/galli.ch\/en\/#website","url":"http:\/\/galli.ch\/en\/","name":"Galli Uhren Bijouterie","description":"","potentialAction":[{"@type":"SearchAction","target":{"@type":"EntryPoint","urlTemplate":"http:\/\/galli.ch\/en\/?s={search_term_string}"},"query-input":{"@type":"PropertyValueSpecification","valueRequired":true,"valueName":"search_term_string"}}],"inLanguage":"en-US"}]}},"_links":{"self":[{"href":"https:\/\/galli.ch\/en\/wp-json\/wp\/v2\/product\/22025","targetHints":{"allow":["GET"]}}],"collection":[{"href":"https:\/\/galli.ch\/en\/wp-json\/wp\/v2\/product"}],"about":[{"href":"https:\/\/galli.ch\/en\/wp-json\/wp\/v2\/types\/product"}],"wp:featuredmedia":[{"embeddable":true,"href":"https:\/\/galli.ch\/en\/wp-json\/wp\/v2\/media\/21826"}],"wp:attachment":[{"href":"https:\/\/galli.ch\/en\/wp-json\/wp\/v2\/media?parent=22025"}],"wp:term":[{"taxonomy":"product_brand","embeddable":true,"href":"https:\/\/galli.ch\/en\/wp-json\/wp\/v2\/product_brand?post=22025"},{"taxonomy":"product_cat","embeddable":true,"href":"https:\/\/galli.ch\/en\/wp-json\/wp\/v2\/product_cat?post=22025"},{"taxonomy":"product_tag","embeddable":true,"href":"https:\/\/galli.ch\/en\/wp-json\/wp\/v2\/product_tag?post=22025"}],"curies":[{"name":"wp","href":"https:\/\/api.w.org\/{rel}","templated":true}]}}