{"id":22163,"date":"2023-11-15T13:28:43","date_gmt":"2023-11-15T12:28:43","guid":{"rendered":"https:\/\/galli.ch\/?post_type=product&#038;p=22163"},"modified":"2026-03-30T10:16:59","modified_gmt":"2026-03-30T08:16:59","slug":"connect-sport-t153-420-47-051-04","status":"publish","type":"product","link":"https:\/\/galli.ch\/en\/uhren\/tissot\/touch-collection\/connect-sport-t153-420-47-051-04\/","title":{"rendered":"Tissot T-Touch Connect Sport"},"content":{"rendered":"<p>Die Tissot T-Touch Connect Sport vereint Schweizer Handwerkskunst mit moderner Technologie. Sie ist in einem 43-mm-Titanrahmen eingefasst und verf\u00fcgt \u00fcber einen AMOLED-Touchscreen, der Funktionalit\u00e4t mit Stil verbindet. Mit der Aufzeichnung von Herzfrequenz, Distanz, Geschwindigkeit und Kalorien und rechtzeitigen Benachrichtigungen h\u00e4lt diese Uhr Schritt mit Ihrem aktiven Lebensstil.<\/p>\n<p>Die dazugeh\u00f6rige App bietet detaillierte Leistungsanalysen, Trends und Informationen zum k\u00f6rperlichen Wohlbefinden. Angetrieben durch Solarenergie und das SwALPS-System bietet sie eine lange Nutzungsdauer, ohne dass sie h\u00e4ufig aufgeladen werden muss. Bei den verschiedenen L\u00fcnetten und Geh\u00e4usen der Kollektion werden edle Materialien wie Keramik und Titan verwendet, die eine sportliche und zugleich elegante \u00c4sthetik widerspiegeln.<\/p>\n","protected":false},"excerpt":{"rendered":"<p>Die Tissot T-Touch Connect Sport vereint Schweizer Handwerkskunst mit moderner Technologie. Sie ist in einem 43-mm-Titanrahmen eingefasst und verf\u00fcgt \u00fcber einen AMOLED-Touchscreen, der Funktionalit\u00e4t mit Stil verbindet. Mit der Aufzeichnung von Herzfrequenz, Distanz, Geschwindigkeit und Kalorien und rechtzeitigen Benachrichtigungen h\u00e4lt diese Uhr Schritt mit Ihrem aktiven Lebensstil. Die dazugeh\u00f6rige App bietet detaillierte Leistungsanalysen, Trends und&#8230;  <a class=\"excerpt-read-more\" href=\"https:\/\/galli.ch\/en\/uhren\/tissot\/touch-collection\/connect-sport-t153-420-47-051-04\/\" title=\"Read Tissot T-Touch Connect Sport\">Weiter &raquo;<\/a><\/p>\n","protected":false},"featured_media":22134,"template":"","meta":{"_acf_changed":false,"inline_featured_image":false},"product_brand":[],"product_cat":[188],"product_tag":[],"class_list":{"0":"post-22163","1":"product","2":"type-product","3":"status-publish","4":"has-post-thumbnail","6":"uhrenhersteller-tissot","7":"uhrenhersteller-touch-collection","8":"product_cat-uhren","10":"first","11":"outofstock","12":"taxable","13":"shipping-taxable","14":"purchasable","15":"product-type-simple"},"acf":[],"yoast_head":"<!-- This site is optimized with the Yoast SEO plugin v25.5 - https:\/\/yoast.com\/wordpress\/plugins\/seo\/ -->\n<title>Tissot T-Touch Connect Sport - Galli Uhren Bijouterie<\/title>\n<meta name=\"robots\" content=\"index, follow, max-snippet:-1, max-image-preview:large, max-video-preview:-1\" \/>\n<link rel=\"canonical\" href=\"https:\/\/galli.ch\/uhren\/tissot\/touch-collection\/connect-sport-t153-420-47-051-04\/\" \/>\n<meta property=\"og:locale\" content=\"en_US\" \/>\n<meta property=\"og:type\" content=\"article\" \/>\n<meta property=\"og:title\" content=\"Tissot T-Touch Connect Sport - Galli Uhren Bijouterie\" \/>\n<meta property=\"og:description\" content=\"Die Tissot T-Touch Connect Sport vereint Schweizer Handwerkskunst mit moderner Technologie. Sie ist in einem 43-mm-Titanrahmen eingefasst und verf\u00fcgt \u00fcber einen AMOLED-Touchscreen, der Funktionalit\u00e4t mit Stil verbindet. Mit der Aufzeichnung von Herzfrequenz, Distanz, Geschwindigkeit und Kalorien und rechtzeitigen Benachrichtigungen h\u00e4lt diese Uhr Schritt mit Ihrem aktiven Lebensstil. Die dazugeh\u00f6rige App bietet detaillierte Leistungsanalysen, Trends und... Weiter &raquo;\" \/>\n<meta property=\"og:url\" content=\"https:\/\/galli.ch\/uhren\/tissot\/touch-collection\/connect-sport-t153-420-47-051-04\/\" \/>\n<meta property=\"og:site_name\" content=\"Galli Uhren Bijouterie\" \/>\n<meta property=\"article:modified_time\" content=\"2026-03-30T08:16:59+00:00\" \/>\n<meta property=\"og:image\" content=\"https:\/\/galli.ch\/wp-content\/uploads\/T153-420-47-051-04.png\" \/>\n\t<meta property=\"og:image:width\" content=\"1000\" \/>\n\t<meta property=\"og:image:height\" content=\"1400\" \/>\n\t<meta property=\"og:image:type\" content=\"image\/png\" \/>\n<meta name=\"twitter:card\" content=\"summary_large_image\" \/>\n<script type=\"application\/ld+json\" class=\"yoast-schema-graph\">{\"@context\":\"https:\/\/schema.org\",\"@graph\":[{\"@type\":\"WebPage\",\"@id\":\"https:\/\/galli.ch\/uhren\/tissot\/touch-collection\/connect-sport-t153-420-47-051-04\/\",\"url\":\"https:\/\/galli.ch\/uhren\/tissot\/touch-collection\/connect-sport-t153-420-47-051-04\/\",\"name\":\"Tissot T-Touch Connect Sport - Galli Uhren Bijouterie\",\"isPartOf\":{\"@id\":\"http:\/\/galli.ch\/en\/#website\"},\"primaryImageOfPage\":{\"@id\":\"https:\/\/galli.ch\/uhren\/tissot\/touch-collection\/connect-sport-t153-420-47-051-04\/#primaryimage\"},\"image\":{\"@id\":\"https:\/\/galli.ch\/uhren\/tissot\/touch-collection\/connect-sport-t153-420-47-051-04\/#primaryimage\"},\"thumbnailUrl\":\"https:\/\/galli.ch\/wp-content\/uploads\/T153-420-47-051-04.png\",\"datePublished\":\"2023-11-15T12:28:43+00:00\",\"dateModified\":\"2026-03-30T08:16:59+00:00\",\"breadcrumb\":{\"@id\":\"https:\/\/galli.ch\/uhren\/tissot\/touch-collection\/connect-sport-t153-420-47-051-04\/#breadcrumb\"},\"inLanguage\":\"en-US\",\"potentialAction\":[{\"@type\":\"ReadAction\",\"target\":[\"https:\/\/galli.ch\/uhren\/tissot\/touch-collection\/connect-sport-t153-420-47-051-04\/\"]}]},{\"@type\":\"ImageObject\",\"inLanguage\":\"en-US\",\"@id\":\"https:\/\/galli.ch\/uhren\/tissot\/touch-collection\/connect-sport-t153-420-47-051-04\/#primaryimage\",\"url\":\"https:\/\/galli.ch\/wp-content\/uploads\/T153-420-47-051-04.png\",\"contentUrl\":\"https:\/\/galli.ch\/wp-content\/uploads\/T153-420-47-051-04.png\",\"width\":1000,\"height\":1400,\"caption\":\"tissot-t-touch-connect-sport-galli-zurich\"},{\"@type\":\"BreadcrumbList\",\"@id\":\"https:\/\/galli.ch\/uhren\/tissot\/touch-collection\/connect-sport-t153-420-47-051-04\/#breadcrumb\",\"itemListElement\":[{\"@type\":\"ListItem\",\"position\":1,\"name\":\"Home\",\"item\":\"https:\/\/galli.ch\/en\/\"},{\"@type\":\"ListItem\",\"position\":2,\"name\":\"Uhren\",\"item\":\"https:\/\/galli.ch\/en\/uhren\/\"},{\"@type\":\"ListItem\",\"position\":3,\"name\":\"T-Touch Connect Sport\"}]},{\"@type\":\"WebSite\",\"@id\":\"http:\/\/galli.ch\/en\/#website\",\"url\":\"http:\/\/galli.ch\/en\/\",\"name\":\"Galli Uhren Bijouterie\",\"description\":\"\",\"potentialAction\":[{\"@type\":\"SearchAction\",\"target\":{\"@type\":\"EntryPoint\",\"urlTemplate\":\"http:\/\/galli.ch\/en\/?s={search_term_string}\"},\"query-input\":{\"@type\":\"PropertyValueSpecification\",\"valueRequired\":true,\"valueName\":\"search_term_string\"}}],\"inLanguage\":\"en-US\"}]}<\/script>\n<!-- \/ Yoast SEO plugin. -->","yoast_head_json":{"title":"Tissot T-Touch Connect Sport - Galli Uhren Bijouterie","robots":{"index":"index","follow":"follow","max-snippet":"max-snippet:-1","max-image-preview":"max-image-preview:large","max-video-preview":"max-video-preview:-1"},"canonical":"https:\/\/galli.ch\/uhren\/tissot\/touch-collection\/connect-sport-t153-420-47-051-04\/","og_locale":"en_US","og_type":"article","og_title":"Tissot T-Touch Connect Sport - Galli Uhren Bijouterie","og_description":"Die Tissot T-Touch Connect Sport vereint Schweizer Handwerkskunst mit moderner Technologie. Sie ist in einem 43-mm-Titanrahmen eingefasst und verf\u00fcgt \u00fcber einen AMOLED-Touchscreen, der Funktionalit\u00e4t mit Stil verbindet. Mit der Aufzeichnung von Herzfrequenz, Distanz, Geschwindigkeit und Kalorien und rechtzeitigen Benachrichtigungen h\u00e4lt diese Uhr Schritt mit Ihrem aktiven Lebensstil. Die dazugeh\u00f6rige App bietet detaillierte Leistungsanalysen, Trends und... Weiter &raquo;","og_url":"https:\/\/galli.ch\/uhren\/tissot\/touch-collection\/connect-sport-t153-420-47-051-04\/","og_site_name":"Galli Uhren Bijouterie","article_modified_time":"2026-03-30T08:16:59+00:00","og_image":[{"width":1000,"height":1400,"url":"https:\/\/galli.ch\/wp-content\/uploads\/T153-420-47-051-04.png","type":"image\/png"}],"twitter_card":"summary_large_image","schema":{"@context":"https:\/\/schema.org","@graph":[{"@type":"WebPage","@id":"https:\/\/galli.ch\/uhren\/tissot\/touch-collection\/connect-sport-t153-420-47-051-04\/","url":"https:\/\/galli.ch\/uhren\/tissot\/touch-collection\/connect-sport-t153-420-47-051-04\/","name":"Tissot T-Touch Connect Sport - Galli Uhren Bijouterie","isPartOf":{"@id":"http:\/\/galli.ch\/en\/#website"},"primaryImageOfPage":{"@id":"https:\/\/galli.ch\/uhren\/tissot\/touch-collection\/connect-sport-t153-420-47-051-04\/#primaryimage"},"image":{"@id":"https:\/\/galli.ch\/uhren\/tissot\/touch-collection\/connect-sport-t153-420-47-051-04\/#primaryimage"},"thumbnailUrl":"https:\/\/galli.ch\/wp-content\/uploads\/T153-420-47-051-04.png","datePublished":"2023-11-15T12:28:43+00:00","dateModified":"2026-03-30T08:16:59+00:00","breadcrumb":{"@id":"https:\/\/galli.ch\/uhren\/tissot\/touch-collection\/connect-sport-t153-420-47-051-04\/#breadcrumb"},"inLanguage":"en-US","potentialAction":[{"@type":"ReadAction","target":["https:\/\/galli.ch\/uhren\/tissot\/touch-collection\/connect-sport-t153-420-47-051-04\/"]}]},{"@type":"ImageObject","inLanguage":"en-US","@id":"https:\/\/galli.ch\/uhren\/tissot\/touch-collection\/connect-sport-t153-420-47-051-04\/#primaryimage","url":"https:\/\/galli.ch\/wp-content\/uploads\/T153-420-47-051-04.png","contentUrl":"https:\/\/galli.ch\/wp-content\/uploads\/T153-420-47-051-04.png","width":1000,"height":1400,"caption":"tissot-t-touch-connect-sport-galli-zurich"},{"@type":"BreadcrumbList","@id":"https:\/\/galli.ch\/uhren\/tissot\/touch-collection\/connect-sport-t153-420-47-051-04\/#breadcrumb","itemListElement":[{"@type":"ListItem","position":1,"name":"Home","item":"https:\/\/galli.ch\/en\/"},{"@type":"ListItem","position":2,"name":"Uhren","item":"https:\/\/galli.ch\/en\/uhren\/"},{"@type":"ListItem","position":3,"name":"T-Touch Connect Sport"}]},{"@type":"WebSite","@id":"http:\/\/galli.ch\/en\/#website","url":"http:\/\/galli.ch\/en\/","name":"Galli Uhren Bijouterie","description":"","potentialAction":[{"@type":"SearchAction","target":{"@type":"EntryPoint","urlTemplate":"http:\/\/galli.ch\/en\/?s={search_term_string}"},"query-input":{"@type":"PropertyValueSpecification","valueRequired":true,"valueName":"search_term_string"}}],"inLanguage":"en-US"}]}},"_links":{"self":[{"href":"https:\/\/galli.ch\/en\/wp-json\/wp\/v2\/product\/22163","targetHints":{"allow":["GET"]}}],"collection":[{"href":"https:\/\/galli.ch\/en\/wp-json\/wp\/v2\/product"}],"about":[{"href":"https:\/\/galli.ch\/en\/wp-json\/wp\/v2\/types\/product"}],"wp:featuredmedia":[{"embeddable":true,"href":"https:\/\/galli.ch\/en\/wp-json\/wp\/v2\/media\/22134"}],"wp:attachment":[{"href":"https:\/\/galli.ch\/en\/wp-json\/wp\/v2\/media?parent=22163"}],"wp:term":[{"taxonomy":"product_brand","embeddable":true,"href":"https:\/\/galli.ch\/en\/wp-json\/wp\/v2\/product_brand?post=22163"},{"taxonomy":"product_cat","embeddable":true,"href":"https:\/\/galli.ch\/en\/wp-json\/wp\/v2\/product_cat?post=22163"},{"taxonomy":"product_tag","embeddable":true,"href":"https:\/\/galli.ch\/en\/wp-json\/wp\/v2\/product_tag?post=22163"}],"curies":[{"name":"wp","href":"https:\/\/api.w.org\/{rel}","templated":true}]}}