{"id":22561,"date":"2023-12-06T16:29:34","date_gmt":"2023-12-06T15:29:34","guid":{"rendered":"https:\/\/galli.ch\/?post_type=product&#038;p=22561"},"modified":"2026-04-20T18:17:31","modified_gmt":"2026-04-20T16:17:31","slug":"60th-anniversary-bond-edition-210-30-42-20-03-002","status":"publish","type":"product","link":"https:\/\/galli.ch\/en\/uhren\/omega\/seamaster\/60th-anniversary-bond-edition-210-30-42-20-03-002\/","title":{"rendered":"Omega Seamaster Diver 300M 60th Anniversary Bond Edition"},"content":{"rendered":"<div class=\"ow-mod ow-mod_21 ow-mod_21--01 ow-mod--no-margin-top ow-mod--full-width ow-mod--theme-white\" data-content-type=\"module_21\" data-appearance=\"theme_01\" data-margin-top=\"0\" data-bg-color=\"white\" data-bg-color-custom=\"#ffffff\" data-title-color=\"#c40d2e\" data-text-color=\"#555555\" data-content-on=\"1_column\" data-lazy-load=\"1\" data-tracking-title=\"Modules Contents - 60 JAHRE BOND\" data-element=\"main\">\n<div class=\"ow-mod__wrapper-bg\">\n<div class=\"ow-mod__wrapper pm-anim-open seen\">\n<div class=\"ow-mod__bg\">\n<div class=\"pm-grid-center pm-grid-4-s pm-grid-10-m pm-grid-8-l\">\n<div class=\"ow-mod__txt\">\n<div class=\"pm-text read-more-text\" data-element=\"content\" data-pb-style=\"G3R5EHY\">\n<p>Die OMEGA Seamaster Diver aus Edelstahl ist eine Uhr, die nicht nur durch ihre technische Raffinesse und ihr zeitloses Design \u00fcberzeugt, sondern auch durch ihre enge Verbindung zu den James-Bond-Filmen. Die Uhr wurde zur Feier von sechs Jahrzehnten 007 pr\u00e4sentiert und ist eine mehrfache Hommage an die Bond-Saga.<\/p>\n<p>Die 42 mm grosse Seamaster Diver 300M mit Edelstahlgeh\u00e4use hat ein wundersch\u00f6n kontrastierendes blaues Zifferblatt mit skelettierten, rhodinierten Zeigern f\u00fcr Stunden und Minuten und einem Lollipop-Sekundenzeiger aus weiss lackiertem Aluminium. Die ber\u00fchmte Er\u00f6ffnungssequenz mit der Silhouette von Bond und dem sich drehenden Gewehrlauf ist auf dem Geh\u00e4useboden unter einem mit einer mikrostrukturierten Metallisierung versehenen Saphirglas zu sehen. Der animierte \u201eMoir\u00e9\u201c-Effekt ist mit der Drehung des Lollipop-Sekundenzeigers verbunden, sodass die Animation niemals anh\u00e4lt.<\/p>\n<\/div>\n<\/div>\n<\/div>\n<\/div>\n<\/div>\n<\/div>\n<\/div>\n<div class=\"ow-mod ow-mod_41 ow-mod_41--01 ow-mod--txt-undefined ow-mod--theme-white\" data-content-type=\"module_41\" data-appearance=\"theme_01\" data-bg-color=\"white\" data-tracking-title=\"Top Products \" data-mirror=\"0\" data-lazy-load=\"1\" data-element=\"main\">\n<div class=\"ow-mod__wrapper-bg\">\n<div class=\"ow-mod__wrapper pm-anim-split seen\">\n<div class=\"ow-mod__bg\">\n<div class=\"ow-mod__cols ow-mod__cols--l ow-mod__cols--gutter ow-mod_41__cols\">\n<div class=\"ow-mod__col ow-mod__col--1\">\n<div class=\"ow-mod__col-content ow-mod__img\">\n<div class=\"pm-responsive-image-wrapper\" data-element=\"picture\"><picture class=\"pm-responsive-image ow-mod__lazy-picture \"><source srcset=\"https:\/\/www.omegawatches.com\/media\/wysiwyg\/img-double-SEDiver300MJB-21030422003002.jpg\" media=\"(min-width: 1px)\" sizes=\"569px\" data-srcset=\"https:\/\/www.omegawatches.com\/media\/wysiwyg\/img-double-SEDiver300MJB-21030422003002.jpg\" data-width=\"800\" data-height=\"900\" \/><\/picture><\/div>\n<\/div>\n<\/div>\n<\/div>\n<\/div>\n<\/div>\n<\/div>\n<\/div>\n","protected":false},"excerpt":{"rendered":"<p>Die OMEGA Seamaster Diver aus Edelstahl ist eine Uhr, die nicht nur durch ihre technische Raffinesse und ihr zeitloses Design \u00fcberzeugt, sondern auch durch ihre enge Verbindung zu den James-Bond-Filmen. Die Uhr wurde zur Feier von sechs Jahrzehnten 007 pr\u00e4sentiert und ist eine mehrfache Hommage an die Bond-Saga. Die 42 mm grosse Seamaster Diver 300M&#8230;  <a class=\"excerpt-read-more\" href=\"https:\/\/galli.ch\/en\/uhren\/omega\/seamaster\/60th-anniversary-bond-edition-210-30-42-20-03-002\/\" title=\"Read Omega Seamaster Diver 300M 60th Anniversary Bond Edition\">Weiter &raquo;<\/a><\/p>\n","protected":false},"featured_media":22600,"template":"","meta":{"_acf_changed":false,"inline_featured_image":false},"product_brand":[],"product_cat":[188],"product_tag":[],"class_list":{"0":"post-22561","1":"product","2":"type-product","3":"status-publish","4":"has-post-thumbnail","6":"uhrenhersteller-omega","7":"uhrenhersteller-seamaster","8":"product_cat-uhren","10":"first","11":"instock","12":"taxable","13":"shipping-taxable","14":"purchasable","15":"product-type-simple"},"acf":[],"yoast_head":"<!-- This site is optimized with the Yoast SEO plugin v25.5 - https:\/\/yoast.com\/wordpress\/plugins\/seo\/ -->\n<title>Omega Seamaster Diver 300M 60th Anniversary Bond Edition - Galli Uhren Bijouterie<\/title>\n<meta name=\"robots\" content=\"index, follow, max-snippet:-1, max-image-preview:large, max-video-preview:-1\" \/>\n<link rel=\"canonical\" href=\"https:\/\/galli.ch\/uhren\/omega\/seamaster\/60th-anniversary-bond-edition-210-30-42-20-03-002\/\" \/>\n<meta property=\"og:locale\" content=\"en_US\" \/>\n<meta property=\"og:type\" content=\"article\" \/>\n<meta property=\"og:title\" content=\"Omega Seamaster Diver 300M 60th Anniversary Bond Edition - Galli Uhren Bijouterie\" \/>\n<meta property=\"og:description\" content=\"Die OMEGA Seamaster Diver aus Edelstahl ist eine Uhr, die nicht nur durch ihre technische Raffinesse und ihr zeitloses Design \u00fcberzeugt, sondern auch durch ihre enge Verbindung zu den James-Bond-Filmen. Die Uhr wurde zur Feier von sechs Jahrzehnten 007 pr\u00e4sentiert und ist eine mehrfache Hommage an die Bond-Saga. Die 42 mm grosse Seamaster Diver 300M... Weiter &raquo;\" \/>\n<meta property=\"og:url\" content=\"https:\/\/galli.ch\/uhren\/omega\/seamaster\/60th-anniversary-bond-edition-210-30-42-20-03-002\/\" \/>\n<meta property=\"og:site_name\" content=\"Galli Uhren Bijouterie\" \/>\n<meta property=\"article:modified_time\" content=\"2026-04-20T16:17:31+00:00\" \/>\n<meta property=\"og:image\" content=\"https:\/\/galli.ch\/wp-content\/uploads\/omega-james-bond-1.png\" \/>\n\t<meta property=\"og:image:width\" content=\"1000\" \/>\n\t<meta property=\"og:image:height\" content=\"1400\" \/>\n\t<meta property=\"og:image:type\" content=\"image\/png\" \/>\n<meta name=\"twitter:card\" content=\"summary_large_image\" \/>\n<script type=\"application\/ld+json\" class=\"yoast-schema-graph\">{\"@context\":\"https:\/\/schema.org\",\"@graph\":[{\"@type\":\"WebPage\",\"@id\":\"https:\/\/galli.ch\/uhren\/omega\/seamaster\/60th-anniversary-bond-edition-210-30-42-20-03-002\/\",\"url\":\"https:\/\/galli.ch\/uhren\/omega\/seamaster\/60th-anniversary-bond-edition-210-30-42-20-03-002\/\",\"name\":\"Omega Seamaster Diver 300M 60th Anniversary Bond Edition - Galli Uhren Bijouterie\",\"isPartOf\":{\"@id\":\"http:\/\/galli.ch\/en\/#website\"},\"primaryImageOfPage\":{\"@id\":\"https:\/\/galli.ch\/uhren\/omega\/seamaster\/60th-anniversary-bond-edition-210-30-42-20-03-002\/#primaryimage\"},\"image\":{\"@id\":\"https:\/\/galli.ch\/uhren\/omega\/seamaster\/60th-anniversary-bond-edition-210-30-42-20-03-002\/#primaryimage\"},\"thumbnailUrl\":\"https:\/\/galli.ch\/wp-content\/uploads\/omega-james-bond-1.png\",\"datePublished\":\"2023-12-06T15:29:34+00:00\",\"dateModified\":\"2026-04-20T16:17:31+00:00\",\"breadcrumb\":{\"@id\":\"https:\/\/galli.ch\/uhren\/omega\/seamaster\/60th-anniversary-bond-edition-210-30-42-20-03-002\/#breadcrumb\"},\"inLanguage\":\"en-US\",\"potentialAction\":[{\"@type\":\"ReadAction\",\"target\":[\"https:\/\/galli.ch\/uhren\/omega\/seamaster\/60th-anniversary-bond-edition-210-30-42-20-03-002\/\"]}]},{\"@type\":\"ImageObject\",\"inLanguage\":\"en-US\",\"@id\":\"https:\/\/galli.ch\/uhren\/omega\/seamaster\/60th-anniversary-bond-edition-210-30-42-20-03-002\/#primaryimage\",\"url\":\"https:\/\/galli.ch\/wp-content\/uploads\/omega-james-bond-1.png\",\"contentUrl\":\"https:\/\/galli.ch\/wp-content\/uploads\/omega-james-bond-1.png\",\"width\":1000,\"height\":1400,\"caption\":\"omega-seamaster-diver-james-bond-anniversary\"},{\"@type\":\"BreadcrumbList\",\"@id\":\"https:\/\/galli.ch\/uhren\/omega\/seamaster\/60th-anniversary-bond-edition-210-30-42-20-03-002\/#breadcrumb\",\"itemListElement\":[{\"@type\":\"ListItem\",\"position\":1,\"name\":\"Home\",\"item\":\"https:\/\/galli.ch\/en\/\"},{\"@type\":\"ListItem\",\"position\":2,\"name\":\"Uhren\",\"item\":\"https:\/\/galli.ch\/en\/uhren\/\"},{\"@type\":\"ListItem\",\"position\":3,\"name\":\"Omega Seamaster Diver 300M 60th Anniversary Bond Edition\"}]},{\"@type\":\"WebSite\",\"@id\":\"http:\/\/galli.ch\/en\/#website\",\"url\":\"http:\/\/galli.ch\/en\/\",\"name\":\"Galli Uhren Bijouterie\",\"description\":\"\",\"potentialAction\":[{\"@type\":\"SearchAction\",\"target\":{\"@type\":\"EntryPoint\",\"urlTemplate\":\"http:\/\/galli.ch\/en\/?s={search_term_string}\"},\"query-input\":{\"@type\":\"PropertyValueSpecification\",\"valueRequired\":true,\"valueName\":\"search_term_string\"}}],\"inLanguage\":\"en-US\"}]}<\/script>\n<!-- \/ Yoast SEO plugin. -->","yoast_head_json":{"title":"Omega Seamaster Diver 300M 60th Anniversary Bond Edition - Galli Uhren Bijouterie","robots":{"index":"index","follow":"follow","max-snippet":"max-snippet:-1","max-image-preview":"max-image-preview:large","max-video-preview":"max-video-preview:-1"},"canonical":"https:\/\/galli.ch\/uhren\/omega\/seamaster\/60th-anniversary-bond-edition-210-30-42-20-03-002\/","og_locale":"en_US","og_type":"article","og_title":"Omega Seamaster Diver 300M 60th Anniversary Bond Edition - Galli Uhren Bijouterie","og_description":"Die OMEGA Seamaster Diver aus Edelstahl ist eine Uhr, die nicht nur durch ihre technische Raffinesse und ihr zeitloses Design \u00fcberzeugt, sondern auch durch ihre enge Verbindung zu den James-Bond-Filmen. Die Uhr wurde zur Feier von sechs Jahrzehnten 007 pr\u00e4sentiert und ist eine mehrfache Hommage an die Bond-Saga. Die 42 mm grosse Seamaster Diver 300M... Weiter &raquo;","og_url":"https:\/\/galli.ch\/uhren\/omega\/seamaster\/60th-anniversary-bond-edition-210-30-42-20-03-002\/","og_site_name":"Galli Uhren Bijouterie","article_modified_time":"2026-04-20T16:17:31+00:00","og_image":[{"width":1000,"height":1400,"url":"https:\/\/galli.ch\/wp-content\/uploads\/omega-james-bond-1.png","type":"image\/png"}],"twitter_card":"summary_large_image","schema":{"@context":"https:\/\/schema.org","@graph":[{"@type":"WebPage","@id":"https:\/\/galli.ch\/uhren\/omega\/seamaster\/60th-anniversary-bond-edition-210-30-42-20-03-002\/","url":"https:\/\/galli.ch\/uhren\/omega\/seamaster\/60th-anniversary-bond-edition-210-30-42-20-03-002\/","name":"Omega Seamaster Diver 300M 60th Anniversary Bond Edition - Galli Uhren Bijouterie","isPartOf":{"@id":"http:\/\/galli.ch\/en\/#website"},"primaryImageOfPage":{"@id":"https:\/\/galli.ch\/uhren\/omega\/seamaster\/60th-anniversary-bond-edition-210-30-42-20-03-002\/#primaryimage"},"image":{"@id":"https:\/\/galli.ch\/uhren\/omega\/seamaster\/60th-anniversary-bond-edition-210-30-42-20-03-002\/#primaryimage"},"thumbnailUrl":"https:\/\/galli.ch\/wp-content\/uploads\/omega-james-bond-1.png","datePublished":"2023-12-06T15:29:34+00:00","dateModified":"2026-04-20T16:17:31+00:00","breadcrumb":{"@id":"https:\/\/galli.ch\/uhren\/omega\/seamaster\/60th-anniversary-bond-edition-210-30-42-20-03-002\/#breadcrumb"},"inLanguage":"en-US","potentialAction":[{"@type":"ReadAction","target":["https:\/\/galli.ch\/uhren\/omega\/seamaster\/60th-anniversary-bond-edition-210-30-42-20-03-002\/"]}]},{"@type":"ImageObject","inLanguage":"en-US","@id":"https:\/\/galli.ch\/uhren\/omega\/seamaster\/60th-anniversary-bond-edition-210-30-42-20-03-002\/#primaryimage","url":"https:\/\/galli.ch\/wp-content\/uploads\/omega-james-bond-1.png","contentUrl":"https:\/\/galli.ch\/wp-content\/uploads\/omega-james-bond-1.png","width":1000,"height":1400,"caption":"omega-seamaster-diver-james-bond-anniversary"},{"@type":"BreadcrumbList","@id":"https:\/\/galli.ch\/uhren\/omega\/seamaster\/60th-anniversary-bond-edition-210-30-42-20-03-002\/#breadcrumb","itemListElement":[{"@type":"ListItem","position":1,"name":"Home","item":"https:\/\/galli.ch\/en\/"},{"@type":"ListItem","position":2,"name":"Uhren","item":"https:\/\/galli.ch\/en\/uhren\/"},{"@type":"ListItem","position":3,"name":"Omega Seamaster Diver 300M 60th Anniversary Bond Edition"}]},{"@type":"WebSite","@id":"http:\/\/galli.ch\/en\/#website","url":"http:\/\/galli.ch\/en\/","name":"Galli Uhren Bijouterie","description":"","potentialAction":[{"@type":"SearchAction","target":{"@type":"EntryPoint","urlTemplate":"http:\/\/galli.ch\/en\/?s={search_term_string}"},"query-input":{"@type":"PropertyValueSpecification","valueRequired":true,"valueName":"search_term_string"}}],"inLanguage":"en-US"}]}},"_links":{"self":[{"href":"https:\/\/galli.ch\/en\/wp-json\/wp\/v2\/product\/22561","targetHints":{"allow":["GET"]}}],"collection":[{"href":"https:\/\/galli.ch\/en\/wp-json\/wp\/v2\/product"}],"about":[{"href":"https:\/\/galli.ch\/en\/wp-json\/wp\/v2\/types\/product"}],"wp:featuredmedia":[{"embeddable":true,"href":"https:\/\/galli.ch\/en\/wp-json\/wp\/v2\/media\/22600"}],"wp:attachment":[{"href":"https:\/\/galli.ch\/en\/wp-json\/wp\/v2\/media?parent=22561"}],"wp:term":[{"taxonomy":"product_brand","embeddable":true,"href":"https:\/\/galli.ch\/en\/wp-json\/wp\/v2\/product_brand?post=22561"},{"taxonomy":"product_cat","embeddable":true,"href":"https:\/\/galli.ch\/en\/wp-json\/wp\/v2\/product_cat?post=22561"},{"taxonomy":"product_tag","embeddable":true,"href":"https:\/\/galli.ch\/en\/wp-json\/wp\/v2\/product_tag?post=22561"}],"curies":[{"name":"wp","href":"https:\/\/api.w.org\/{rel}","templated":true}]}}