{"id":22742,"date":"2023-12-15T23:29:39","date_gmt":"2023-12-15T22:29:39","guid":{"rendered":"https:\/\/galli.ch\/?post_type=product&#038;p=22742"},"modified":"2026-03-30T10:14:24","modified_gmt":"2026-03-30T08:14:24","slug":"performance-mercedes-amg-formula-one-team-chronograph-41-iw388306","status":"publish","type":"product","link":"https:\/\/galli.ch\/en\/uhren\/iwc\/pilots-watches\/performance-mercedes-amg-formula-one-team-chronograph-41-iw388306\/","title":{"rendered":"IWC Pilot&#8217;s Watch Performance Chronograph Formula One AMG 41"},"content":{"rendered":"<p>Ein herausragendes Funktionsmerkmal der Pilot\u2018s Watch Performance Chronograph 41 ist die Keramikl\u00fcnette mit einer Tachymeterskala, die es dem Tr\u00e4ger erm\u00f6glicht, auf Basis einer zur\u00fcckgelegten Strecke die Durchschnittsgeschwindigkeit zu ermitteln. Passend zu den L\u00fcnetten aus polierter schwarzer Keramik verf\u00fcgen alle Versionen \u00fcber schwarze, gl\u00e4nzende Zifferbl\u00e4tter mit schwarzen Zeigern.<\/p>\n<p>Dieses Modell\u00a0pr\u00e4sentiert sich mit einem Geh\u00e4use aus Ceratanium. Dieses von IWC entwickelte Material verbindet die Leichtigkeit und Robustheit von Titan mit einer H\u00e4rte und Kratzfestigkeit \u00e4hnlich der von Keramik. Das leichte Material basiert auf einer besonderen, nach den Vorgaben von IWC erschmolzenen Titanlegierung.<\/p>\n<p>Alle Versionen der Pilot&#8217;s Watch Performance Chronograph 41 werden vom IWC-Manufakturkaliber 69385 angetrieben. Dieses mechanische Chronographenwerk besteht aus 242 Teilen und wurde mit einem kompromisslosen Fokus auf Robustheit, Zuverl\u00e4ssigkeit und Pr\u00e4zision entwickelt.<\/p>\n","protected":false},"excerpt":{"rendered":"<p>Ein herausragendes Funktionsmerkmal der Pilot\u2018s Watch Performance Chronograph 41 ist die Keramikl\u00fcnette mit einer Tachymeterskala, die es dem Tr\u00e4ger erm\u00f6glicht, auf Basis einer zur\u00fcckgelegten Strecke die Durchschnittsgeschwindigkeit zu ermitteln. Passend zu den L\u00fcnetten aus polierter schwarzer Keramik verf\u00fcgen alle Versionen \u00fcber schwarze, gl\u00e4nzende Zifferbl\u00e4tter mit schwarzen Zeigern. Dieses Modell\u00a0pr\u00e4sentiert sich mit einem Geh\u00e4use aus Ceratanium&#8230;.  <a class=\"excerpt-read-more\" href=\"https:\/\/galli.ch\/en\/uhren\/iwc\/pilots-watches\/performance-mercedes-amg-formula-one-team-chronograph-41-iw388306\/\" title=\"Read IWC Pilot&#8217;s Watch Performance Chronograph Formula One AMG 41\">Weiter &raquo;<\/a><\/p>\n","protected":false},"featured_media":22142,"template":"","meta":{"_acf_changed":false,"inline_featured_image":false},"product_brand":[],"product_cat":[188],"product_tag":[],"class_list":{"0":"post-22742","1":"product","2":"type-product","3":"status-publish","4":"has-post-thumbnail","6":"uhrenhersteller-iwc","7":"uhrenhersteller-pilots-watches","8":"product_cat-uhren","10":"first","11":"outofstock","12":"taxable","13":"shipping-taxable","14":"purchasable","15":"product-type-simple"},"acf":[],"yoast_head":"<!-- This site is optimized with the Yoast SEO plugin v25.5 - https:\/\/yoast.com\/wordpress\/plugins\/seo\/ -->\n<title>IWC Pilot&#039;s Watch Performance Chronograph Formula One AMG 41 - Galli Uhren Bijouterie<\/title>\n<meta name=\"robots\" content=\"index, follow, max-snippet:-1, max-image-preview:large, max-video-preview:-1\" \/>\n<link rel=\"canonical\" href=\"https:\/\/galli.ch\/uhren\/iwc\/pilots-watches\/performance-mercedes-amg-formula-one-team-chronograph-41-iw388306\/\" \/>\n<meta property=\"og:locale\" content=\"en_US\" \/>\n<meta property=\"og:type\" content=\"article\" \/>\n<meta property=\"og:title\" content=\"IWC Pilot&#039;s Watch Performance Chronograph Formula One AMG 41 - Galli Uhren Bijouterie\" \/>\n<meta property=\"og:description\" content=\"Ein herausragendes Funktionsmerkmal der Pilot\u2018s Watch Performance Chronograph 41 ist die Keramikl\u00fcnette mit einer Tachymeterskala, die es dem Tr\u00e4ger erm\u00f6glicht, auf Basis einer zur\u00fcckgelegten Strecke die Durchschnittsgeschwindigkeit zu ermitteln. Passend zu den L\u00fcnetten aus polierter schwarzer Keramik verf\u00fcgen alle Versionen \u00fcber schwarze, gl\u00e4nzende Zifferbl\u00e4tter mit schwarzen Zeigern. Dieses Modell\u00a0pr\u00e4sentiert sich mit einem Geh\u00e4use aus Ceratanium.... Weiter &raquo;\" \/>\n<meta property=\"og:url\" content=\"https:\/\/galli.ch\/uhren\/iwc\/pilots-watches\/performance-mercedes-amg-formula-one-team-chronograph-41-iw388306\/\" \/>\n<meta property=\"og:site_name\" content=\"Galli Uhren Bijouterie\" \/>\n<meta property=\"article:modified_time\" content=\"2026-03-30T08:14:24+00:00\" \/>\n<meta property=\"og:image\" content=\"https:\/\/galli.ch\/wp-content\/uploads\/iw388306-front.png\" \/>\n\t<meta property=\"og:image:width\" content=\"1000\" \/>\n\t<meta property=\"og:image:height\" content=\"1400\" \/>\n\t<meta property=\"og:image:type\" content=\"image\/png\" \/>\n<meta name=\"twitter:card\" content=\"summary_large_image\" \/>\n<script type=\"application\/ld+json\" class=\"yoast-schema-graph\">{\"@context\":\"https:\/\/schema.org\",\"@graph\":[{\"@type\":\"WebPage\",\"@id\":\"https:\/\/galli.ch\/uhren\/iwc\/pilots-watches\/performance-mercedes-amg-formula-one-team-chronograph-41-iw388306\/\",\"url\":\"https:\/\/galli.ch\/uhren\/iwc\/pilots-watches\/performance-mercedes-amg-formula-one-team-chronograph-41-iw388306\/\",\"name\":\"IWC Pilot's Watch Performance Chronograph Formula One AMG 41 - Galli Uhren Bijouterie\",\"isPartOf\":{\"@id\":\"http:\/\/galli.ch\/en\/#website\"},\"primaryImageOfPage\":{\"@id\":\"https:\/\/galli.ch\/uhren\/iwc\/pilots-watches\/performance-mercedes-amg-formula-one-team-chronograph-41-iw388306\/#primaryimage\"},\"image\":{\"@id\":\"https:\/\/galli.ch\/uhren\/iwc\/pilots-watches\/performance-mercedes-amg-formula-one-team-chronograph-41-iw388306\/#primaryimage\"},\"thumbnailUrl\":\"https:\/\/galli.ch\/wp-content\/uploads\/iw388306-front.png\",\"datePublished\":\"2023-12-15T22:29:39+00:00\",\"dateModified\":\"2026-03-30T08:14:24+00:00\",\"breadcrumb\":{\"@id\":\"https:\/\/galli.ch\/uhren\/iwc\/pilots-watches\/performance-mercedes-amg-formula-one-team-chronograph-41-iw388306\/#breadcrumb\"},\"inLanguage\":\"en-US\",\"potentialAction\":[{\"@type\":\"ReadAction\",\"target\":[\"https:\/\/galli.ch\/uhren\/iwc\/pilots-watches\/performance-mercedes-amg-formula-one-team-chronograph-41-iw388306\/\"]}]},{\"@type\":\"ImageObject\",\"inLanguage\":\"en-US\",\"@id\":\"https:\/\/galli.ch\/uhren\/iwc\/pilots-watches\/performance-mercedes-amg-formula-one-team-chronograph-41-iw388306\/#primaryimage\",\"url\":\"https:\/\/galli.ch\/wp-content\/uploads\/iw388306-front.png\",\"contentUrl\":\"https:\/\/galli.ch\/wp-content\/uploads\/iw388306-front.png\",\"width\":1000,\"height\":1400,\"caption\":\"IWC-PILOT\u2019S WATCH PERFORMANCE CHRONOGRAPH 41 -zurich\"},{\"@type\":\"BreadcrumbList\",\"@id\":\"https:\/\/galli.ch\/uhren\/iwc\/pilots-watches\/performance-mercedes-amg-formula-one-team-chronograph-41-iw388306\/#breadcrumb\",\"itemListElement\":[{\"@type\":\"ListItem\",\"position\":1,\"name\":\"Home\",\"item\":\"https:\/\/galli.ch\/en\/\"},{\"@type\":\"ListItem\",\"position\":2,\"name\":\"Uhren\",\"item\":\"https:\/\/galli.ch\/en\/uhren\/\"},{\"@type\":\"ListItem\",\"position\":3,\"name\":\"IWC Pilot&#8217;s Watch Performance Chronograph Formula One AMG 41\"}]},{\"@type\":\"WebSite\",\"@id\":\"http:\/\/galli.ch\/en\/#website\",\"url\":\"http:\/\/galli.ch\/en\/\",\"name\":\"Galli Uhren Bijouterie\",\"description\":\"\",\"potentialAction\":[{\"@type\":\"SearchAction\",\"target\":{\"@type\":\"EntryPoint\",\"urlTemplate\":\"http:\/\/galli.ch\/en\/?s={search_term_string}\"},\"query-input\":{\"@type\":\"PropertyValueSpecification\",\"valueRequired\":true,\"valueName\":\"search_term_string\"}}],\"inLanguage\":\"en-US\"}]}<\/script>\n<!-- \/ Yoast SEO plugin. -->","yoast_head_json":{"title":"IWC Pilot's Watch Performance Chronograph Formula One AMG 41 - Galli Uhren Bijouterie","robots":{"index":"index","follow":"follow","max-snippet":"max-snippet:-1","max-image-preview":"max-image-preview:large","max-video-preview":"max-video-preview:-1"},"canonical":"https:\/\/galli.ch\/uhren\/iwc\/pilots-watches\/performance-mercedes-amg-formula-one-team-chronograph-41-iw388306\/","og_locale":"en_US","og_type":"article","og_title":"IWC Pilot's Watch Performance Chronograph Formula One AMG 41 - Galli Uhren Bijouterie","og_description":"Ein herausragendes Funktionsmerkmal der Pilot\u2018s Watch Performance Chronograph 41 ist die Keramikl\u00fcnette mit einer Tachymeterskala, die es dem Tr\u00e4ger erm\u00f6glicht, auf Basis einer zur\u00fcckgelegten Strecke die Durchschnittsgeschwindigkeit zu ermitteln. Passend zu den L\u00fcnetten aus polierter schwarzer Keramik verf\u00fcgen alle Versionen \u00fcber schwarze, gl\u00e4nzende Zifferbl\u00e4tter mit schwarzen Zeigern. Dieses Modell\u00a0pr\u00e4sentiert sich mit einem Geh\u00e4use aus Ceratanium.... Weiter &raquo;","og_url":"https:\/\/galli.ch\/uhren\/iwc\/pilots-watches\/performance-mercedes-amg-formula-one-team-chronograph-41-iw388306\/","og_site_name":"Galli Uhren Bijouterie","article_modified_time":"2026-03-30T08:14:24+00:00","og_image":[{"width":1000,"height":1400,"url":"https:\/\/galli.ch\/wp-content\/uploads\/iw388306-front.png","type":"image\/png"}],"twitter_card":"summary_large_image","schema":{"@context":"https:\/\/schema.org","@graph":[{"@type":"WebPage","@id":"https:\/\/galli.ch\/uhren\/iwc\/pilots-watches\/performance-mercedes-amg-formula-one-team-chronograph-41-iw388306\/","url":"https:\/\/galli.ch\/uhren\/iwc\/pilots-watches\/performance-mercedes-amg-formula-one-team-chronograph-41-iw388306\/","name":"IWC Pilot's Watch Performance Chronograph Formula One AMG 41 - Galli Uhren Bijouterie","isPartOf":{"@id":"http:\/\/galli.ch\/en\/#website"},"primaryImageOfPage":{"@id":"https:\/\/galli.ch\/uhren\/iwc\/pilots-watches\/performance-mercedes-amg-formula-one-team-chronograph-41-iw388306\/#primaryimage"},"image":{"@id":"https:\/\/galli.ch\/uhren\/iwc\/pilots-watches\/performance-mercedes-amg-formula-one-team-chronograph-41-iw388306\/#primaryimage"},"thumbnailUrl":"https:\/\/galli.ch\/wp-content\/uploads\/iw388306-front.png","datePublished":"2023-12-15T22:29:39+00:00","dateModified":"2026-03-30T08:14:24+00:00","breadcrumb":{"@id":"https:\/\/galli.ch\/uhren\/iwc\/pilots-watches\/performance-mercedes-amg-formula-one-team-chronograph-41-iw388306\/#breadcrumb"},"inLanguage":"en-US","potentialAction":[{"@type":"ReadAction","target":["https:\/\/galli.ch\/uhren\/iwc\/pilots-watches\/performance-mercedes-amg-formula-one-team-chronograph-41-iw388306\/"]}]},{"@type":"ImageObject","inLanguage":"en-US","@id":"https:\/\/galli.ch\/uhren\/iwc\/pilots-watches\/performance-mercedes-amg-formula-one-team-chronograph-41-iw388306\/#primaryimage","url":"https:\/\/galli.ch\/wp-content\/uploads\/iw388306-front.png","contentUrl":"https:\/\/galli.ch\/wp-content\/uploads\/iw388306-front.png","width":1000,"height":1400,"caption":"IWC-PILOT\u2019S WATCH PERFORMANCE CHRONOGRAPH 41 -zurich"},{"@type":"BreadcrumbList","@id":"https:\/\/galli.ch\/uhren\/iwc\/pilots-watches\/performance-mercedes-amg-formula-one-team-chronograph-41-iw388306\/#breadcrumb","itemListElement":[{"@type":"ListItem","position":1,"name":"Home","item":"https:\/\/galli.ch\/en\/"},{"@type":"ListItem","position":2,"name":"Uhren","item":"https:\/\/galli.ch\/en\/uhren\/"},{"@type":"ListItem","position":3,"name":"IWC Pilot&#8217;s Watch Performance Chronograph Formula One AMG 41"}]},{"@type":"WebSite","@id":"http:\/\/galli.ch\/en\/#website","url":"http:\/\/galli.ch\/en\/","name":"Galli Uhren Bijouterie","description":"","potentialAction":[{"@type":"SearchAction","target":{"@type":"EntryPoint","urlTemplate":"http:\/\/galli.ch\/en\/?s={search_term_string}"},"query-input":{"@type":"PropertyValueSpecification","valueRequired":true,"valueName":"search_term_string"}}],"inLanguage":"en-US"}]}},"_links":{"self":[{"href":"https:\/\/galli.ch\/en\/wp-json\/wp\/v2\/product\/22742","targetHints":{"allow":["GET"]}}],"collection":[{"href":"https:\/\/galli.ch\/en\/wp-json\/wp\/v2\/product"}],"about":[{"href":"https:\/\/galli.ch\/en\/wp-json\/wp\/v2\/types\/product"}],"wp:featuredmedia":[{"embeddable":true,"href":"https:\/\/galli.ch\/en\/wp-json\/wp\/v2\/media\/22142"}],"wp:attachment":[{"href":"https:\/\/galli.ch\/en\/wp-json\/wp\/v2\/media?parent=22742"}],"wp:term":[{"taxonomy":"product_brand","embeddable":true,"href":"https:\/\/galli.ch\/en\/wp-json\/wp\/v2\/product_brand?post=22742"},{"taxonomy":"product_cat","embeddable":true,"href":"https:\/\/galli.ch\/en\/wp-json\/wp\/v2\/product_cat?post=22742"},{"taxonomy":"product_tag","embeddable":true,"href":"https:\/\/galli.ch\/en\/wp-json\/wp\/v2\/product_tag?post=22742"}],"curies":[{"name":"wp","href":"https:\/\/api.w.org\/{rel}","templated":true}]}}