{"id":22743,"date":"2023-12-15T23:44:37","date_gmt":"2023-12-15T22:44:37","guid":{"rendered":"https:\/\/galli.ch\/?post_type=product&#038;p=22743"},"modified":"2025-10-23T17:46:06","modified_gmt":"2025-10-23T15:46:06","slug":"planet-ocean-600m-215-92-46-22-99-002","status":"publish","type":"product","link":"https:\/\/galli.ch\/en\/uhren\/omega\/seamaster\/planet-ocean-600m-215-92-46-22-99-002\/","title":{"rendered":"Omega Seamaster Planet Ocean 300m"},"content":{"rendered":"<p>OMEGAs maritimes Erbe war der Leitgedanke bei der Markteinf\u00fchrung der Planet Ocean Kollektion im Jahr 2005. Noch heute bildet das stilvolle 600M Design eine Hommage an das Verm\u00e4chtnis der Marke im Bereich der Taucheruhren.<\/p>\n<p>Dieses GMT-Modell verf\u00fcgt \u00fcber ein 45,5-mm-Geh\u00e4use aus Siliziumnitrid-Keramik. Das Material, das zwei Mal leichter ist als Zirkonkeramik, wird von sandgestrahltem Titan Grade 5 f\u00fcr das Heliumauslassventil und die L\u00fcnette erg\u00e4nzt. Letztere umfasst einen Innenring aus Siliziumnitrid.<\/p>\n<p>Das Zifferblatt besteht ebenfalls aus Titan Grade 5. Neben einigen Details in Orange und einem Datumsfenster bei 3 Uhr ist es mit geschw\u00e4rzten Zeigern und Indizes ausgestattet, die zur besseren Ablesbarkeit im Dunkeln mit weisser Super-LumiNova gef\u00fcllt sind.<\/p>\n<p>Die Uhr wird von einem schwarz-grauen strukturierten Kautschukarmband mit Schliesse aus Titan Grade 5 am Handgelenk gehalten und von dem Co-Axial Master Chronometer Kaliber 8906 Titanium angetrieben. Das einzigartige und ultraleichte Uhrwerk befindet sich hinter einem NAIAD LOCK-Geh\u00e4useboden mit beidseitig entspiegeltem Saphirglas und Markierungen aus Chromnitrid.<\/p>\n","protected":false},"excerpt":{"rendered":"<p>OMEGAs maritimes Erbe war der Leitgedanke bei der Markteinf\u00fchrung der Planet Ocean Kollektion im Jahr 2005. Noch heute bildet das stilvolle 600M Design eine Hommage an das Verm\u00e4chtnis der Marke im Bereich der Taucheruhren. Dieses GMT-Modell verf\u00fcgt \u00fcber ein 45,5-mm-Geh\u00e4use aus Siliziumnitrid-Keramik. Das Material, das zwei Mal leichter ist als Zirkonkeramik, wird von sandgestrahltem Titan&#8230;  <a class=\"excerpt-read-more\" href=\"https:\/\/galli.ch\/en\/uhren\/omega\/seamaster\/planet-ocean-600m-215-92-46-22-99-002\/\" title=\"Read Omega Seamaster Planet Ocean 300m\">Weiter &raquo;<\/a><\/p>\n","protected":false},"featured_media":21858,"template":"","meta":{"_acf_changed":false,"inline_featured_image":false},"product_brand":[],"product_cat":[188],"product_tag":[],"class_list":{"0":"post-22743","1":"product","2":"type-product","3":"status-publish","4":"has-post-thumbnail","6":"uhrenhersteller-omega","7":"uhrenhersteller-seamaster","8":"product_cat-uhren","10":"first","11":"outofstock","12":"taxable","13":"shipping-taxable","14":"purchasable","15":"product-type-simple"},"acf":[],"yoast_head":"<!-- This site is optimized with the Yoast SEO plugin v25.5 - https:\/\/yoast.com\/wordpress\/plugins\/seo\/ -->\n<title>Omega Seamaster Planet Ocean 300m - Galli Uhren Bijouterie<\/title>\n<meta name=\"robots\" content=\"index, follow, max-snippet:-1, max-image-preview:large, max-video-preview:-1\" \/>\n<link rel=\"canonical\" href=\"https:\/\/galli.ch\/uhren\/omega\/seamaster\/planet-ocean-600m-215-92-46-22-99-002\/\" \/>\n<meta property=\"og:locale\" content=\"en_US\" \/>\n<meta property=\"og:type\" content=\"article\" \/>\n<meta property=\"og:title\" content=\"Omega Seamaster Planet Ocean 300m - Galli Uhren Bijouterie\" \/>\n<meta property=\"og:description\" content=\"OMEGAs maritimes Erbe war der Leitgedanke bei der Markteinf\u00fchrung der Planet Ocean Kollektion im Jahr 2005. Noch heute bildet das stilvolle 600M Design eine Hommage an das Verm\u00e4chtnis der Marke im Bereich der Taucheruhren. Dieses GMT-Modell verf\u00fcgt \u00fcber ein 45,5-mm-Geh\u00e4use aus Siliziumnitrid-Keramik. Das Material, das zwei Mal leichter ist als Zirkonkeramik, wird von sandgestrahltem Titan... Weiter &raquo;\" \/>\n<meta property=\"og:url\" content=\"https:\/\/galli.ch\/uhren\/omega\/seamaster\/planet-ocean-600m-215-92-46-22-99-002\/\" \/>\n<meta property=\"og:site_name\" content=\"Galli Uhren Bijouterie\" \/>\n<meta property=\"article:modified_time\" content=\"2025-10-23T15:46:06+00:00\" \/>\n<meta property=\"og:image\" content=\"https:\/\/galli.ch\/wp-content\/uploads\/omega-seamaster-planet-ocean-600m-co-axial-master-chronometer-gmt-45-5_mm-21592462299002-1-product-z.png\" \/>\n\t<meta property=\"og:image:width\" content=\"1000\" \/>\n\t<meta property=\"og:image:height\" content=\"1400\" \/>\n\t<meta property=\"og:image:type\" content=\"image\/png\" \/>\n<meta name=\"twitter:card\" content=\"summary_large_image\" \/>\n<script type=\"application\/ld+json\" class=\"yoast-schema-graph\">{\"@context\":\"https:\/\/schema.org\",\"@graph\":[{\"@type\":\"WebPage\",\"@id\":\"https:\/\/galli.ch\/uhren\/omega\/seamaster\/planet-ocean-600m-215-92-46-22-99-002\/\",\"url\":\"https:\/\/galli.ch\/uhren\/omega\/seamaster\/planet-ocean-600m-215-92-46-22-99-002\/\",\"name\":\"Omega Seamaster Planet Ocean 300m - Galli Uhren Bijouterie\",\"isPartOf\":{\"@id\":\"http:\/\/galli.ch\/en\/#website\"},\"primaryImageOfPage\":{\"@id\":\"https:\/\/galli.ch\/uhren\/omega\/seamaster\/planet-ocean-600m-215-92-46-22-99-002\/#primaryimage\"},\"image\":{\"@id\":\"https:\/\/galli.ch\/uhren\/omega\/seamaster\/planet-ocean-600m-215-92-46-22-99-002\/#primaryimage\"},\"thumbnailUrl\":\"https:\/\/galli.ch\/wp-content\/uploads\/omega-seamaster-planet-ocean-600m-co-axial-master-chronometer-gmt-45-5_mm-21592462299002-1-product-z.png\",\"datePublished\":\"2023-12-15T22:44:37+00:00\",\"dateModified\":\"2025-10-23T15:46:06+00:00\",\"breadcrumb\":{\"@id\":\"https:\/\/galli.ch\/uhren\/omega\/seamaster\/planet-ocean-600m-215-92-46-22-99-002\/#breadcrumb\"},\"inLanguage\":\"en-US\",\"potentialAction\":[{\"@type\":\"ReadAction\",\"target\":[\"https:\/\/galli.ch\/uhren\/omega\/seamaster\/planet-ocean-600m-215-92-46-22-99-002\/\"]}]},{\"@type\":\"ImageObject\",\"inLanguage\":\"en-US\",\"@id\":\"https:\/\/galli.ch\/uhren\/omega\/seamaster\/planet-ocean-600m-215-92-46-22-99-002\/#primaryimage\",\"url\":\"https:\/\/galli.ch\/wp-content\/uploads\/omega-seamaster-planet-ocean-600m-co-axial-master-chronometer-gmt-45-5_mm-21592462299002-1-product-z.png\",\"contentUrl\":\"https:\/\/galli.ch\/wp-content\/uploads\/omega-seamaster-planet-ocean-600m-co-axial-master-chronometer-gmt-45-5_mm-21592462299002-1-product-z.png\",\"width\":1000,\"height\":1400,\"caption\":\"OMEGA-SEAMASTER PLANET OCEAN 600M-zurich\"},{\"@type\":\"BreadcrumbList\",\"@id\":\"https:\/\/galli.ch\/uhren\/omega\/seamaster\/planet-ocean-600m-215-92-46-22-99-002\/#breadcrumb\",\"itemListElement\":[{\"@type\":\"ListItem\",\"position\":1,\"name\":\"Home\",\"item\":\"https:\/\/galli.ch\/en\/\"},{\"@type\":\"ListItem\",\"position\":2,\"name\":\"Uhren\",\"item\":\"https:\/\/galli.ch\/en\/uhren\/\"},{\"@type\":\"ListItem\",\"position\":3,\"name\":\"Omega Seamaster Planet Ocean 300m\"}]},{\"@type\":\"WebSite\",\"@id\":\"http:\/\/galli.ch\/en\/#website\",\"url\":\"http:\/\/galli.ch\/en\/\",\"name\":\"Galli Uhren Bijouterie\",\"description\":\"\",\"potentialAction\":[{\"@type\":\"SearchAction\",\"target\":{\"@type\":\"EntryPoint\",\"urlTemplate\":\"http:\/\/galli.ch\/en\/?s={search_term_string}\"},\"query-input\":{\"@type\":\"PropertyValueSpecification\",\"valueRequired\":true,\"valueName\":\"search_term_string\"}}],\"inLanguage\":\"en-US\"}]}<\/script>\n<!-- \/ Yoast SEO plugin. -->","yoast_head_json":{"title":"Omega Seamaster Planet Ocean 300m - Galli Uhren Bijouterie","robots":{"index":"index","follow":"follow","max-snippet":"max-snippet:-1","max-image-preview":"max-image-preview:large","max-video-preview":"max-video-preview:-1"},"canonical":"https:\/\/galli.ch\/uhren\/omega\/seamaster\/planet-ocean-600m-215-92-46-22-99-002\/","og_locale":"en_US","og_type":"article","og_title":"Omega Seamaster Planet Ocean 300m - Galli Uhren Bijouterie","og_description":"OMEGAs maritimes Erbe war der Leitgedanke bei der Markteinf\u00fchrung der Planet Ocean Kollektion im Jahr 2005. Noch heute bildet das stilvolle 600M Design eine Hommage an das Verm\u00e4chtnis der Marke im Bereich der Taucheruhren. Dieses GMT-Modell verf\u00fcgt \u00fcber ein 45,5-mm-Geh\u00e4use aus Siliziumnitrid-Keramik. Das Material, das zwei Mal leichter ist als Zirkonkeramik, wird von sandgestrahltem Titan... Weiter &raquo;","og_url":"https:\/\/galli.ch\/uhren\/omega\/seamaster\/planet-ocean-600m-215-92-46-22-99-002\/","og_site_name":"Galli Uhren Bijouterie","article_modified_time":"2025-10-23T15:46:06+00:00","og_image":[{"width":1000,"height":1400,"url":"https:\/\/galli.ch\/wp-content\/uploads\/omega-seamaster-planet-ocean-600m-co-axial-master-chronometer-gmt-45-5_mm-21592462299002-1-product-z.png","type":"image\/png"}],"twitter_card":"summary_large_image","schema":{"@context":"https:\/\/schema.org","@graph":[{"@type":"WebPage","@id":"https:\/\/galli.ch\/uhren\/omega\/seamaster\/planet-ocean-600m-215-92-46-22-99-002\/","url":"https:\/\/galli.ch\/uhren\/omega\/seamaster\/planet-ocean-600m-215-92-46-22-99-002\/","name":"Omega Seamaster Planet Ocean 300m - Galli Uhren Bijouterie","isPartOf":{"@id":"http:\/\/galli.ch\/en\/#website"},"primaryImageOfPage":{"@id":"https:\/\/galli.ch\/uhren\/omega\/seamaster\/planet-ocean-600m-215-92-46-22-99-002\/#primaryimage"},"image":{"@id":"https:\/\/galli.ch\/uhren\/omega\/seamaster\/planet-ocean-600m-215-92-46-22-99-002\/#primaryimage"},"thumbnailUrl":"https:\/\/galli.ch\/wp-content\/uploads\/omega-seamaster-planet-ocean-600m-co-axial-master-chronometer-gmt-45-5_mm-21592462299002-1-product-z.png","datePublished":"2023-12-15T22:44:37+00:00","dateModified":"2025-10-23T15:46:06+00:00","breadcrumb":{"@id":"https:\/\/galli.ch\/uhren\/omega\/seamaster\/planet-ocean-600m-215-92-46-22-99-002\/#breadcrumb"},"inLanguage":"en-US","potentialAction":[{"@type":"ReadAction","target":["https:\/\/galli.ch\/uhren\/omega\/seamaster\/planet-ocean-600m-215-92-46-22-99-002\/"]}]},{"@type":"ImageObject","inLanguage":"en-US","@id":"https:\/\/galli.ch\/uhren\/omega\/seamaster\/planet-ocean-600m-215-92-46-22-99-002\/#primaryimage","url":"https:\/\/galli.ch\/wp-content\/uploads\/omega-seamaster-planet-ocean-600m-co-axial-master-chronometer-gmt-45-5_mm-21592462299002-1-product-z.png","contentUrl":"https:\/\/galli.ch\/wp-content\/uploads\/omega-seamaster-planet-ocean-600m-co-axial-master-chronometer-gmt-45-5_mm-21592462299002-1-product-z.png","width":1000,"height":1400,"caption":"OMEGA-SEAMASTER PLANET OCEAN 600M-zurich"},{"@type":"BreadcrumbList","@id":"https:\/\/galli.ch\/uhren\/omega\/seamaster\/planet-ocean-600m-215-92-46-22-99-002\/#breadcrumb","itemListElement":[{"@type":"ListItem","position":1,"name":"Home","item":"https:\/\/galli.ch\/en\/"},{"@type":"ListItem","position":2,"name":"Uhren","item":"https:\/\/galli.ch\/en\/uhren\/"},{"@type":"ListItem","position":3,"name":"Omega Seamaster Planet Ocean 300m"}]},{"@type":"WebSite","@id":"http:\/\/galli.ch\/en\/#website","url":"http:\/\/galli.ch\/en\/","name":"Galli Uhren Bijouterie","description":"","potentialAction":[{"@type":"SearchAction","target":{"@type":"EntryPoint","urlTemplate":"http:\/\/galli.ch\/en\/?s={search_term_string}"},"query-input":{"@type":"PropertyValueSpecification","valueRequired":true,"valueName":"search_term_string"}}],"inLanguage":"en-US"}]}},"_links":{"self":[{"href":"https:\/\/galli.ch\/en\/wp-json\/wp\/v2\/product\/22743","targetHints":{"allow":["GET"]}}],"collection":[{"href":"https:\/\/galli.ch\/en\/wp-json\/wp\/v2\/product"}],"about":[{"href":"https:\/\/galli.ch\/en\/wp-json\/wp\/v2\/types\/product"}],"wp:featuredmedia":[{"embeddable":true,"href":"https:\/\/galli.ch\/en\/wp-json\/wp\/v2\/media\/21858"}],"wp:attachment":[{"href":"https:\/\/galli.ch\/en\/wp-json\/wp\/v2\/media?parent=22743"}],"wp:term":[{"taxonomy":"product_brand","embeddable":true,"href":"https:\/\/galli.ch\/en\/wp-json\/wp\/v2\/product_brand?post=22743"},{"taxonomy":"product_cat","embeddable":true,"href":"https:\/\/galli.ch\/en\/wp-json\/wp\/v2\/product_cat?post=22743"},{"taxonomy":"product_tag","embeddable":true,"href":"https:\/\/galli.ch\/en\/wp-json\/wp\/v2\/product_tag?post=22743"}],"curies":[{"name":"wp","href":"https:\/\/api.w.org\/{rel}","templated":true}]}}