{"id":22748,"date":"2023-12-16T01:10:01","date_gmt":"2023-12-16T00:10:01","guid":{"rendered":"https:\/\/galli.ch\/?post_type=product&#038;p=22748"},"modified":"2026-03-30T10:14:24","modified_gmt":"2026-03-30T08:14:24","slug":"performance-chronograph-41-amg-iw388304","status":"publish","type":"product","link":"https:\/\/galli.ch\/en\/uhren\/iwc\/pilots-watches\/performance-chronograph-41-amg-iw388304\/","title":{"rendered":"IWC Pilot&#8217;s Watch Performance Chronograph 41 AMG"},"content":{"rendered":"<p>Bei diesem Modell sind Geh\u00e4use, Krone und Dr\u00fccker aus robustem und leichtem Titan gefertigt. IWC leistete 1980 Pionierarbeit bei der Einf\u00fchrung dieses schwer zu bearbeitenden Metalls in der Uhrenindustrie, als das Unternehmen die erste Armbanduhr mit einem Geh\u00e4use und Armband aus Titan vorstellte.<\/p>\n<p>Titan weist das h\u00f6chste Festigkeits-Dichte-Verh\u00e4ltnis aller Metalle auf und wird deshalb im Automobilbau h\u00e4ufig zur Herstellung von Komponenten f\u00fcr Hochleistungsmotoren verwendet. Die Titan Grad 5-Legierung, die beim Geh\u00e4use der Pilot&#8217;s Watch Performance Chronograph 41 zum Einsatz kommt, ist rund 45 Prozent leichter als Stahl und bemerkenswert fest.<\/p>\n","protected":false},"excerpt":{"rendered":"<p>Bei diesem Modell sind Geh\u00e4use, Krone und Dr\u00fccker aus robustem und leichtem Titan gefertigt. IWC leistete 1980 Pionierarbeit bei der Einf\u00fchrung dieses schwer zu bearbeitenden Metalls in der Uhrenindustrie, als das Unternehmen die erste Armbanduhr mit einem Geh\u00e4use und Armband aus Titan vorstellte. Titan weist das h\u00f6chste Festigkeits-Dichte-Verh\u00e4ltnis aller Metalle auf und wird deshalb im&#8230;  <a class=\"excerpt-read-more\" href=\"https:\/\/galli.ch\/en\/uhren\/iwc\/pilots-watches\/performance-chronograph-41-amg-iw388304\/\" title=\"Read IWC Pilot&#8217;s Watch Performance Chronograph 41 AMG\">Weiter &raquo;<\/a><\/p>\n","protected":false},"featured_media":22138,"template":"","meta":{"_acf_changed":false,"inline_featured_image":false},"product_brand":[],"product_cat":[188],"product_tag":[],"class_list":{"0":"post-22748","1":"product","2":"type-product","3":"status-publish","4":"has-post-thumbnail","6":"uhrenhersteller-iwc","7":"uhrenhersteller-pilots-watches","8":"product_cat-uhren","10":"first","11":"outofstock","12":"taxable","13":"shipping-taxable","14":"purchasable","15":"product-type-simple"},"acf":[],"yoast_head":"<!-- This site is optimized with the Yoast SEO plugin v25.5 - https:\/\/yoast.com\/wordpress\/plugins\/seo\/ -->\n<title>IWC Pilot&#039;s Watch Performance Chronograph 41 AMG - Galli Uhren Bijouterie<\/title>\n<meta name=\"robots\" content=\"index, follow, max-snippet:-1, max-image-preview:large, max-video-preview:-1\" \/>\n<link rel=\"canonical\" href=\"https:\/\/galli.ch\/uhren\/iwc\/pilots-watches\/performance-chronograph-41-amg-iw388304\/\" \/>\n<meta property=\"og:locale\" content=\"en_US\" \/>\n<meta property=\"og:type\" content=\"article\" \/>\n<meta property=\"og:title\" content=\"IWC Pilot&#039;s Watch Performance Chronograph 41 AMG - Galli Uhren Bijouterie\" \/>\n<meta property=\"og:description\" content=\"Bei diesem Modell sind Geh\u00e4use, Krone und Dr\u00fccker aus robustem und leichtem Titan gefertigt. IWC leistete 1980 Pionierarbeit bei der Einf\u00fchrung dieses schwer zu bearbeitenden Metalls in der Uhrenindustrie, als das Unternehmen die erste Armbanduhr mit einem Geh\u00e4use und Armband aus Titan vorstellte. Titan weist das h\u00f6chste Festigkeits-Dichte-Verh\u00e4ltnis aller Metalle auf und wird deshalb im... Weiter &raquo;\" \/>\n<meta property=\"og:url\" content=\"https:\/\/galli.ch\/uhren\/iwc\/pilots-watches\/performance-chronograph-41-amg-iw388304\/\" \/>\n<meta property=\"og:site_name\" content=\"Galli Uhren Bijouterie\" \/>\n<meta property=\"article:modified_time\" content=\"2026-03-30T08:14:24+00:00\" \/>\n<meta property=\"og:image\" content=\"https:\/\/galli.ch\/wp-content\/uploads\/iw388304-front.png\" \/>\n\t<meta property=\"og:image:width\" content=\"1000\" \/>\n\t<meta property=\"og:image:height\" content=\"1400\" \/>\n\t<meta property=\"og:image:type\" content=\"image\/png\" \/>\n<meta name=\"twitter:card\" content=\"summary_large_image\" \/>\n<script type=\"application\/ld+json\" class=\"yoast-schema-graph\">{\"@context\":\"https:\/\/schema.org\",\"@graph\":[{\"@type\":\"WebPage\",\"@id\":\"https:\/\/galli.ch\/uhren\/iwc\/pilots-watches\/performance-chronograph-41-amg-iw388304\/\",\"url\":\"https:\/\/galli.ch\/uhren\/iwc\/pilots-watches\/performance-chronograph-41-amg-iw388304\/\",\"name\":\"IWC Pilot's Watch Performance Chronograph 41 AMG - Galli Uhren Bijouterie\",\"isPartOf\":{\"@id\":\"http:\/\/galli.ch\/en\/#website\"},\"primaryImageOfPage\":{\"@id\":\"https:\/\/galli.ch\/uhren\/iwc\/pilots-watches\/performance-chronograph-41-amg-iw388304\/#primaryimage\"},\"image\":{\"@id\":\"https:\/\/galli.ch\/uhren\/iwc\/pilots-watches\/performance-chronograph-41-amg-iw388304\/#primaryimage\"},\"thumbnailUrl\":\"https:\/\/galli.ch\/wp-content\/uploads\/iw388304-front.png\",\"datePublished\":\"2023-12-16T00:10:01+00:00\",\"dateModified\":\"2026-03-30T08:14:24+00:00\",\"breadcrumb\":{\"@id\":\"https:\/\/galli.ch\/uhren\/iwc\/pilots-watches\/performance-chronograph-41-amg-iw388304\/#breadcrumb\"},\"inLanguage\":\"en-US\",\"potentialAction\":[{\"@type\":\"ReadAction\",\"target\":[\"https:\/\/galli.ch\/uhren\/iwc\/pilots-watches\/performance-chronograph-41-amg-iw388304\/\"]}]},{\"@type\":\"ImageObject\",\"inLanguage\":\"en-US\",\"@id\":\"https:\/\/galli.ch\/uhren\/iwc\/pilots-watches\/performance-chronograph-41-amg-iw388304\/#primaryimage\",\"url\":\"https:\/\/galli.ch\/wp-content\/uploads\/iw388304-front.png\",\"contentUrl\":\"https:\/\/galli.ch\/wp-content\/uploads\/iw388304-front.png\",\"width\":1000,\"height\":1400,\"caption\":\"IWC-PILOT\u2019S WATCH PERFORMANCE CHRONOGRAPH 41 AMG -zurich\"},{\"@type\":\"BreadcrumbList\",\"@id\":\"https:\/\/galli.ch\/uhren\/iwc\/pilots-watches\/performance-chronograph-41-amg-iw388304\/#breadcrumb\",\"itemListElement\":[{\"@type\":\"ListItem\",\"position\":1,\"name\":\"Home\",\"item\":\"https:\/\/galli.ch\/en\/\"},{\"@type\":\"ListItem\",\"position\":2,\"name\":\"Uhren\",\"item\":\"https:\/\/galli.ch\/en\/uhren\/\"},{\"@type\":\"ListItem\",\"position\":3,\"name\":\"Pilot&#8217;s Watch Performance Chronograph 41 AMG\"}]},{\"@type\":\"WebSite\",\"@id\":\"http:\/\/galli.ch\/en\/#website\",\"url\":\"http:\/\/galli.ch\/en\/\",\"name\":\"Galli Uhren Bijouterie\",\"description\":\"\",\"potentialAction\":[{\"@type\":\"SearchAction\",\"target\":{\"@type\":\"EntryPoint\",\"urlTemplate\":\"http:\/\/galli.ch\/en\/?s={search_term_string}\"},\"query-input\":{\"@type\":\"PropertyValueSpecification\",\"valueRequired\":true,\"valueName\":\"search_term_string\"}}],\"inLanguage\":\"en-US\"}]}<\/script>\n<!-- \/ Yoast SEO plugin. -->","yoast_head_json":{"title":"IWC Pilot's Watch Performance Chronograph 41 AMG - Galli Uhren Bijouterie","robots":{"index":"index","follow":"follow","max-snippet":"max-snippet:-1","max-image-preview":"max-image-preview:large","max-video-preview":"max-video-preview:-1"},"canonical":"https:\/\/galli.ch\/uhren\/iwc\/pilots-watches\/performance-chronograph-41-amg-iw388304\/","og_locale":"en_US","og_type":"article","og_title":"IWC Pilot's Watch Performance Chronograph 41 AMG - Galli Uhren Bijouterie","og_description":"Bei diesem Modell sind Geh\u00e4use, Krone und Dr\u00fccker aus robustem und leichtem Titan gefertigt. IWC leistete 1980 Pionierarbeit bei der Einf\u00fchrung dieses schwer zu bearbeitenden Metalls in der Uhrenindustrie, als das Unternehmen die erste Armbanduhr mit einem Geh\u00e4use und Armband aus Titan vorstellte. Titan weist das h\u00f6chste Festigkeits-Dichte-Verh\u00e4ltnis aller Metalle auf und wird deshalb im... Weiter &raquo;","og_url":"https:\/\/galli.ch\/uhren\/iwc\/pilots-watches\/performance-chronograph-41-amg-iw388304\/","og_site_name":"Galli Uhren Bijouterie","article_modified_time":"2026-03-30T08:14:24+00:00","og_image":[{"width":1000,"height":1400,"url":"https:\/\/galli.ch\/wp-content\/uploads\/iw388304-front.png","type":"image\/png"}],"twitter_card":"summary_large_image","schema":{"@context":"https:\/\/schema.org","@graph":[{"@type":"WebPage","@id":"https:\/\/galli.ch\/uhren\/iwc\/pilots-watches\/performance-chronograph-41-amg-iw388304\/","url":"https:\/\/galli.ch\/uhren\/iwc\/pilots-watches\/performance-chronograph-41-amg-iw388304\/","name":"IWC Pilot's Watch Performance Chronograph 41 AMG - Galli Uhren Bijouterie","isPartOf":{"@id":"http:\/\/galli.ch\/en\/#website"},"primaryImageOfPage":{"@id":"https:\/\/galli.ch\/uhren\/iwc\/pilots-watches\/performance-chronograph-41-amg-iw388304\/#primaryimage"},"image":{"@id":"https:\/\/galli.ch\/uhren\/iwc\/pilots-watches\/performance-chronograph-41-amg-iw388304\/#primaryimage"},"thumbnailUrl":"https:\/\/galli.ch\/wp-content\/uploads\/iw388304-front.png","datePublished":"2023-12-16T00:10:01+00:00","dateModified":"2026-03-30T08:14:24+00:00","breadcrumb":{"@id":"https:\/\/galli.ch\/uhren\/iwc\/pilots-watches\/performance-chronograph-41-amg-iw388304\/#breadcrumb"},"inLanguage":"en-US","potentialAction":[{"@type":"ReadAction","target":["https:\/\/galli.ch\/uhren\/iwc\/pilots-watches\/performance-chronograph-41-amg-iw388304\/"]}]},{"@type":"ImageObject","inLanguage":"en-US","@id":"https:\/\/galli.ch\/uhren\/iwc\/pilots-watches\/performance-chronograph-41-amg-iw388304\/#primaryimage","url":"https:\/\/galli.ch\/wp-content\/uploads\/iw388304-front.png","contentUrl":"https:\/\/galli.ch\/wp-content\/uploads\/iw388304-front.png","width":1000,"height":1400,"caption":"IWC-PILOT\u2019S WATCH PERFORMANCE CHRONOGRAPH 41 AMG -zurich"},{"@type":"BreadcrumbList","@id":"https:\/\/galli.ch\/uhren\/iwc\/pilots-watches\/performance-chronograph-41-amg-iw388304\/#breadcrumb","itemListElement":[{"@type":"ListItem","position":1,"name":"Home","item":"https:\/\/galli.ch\/en\/"},{"@type":"ListItem","position":2,"name":"Uhren","item":"https:\/\/galli.ch\/en\/uhren\/"},{"@type":"ListItem","position":3,"name":"Pilot&#8217;s Watch Performance Chronograph 41 AMG"}]},{"@type":"WebSite","@id":"http:\/\/galli.ch\/en\/#website","url":"http:\/\/galli.ch\/en\/","name":"Galli Uhren Bijouterie","description":"","potentialAction":[{"@type":"SearchAction","target":{"@type":"EntryPoint","urlTemplate":"http:\/\/galli.ch\/en\/?s={search_term_string}"},"query-input":{"@type":"PropertyValueSpecification","valueRequired":true,"valueName":"search_term_string"}}],"inLanguage":"en-US"}]}},"_links":{"self":[{"href":"https:\/\/galli.ch\/en\/wp-json\/wp\/v2\/product\/22748","targetHints":{"allow":["GET"]}}],"collection":[{"href":"https:\/\/galli.ch\/en\/wp-json\/wp\/v2\/product"}],"about":[{"href":"https:\/\/galli.ch\/en\/wp-json\/wp\/v2\/types\/product"}],"wp:featuredmedia":[{"embeddable":true,"href":"https:\/\/galli.ch\/en\/wp-json\/wp\/v2\/media\/22138"}],"wp:attachment":[{"href":"https:\/\/galli.ch\/en\/wp-json\/wp\/v2\/media?parent=22748"}],"wp:term":[{"taxonomy":"product_brand","embeddable":true,"href":"https:\/\/galli.ch\/en\/wp-json\/wp\/v2\/product_brand?post=22748"},{"taxonomy":"product_cat","embeddable":true,"href":"https:\/\/galli.ch\/en\/wp-json\/wp\/v2\/product_cat?post=22748"},{"taxonomy":"product_tag","embeddable":true,"href":"https:\/\/galli.ch\/en\/wp-json\/wp\/v2\/product_tag?post=22748"}],"curies":[{"name":"wp","href":"https:\/\/api.w.org\/{rel}","templated":true}]}}