{"id":23066,"date":"2024-01-11T11:42:44","date_gmt":"2024-01-11T10:42:44","guid":{"rendered":"https:\/\/galli.ch\/?post_type=product&#038;p=23066"},"modified":"2025-09-30T12:01:24","modified_gmt":"2025-09-30T10:01:24","slug":"automatic-40-iw358310","status":"publish","type":"product","link":"https:\/\/galli.ch\/en\/uhren\/iwc\/portugieser\/automatic-40-iw358310\/","title":{"rendered":"IWC Portugieser Automatic 40"},"content":{"rendered":"<p>Die klaren Strukturen der Portugieser Automatic 40 in Edelstahl machen sie trotz ihrer kompakten Ausf\u00fchrung zu einem begehrenswerten Uhrenmodell. Neben der aus dem Namen bereits ersichtlichen Automatik-Funktion kehrt IWC Schaffhausen mit dieser Neuheit zu einer bew\u00e4hrten Tradition zur\u00fcck, n\u00e4mlich der Sekundenanzeige auf der 6-Uhr-Position.<\/p>\n<p>Bemerkenswert ist dabei die Realisierung auf dem kompakten 40-Millimeter-Format, das die Portugieser Automatic 40 auszeichnet. Das leicht abzulesende und deutlich strukturierte Zifferblatt setzt die seit den 30er-Jahren bekannte Designsprache der Portugieser von IWC gekonnt fort und erg\u00e4nzt sie um ein weiteres zeitloses Schmuckst\u00fcck.<\/p>\n","protected":false},"excerpt":{"rendered":"<p>Die klaren Strukturen der Portugieser Automatic 40 in Edelstahl machen sie trotz ihrer kompakten Ausf\u00fchrung zu einem begehrenswerten Uhrenmodell. Neben der aus dem Namen bereits ersichtlichen Automatik-Funktion kehrt IWC Schaffhausen mit dieser Neuheit zu einer bew\u00e4hrten Tradition zur\u00fcck, n\u00e4mlich der Sekundenanzeige auf der 6-Uhr-Position. Bemerkenswert ist dabei die Realisierung auf dem kompakten 40-Millimeter-Format, das die&#8230;  <a class=\"excerpt-read-more\" href=\"https:\/\/galli.ch\/en\/uhren\/iwc\/portugieser\/automatic-40-iw358310\/\" title=\"Read IWC Portugieser Automatic 40\">Weiter &raquo;<\/a><\/p>\n","protected":false},"featured_media":22890,"template":"","meta":{"_acf_changed":false,"inline_featured_image":false},"product_brand":[],"product_cat":[188],"product_tag":[],"class_list":{"0":"post-23066","1":"product","2":"type-product","3":"status-publish","4":"has-post-thumbnail","6":"uhrenhersteller-iwc","7":"uhrenhersteller-portugieser","8":"product_cat-uhren","10":"first","11":"outofstock","12":"taxable","13":"shipping-taxable","14":"purchasable","15":"product-type-simple"},"acf":[],"yoast_head":"<!-- This site is optimized with the Yoast SEO plugin v25.5 - https:\/\/yoast.com\/wordpress\/plugins\/seo\/ -->\n<title>IWC Portugieser Automatic 40 - Galli Uhren Bijouterie<\/title>\n<meta name=\"robots\" content=\"index, follow, max-snippet:-1, max-image-preview:large, max-video-preview:-1\" \/>\n<link rel=\"canonical\" href=\"https:\/\/galli.ch\/uhren\/iwc\/portugieser\/automatic-40-iw358310\/\" \/>\n<meta property=\"og:locale\" content=\"en_US\" \/>\n<meta property=\"og:type\" content=\"article\" \/>\n<meta property=\"og:title\" content=\"IWC Portugieser Automatic 40 - Galli Uhren Bijouterie\" \/>\n<meta property=\"og:description\" content=\"Die klaren Strukturen der Portugieser Automatic 40 in Edelstahl machen sie trotz ihrer kompakten Ausf\u00fchrung zu einem begehrenswerten Uhrenmodell. Neben der aus dem Namen bereits ersichtlichen Automatik-Funktion kehrt IWC Schaffhausen mit dieser Neuheit zu einer bew\u00e4hrten Tradition zur\u00fcck, n\u00e4mlich der Sekundenanzeige auf der 6-Uhr-Position. Bemerkenswert ist dabei die Realisierung auf dem kompakten 40-Millimeter-Format, das die... Weiter &raquo;\" \/>\n<meta property=\"og:url\" content=\"https:\/\/galli.ch\/uhren\/iwc\/portugieser\/automatic-40-iw358310\/\" \/>\n<meta property=\"og:site_name\" content=\"Galli Uhren Bijouterie\" \/>\n<meta property=\"article:modified_time\" content=\"2025-09-30T10:01:24+00:00\" \/>\n<meta property=\"og:image\" content=\"https:\/\/galli.ch\/wp-content\/uploads\/f0IHeiB5X0CygXHEnaHNMw-png-transform-global_image_940_2x.png\" \/>\n\t<meta property=\"og:image:width\" content=\"1000\" \/>\n\t<meta property=\"og:image:height\" content=\"1400\" \/>\n\t<meta property=\"og:image:type\" content=\"image\/png\" \/>\n<meta name=\"twitter:card\" content=\"summary_large_image\" \/>\n<script type=\"application\/ld+json\" class=\"yoast-schema-graph\">{\"@context\":\"https:\/\/schema.org\",\"@graph\":[{\"@type\":\"WebPage\",\"@id\":\"https:\/\/galli.ch\/uhren\/iwc\/portugieser\/automatic-40-iw358310\/\",\"url\":\"https:\/\/galli.ch\/uhren\/iwc\/portugieser\/automatic-40-iw358310\/\",\"name\":\"IWC Portugieser Automatic 40 - Galli Uhren Bijouterie\",\"isPartOf\":{\"@id\":\"http:\/\/galli.ch\/en\/#website\"},\"primaryImageOfPage\":{\"@id\":\"https:\/\/galli.ch\/uhren\/iwc\/portugieser\/automatic-40-iw358310\/#primaryimage\"},\"image\":{\"@id\":\"https:\/\/galli.ch\/uhren\/iwc\/portugieser\/automatic-40-iw358310\/#primaryimage\"},\"thumbnailUrl\":\"https:\/\/galli.ch\/wp-content\/uploads\/f0IHeiB5X0CygXHEnaHNMw-png-transform-global_image_940_2x.png\",\"datePublished\":\"2024-01-11T10:42:44+00:00\",\"dateModified\":\"2025-09-30T10:01:24+00:00\",\"breadcrumb\":{\"@id\":\"https:\/\/galli.ch\/uhren\/iwc\/portugieser\/automatic-40-iw358310\/#breadcrumb\"},\"inLanguage\":\"en-US\",\"potentialAction\":[{\"@type\":\"ReadAction\",\"target\":[\"https:\/\/galli.ch\/uhren\/iwc\/portugieser\/automatic-40-iw358310\/\"]}]},{\"@type\":\"ImageObject\",\"inLanguage\":\"en-US\",\"@id\":\"https:\/\/galli.ch\/uhren\/iwc\/portugieser\/automatic-40-iw358310\/#primaryimage\",\"url\":\"https:\/\/galli.ch\/wp-content\/uploads\/f0IHeiB5X0CygXHEnaHNMw-png-transform-global_image_940_2x.png\",\"contentUrl\":\"https:\/\/galli.ch\/wp-content\/uploads\/f0IHeiB5X0CygXHEnaHNMw-png-transform-global_image_940_2x.png\",\"width\":1000,\"height\":1400,\"caption\":\"iwc-portugieser-40-green-edition-iw358310\"},{\"@type\":\"BreadcrumbList\",\"@id\":\"https:\/\/galli.ch\/uhren\/iwc\/portugieser\/automatic-40-iw358310\/#breadcrumb\",\"itemListElement\":[{\"@type\":\"ListItem\",\"position\":1,\"name\":\"Home\",\"item\":\"https:\/\/galli.ch\/en\/\"},{\"@type\":\"ListItem\",\"position\":2,\"name\":\"Uhren\",\"item\":\"https:\/\/galli.ch\/en\/uhren\/\"},{\"@type\":\"ListItem\",\"position\":3,\"name\":\"IWC Portugieser Automatic 40\"}]},{\"@type\":\"WebSite\",\"@id\":\"http:\/\/galli.ch\/en\/#website\",\"url\":\"http:\/\/galli.ch\/en\/\",\"name\":\"Galli Uhren Bijouterie\",\"description\":\"\",\"potentialAction\":[{\"@type\":\"SearchAction\",\"target\":{\"@type\":\"EntryPoint\",\"urlTemplate\":\"http:\/\/galli.ch\/en\/?s={search_term_string}\"},\"query-input\":{\"@type\":\"PropertyValueSpecification\",\"valueRequired\":true,\"valueName\":\"search_term_string\"}}],\"inLanguage\":\"en-US\"}]}<\/script>\n<!-- \/ Yoast SEO plugin. -->","yoast_head_json":{"title":"IWC Portugieser Automatic 40 - Galli Uhren Bijouterie","robots":{"index":"index","follow":"follow","max-snippet":"max-snippet:-1","max-image-preview":"max-image-preview:large","max-video-preview":"max-video-preview:-1"},"canonical":"https:\/\/galli.ch\/uhren\/iwc\/portugieser\/automatic-40-iw358310\/","og_locale":"en_US","og_type":"article","og_title":"IWC Portugieser Automatic 40 - Galli Uhren Bijouterie","og_description":"Die klaren Strukturen der Portugieser Automatic 40 in Edelstahl machen sie trotz ihrer kompakten Ausf\u00fchrung zu einem begehrenswerten Uhrenmodell. Neben der aus dem Namen bereits ersichtlichen Automatik-Funktion kehrt IWC Schaffhausen mit dieser Neuheit zu einer bew\u00e4hrten Tradition zur\u00fcck, n\u00e4mlich der Sekundenanzeige auf der 6-Uhr-Position. Bemerkenswert ist dabei die Realisierung auf dem kompakten 40-Millimeter-Format, das die... Weiter &raquo;","og_url":"https:\/\/galli.ch\/uhren\/iwc\/portugieser\/automatic-40-iw358310\/","og_site_name":"Galli Uhren Bijouterie","article_modified_time":"2025-09-30T10:01:24+00:00","og_image":[{"width":1000,"height":1400,"url":"https:\/\/galli.ch\/wp-content\/uploads\/f0IHeiB5X0CygXHEnaHNMw-png-transform-global_image_940_2x.png","type":"image\/png"}],"twitter_card":"summary_large_image","schema":{"@context":"https:\/\/schema.org","@graph":[{"@type":"WebPage","@id":"https:\/\/galli.ch\/uhren\/iwc\/portugieser\/automatic-40-iw358310\/","url":"https:\/\/galli.ch\/uhren\/iwc\/portugieser\/automatic-40-iw358310\/","name":"IWC Portugieser Automatic 40 - Galli Uhren Bijouterie","isPartOf":{"@id":"http:\/\/galli.ch\/en\/#website"},"primaryImageOfPage":{"@id":"https:\/\/galli.ch\/uhren\/iwc\/portugieser\/automatic-40-iw358310\/#primaryimage"},"image":{"@id":"https:\/\/galli.ch\/uhren\/iwc\/portugieser\/automatic-40-iw358310\/#primaryimage"},"thumbnailUrl":"https:\/\/galli.ch\/wp-content\/uploads\/f0IHeiB5X0CygXHEnaHNMw-png-transform-global_image_940_2x.png","datePublished":"2024-01-11T10:42:44+00:00","dateModified":"2025-09-30T10:01:24+00:00","breadcrumb":{"@id":"https:\/\/galli.ch\/uhren\/iwc\/portugieser\/automatic-40-iw358310\/#breadcrumb"},"inLanguage":"en-US","potentialAction":[{"@type":"ReadAction","target":["https:\/\/galli.ch\/uhren\/iwc\/portugieser\/automatic-40-iw358310\/"]}]},{"@type":"ImageObject","inLanguage":"en-US","@id":"https:\/\/galli.ch\/uhren\/iwc\/portugieser\/automatic-40-iw358310\/#primaryimage","url":"https:\/\/galli.ch\/wp-content\/uploads\/f0IHeiB5X0CygXHEnaHNMw-png-transform-global_image_940_2x.png","contentUrl":"https:\/\/galli.ch\/wp-content\/uploads\/f0IHeiB5X0CygXHEnaHNMw-png-transform-global_image_940_2x.png","width":1000,"height":1400,"caption":"iwc-portugieser-40-green-edition-iw358310"},{"@type":"BreadcrumbList","@id":"https:\/\/galli.ch\/uhren\/iwc\/portugieser\/automatic-40-iw358310\/#breadcrumb","itemListElement":[{"@type":"ListItem","position":1,"name":"Home","item":"https:\/\/galli.ch\/en\/"},{"@type":"ListItem","position":2,"name":"Uhren","item":"https:\/\/galli.ch\/en\/uhren\/"},{"@type":"ListItem","position":3,"name":"IWC Portugieser Automatic 40"}]},{"@type":"WebSite","@id":"http:\/\/galli.ch\/en\/#website","url":"http:\/\/galli.ch\/en\/","name":"Galli Uhren Bijouterie","description":"","potentialAction":[{"@type":"SearchAction","target":{"@type":"EntryPoint","urlTemplate":"http:\/\/galli.ch\/en\/?s={search_term_string}"},"query-input":{"@type":"PropertyValueSpecification","valueRequired":true,"valueName":"search_term_string"}}],"inLanguage":"en-US"}]}},"_links":{"self":[{"href":"https:\/\/galli.ch\/en\/wp-json\/wp\/v2\/product\/23066","targetHints":{"allow":["GET"]}}],"collection":[{"href":"https:\/\/galli.ch\/en\/wp-json\/wp\/v2\/product"}],"about":[{"href":"https:\/\/galli.ch\/en\/wp-json\/wp\/v2\/types\/product"}],"wp:featuredmedia":[{"embeddable":true,"href":"https:\/\/galli.ch\/en\/wp-json\/wp\/v2\/media\/22890"}],"wp:attachment":[{"href":"https:\/\/galli.ch\/en\/wp-json\/wp\/v2\/media?parent=23066"}],"wp:term":[{"taxonomy":"product_brand","embeddable":true,"href":"https:\/\/galli.ch\/en\/wp-json\/wp\/v2\/product_brand?post=23066"},{"taxonomy":"product_cat","embeddable":true,"href":"https:\/\/galli.ch\/en\/wp-json\/wp\/v2\/product_cat?post=23066"},{"taxonomy":"product_tag","embeddable":true,"href":"https:\/\/galli.ch\/en\/wp-json\/wp\/v2\/product_tag?post=23066"}],"curies":[{"name":"wp","href":"https:\/\/api.w.org\/{rel}","templated":true}]}}