{"id":23116,"date":"2024-01-17T09:35:03","date_gmt":"2024-01-17T08:35:03","guid":{"rendered":"https:\/\/galli.ch\/?post_type=product&#038;p=23116"},"modified":"2026-03-30T10:18:16","modified_gmt":"2026-03-30T08:18:16","slug":"speedmaster-dark-side-of-the-moon-apollo-8-310-92-44-50-01-001","status":"publish","type":"product","link":"https:\/\/galli.ch\/en\/uhren\/omega\/speedmaster\/speedmaster-dark-side-of-the-moon-apollo-8-310-92-44-50-01-001\/","title":{"rendered":"Omega Speedmaster Dark Side of the Moon Apollo 8"},"content":{"rendered":"<div class=\"ow-mod ow-mod_21 ow-mod_21--01 ow-mod--full-width ow-mod--theme-white\" data-admin-reference=\"CO-07-a\" data-content-type=\"module_21\" data-appearance=\"theme_01\" data-bg-color=\"white\" data-bg-color-custom=\"#ffffff\" data-title-color=\"#c40d2e\" data-text-color=\"#555555\" data-content-on=\"1_column\" data-lazy-load=\"1\" data-tracking-title=\"Modules Contents - SPEEDMASTER DARK SIDE OF THE MOON APOLLO 8\" data-element=\"main\">\n<div class=\"ow-mod__wrapper-bg\">\n<div class=\"ow-mod__wrapper pm-anim-open seen\">\n<div class=\"ow-mod__bg\">\n<div class=\"pm-grid-center pm-grid-4-s pm-grid-10-m pm-grid-8-l\">\n<div class=\"ow-mod__txt\">\n<div class=\"pm-text read-more-text\" data-element=\"content\" data-pb-style=\"QQ16VQM\">\n<p>1968 waren die Mitglieder der Crew von Apollo 8 die ersten Menschen, die je die Mondr\u00fcckseite zu Gesicht bekamen. Als Hommage hat OMEGA diesen markanten Chronographen aus Keramik mit einem skelettierten Zifferblatt, einem Zeiger in Form der Rakete Saturn V und einem veredelten Uhrwerk entwickelt, das die Mondoberfl\u00e4che darstellt.<\/p>\n<div class=\"ow-mod ow-mod_21 ow-mod_21--01 ow-mod--full-width ow-mod--theme-white\" data-admin-reference=\"CO-07-a\" data-content-type=\"module_21\" data-appearance=\"theme_01\" data-bg-color=\"white\" data-bg-color-custom=\"#ffffff\" data-title-color=\"#c40d2e\" data-text-color=\"#555555\" data-content-on=\"1_column\" data-lazy-load=\"1\" data-tracking-title=\"Modules Contents - THE MOON ON YOUR WRIST\" data-element=\"main\">\n<div class=\"ow-mod__wrapper-bg\">\n<div class=\"ow-mod__wrapper pm-anim-open seen\">\n<div class=\"ow-mod__bg\">\n<div class=\"pm-grid-center pm-grid-4-s pm-grid-10-m pm-grid-8-l\">\n<div class=\"ow-mod__txt\">\n<div class=\"pm-text read-more-text\" data-element=\"content\" data-pb-style=\"R7LIGFR\">\n<p>Durch das skelettierte Zifferblatt ist das Co-Axial Master Chronometer Kaliber 3869 von OMEGA zu sehen. Dieses Uhrwerk entspricht nicht nur den h\u00f6chsten Pr\u00e4zisionsstandards der Industrie, sondern zeigt auch eine per Laser bearbeitete Darstellung der Mondoberfl\u00e4che auf der geschw\u00e4rzten Hauptplatine und den Br\u00fccken. Dank der Lasergravur und den kontrastierenden Oberfl\u00e4chen ist die Aufl\u00f6sung h\u00f6her als je zuvor.\u00a0 aAlle Mitglieder der Crew von Apollo 8 trugen w\u00e4hrend ihrer Mission eine OMEGA Speedmaster am Handgelenk.<\/p>\n<\/div>\n<\/div>\n<\/div>\n<\/div>\n<\/div>\n<\/div>\n<\/div>\n<\/div>\n<\/div>\n<\/div>\n<\/div>\n<\/div>\n<\/div>\n<\/div>\n<div class=\"ow-mod ow-mod_41 ow-mod_41--01 ow-mod--txt-undefined ow-mod--theme-white\" data-admin-reference=\"PR-11\" data-content-type=\"module_41\" data-appearance=\"theme_01\" data-bg-color=\"white\" data-tracking-title=\"Top Products \" data-mirror=\"0\" data-lazy-load=\"1\" data-element=\"main\">\n<div class=\"ow-mod__wrapper-bg\">\n<div class=\"ow-mod__wrapper pm-anim-split seen\">\n<div class=\"ow-mod__bg\">\n<div class=\"ow-mod__cols ow-mod__cols--l ow-mod__cols--gutter ow-mod_41__cols\">\n<div class=\"ow-mod__col ow-mod__col--1\">\n<div class=\"ow-mod__col-content ow-mod__img\">\n<div class=\"pm-responsive-image-wrapper\" data-element=\"picture\"><picture class=\"pm-responsive-image ow-mod__lazy-picture \"><source srcset=\"https:\/\/www.omegawatches.com\/media\/wysiwyg\/SP-Dark-Side_Apollo8-F-Dial3-4-black-800x900.jpg\" media=\"(min-width: 1px)\" sizes=\"605px\" data-srcset=\"https:\/\/www.omegawatches.com\/media\/wysiwyg\/SP-Dark-Side_Apollo8-F-Dial3-4-black-800x900.jpg\" data-width=\"800\" data-height=\"900\" \/><\/picture><\/div>\n<\/div>\n<\/div>\n<\/div>\n<\/div>\n<\/div>\n<\/div>\n<\/div>\n","protected":false},"excerpt":{"rendered":"<p>1968 waren die Mitglieder der Crew von Apollo 8 die ersten Menschen, die je die Mondr\u00fcckseite zu Gesicht bekamen. Als Hommage hat OMEGA diesen markanten Chronographen aus Keramik mit einem skelettierten Zifferblatt, einem Zeiger in Form der Rakete Saturn V und einem veredelten Uhrwerk entwickelt, das die Mondoberfl\u00e4che darstellt. Durch das skelettierte Zifferblatt ist das&#8230;  <a class=\"excerpt-read-more\" href=\"https:\/\/galli.ch\/en\/uhren\/omega\/speedmaster\/speedmaster-dark-side-of-the-moon-apollo-8-310-92-44-50-01-001\/\" title=\"Read Omega Speedmaster Dark Side of the Moon Apollo 8\">Weiter &raquo;<\/a><\/p>\n","protected":false},"featured_media":23119,"template":"","meta":{"_acf_changed":false,"inline_featured_image":false},"product_brand":[],"product_cat":[188],"product_tag":[],"class_list":{"0":"post-23116","1":"product","2":"type-product","3":"status-publish","4":"has-post-thumbnail","6":"uhrenhersteller-omega","7":"uhrenhersteller-speedmaster","8":"product_cat-uhren","10":"first","11":"instock","12":"taxable","13":"shipping-taxable","14":"purchasable","15":"product-type-simple"},"acf":[],"yoast_head":"<!-- This site is optimized with the Yoast SEO plugin v25.5 - https:\/\/yoast.com\/wordpress\/plugins\/seo\/ -->\n<title>Omega Speedmaster Dark Side of the Moon Apollo 8 - Galli Uhren Bijouterie<\/title>\n<meta name=\"robots\" content=\"index, follow, max-snippet:-1, max-image-preview:large, max-video-preview:-1\" \/>\n<link rel=\"canonical\" href=\"https:\/\/galli.ch\/uhren\/omega\/speedmaster\/speedmaster-dark-side-of-the-moon-apollo-8-310-92-44-50-01-001\/\" \/>\n<meta property=\"og:locale\" content=\"en_US\" \/>\n<meta property=\"og:type\" content=\"article\" \/>\n<meta property=\"og:title\" content=\"Omega Speedmaster Dark Side of the Moon Apollo 8 - Galli Uhren Bijouterie\" \/>\n<meta property=\"og:description\" content=\"1968 waren die Mitglieder der Crew von Apollo 8 die ersten Menschen, die je die Mondr\u00fcckseite zu Gesicht bekamen. Als Hommage hat OMEGA diesen markanten Chronographen aus Keramik mit einem skelettierten Zifferblatt, einem Zeiger in Form der Rakete Saturn V und einem veredelten Uhrwerk entwickelt, das die Mondoberfl\u00e4che darstellt. Durch das skelettierte Zifferblatt ist das... Weiter &raquo;\" \/>\n<meta property=\"og:url\" content=\"https:\/\/galli.ch\/uhren\/omega\/speedmaster\/speedmaster-dark-side-of-the-moon-apollo-8-310-92-44-50-01-001\/\" \/>\n<meta property=\"og:site_name\" content=\"Galli Uhren Bijouterie\" \/>\n<meta property=\"article:modified_time\" content=\"2026-03-30T08:18:16+00:00\" \/>\n<meta property=\"og:image\" content=\"https:\/\/galli.ch\/wp-content\/uploads\/omega-speedmaster-dark-side-of-the-moon-co-axial-master-chronometer-chronograph-44-25_mm-31092445001001-43bb86-1-1.png\" \/>\n\t<meta property=\"og:image:width\" content=\"1000\" \/>\n\t<meta property=\"og:image:height\" content=\"1400\" \/>\n\t<meta property=\"og:image:type\" content=\"image\/png\" \/>\n<meta name=\"twitter:card\" content=\"summary_large_image\" \/>\n<script type=\"application\/ld+json\" class=\"yoast-schema-graph\">{\"@context\":\"https:\/\/schema.org\",\"@graph\":[{\"@type\":\"WebPage\",\"@id\":\"https:\/\/galli.ch\/uhren\/omega\/speedmaster\/speedmaster-dark-side-of-the-moon-apollo-8-310-92-44-50-01-001\/\",\"url\":\"https:\/\/galli.ch\/uhren\/omega\/speedmaster\/speedmaster-dark-side-of-the-moon-apollo-8-310-92-44-50-01-001\/\",\"name\":\"Omega Speedmaster Dark Side of the Moon Apollo 8 - Galli Uhren Bijouterie\",\"isPartOf\":{\"@id\":\"http:\/\/galli.ch\/en\/#website\"},\"primaryImageOfPage\":{\"@id\":\"https:\/\/galli.ch\/uhren\/omega\/speedmaster\/speedmaster-dark-side-of-the-moon-apollo-8-310-92-44-50-01-001\/#primaryimage\"},\"image\":{\"@id\":\"https:\/\/galli.ch\/uhren\/omega\/speedmaster\/speedmaster-dark-side-of-the-moon-apollo-8-310-92-44-50-01-001\/#primaryimage\"},\"thumbnailUrl\":\"https:\/\/galli.ch\/wp-content\/uploads\/omega-speedmaster-dark-side-of-the-moon-co-axial-master-chronometer-chronograph-44-25_mm-31092445001001-43bb86-1-1.png\",\"datePublished\":\"2024-01-17T08:35:03+00:00\",\"dateModified\":\"2026-03-30T08:18:16+00:00\",\"breadcrumb\":{\"@id\":\"https:\/\/galli.ch\/uhren\/omega\/speedmaster\/speedmaster-dark-side-of-the-moon-apollo-8-310-92-44-50-01-001\/#breadcrumb\"},\"inLanguage\":\"en-US\",\"potentialAction\":[{\"@type\":\"ReadAction\",\"target\":[\"https:\/\/galli.ch\/uhren\/omega\/speedmaster\/speedmaster-dark-side-of-the-moon-apollo-8-310-92-44-50-01-001\/\"]}]},{\"@type\":\"ImageObject\",\"inLanguage\":\"en-US\",\"@id\":\"https:\/\/galli.ch\/uhren\/omega\/speedmaster\/speedmaster-dark-side-of-the-moon-apollo-8-310-92-44-50-01-001\/#primaryimage\",\"url\":\"https:\/\/galli.ch\/wp-content\/uploads\/omega-speedmaster-dark-side-of-the-moon-co-axial-master-chronometer-chronograph-44-25_mm-31092445001001-43bb86-1-1.png\",\"contentUrl\":\"https:\/\/galli.ch\/wp-content\/uploads\/omega-speedmaster-dark-side-of-the-moon-co-axial-master-chronometer-chronograph-44-25_mm-31092445001001-43bb86-1-1.png\",\"width\":1000,\"height\":1400,\"caption\":\"omega-speedmaster-dark-side-of-the-moon-co-axial-master-chronometer-chronograph\"},{\"@type\":\"BreadcrumbList\",\"@id\":\"https:\/\/galli.ch\/uhren\/omega\/speedmaster\/speedmaster-dark-side-of-the-moon-apollo-8-310-92-44-50-01-001\/#breadcrumb\",\"itemListElement\":[{\"@type\":\"ListItem\",\"position\":1,\"name\":\"Home\",\"item\":\"https:\/\/galli.ch\/en\/\"},{\"@type\":\"ListItem\",\"position\":2,\"name\":\"Uhren\",\"item\":\"https:\/\/galli.ch\/en\/uhren\/\"},{\"@type\":\"ListItem\",\"position\":3,\"name\":\"Omega Speedmaster Dark Side of the Moon Apollo 8\"}]},{\"@type\":\"WebSite\",\"@id\":\"http:\/\/galli.ch\/en\/#website\",\"url\":\"http:\/\/galli.ch\/en\/\",\"name\":\"Galli Uhren Bijouterie\",\"description\":\"\",\"potentialAction\":[{\"@type\":\"SearchAction\",\"target\":{\"@type\":\"EntryPoint\",\"urlTemplate\":\"http:\/\/galli.ch\/en\/?s={search_term_string}\"},\"query-input\":{\"@type\":\"PropertyValueSpecification\",\"valueRequired\":true,\"valueName\":\"search_term_string\"}}],\"inLanguage\":\"en-US\"}]}<\/script>\n<!-- \/ Yoast SEO plugin. -->","yoast_head_json":{"title":"Omega Speedmaster Dark Side of the Moon Apollo 8 - Galli Uhren Bijouterie","robots":{"index":"index","follow":"follow","max-snippet":"max-snippet:-1","max-image-preview":"max-image-preview:large","max-video-preview":"max-video-preview:-1"},"canonical":"https:\/\/galli.ch\/uhren\/omega\/speedmaster\/speedmaster-dark-side-of-the-moon-apollo-8-310-92-44-50-01-001\/","og_locale":"en_US","og_type":"article","og_title":"Omega Speedmaster Dark Side of the Moon Apollo 8 - Galli Uhren Bijouterie","og_description":"1968 waren die Mitglieder der Crew von Apollo 8 die ersten Menschen, die je die Mondr\u00fcckseite zu Gesicht bekamen. Als Hommage hat OMEGA diesen markanten Chronographen aus Keramik mit einem skelettierten Zifferblatt, einem Zeiger in Form der Rakete Saturn V und einem veredelten Uhrwerk entwickelt, das die Mondoberfl\u00e4che darstellt. Durch das skelettierte Zifferblatt ist das... Weiter &raquo;","og_url":"https:\/\/galli.ch\/uhren\/omega\/speedmaster\/speedmaster-dark-side-of-the-moon-apollo-8-310-92-44-50-01-001\/","og_site_name":"Galli Uhren Bijouterie","article_modified_time":"2026-03-30T08:18:16+00:00","og_image":[{"width":1000,"height":1400,"url":"https:\/\/galli.ch\/wp-content\/uploads\/omega-speedmaster-dark-side-of-the-moon-co-axial-master-chronometer-chronograph-44-25_mm-31092445001001-43bb86-1-1.png","type":"image\/png"}],"twitter_card":"summary_large_image","schema":{"@context":"https:\/\/schema.org","@graph":[{"@type":"WebPage","@id":"https:\/\/galli.ch\/uhren\/omega\/speedmaster\/speedmaster-dark-side-of-the-moon-apollo-8-310-92-44-50-01-001\/","url":"https:\/\/galli.ch\/uhren\/omega\/speedmaster\/speedmaster-dark-side-of-the-moon-apollo-8-310-92-44-50-01-001\/","name":"Omega Speedmaster Dark Side of the Moon Apollo 8 - Galli Uhren Bijouterie","isPartOf":{"@id":"http:\/\/galli.ch\/en\/#website"},"primaryImageOfPage":{"@id":"https:\/\/galli.ch\/uhren\/omega\/speedmaster\/speedmaster-dark-side-of-the-moon-apollo-8-310-92-44-50-01-001\/#primaryimage"},"image":{"@id":"https:\/\/galli.ch\/uhren\/omega\/speedmaster\/speedmaster-dark-side-of-the-moon-apollo-8-310-92-44-50-01-001\/#primaryimage"},"thumbnailUrl":"https:\/\/galli.ch\/wp-content\/uploads\/omega-speedmaster-dark-side-of-the-moon-co-axial-master-chronometer-chronograph-44-25_mm-31092445001001-43bb86-1-1.png","datePublished":"2024-01-17T08:35:03+00:00","dateModified":"2026-03-30T08:18:16+00:00","breadcrumb":{"@id":"https:\/\/galli.ch\/uhren\/omega\/speedmaster\/speedmaster-dark-side-of-the-moon-apollo-8-310-92-44-50-01-001\/#breadcrumb"},"inLanguage":"en-US","potentialAction":[{"@type":"ReadAction","target":["https:\/\/galli.ch\/uhren\/omega\/speedmaster\/speedmaster-dark-side-of-the-moon-apollo-8-310-92-44-50-01-001\/"]}]},{"@type":"ImageObject","inLanguage":"en-US","@id":"https:\/\/galli.ch\/uhren\/omega\/speedmaster\/speedmaster-dark-side-of-the-moon-apollo-8-310-92-44-50-01-001\/#primaryimage","url":"https:\/\/galli.ch\/wp-content\/uploads\/omega-speedmaster-dark-side-of-the-moon-co-axial-master-chronometer-chronograph-44-25_mm-31092445001001-43bb86-1-1.png","contentUrl":"https:\/\/galli.ch\/wp-content\/uploads\/omega-speedmaster-dark-side-of-the-moon-co-axial-master-chronometer-chronograph-44-25_mm-31092445001001-43bb86-1-1.png","width":1000,"height":1400,"caption":"omega-speedmaster-dark-side-of-the-moon-co-axial-master-chronometer-chronograph"},{"@type":"BreadcrumbList","@id":"https:\/\/galli.ch\/uhren\/omega\/speedmaster\/speedmaster-dark-side-of-the-moon-apollo-8-310-92-44-50-01-001\/#breadcrumb","itemListElement":[{"@type":"ListItem","position":1,"name":"Home","item":"https:\/\/galli.ch\/en\/"},{"@type":"ListItem","position":2,"name":"Uhren","item":"https:\/\/galli.ch\/en\/uhren\/"},{"@type":"ListItem","position":3,"name":"Omega Speedmaster Dark Side of the Moon Apollo 8"}]},{"@type":"WebSite","@id":"http:\/\/galli.ch\/en\/#website","url":"http:\/\/galli.ch\/en\/","name":"Galli Uhren Bijouterie","description":"","potentialAction":[{"@type":"SearchAction","target":{"@type":"EntryPoint","urlTemplate":"http:\/\/galli.ch\/en\/?s={search_term_string}"},"query-input":{"@type":"PropertyValueSpecification","valueRequired":true,"valueName":"search_term_string"}}],"inLanguage":"en-US"}]}},"_links":{"self":[{"href":"https:\/\/galli.ch\/en\/wp-json\/wp\/v2\/product\/23116","targetHints":{"allow":["GET"]}}],"collection":[{"href":"https:\/\/galli.ch\/en\/wp-json\/wp\/v2\/product"}],"about":[{"href":"https:\/\/galli.ch\/en\/wp-json\/wp\/v2\/types\/product"}],"wp:featuredmedia":[{"embeddable":true,"href":"https:\/\/galli.ch\/en\/wp-json\/wp\/v2\/media\/23119"}],"wp:attachment":[{"href":"https:\/\/galli.ch\/en\/wp-json\/wp\/v2\/media?parent=23116"}],"wp:term":[{"taxonomy":"product_brand","embeddable":true,"href":"https:\/\/galli.ch\/en\/wp-json\/wp\/v2\/product_brand?post=23116"},{"taxonomy":"product_cat","embeddable":true,"href":"https:\/\/galli.ch\/en\/wp-json\/wp\/v2\/product_cat?post=23116"},{"taxonomy":"product_tag","embeddable":true,"href":"https:\/\/galli.ch\/en\/wp-json\/wp\/v2\/product_tag?post=23116"}],"curies":[{"name":"wp","href":"https:\/\/api.w.org\/{rel}","templated":true}]}}