{"id":23131,"date":"2024-01-18T16:57:34","date_gmt":"2024-01-18T15:57:34","guid":{"rendered":"https:\/\/galli.ch\/?post_type=product&#038;p=23131"},"modified":"2026-04-20T18:17:50","modified_gmt":"2026-04-20T16:17:50","slug":"aqua-terra-master-chronometer-worldtimer-220-92-43-22-99-001","status":"publish","type":"product","link":"https:\/\/galli.ch\/en\/uhren\/omega\/seamaster\/aqua-terra-master-chronometer-worldtimer-220-92-43-22-99-001\/","title":{"rendered":"Omega Aqua Terra Master Chronometer Worldtimer"},"content":{"rendered":"<div class=\"ow-mod ow-mod_21 ow-mod_21--01 ow-mod--full-width ow-mod--theme-white\" data-admin-reference=\"CO-07-a\" data-content-type=\"module_21\" data-appearance=\"theme_01\" data-bg-color=\"white\" data-bg-color-custom=\"#ffffff\" data-title-color=\"#c40d2e\" data-text-color=\"#555555\" data-content-on=\"1_column\" data-lazy-load=\"1\" data-tracking-title=\"Modules Contents - FOR FANS OF TITANIUM\" data-element=\"main\">\n<div class=\"ow-mod__wrapper-bg\">\n<div class=\"ow-mod__wrapper pm-anim-open seen\">\n<div class=\"ow-mod__bg\">\n<div class=\"pm-grid-center pm-grid-4-s pm-grid-10-m pm-grid-8-l\">\n<div class=\"ow-mod__txt\">\n<div class=\"pm-text read-more-text\" data-element=\"content\" data-pb-style=\"OSLV45E\">\n<p>Die Worldtimer Kollektion von OMEGA umfasst ein k\u00fchnes und sportliches Modell aus Titan mit einem schwarzen und grauen Zifferblatt, das vollst\u00e4ndig durch Laserablation hergestellt wurde, einer L\u00fcnette aus geb\u00fcrsteter schwarzer Keramik und einem integrierten Kautschukarmband mit Schliesse und Zierglied aus Titan Grade 2.<\/p>\n<\/div>\n<\/div>\n<\/div>\n<\/div>\n<\/div>\n<\/div>\n<\/div>\n","protected":false},"excerpt":{"rendered":"<p>Die Worldtimer Kollektion von OMEGA umfasst ein k\u00fchnes und sportliches Modell aus Titan mit einem schwarzen und grauen Zifferblatt, das vollst\u00e4ndig durch Laserablation hergestellt wurde, einer L\u00fcnette aus geb\u00fcrsteter schwarzer Keramik und einem integrierten Kautschukarmband mit Schliesse und Zierglied aus Titan Grade 2.<\/p>\n","protected":false},"featured_media":18711,"template":"","meta":{"_acf_changed":false,"inline_featured_image":false},"product_brand":[],"product_cat":[188],"product_tag":[],"class_list":{"0":"post-23131","1":"product","2":"type-product","3":"status-publish","4":"has-post-thumbnail","6":"uhrenhersteller-omega","7":"uhrenhersteller-seamaster","8":"product_cat-uhren","10":"first","11":"instock","12":"taxable","13":"shipping-taxable","14":"purchasable","15":"product-type-simple"},"acf":[],"yoast_head":"<!-- This site is optimized with the Yoast SEO plugin v25.5 - https:\/\/yoast.com\/wordpress\/plugins\/seo\/ -->\n<title>Omega Aqua Terra Master Chronometer Worldtimer - Galli Uhren Bijouterie<\/title>\n<meta name=\"robots\" content=\"index, follow, max-snippet:-1, max-image-preview:large, max-video-preview:-1\" \/>\n<link rel=\"canonical\" href=\"https:\/\/galli.ch\/uhren\/omega\/seamaster\/aqua-terra-master-chronometer-worldtimer-220-92-43-22-99-001\/\" \/>\n<meta property=\"og:locale\" content=\"en_US\" \/>\n<meta property=\"og:type\" content=\"article\" \/>\n<meta property=\"og:title\" content=\"Omega Aqua Terra Master Chronometer Worldtimer - Galli Uhren Bijouterie\" \/>\n<meta property=\"og:description\" content=\"Die Worldtimer Kollektion von OMEGA umfasst ein k\u00fchnes und sportliches Modell aus Titan mit einem schwarzen und grauen Zifferblatt, das vollst\u00e4ndig durch Laserablation hergestellt wurde, einer L\u00fcnette aus geb\u00fcrsteter schwarzer Keramik und einem integrierten Kautschukarmband mit Schliesse und Zierglied aus Titan Grade 2.\" \/>\n<meta property=\"og:url\" content=\"https:\/\/galli.ch\/uhren\/omega\/seamaster\/aqua-terra-master-chronometer-worldtimer-220-92-43-22-99-001\/\" \/>\n<meta property=\"og:site_name\" content=\"Galli Uhren Bijouterie\" \/>\n<meta property=\"article:modified_time\" content=\"2026-04-20T16:17:50+00:00\" \/>\n<meta property=\"og:image\" content=\"https:\/\/galli.ch\/wp-content\/uploads\/omega-seamaster-aqua-terra-150m-co-axial-master-chronometer-gmt-worldtimer-43-mm-22092432299001-1-product-zoom.png\" \/>\n\t<meta property=\"og:image:width\" content=\"1000\" \/>\n\t<meta property=\"og:image:height\" content=\"1400\" \/>\n\t<meta property=\"og:image:type\" content=\"image\/png\" \/>\n<meta name=\"twitter:card\" content=\"summary_large_image\" \/>\n<script type=\"application\/ld+json\" class=\"yoast-schema-graph\">{\"@context\":\"https:\/\/schema.org\",\"@graph\":[{\"@type\":\"WebPage\",\"@id\":\"https:\/\/galli.ch\/uhren\/omega\/seamaster\/aqua-terra-master-chronometer-worldtimer-220-92-43-22-99-001\/\",\"url\":\"https:\/\/galli.ch\/uhren\/omega\/seamaster\/aqua-terra-master-chronometer-worldtimer-220-92-43-22-99-001\/\",\"name\":\"Omega Aqua Terra Master Chronometer Worldtimer - Galli Uhren Bijouterie\",\"isPartOf\":{\"@id\":\"http:\/\/galli.ch\/en\/#website\"},\"primaryImageOfPage\":{\"@id\":\"https:\/\/galli.ch\/uhren\/omega\/seamaster\/aqua-terra-master-chronometer-worldtimer-220-92-43-22-99-001\/#primaryimage\"},\"image\":{\"@id\":\"https:\/\/galli.ch\/uhren\/omega\/seamaster\/aqua-terra-master-chronometer-worldtimer-220-92-43-22-99-001\/#primaryimage\"},\"thumbnailUrl\":\"https:\/\/galli.ch\/wp-content\/uploads\/omega-seamaster-aqua-terra-150m-co-axial-master-chronometer-gmt-worldtimer-43-mm-22092432299001-1-product-zoom.png\",\"datePublished\":\"2024-01-18T15:57:34+00:00\",\"dateModified\":\"2026-04-20T16:17:50+00:00\",\"breadcrumb\":{\"@id\":\"https:\/\/galli.ch\/uhren\/omega\/seamaster\/aqua-terra-master-chronometer-worldtimer-220-92-43-22-99-001\/#breadcrumb\"},\"inLanguage\":\"en-US\",\"potentialAction\":[{\"@type\":\"ReadAction\",\"target\":[\"https:\/\/galli.ch\/uhren\/omega\/seamaster\/aqua-terra-master-chronometer-worldtimer-220-92-43-22-99-001\/\"]}]},{\"@type\":\"ImageObject\",\"inLanguage\":\"en-US\",\"@id\":\"https:\/\/galli.ch\/uhren\/omega\/seamaster\/aqua-terra-master-chronometer-worldtimer-220-92-43-22-99-001\/#primaryimage\",\"url\":\"https:\/\/galli.ch\/wp-content\/uploads\/omega-seamaster-aqua-terra-150m-co-axial-master-chronometer-gmt-worldtimer-43-mm-22092432299001-1-product-zoom.png\",\"contentUrl\":\"https:\/\/galli.ch\/wp-content\/uploads\/omega-seamaster-aqua-terra-150m-co-axial-master-chronometer-gmt-worldtimer-43-mm-22092432299001-1-product-zoom.png\",\"width\":1000,\"height\":1400,\"caption\":\"omega-seamaster-aqua-terra-150m-co-axial-master-chronometer-gmt-worldtimer-43-mm-22092432299001\"},{\"@type\":\"BreadcrumbList\",\"@id\":\"https:\/\/galli.ch\/uhren\/omega\/seamaster\/aqua-terra-master-chronometer-worldtimer-220-92-43-22-99-001\/#breadcrumb\",\"itemListElement\":[{\"@type\":\"ListItem\",\"position\":1,\"name\":\"Home\",\"item\":\"https:\/\/galli.ch\/en\/\"},{\"@type\":\"ListItem\",\"position\":2,\"name\":\"Uhren\",\"item\":\"https:\/\/galli.ch\/en\/uhren\/\"},{\"@type\":\"ListItem\",\"position\":3,\"name\":\"Omega Aqua Terra Master Chronometer Worldtimer\"}]},{\"@type\":\"WebSite\",\"@id\":\"http:\/\/galli.ch\/en\/#website\",\"url\":\"http:\/\/galli.ch\/en\/\",\"name\":\"Galli Uhren Bijouterie\",\"description\":\"\",\"potentialAction\":[{\"@type\":\"SearchAction\",\"target\":{\"@type\":\"EntryPoint\",\"urlTemplate\":\"http:\/\/galli.ch\/en\/?s={search_term_string}\"},\"query-input\":{\"@type\":\"PropertyValueSpecification\",\"valueRequired\":true,\"valueName\":\"search_term_string\"}}],\"inLanguage\":\"en-US\"}]}<\/script>\n<!-- \/ Yoast SEO plugin. -->","yoast_head_json":{"title":"Omega Aqua Terra Master Chronometer Worldtimer - Galli Uhren Bijouterie","robots":{"index":"index","follow":"follow","max-snippet":"max-snippet:-1","max-image-preview":"max-image-preview:large","max-video-preview":"max-video-preview:-1"},"canonical":"https:\/\/galli.ch\/uhren\/omega\/seamaster\/aqua-terra-master-chronometer-worldtimer-220-92-43-22-99-001\/","og_locale":"en_US","og_type":"article","og_title":"Omega Aqua Terra Master Chronometer Worldtimer - Galli Uhren Bijouterie","og_description":"Die Worldtimer Kollektion von OMEGA umfasst ein k\u00fchnes und sportliches Modell aus Titan mit einem schwarzen und grauen Zifferblatt, das vollst\u00e4ndig durch Laserablation hergestellt wurde, einer L\u00fcnette aus geb\u00fcrsteter schwarzer Keramik und einem integrierten Kautschukarmband mit Schliesse und Zierglied aus Titan Grade 2.","og_url":"https:\/\/galli.ch\/uhren\/omega\/seamaster\/aqua-terra-master-chronometer-worldtimer-220-92-43-22-99-001\/","og_site_name":"Galli Uhren Bijouterie","article_modified_time":"2026-04-20T16:17:50+00:00","og_image":[{"width":1000,"height":1400,"url":"https:\/\/galli.ch\/wp-content\/uploads\/omega-seamaster-aqua-terra-150m-co-axial-master-chronometer-gmt-worldtimer-43-mm-22092432299001-1-product-zoom.png","type":"image\/png"}],"twitter_card":"summary_large_image","schema":{"@context":"https:\/\/schema.org","@graph":[{"@type":"WebPage","@id":"https:\/\/galli.ch\/uhren\/omega\/seamaster\/aqua-terra-master-chronometer-worldtimer-220-92-43-22-99-001\/","url":"https:\/\/galli.ch\/uhren\/omega\/seamaster\/aqua-terra-master-chronometer-worldtimer-220-92-43-22-99-001\/","name":"Omega Aqua Terra Master Chronometer Worldtimer - Galli Uhren Bijouterie","isPartOf":{"@id":"http:\/\/galli.ch\/en\/#website"},"primaryImageOfPage":{"@id":"https:\/\/galli.ch\/uhren\/omega\/seamaster\/aqua-terra-master-chronometer-worldtimer-220-92-43-22-99-001\/#primaryimage"},"image":{"@id":"https:\/\/galli.ch\/uhren\/omega\/seamaster\/aqua-terra-master-chronometer-worldtimer-220-92-43-22-99-001\/#primaryimage"},"thumbnailUrl":"https:\/\/galli.ch\/wp-content\/uploads\/omega-seamaster-aqua-terra-150m-co-axial-master-chronometer-gmt-worldtimer-43-mm-22092432299001-1-product-zoom.png","datePublished":"2024-01-18T15:57:34+00:00","dateModified":"2026-04-20T16:17:50+00:00","breadcrumb":{"@id":"https:\/\/galli.ch\/uhren\/omega\/seamaster\/aqua-terra-master-chronometer-worldtimer-220-92-43-22-99-001\/#breadcrumb"},"inLanguage":"en-US","potentialAction":[{"@type":"ReadAction","target":["https:\/\/galli.ch\/uhren\/omega\/seamaster\/aqua-terra-master-chronometer-worldtimer-220-92-43-22-99-001\/"]}]},{"@type":"ImageObject","inLanguage":"en-US","@id":"https:\/\/galli.ch\/uhren\/omega\/seamaster\/aqua-terra-master-chronometer-worldtimer-220-92-43-22-99-001\/#primaryimage","url":"https:\/\/galli.ch\/wp-content\/uploads\/omega-seamaster-aqua-terra-150m-co-axial-master-chronometer-gmt-worldtimer-43-mm-22092432299001-1-product-zoom.png","contentUrl":"https:\/\/galli.ch\/wp-content\/uploads\/omega-seamaster-aqua-terra-150m-co-axial-master-chronometer-gmt-worldtimer-43-mm-22092432299001-1-product-zoom.png","width":1000,"height":1400,"caption":"omega-seamaster-aqua-terra-150m-co-axial-master-chronometer-gmt-worldtimer-43-mm-22092432299001"},{"@type":"BreadcrumbList","@id":"https:\/\/galli.ch\/uhren\/omega\/seamaster\/aqua-terra-master-chronometer-worldtimer-220-92-43-22-99-001\/#breadcrumb","itemListElement":[{"@type":"ListItem","position":1,"name":"Home","item":"https:\/\/galli.ch\/en\/"},{"@type":"ListItem","position":2,"name":"Uhren","item":"https:\/\/galli.ch\/en\/uhren\/"},{"@type":"ListItem","position":3,"name":"Omega Aqua Terra Master Chronometer Worldtimer"}]},{"@type":"WebSite","@id":"http:\/\/galli.ch\/en\/#website","url":"http:\/\/galli.ch\/en\/","name":"Galli Uhren Bijouterie","description":"","potentialAction":[{"@type":"SearchAction","target":{"@type":"EntryPoint","urlTemplate":"http:\/\/galli.ch\/en\/?s={search_term_string}"},"query-input":{"@type":"PropertyValueSpecification","valueRequired":true,"valueName":"search_term_string"}}],"inLanguage":"en-US"}]}},"_links":{"self":[{"href":"https:\/\/galli.ch\/en\/wp-json\/wp\/v2\/product\/23131","targetHints":{"allow":["GET"]}}],"collection":[{"href":"https:\/\/galli.ch\/en\/wp-json\/wp\/v2\/product"}],"about":[{"href":"https:\/\/galli.ch\/en\/wp-json\/wp\/v2\/types\/product"}],"wp:featuredmedia":[{"embeddable":true,"href":"https:\/\/galli.ch\/en\/wp-json\/wp\/v2\/media\/18711"}],"wp:attachment":[{"href":"https:\/\/galli.ch\/en\/wp-json\/wp\/v2\/media?parent=23131"}],"wp:term":[{"taxonomy":"product_brand","embeddable":true,"href":"https:\/\/galli.ch\/en\/wp-json\/wp\/v2\/product_brand?post=23131"},{"taxonomy":"product_cat","embeddable":true,"href":"https:\/\/galli.ch\/en\/wp-json\/wp\/v2\/product_cat?post=23131"},{"taxonomy":"product_tag","embeddable":true,"href":"https:\/\/galli.ch\/en\/wp-json\/wp\/v2\/product_tag?post=23131"}],"curies":[{"name":"wp","href":"https:\/\/api.w.org\/{rel}","templated":true}]}}