{"id":23265,"date":"2024-01-26T11:48:03","date_gmt":"2024-01-26T10:48:03","guid":{"rendered":"https:\/\/galli.ch\/?post_type=product&#038;p=23265"},"modified":"2025-10-25T12:57:03","modified_gmt":"2025-10-25T10:57:03","slug":"flex-ring-rosegold-33-brill-0-83ct-h-si","status":"publish","type":"product","link":"https:\/\/galli.ch\/en\/schmuck\/galli-jewelry\/flex-ring-rosegold-33-brill-0-83ct-h-si\/","title":{"rendered":"FLEX Ring Ros\u00e9gold 33 Brill 0.83ct H-Si"},"content":{"rendered":"<p>Diamanten werden seit Jahrhunderten von Menschen auf der ganzen Welt gesch\u00e4tzt. Sie gelten als Symbole f\u00fcr Sch\u00f6nheit, Reichtum und Macht. Es ist nicht nur die Tatsache, dass sie aus dem h\u00e4rtesten Material der Erde bestehen. Es ist auch die Tatsache, dass jeder Diamant seine eigenen einzigartigen Eigenschaften hat. Die Farbe, der Schliff und die Einschl\u00fcsse eines Diamanten sind einzigartig und machen ihn zu einem Unikat.<\/p>\n<p>Die Flex Kollektion zeichnet sich durch ihre Flexibilit\u00e4t und ihren hohen Tragekomfort aus. Sie ist perfekt f\u00fcr Menschen, die Wert auf stilvolle und bequeme Schmuckst\u00fccke legen. Die Schmuckst\u00fccke sind in verschiedenen Materialien und Gr\u00f6ssen erh\u00e4ltlich, sodass jeder seinen individuellen Stil finden kann.<\/p>\n","protected":false},"excerpt":{"rendered":"<p>Diamanten werden seit Jahrhunderten von Menschen auf der ganzen Welt gesch\u00e4tzt. Sie gelten als Symbole f\u00fcr Sch\u00f6nheit, Reichtum und Macht. Es ist nicht nur die Tatsache, dass sie aus dem h\u00e4rtesten Material der Erde bestehen. Es ist auch die Tatsache, dass jeder Diamant seine eigenen einzigartigen Eigenschaften hat. Die Farbe, der Schliff und die Einschl\u00fcsse&#8230;  <a class=\"excerpt-read-more\" href=\"https:\/\/galli.ch\/en\/schmuck\/galli-jewelry\/flex-ring-rosegold-33-brill-0-83ct-h-si\/\" title=\"Read FLEX Ring Ros\u00e9gold 33 Brill 0.83ct H-Si\">Weiter &raquo;<\/a><\/p>\n","protected":false},"featured_media":23223,"template":"","meta":{"_acf_changed":false,"inline_featured_image":false},"product_brand":[],"product_cat":[189],"product_tag":[],"class_list":{"0":"post-23265","1":"product","2":"type-product","3":"status-publish","4":"has-post-thumbnail","6":"schmuckhersteller-galli-jewelry","7":"schmuckthemen-rings","8":"product_cat-schmuck","10":"first","11":"instock","12":"taxable","13":"shipping-taxable","14":"purchasable","15":"product-type-simple"},"acf":[],"yoast_head":"<!-- This site is optimized with the Yoast SEO plugin v25.5 - https:\/\/yoast.com\/wordpress\/plugins\/seo\/ -->\n<title>FLEX Ring Ros\u00e9gold 33 Brill 0.83ct H-Si - Galli Uhren Bijouterie<\/title>\n<meta name=\"robots\" content=\"index, follow, max-snippet:-1, max-image-preview:large, max-video-preview:-1\" \/>\n<link rel=\"canonical\" href=\"https:\/\/galli.ch\/schmuck\/galli-jewelry\/flex-ring-rosegold-33-brill-0-83ct-h-si\/\" \/>\n<meta property=\"og:locale\" content=\"en_US\" \/>\n<meta property=\"og:type\" content=\"article\" \/>\n<meta property=\"og:title\" content=\"FLEX Ring Ros\u00e9gold 33 Brill 0.83ct H-Si - Galli Uhren Bijouterie\" \/>\n<meta property=\"og:description\" content=\"Diamanten werden seit Jahrhunderten von Menschen auf der ganzen Welt gesch\u00e4tzt. Sie gelten als Symbole f\u00fcr Sch\u00f6nheit, Reichtum und Macht. Es ist nicht nur die Tatsache, dass sie aus dem h\u00e4rtesten Material der Erde bestehen. Es ist auch die Tatsache, dass jeder Diamant seine eigenen einzigartigen Eigenschaften hat. Die Farbe, der Schliff und die Einschl\u00fcsse... Weiter &raquo;\" \/>\n<meta property=\"og:url\" content=\"https:\/\/galli.ch\/schmuck\/galli-jewelry\/flex-ring-rosegold-33-brill-0-83ct-h-si\/\" \/>\n<meta property=\"og:site_name\" content=\"Galli Uhren Bijouterie\" \/>\n<meta property=\"article:modified_time\" content=\"2025-10-25T10:57:03+00:00\" \/>\n<meta property=\"og:image\" content=\"https:\/\/galli.ch\/wp-content\/uploads\/6619TRR.png\" \/>\n\t<meta property=\"og:image:width\" content=\"1000\" \/>\n\t<meta property=\"og:image:height\" content=\"1400\" \/>\n\t<meta property=\"og:image:type\" content=\"image\/png\" \/>\n<meta name=\"twitter:card\" content=\"summary_large_image\" \/>\n<script type=\"application\/ld+json\" class=\"yoast-schema-graph\">{\"@context\":\"https:\/\/schema.org\",\"@graph\":[{\"@type\":\"WebPage\",\"@id\":\"https:\/\/galli.ch\/schmuck\/galli-jewelry\/flex-ring-rosegold-33-brill-0-83ct-h-si\/\",\"url\":\"https:\/\/galli.ch\/schmuck\/galli-jewelry\/flex-ring-rosegold-33-brill-0-83ct-h-si\/\",\"name\":\"FLEX Ring Ros\u00e9gold 33 Brill 0.83ct H-Si - Galli Uhren Bijouterie\",\"isPartOf\":{\"@id\":\"http:\/\/galli.ch\/en\/#website\"},\"primaryImageOfPage\":{\"@id\":\"https:\/\/galli.ch\/schmuck\/galli-jewelry\/flex-ring-rosegold-33-brill-0-83ct-h-si\/#primaryimage\"},\"image\":{\"@id\":\"https:\/\/galli.ch\/schmuck\/galli-jewelry\/flex-ring-rosegold-33-brill-0-83ct-h-si\/#primaryimage\"},\"thumbnailUrl\":\"https:\/\/galli.ch\/wp-content\/uploads\/6619TRR.png\",\"datePublished\":\"2024-01-26T10:48:03+00:00\",\"dateModified\":\"2025-10-25T10:57:03+00:00\",\"breadcrumb\":{\"@id\":\"https:\/\/galli.ch\/schmuck\/galli-jewelry\/flex-ring-rosegold-33-brill-0-83ct-h-si\/#breadcrumb\"},\"inLanguage\":\"en-US\",\"potentialAction\":[{\"@type\":\"ReadAction\",\"target\":[\"https:\/\/galli.ch\/schmuck\/galli-jewelry\/flex-ring-rosegold-33-brill-0-83ct-h-si\/\"]}]},{\"@type\":\"ImageObject\",\"inLanguage\":\"en-US\",\"@id\":\"https:\/\/galli.ch\/schmuck\/galli-jewelry\/flex-ring-rosegold-33-brill-0-83ct-h-si\/#primaryimage\",\"url\":\"https:\/\/galli.ch\/wp-content\/uploads\/6619TRR.png\",\"contentUrl\":\"https:\/\/galli.ch\/wp-content\/uploads\/6619TRR.png\",\"width\":1000,\"height\":1400},{\"@type\":\"BreadcrumbList\",\"@id\":\"https:\/\/galli.ch\/schmuck\/galli-jewelry\/flex-ring-rosegold-33-brill-0-83ct-h-si\/#breadcrumb\",\"itemListElement\":[{\"@type\":\"ListItem\",\"position\":1,\"name\":\"Home\",\"item\":\"https:\/\/galli.ch\/en\/\"},{\"@type\":\"ListItem\",\"position\":2,\"name\":\"Uhren\",\"item\":\"https:\/\/galli.ch\/en\/uhren\/\"},{\"@type\":\"ListItem\",\"position\":3,\"name\":\"FLEX Ring Ros\u00e9gold 33 Brill 0.83ct H-Si\"}]},{\"@type\":\"WebSite\",\"@id\":\"http:\/\/galli.ch\/en\/#website\",\"url\":\"http:\/\/galli.ch\/en\/\",\"name\":\"Galli Uhren Bijouterie\",\"description\":\"\",\"potentialAction\":[{\"@type\":\"SearchAction\",\"target\":{\"@type\":\"EntryPoint\",\"urlTemplate\":\"http:\/\/galli.ch\/en\/?s={search_term_string}\"},\"query-input\":{\"@type\":\"PropertyValueSpecification\",\"valueRequired\":true,\"valueName\":\"search_term_string\"}}],\"inLanguage\":\"en-US\"}]}<\/script>\n<!-- \/ Yoast SEO plugin. -->","yoast_head_json":{"title":"FLEX Ring Ros\u00e9gold 33 Brill 0.83ct H-Si - Galli Uhren Bijouterie","robots":{"index":"index","follow":"follow","max-snippet":"max-snippet:-1","max-image-preview":"max-image-preview:large","max-video-preview":"max-video-preview:-1"},"canonical":"https:\/\/galli.ch\/schmuck\/galli-jewelry\/flex-ring-rosegold-33-brill-0-83ct-h-si\/","og_locale":"en_US","og_type":"article","og_title":"FLEX Ring Ros\u00e9gold 33 Brill 0.83ct H-Si - Galli Uhren Bijouterie","og_description":"Diamanten werden seit Jahrhunderten von Menschen auf der ganzen Welt gesch\u00e4tzt. Sie gelten als Symbole f\u00fcr Sch\u00f6nheit, Reichtum und Macht. Es ist nicht nur die Tatsache, dass sie aus dem h\u00e4rtesten Material der Erde bestehen. Es ist auch die Tatsache, dass jeder Diamant seine eigenen einzigartigen Eigenschaften hat. Die Farbe, der Schliff und die Einschl\u00fcsse... Weiter &raquo;","og_url":"https:\/\/galli.ch\/schmuck\/galli-jewelry\/flex-ring-rosegold-33-brill-0-83ct-h-si\/","og_site_name":"Galli Uhren Bijouterie","article_modified_time":"2025-10-25T10:57:03+00:00","og_image":[{"width":1000,"height":1400,"url":"https:\/\/galli.ch\/wp-content\/uploads\/6619TRR.png","type":"image\/png"}],"twitter_card":"summary_large_image","schema":{"@context":"https:\/\/schema.org","@graph":[{"@type":"WebPage","@id":"https:\/\/galli.ch\/schmuck\/galli-jewelry\/flex-ring-rosegold-33-brill-0-83ct-h-si\/","url":"https:\/\/galli.ch\/schmuck\/galli-jewelry\/flex-ring-rosegold-33-brill-0-83ct-h-si\/","name":"FLEX Ring Ros\u00e9gold 33 Brill 0.83ct H-Si - Galli Uhren Bijouterie","isPartOf":{"@id":"http:\/\/galli.ch\/en\/#website"},"primaryImageOfPage":{"@id":"https:\/\/galli.ch\/schmuck\/galli-jewelry\/flex-ring-rosegold-33-brill-0-83ct-h-si\/#primaryimage"},"image":{"@id":"https:\/\/galli.ch\/schmuck\/galli-jewelry\/flex-ring-rosegold-33-brill-0-83ct-h-si\/#primaryimage"},"thumbnailUrl":"https:\/\/galli.ch\/wp-content\/uploads\/6619TRR.png","datePublished":"2024-01-26T10:48:03+00:00","dateModified":"2025-10-25T10:57:03+00:00","breadcrumb":{"@id":"https:\/\/galli.ch\/schmuck\/galli-jewelry\/flex-ring-rosegold-33-brill-0-83ct-h-si\/#breadcrumb"},"inLanguage":"en-US","potentialAction":[{"@type":"ReadAction","target":["https:\/\/galli.ch\/schmuck\/galli-jewelry\/flex-ring-rosegold-33-brill-0-83ct-h-si\/"]}]},{"@type":"ImageObject","inLanguage":"en-US","@id":"https:\/\/galli.ch\/schmuck\/galli-jewelry\/flex-ring-rosegold-33-brill-0-83ct-h-si\/#primaryimage","url":"https:\/\/galli.ch\/wp-content\/uploads\/6619TRR.png","contentUrl":"https:\/\/galli.ch\/wp-content\/uploads\/6619TRR.png","width":1000,"height":1400},{"@type":"BreadcrumbList","@id":"https:\/\/galli.ch\/schmuck\/galli-jewelry\/flex-ring-rosegold-33-brill-0-83ct-h-si\/#breadcrumb","itemListElement":[{"@type":"ListItem","position":1,"name":"Home","item":"https:\/\/galli.ch\/en\/"},{"@type":"ListItem","position":2,"name":"Uhren","item":"https:\/\/galli.ch\/en\/uhren\/"},{"@type":"ListItem","position":3,"name":"FLEX Ring Ros\u00e9gold 33 Brill 0.83ct H-Si"}]},{"@type":"WebSite","@id":"http:\/\/galli.ch\/en\/#website","url":"http:\/\/galli.ch\/en\/","name":"Galli Uhren Bijouterie","description":"","potentialAction":[{"@type":"SearchAction","target":{"@type":"EntryPoint","urlTemplate":"http:\/\/galli.ch\/en\/?s={search_term_string}"},"query-input":{"@type":"PropertyValueSpecification","valueRequired":true,"valueName":"search_term_string"}}],"inLanguage":"en-US"}]}},"_links":{"self":[{"href":"https:\/\/galli.ch\/en\/wp-json\/wp\/v2\/product\/23265","targetHints":{"allow":["GET"]}}],"collection":[{"href":"https:\/\/galli.ch\/en\/wp-json\/wp\/v2\/product"}],"about":[{"href":"https:\/\/galli.ch\/en\/wp-json\/wp\/v2\/types\/product"}],"wp:featuredmedia":[{"embeddable":true,"href":"https:\/\/galli.ch\/en\/wp-json\/wp\/v2\/media\/23223"}],"wp:attachment":[{"href":"https:\/\/galli.ch\/en\/wp-json\/wp\/v2\/media?parent=23265"}],"wp:term":[{"taxonomy":"product_brand","embeddable":true,"href":"https:\/\/galli.ch\/en\/wp-json\/wp\/v2\/product_brand?post=23265"},{"taxonomy":"product_cat","embeddable":true,"href":"https:\/\/galli.ch\/en\/wp-json\/wp\/v2\/product_cat?post=23265"},{"taxonomy":"product_tag","embeddable":true,"href":"https:\/\/galli.ch\/en\/wp-json\/wp\/v2\/product_tag?post=23265"}],"curies":[{"name":"wp","href":"https:\/\/api.w.org\/{rel}","templated":true}]}}