{"id":23316,"date":"2024-01-27T12:51:27","date_gmt":"2024-01-27T11:51:27","guid":{"rendered":"https:\/\/galli.ch\/?post_type=product&#038;p=23316"},"modified":"2025-03-13T13:45:26","modified_gmt":"2025-03-13T12:45:26","slug":"aikon-automatic-39-blue-pvd-ai6007-pvc00-430-4","status":"publish","type":"product","link":"https:\/\/galli.ch\/en\/uhren\/maurice-lacroix\/aikon\/aikon-automatic-39-blue-pvd-ai6007-pvc00-430-4\/","title":{"rendered":"Maurice Lacroix Aikon Automatic 39 blue PVD"},"content":{"rendered":"<div class=\"col-sm-12 col-lg-5 d-lg-flex d-none details flex-column collapsible-xs \">\n<div class=\"col-sm-12\">\n<div id=\"collapsible-details-1\" class=\"value content\">Inspiriert vom urbanen Stil, zeitgen\u00f6ssischer \u00c4sthetik, ergonomischem Design und einem mechanischen Herz ist dies der ideale Begleiter f\u00fcr das Stadtleben. Mit seinem verspielten Einsatz von Kontrasten und Formen setzt die AIKON Automatic ein mutiges Statement.<\/div>\n<\/div>\n<\/div>\n<div class=\"col-sm-12 col-lg-5 d-lg-flex d-none description flex-column collapsible-xs \">\n<div class=\"col-sm-12 p-0\"><\/div>\n<\/div>\n","protected":false},"excerpt":{"rendered":"<p>Inspiriert vom urbanen Stil, zeitgen\u00f6ssischer \u00c4sthetik, ergonomischem Design und einem mechanischen Herz ist dies der ideale Begleiter f\u00fcr das Stadtleben. Mit seinem verspielten Einsatz von Kontrasten und Formen setzt die AIKON Automatic ein mutiges Statement.<\/p>\n","protected":false},"featured_media":23231,"template":"","meta":{"_acf_changed":false,"inline_featured_image":false},"product_brand":[],"product_cat":[188],"product_tag":[],"class_list":{"0":"post-23316","1":"product","2":"type-product","3":"status-publish","4":"has-post-thumbnail","6":"uhrenhersteller-aikon","7":"uhrenhersteller-maurice-lacroix","8":"product_cat-uhren","10":"first","11":"outofstock","12":"taxable","13":"shipping-taxable","14":"purchasable","15":"product-type-simple"},"acf":[],"yoast_head":"<!-- This site is optimized with the Yoast SEO plugin v25.5 - https:\/\/yoast.com\/wordpress\/plugins\/seo\/ -->\n<title>Maurice Lacroix Aikon Automatic 39 blue PVD - Galli Uhren Bijouterie<\/title>\n<meta name=\"robots\" content=\"index, follow, max-snippet:-1, max-image-preview:large, max-video-preview:-1\" \/>\n<link rel=\"canonical\" href=\"https:\/\/galli.ch\/uhren\/maurice-lacroix\/aikon\/aikon-automatic-39-blue-pvd-ai6007-pvc00-430-4\/\" \/>\n<meta property=\"og:locale\" content=\"en_US\" \/>\n<meta property=\"og:type\" content=\"article\" \/>\n<meta property=\"og:title\" content=\"Maurice Lacroix Aikon Automatic 39 blue PVD - Galli Uhren Bijouterie\" \/>\n<meta property=\"og:description\" content=\"Inspiriert vom urbanen Stil, zeitgen\u00f6ssischer \u00c4sthetik, ergonomischem Design und einem mechanischen Herz ist dies der ideale Begleiter f\u00fcr das Stadtleben. Mit seinem verspielten Einsatz von Kontrasten und Formen setzt die AIKON Automatic ein mutiges Statement.\" \/>\n<meta property=\"og:url\" content=\"https:\/\/galli.ch\/uhren\/maurice-lacroix\/aikon\/aikon-automatic-39-blue-pvd-ai6007-pvc00-430-4\/\" \/>\n<meta property=\"og:site_name\" content=\"Galli Uhren Bijouterie\" \/>\n<meta property=\"article:modified_time\" content=\"2025-03-13T12:45:26+00:00\" \/>\n<meta property=\"og:image\" content=\"https:\/\/galli.ch\/wp-content\/uploads\/AI6007-PVC00-430-4_soldat_1.png\" \/>\n\t<meta property=\"og:image:width\" content=\"1000\" \/>\n\t<meta property=\"og:image:height\" content=\"1400\" \/>\n\t<meta property=\"og:image:type\" content=\"image\/png\" \/>\n<meta name=\"twitter:card\" content=\"summary_large_image\" \/>\n<script type=\"application\/ld+json\" class=\"yoast-schema-graph\">{\"@context\":\"https:\/\/schema.org\",\"@graph\":[{\"@type\":\"WebPage\",\"@id\":\"https:\/\/galli.ch\/uhren\/maurice-lacroix\/aikon\/aikon-automatic-39-blue-pvd-ai6007-pvc00-430-4\/\",\"url\":\"https:\/\/galli.ch\/uhren\/maurice-lacroix\/aikon\/aikon-automatic-39-blue-pvd-ai6007-pvc00-430-4\/\",\"name\":\"Maurice Lacroix Aikon Automatic 39 blue PVD - Galli Uhren Bijouterie\",\"isPartOf\":{\"@id\":\"http:\/\/galli.ch\/en\/#website\"},\"primaryImageOfPage\":{\"@id\":\"https:\/\/galli.ch\/uhren\/maurice-lacroix\/aikon\/aikon-automatic-39-blue-pvd-ai6007-pvc00-430-4\/#primaryimage\"},\"image\":{\"@id\":\"https:\/\/galli.ch\/uhren\/maurice-lacroix\/aikon\/aikon-automatic-39-blue-pvd-ai6007-pvc00-430-4\/#primaryimage\"},\"thumbnailUrl\":\"https:\/\/galli.ch\/wp-content\/uploads\/AI6007-PVC00-430-4_soldat_1.png\",\"datePublished\":\"2024-01-27T11:51:27+00:00\",\"dateModified\":\"2025-03-13T12:45:26+00:00\",\"breadcrumb\":{\"@id\":\"https:\/\/galli.ch\/uhren\/maurice-lacroix\/aikon\/aikon-automatic-39-blue-pvd-ai6007-pvc00-430-4\/#breadcrumb\"},\"inLanguage\":\"en-US\",\"potentialAction\":[{\"@type\":\"ReadAction\",\"target\":[\"https:\/\/galli.ch\/uhren\/maurice-lacroix\/aikon\/aikon-automatic-39-blue-pvd-ai6007-pvc00-430-4\/\"]}]},{\"@type\":\"ImageObject\",\"inLanguage\":\"en-US\",\"@id\":\"https:\/\/galli.ch\/uhren\/maurice-lacroix\/aikon\/aikon-automatic-39-blue-pvd-ai6007-pvc00-430-4\/#primaryimage\",\"url\":\"https:\/\/galli.ch\/wp-content\/uploads\/AI6007-PVC00-430-4_soldat_1.png\",\"contentUrl\":\"https:\/\/galli.ch\/wp-content\/uploads\/AI6007-PVC00-430-4_soldat_1.png\",\"width\":1000,\"height\":1400,\"caption\":\"mlc-aikon-pvd-limited-edition\"},{\"@type\":\"BreadcrumbList\",\"@id\":\"https:\/\/galli.ch\/uhren\/maurice-lacroix\/aikon\/aikon-automatic-39-blue-pvd-ai6007-pvc00-430-4\/#breadcrumb\",\"itemListElement\":[{\"@type\":\"ListItem\",\"position\":1,\"name\":\"Home\",\"item\":\"https:\/\/galli.ch\/en\/\"},{\"@type\":\"ListItem\",\"position\":2,\"name\":\"Uhren\",\"item\":\"https:\/\/galli.ch\/en\/uhren\/\"},{\"@type\":\"ListItem\",\"position\":3,\"name\":\"Aikon Automatic 39 blue PVD\"}]},{\"@type\":\"WebSite\",\"@id\":\"http:\/\/galli.ch\/en\/#website\",\"url\":\"http:\/\/galli.ch\/en\/\",\"name\":\"Galli Uhren Bijouterie\",\"description\":\"\",\"potentialAction\":[{\"@type\":\"SearchAction\",\"target\":{\"@type\":\"EntryPoint\",\"urlTemplate\":\"http:\/\/galli.ch\/en\/?s={search_term_string}\"},\"query-input\":{\"@type\":\"PropertyValueSpecification\",\"valueRequired\":true,\"valueName\":\"search_term_string\"}}],\"inLanguage\":\"en-US\"}]}<\/script>\n<!-- \/ Yoast SEO plugin. -->","yoast_head_json":{"title":"Maurice Lacroix Aikon Automatic 39 blue PVD - Galli Uhren Bijouterie","robots":{"index":"index","follow":"follow","max-snippet":"max-snippet:-1","max-image-preview":"max-image-preview:large","max-video-preview":"max-video-preview:-1"},"canonical":"https:\/\/galli.ch\/uhren\/maurice-lacroix\/aikon\/aikon-automatic-39-blue-pvd-ai6007-pvc00-430-4\/","og_locale":"en_US","og_type":"article","og_title":"Maurice Lacroix Aikon Automatic 39 blue PVD - Galli Uhren Bijouterie","og_description":"Inspiriert vom urbanen Stil, zeitgen\u00f6ssischer \u00c4sthetik, ergonomischem Design und einem mechanischen Herz ist dies der ideale Begleiter f\u00fcr das Stadtleben. Mit seinem verspielten Einsatz von Kontrasten und Formen setzt die AIKON Automatic ein mutiges Statement.","og_url":"https:\/\/galli.ch\/uhren\/maurice-lacroix\/aikon\/aikon-automatic-39-blue-pvd-ai6007-pvc00-430-4\/","og_site_name":"Galli Uhren Bijouterie","article_modified_time":"2025-03-13T12:45:26+00:00","og_image":[{"width":1000,"height":1400,"url":"https:\/\/galli.ch\/wp-content\/uploads\/AI6007-PVC00-430-4_soldat_1.png","type":"image\/png"}],"twitter_card":"summary_large_image","schema":{"@context":"https:\/\/schema.org","@graph":[{"@type":"WebPage","@id":"https:\/\/galli.ch\/uhren\/maurice-lacroix\/aikon\/aikon-automatic-39-blue-pvd-ai6007-pvc00-430-4\/","url":"https:\/\/galli.ch\/uhren\/maurice-lacroix\/aikon\/aikon-automatic-39-blue-pvd-ai6007-pvc00-430-4\/","name":"Maurice Lacroix Aikon Automatic 39 blue PVD - Galli Uhren Bijouterie","isPartOf":{"@id":"http:\/\/galli.ch\/en\/#website"},"primaryImageOfPage":{"@id":"https:\/\/galli.ch\/uhren\/maurice-lacroix\/aikon\/aikon-automatic-39-blue-pvd-ai6007-pvc00-430-4\/#primaryimage"},"image":{"@id":"https:\/\/galli.ch\/uhren\/maurice-lacroix\/aikon\/aikon-automatic-39-blue-pvd-ai6007-pvc00-430-4\/#primaryimage"},"thumbnailUrl":"https:\/\/galli.ch\/wp-content\/uploads\/AI6007-PVC00-430-4_soldat_1.png","datePublished":"2024-01-27T11:51:27+00:00","dateModified":"2025-03-13T12:45:26+00:00","breadcrumb":{"@id":"https:\/\/galli.ch\/uhren\/maurice-lacroix\/aikon\/aikon-automatic-39-blue-pvd-ai6007-pvc00-430-4\/#breadcrumb"},"inLanguage":"en-US","potentialAction":[{"@type":"ReadAction","target":["https:\/\/galli.ch\/uhren\/maurice-lacroix\/aikon\/aikon-automatic-39-blue-pvd-ai6007-pvc00-430-4\/"]}]},{"@type":"ImageObject","inLanguage":"en-US","@id":"https:\/\/galli.ch\/uhren\/maurice-lacroix\/aikon\/aikon-automatic-39-blue-pvd-ai6007-pvc00-430-4\/#primaryimage","url":"https:\/\/galli.ch\/wp-content\/uploads\/AI6007-PVC00-430-4_soldat_1.png","contentUrl":"https:\/\/galli.ch\/wp-content\/uploads\/AI6007-PVC00-430-4_soldat_1.png","width":1000,"height":1400,"caption":"mlc-aikon-pvd-limited-edition"},{"@type":"BreadcrumbList","@id":"https:\/\/galli.ch\/uhren\/maurice-lacroix\/aikon\/aikon-automatic-39-blue-pvd-ai6007-pvc00-430-4\/#breadcrumb","itemListElement":[{"@type":"ListItem","position":1,"name":"Home","item":"https:\/\/galli.ch\/en\/"},{"@type":"ListItem","position":2,"name":"Uhren","item":"https:\/\/galli.ch\/en\/uhren\/"},{"@type":"ListItem","position":3,"name":"Aikon Automatic 39 blue PVD"}]},{"@type":"WebSite","@id":"http:\/\/galli.ch\/en\/#website","url":"http:\/\/galli.ch\/en\/","name":"Galli Uhren Bijouterie","description":"","potentialAction":[{"@type":"SearchAction","target":{"@type":"EntryPoint","urlTemplate":"http:\/\/galli.ch\/en\/?s={search_term_string}"},"query-input":{"@type":"PropertyValueSpecification","valueRequired":true,"valueName":"search_term_string"}}],"inLanguage":"en-US"}]}},"_links":{"self":[{"href":"https:\/\/galli.ch\/en\/wp-json\/wp\/v2\/product\/23316","targetHints":{"allow":["GET"]}}],"collection":[{"href":"https:\/\/galli.ch\/en\/wp-json\/wp\/v2\/product"}],"about":[{"href":"https:\/\/galli.ch\/en\/wp-json\/wp\/v2\/types\/product"}],"wp:featuredmedia":[{"embeddable":true,"href":"https:\/\/galli.ch\/en\/wp-json\/wp\/v2\/media\/23231"}],"wp:attachment":[{"href":"https:\/\/galli.ch\/en\/wp-json\/wp\/v2\/media?parent=23316"}],"wp:term":[{"taxonomy":"product_brand","embeddable":true,"href":"https:\/\/galli.ch\/en\/wp-json\/wp\/v2\/product_brand?post=23316"},{"taxonomy":"product_cat","embeddable":true,"href":"https:\/\/galli.ch\/en\/wp-json\/wp\/v2\/product_cat?post=23316"},{"taxonomy":"product_tag","embeddable":true,"href":"https:\/\/galli.ch\/en\/wp-json\/wp\/v2\/product_tag?post=23316"}],"curies":[{"name":"wp","href":"https:\/\/api.w.org\/{rel}","templated":true}]}}