{"id":2354,"date":"2018-08-20T14:07:03","date_gmt":"2018-08-20T14:07:03","guid":{"rendered":"http:\/\/galli.ch\/?post_type=schmuck&#038;p=2354"},"modified":"2025-03-13T13:44:07","modified_gmt":"2025-03-13T12:44:07","slug":"odenwald_schmuck_33486-3","status":"publish","type":"product","link":"https:\/\/galli.ch\/en\/schmuck\/odenwald\/odenwald_schmuck_33486-3\/","title":{"rendered":"Odenwald Twist Ring Rotgold"},"content":{"rendered":"<p>Seit 1882 fertigt Odenwald in ihrer traditionellen Manufaktur hochwertigen Goldschmuck aus der Goldstadt Pforzheim. Von Generation zu Generation wurden die Werte Handarbeit, Kreativit\u00e4t und Individualit\u00e4t weitergegeben. Diese Tradition und die Begeisterung f\u00fcr wertvollen, besonderen Schmuck lassen uns f\u00fcr Sie immer wieder neue Ideen schaffen.<\/p>\n<p>Die Farbenfreude der unbehandelten Saphiren und die spielerische Raffinesse der drehbaren Mittelteile begeistern und haben einen wechselnden und stets \u00fcberraschenden Look zu bieten. Wie bei anderen Saphirkollektionen kann die Farbauswahl der Steine individuell vom Kunden bestimmt werden. Selbstverst\u00e4ndlich kann man auch auch einen Diamanten einfassen lassen. Jede Anfertigung erz\u00e4hlt eine Geschichte.<\/p>\n","protected":false},"excerpt":{"rendered":"<p>Seit 1882 fertigt Odenwald in ihrer traditionellen Manufaktur hochwertigen Goldschmuck aus der Goldstadt Pforzheim. Von Generation zu Generation wurden die Werte Handarbeit, Kreativit\u00e4t und Individualit\u00e4t weitergegeben. Diese Tradition und die Begeisterung f\u00fcr wertvollen, besonderen Schmuck lassen uns f\u00fcr Sie immer wieder neue Ideen schaffen. Die Farbenfreude der unbehandelten Saphiren und die spielerische Raffinesse der drehbaren&#8230;  <a class=\"excerpt-read-more\" href=\"https:\/\/galli.ch\/en\/schmuck\/odenwald\/odenwald_schmuck_33486-3\/\" title=\"Read Odenwald Twist Ring Rotgold\">Weiter &raquo;<\/a><\/p>\n","protected":false},"featured_media":2300,"template":"","meta":{"_acf_changed":false,"inline_featured_image":false},"product_brand":[],"product_cat":[189],"product_tag":[],"class_list":{"0":"post-2354","1":"product","2":"type-product","3":"status-publish","4":"has-post-thumbnail","6":"schmuckhersteller-odenwald","7":"schmuckthemen-rings","8":"product_cat-schmuck","10":"first","11":"instock","12":"taxable","13":"shipping-taxable","14":"purchasable","15":"product-type-simple"},"acf":[],"yoast_head":"<!-- This site is optimized with the Yoast SEO plugin v25.5 - https:\/\/yoast.com\/wordpress\/plugins\/seo\/ -->\n<title>Odenwald Twist Ring Rotgold - Galli Uhren Bijouterie<\/title>\n<meta name=\"robots\" content=\"index, follow, max-snippet:-1, max-image-preview:large, max-video-preview:-1\" \/>\n<link rel=\"canonical\" href=\"https:\/\/galli.ch\/schmuck\/odenwald\/odenwald_schmuck_33486-3\/\" \/>\n<meta property=\"og:locale\" content=\"en_US\" \/>\n<meta property=\"og:type\" content=\"article\" \/>\n<meta property=\"og:title\" content=\"Odenwald Twist Ring Rotgold - Galli Uhren Bijouterie\" \/>\n<meta property=\"og:description\" content=\"Seit 1882 fertigt Odenwald in ihrer traditionellen Manufaktur hochwertigen Goldschmuck aus der Goldstadt Pforzheim. Von Generation zu Generation wurden die Werte Handarbeit, Kreativit\u00e4t und Individualit\u00e4t weitergegeben. Diese Tradition und die Begeisterung f\u00fcr wertvollen, besonderen Schmuck lassen uns f\u00fcr Sie immer wieder neue Ideen schaffen. Die Farbenfreude der unbehandelten Saphiren und die spielerische Raffinesse der drehbaren... Weiter &raquo;\" \/>\n<meta property=\"og:url\" content=\"https:\/\/galli.ch\/schmuck\/odenwald\/odenwald_schmuck_33486-3\/\" \/>\n<meta property=\"og:site_name\" content=\"Galli Uhren Bijouterie\" \/>\n<meta property=\"article:modified_time\" content=\"2025-03-13T12:44:07+00:00\" \/>\n<meta property=\"og:image\" content=\"https:\/\/galli.ch\/wp-content\/uploads\/Odenwald_Schmuck_33486.png\" \/>\n\t<meta property=\"og:image:width\" content=\"500\" \/>\n\t<meta property=\"og:image:height\" content=\"700\" \/>\n\t<meta property=\"og:image:type\" content=\"image\/png\" \/>\n<meta name=\"twitter:card\" content=\"summary_large_image\" \/>\n<script type=\"application\/ld+json\" class=\"yoast-schema-graph\">{\"@context\":\"https:\/\/schema.org\",\"@graph\":[{\"@type\":\"WebPage\",\"@id\":\"https:\/\/galli.ch\/schmuck\/odenwald\/odenwald_schmuck_33486-3\/\",\"url\":\"https:\/\/galli.ch\/schmuck\/odenwald\/odenwald_schmuck_33486-3\/\",\"name\":\"Odenwald Twist Ring Rotgold - Galli Uhren Bijouterie\",\"isPartOf\":{\"@id\":\"http:\/\/galli.ch\/en\/#website\"},\"primaryImageOfPage\":{\"@id\":\"https:\/\/galli.ch\/schmuck\/odenwald\/odenwald_schmuck_33486-3\/#primaryimage\"},\"image\":{\"@id\":\"https:\/\/galli.ch\/schmuck\/odenwald\/odenwald_schmuck_33486-3\/#primaryimage\"},\"thumbnailUrl\":\"https:\/\/galli.ch\/wp-content\/uploads\/Odenwald_Schmuck_33486.png\",\"datePublished\":\"2018-08-20T14:07:03+00:00\",\"dateModified\":\"2025-03-13T12:44:07+00:00\",\"breadcrumb\":{\"@id\":\"https:\/\/galli.ch\/schmuck\/odenwald\/odenwald_schmuck_33486-3\/#breadcrumb\"},\"inLanguage\":\"en-US\",\"potentialAction\":[{\"@type\":\"ReadAction\",\"target\":[\"https:\/\/galli.ch\/schmuck\/odenwald\/odenwald_schmuck_33486-3\/\"]}]},{\"@type\":\"ImageObject\",\"inLanguage\":\"en-US\",\"@id\":\"https:\/\/galli.ch\/schmuck\/odenwald\/odenwald_schmuck_33486-3\/#primaryimage\",\"url\":\"https:\/\/galli.ch\/wp-content\/uploads\/Odenwald_Schmuck_33486.png\",\"contentUrl\":\"https:\/\/galli.ch\/wp-content\/uploads\/Odenwald_Schmuck_33486.png\",\"width\":500,\"height\":700,\"caption\":\"Odenwald Edelsteinschmuck\"},{\"@type\":\"BreadcrumbList\",\"@id\":\"https:\/\/galli.ch\/schmuck\/odenwald\/odenwald_schmuck_33486-3\/#breadcrumb\",\"itemListElement\":[{\"@type\":\"ListItem\",\"position\":1,\"name\":\"Home\",\"item\":\"https:\/\/galli.ch\/en\/\"},{\"@type\":\"ListItem\",\"position\":2,\"name\":\"Uhren\",\"item\":\"https:\/\/galli.ch\/en\/uhren\/\"},{\"@type\":\"ListItem\",\"position\":3,\"name\":\"Twist Ring Rotgold\"}]},{\"@type\":\"WebSite\",\"@id\":\"http:\/\/galli.ch\/en\/#website\",\"url\":\"http:\/\/galli.ch\/en\/\",\"name\":\"Galli Uhren Bijouterie\",\"description\":\"\",\"potentialAction\":[{\"@type\":\"SearchAction\",\"target\":{\"@type\":\"EntryPoint\",\"urlTemplate\":\"http:\/\/galli.ch\/en\/?s={search_term_string}\"},\"query-input\":{\"@type\":\"PropertyValueSpecification\",\"valueRequired\":true,\"valueName\":\"search_term_string\"}}],\"inLanguage\":\"en-US\"}]}<\/script>\n<!-- \/ Yoast SEO plugin. -->","yoast_head_json":{"title":"Odenwald Twist Ring Rotgold - Galli Uhren Bijouterie","robots":{"index":"index","follow":"follow","max-snippet":"max-snippet:-1","max-image-preview":"max-image-preview:large","max-video-preview":"max-video-preview:-1"},"canonical":"https:\/\/galli.ch\/schmuck\/odenwald\/odenwald_schmuck_33486-3\/","og_locale":"en_US","og_type":"article","og_title":"Odenwald Twist Ring Rotgold - Galli Uhren Bijouterie","og_description":"Seit 1882 fertigt Odenwald in ihrer traditionellen Manufaktur hochwertigen Goldschmuck aus der Goldstadt Pforzheim. Von Generation zu Generation wurden die Werte Handarbeit, Kreativit\u00e4t und Individualit\u00e4t weitergegeben. Diese Tradition und die Begeisterung f\u00fcr wertvollen, besonderen Schmuck lassen uns f\u00fcr Sie immer wieder neue Ideen schaffen. Die Farbenfreude der unbehandelten Saphiren und die spielerische Raffinesse der drehbaren... Weiter &raquo;","og_url":"https:\/\/galli.ch\/schmuck\/odenwald\/odenwald_schmuck_33486-3\/","og_site_name":"Galli Uhren Bijouterie","article_modified_time":"2025-03-13T12:44:07+00:00","og_image":[{"width":500,"height":700,"url":"https:\/\/galli.ch\/wp-content\/uploads\/Odenwald_Schmuck_33486.png","type":"image\/png"}],"twitter_card":"summary_large_image","schema":{"@context":"https:\/\/schema.org","@graph":[{"@type":"WebPage","@id":"https:\/\/galli.ch\/schmuck\/odenwald\/odenwald_schmuck_33486-3\/","url":"https:\/\/galli.ch\/schmuck\/odenwald\/odenwald_schmuck_33486-3\/","name":"Odenwald Twist Ring Rotgold - Galli Uhren Bijouterie","isPartOf":{"@id":"http:\/\/galli.ch\/en\/#website"},"primaryImageOfPage":{"@id":"https:\/\/galli.ch\/schmuck\/odenwald\/odenwald_schmuck_33486-3\/#primaryimage"},"image":{"@id":"https:\/\/galli.ch\/schmuck\/odenwald\/odenwald_schmuck_33486-3\/#primaryimage"},"thumbnailUrl":"https:\/\/galli.ch\/wp-content\/uploads\/Odenwald_Schmuck_33486.png","datePublished":"2018-08-20T14:07:03+00:00","dateModified":"2025-03-13T12:44:07+00:00","breadcrumb":{"@id":"https:\/\/galli.ch\/schmuck\/odenwald\/odenwald_schmuck_33486-3\/#breadcrumb"},"inLanguage":"en-US","potentialAction":[{"@type":"ReadAction","target":["https:\/\/galli.ch\/schmuck\/odenwald\/odenwald_schmuck_33486-3\/"]}]},{"@type":"ImageObject","inLanguage":"en-US","@id":"https:\/\/galli.ch\/schmuck\/odenwald\/odenwald_schmuck_33486-3\/#primaryimage","url":"https:\/\/galli.ch\/wp-content\/uploads\/Odenwald_Schmuck_33486.png","contentUrl":"https:\/\/galli.ch\/wp-content\/uploads\/Odenwald_Schmuck_33486.png","width":500,"height":700,"caption":"Odenwald Edelsteinschmuck"},{"@type":"BreadcrumbList","@id":"https:\/\/galli.ch\/schmuck\/odenwald\/odenwald_schmuck_33486-3\/#breadcrumb","itemListElement":[{"@type":"ListItem","position":1,"name":"Home","item":"https:\/\/galli.ch\/en\/"},{"@type":"ListItem","position":2,"name":"Uhren","item":"https:\/\/galli.ch\/en\/uhren\/"},{"@type":"ListItem","position":3,"name":"Twist Ring Rotgold"}]},{"@type":"WebSite","@id":"http:\/\/galli.ch\/en\/#website","url":"http:\/\/galli.ch\/en\/","name":"Galli Uhren Bijouterie","description":"","potentialAction":[{"@type":"SearchAction","target":{"@type":"EntryPoint","urlTemplate":"http:\/\/galli.ch\/en\/?s={search_term_string}"},"query-input":{"@type":"PropertyValueSpecification","valueRequired":true,"valueName":"search_term_string"}}],"inLanguage":"en-US"}]}},"_links":{"self":[{"href":"https:\/\/galli.ch\/en\/wp-json\/wp\/v2\/product\/2354","targetHints":{"allow":["GET"]}}],"collection":[{"href":"https:\/\/galli.ch\/en\/wp-json\/wp\/v2\/product"}],"about":[{"href":"https:\/\/galli.ch\/en\/wp-json\/wp\/v2\/types\/product"}],"wp:featuredmedia":[{"embeddable":true,"href":"https:\/\/galli.ch\/en\/wp-json\/wp\/v2\/media\/2300"}],"wp:attachment":[{"href":"https:\/\/galli.ch\/en\/wp-json\/wp\/v2\/media?parent=2354"}],"wp:term":[{"taxonomy":"product_brand","embeddable":true,"href":"https:\/\/galli.ch\/en\/wp-json\/wp\/v2\/product_brand?post=2354"},{"taxonomy":"product_cat","embeddable":true,"href":"https:\/\/galli.ch\/en\/wp-json\/wp\/v2\/product_cat?post=2354"},{"taxonomy":"product_tag","embeddable":true,"href":"https:\/\/galli.ch\/en\/wp-json\/wp\/v2\/product_tag?post=2354"}],"curies":[{"name":"wp","href":"https:\/\/api.w.org\/{rel}","templated":true}]}}