{"id":23994,"date":"2024-02-16T10:10:51","date_gmt":"2024-02-16T09:10:51","guid":{"rendered":"https:\/\/galli.ch\/?post_type=product&#038;p=23994"},"modified":"2025-03-13T13:45:28","modified_gmt":"2025-03-13T12:45:28","slug":"solitaire-ring-weissgold-mit-20-brill-0-12ct-und-1-smaragd-0-82ct","status":"publish","type":"product","link":"https:\/\/galli.ch\/en\/schmuck\/frieden\/solitaire-ring-weissgold-mit-20-brill-0-12ct-und-1-smaragd-0-82ct\/","title":{"rendered":"Frieden Weissgold Ring mit 20 Brill. 0.12ct und 1 Smaragd 0.82ct"},"content":{"rendered":"<p>Saphire faszinieren durch ihre aussergew\u00f6hnliche Best\u00e4ndigkeit und zeitlose Sch\u00f6nheit. Als Mitglied der Korund Gruppe zeichnen sie sich durch ihre bemerkenswerte H\u00e4rte (9 von 10) aus, die nur von wenigen anderen Materialien \u00fcbertroffen wird. Ihre tiefe strahlende Farbe und ihre faszinierende Transparenz verleihen ihnen eine unvergleichliche Eleganz und Anziehungskraft.<\/p>\n","protected":false},"excerpt":{"rendered":"<p>Saphire faszinieren durch ihre aussergew\u00f6hnliche Best\u00e4ndigkeit und zeitlose Sch\u00f6nheit. Als Mitglied der Korund Gruppe zeichnen sie sich durch ihre bemerkenswerte H\u00e4rte (9 von 10) aus, die nur von wenigen anderen Materialien \u00fcbertroffen wird. Ihre tiefe strahlende Farbe und ihre faszinierende Transparenz verleihen ihnen eine unvergleichliche Eleganz und Anziehungskraft.<\/p>\n","protected":false},"featured_media":23982,"template":"","meta":{"_acf_changed":false,"inline_featured_image":false},"product_brand":[],"product_cat":[189],"product_tag":[],"class_list":{"0":"post-23994","1":"product","2":"type-product","3":"status-publish","4":"has-post-thumbnail","6":"schmuckhersteller-frieden","7":"schmuckthemen-rings","8":"product_cat-schmuck","10":"first","11":"outofstock","12":"taxable","13":"shipping-taxable","14":"purchasable","15":"product-type-simple"},"acf":[],"yoast_head":"<!-- This site is optimized with the Yoast SEO plugin v25.5 - https:\/\/yoast.com\/wordpress\/plugins\/seo\/ -->\n<title>Frieden Weissgold Ring mit 20 Brill. 0.12ct und 1 Smaragd 0.82ct - Galli Uhren Bijouterie<\/title>\n<meta name=\"robots\" content=\"index, follow, max-snippet:-1, max-image-preview:large, max-video-preview:-1\" \/>\n<link rel=\"canonical\" href=\"https:\/\/galli.ch\/schmuck\/frieden\/solitaire-ring-weissgold-mit-20-brill-0-12ct-und-1-smaragd-0-82ct\/\" \/>\n<meta property=\"og:locale\" content=\"en_US\" \/>\n<meta property=\"og:type\" content=\"article\" \/>\n<meta property=\"og:title\" content=\"Frieden Weissgold Ring mit 20 Brill. 0.12ct und 1 Smaragd 0.82ct - Galli Uhren Bijouterie\" \/>\n<meta property=\"og:description\" content=\"Saphire faszinieren durch ihre aussergew\u00f6hnliche Best\u00e4ndigkeit und zeitlose Sch\u00f6nheit. Als Mitglied der Korund Gruppe zeichnen sie sich durch ihre bemerkenswerte H\u00e4rte (9 von 10) aus, die nur von wenigen anderen Materialien \u00fcbertroffen wird. Ihre tiefe strahlende Farbe und ihre faszinierende Transparenz verleihen ihnen eine unvergleichliche Eleganz und Anziehungskraft.\" \/>\n<meta property=\"og:url\" content=\"https:\/\/galli.ch\/schmuck\/frieden\/solitaire-ring-weissgold-mit-20-brill-0-12ct-und-1-smaragd-0-82ct\/\" \/>\n<meta property=\"og:site_name\" content=\"Galli Uhren Bijouterie\" \/>\n<meta property=\"article:modified_time\" content=\"2025-03-13T12:45:28+00:00\" \/>\n<meta property=\"og:image\" content=\"https:\/\/galli.ch\/wp-content\/uploads\/Ring-Jubile_Smaragd_8273.png\" \/>\n\t<meta property=\"og:image:width\" content=\"1000\" \/>\n\t<meta property=\"og:image:height\" content=\"1400\" \/>\n\t<meta property=\"og:image:type\" content=\"image\/png\" \/>\n<meta name=\"twitter:card\" content=\"summary_large_image\" \/>\n<script type=\"application\/ld+json\" class=\"yoast-schema-graph\">{\"@context\":\"https:\/\/schema.org\",\"@graph\":[{\"@type\":\"WebPage\",\"@id\":\"https:\/\/galli.ch\/schmuck\/frieden\/solitaire-ring-weissgold-mit-20-brill-0-12ct-und-1-smaragd-0-82ct\/\",\"url\":\"https:\/\/galli.ch\/schmuck\/frieden\/solitaire-ring-weissgold-mit-20-brill-0-12ct-und-1-smaragd-0-82ct\/\",\"name\":\"Frieden Weissgold Ring mit 20 Brill. 0.12ct und 1 Smaragd 0.82ct - Galli Uhren Bijouterie\",\"isPartOf\":{\"@id\":\"http:\/\/galli.ch\/en\/#website\"},\"primaryImageOfPage\":{\"@id\":\"https:\/\/galli.ch\/schmuck\/frieden\/solitaire-ring-weissgold-mit-20-brill-0-12ct-und-1-smaragd-0-82ct\/#primaryimage\"},\"image\":{\"@id\":\"https:\/\/galli.ch\/schmuck\/frieden\/solitaire-ring-weissgold-mit-20-brill-0-12ct-und-1-smaragd-0-82ct\/#primaryimage\"},\"thumbnailUrl\":\"https:\/\/galli.ch\/wp-content\/uploads\/Ring-Jubile_Smaragd_8273.png\",\"datePublished\":\"2024-02-16T09:10:51+00:00\",\"dateModified\":\"2025-03-13T12:45:28+00:00\",\"breadcrumb\":{\"@id\":\"https:\/\/galli.ch\/schmuck\/frieden\/solitaire-ring-weissgold-mit-20-brill-0-12ct-und-1-smaragd-0-82ct\/#breadcrumb\"},\"inLanguage\":\"en-US\",\"potentialAction\":[{\"@type\":\"ReadAction\",\"target\":[\"https:\/\/galli.ch\/schmuck\/frieden\/solitaire-ring-weissgold-mit-20-brill-0-12ct-und-1-smaragd-0-82ct\/\"]}]},{\"@type\":\"ImageObject\",\"inLanguage\":\"en-US\",\"@id\":\"https:\/\/galli.ch\/schmuck\/frieden\/solitaire-ring-weissgold-mit-20-brill-0-12ct-und-1-smaragd-0-82ct\/#primaryimage\",\"url\":\"https:\/\/galli.ch\/wp-content\/uploads\/Ring-Jubile_Smaragd_8273.png\",\"contentUrl\":\"https:\/\/galli.ch\/wp-content\/uploads\/Ring-Jubile_Smaragd_8273.png\",\"width\":1000,\"height\":1400},{\"@type\":\"BreadcrumbList\",\"@id\":\"https:\/\/galli.ch\/schmuck\/frieden\/solitaire-ring-weissgold-mit-20-brill-0-12ct-und-1-smaragd-0-82ct\/#breadcrumb\",\"itemListElement\":[{\"@type\":\"ListItem\",\"position\":1,\"name\":\"Home\",\"item\":\"https:\/\/galli.ch\/en\/\"},{\"@type\":\"ListItem\",\"position\":2,\"name\":\"Uhren\",\"item\":\"https:\/\/galli.ch\/en\/uhren\/\"},{\"@type\":\"ListItem\",\"position\":3,\"name\":\"Weissgold Ring mit 20 Brill. 0.12ct und 1 Smaragd 0.82ct\"}]},{\"@type\":\"WebSite\",\"@id\":\"http:\/\/galli.ch\/en\/#website\",\"url\":\"http:\/\/galli.ch\/en\/\",\"name\":\"Galli Uhren Bijouterie\",\"description\":\"\",\"potentialAction\":[{\"@type\":\"SearchAction\",\"target\":{\"@type\":\"EntryPoint\",\"urlTemplate\":\"http:\/\/galli.ch\/en\/?s={search_term_string}\"},\"query-input\":{\"@type\":\"PropertyValueSpecification\",\"valueRequired\":true,\"valueName\":\"search_term_string\"}}],\"inLanguage\":\"en-US\"}]}<\/script>\n<!-- \/ Yoast SEO plugin. -->","yoast_head_json":{"title":"Frieden Weissgold Ring mit 20 Brill. 0.12ct und 1 Smaragd 0.82ct - Galli Uhren Bijouterie","robots":{"index":"index","follow":"follow","max-snippet":"max-snippet:-1","max-image-preview":"max-image-preview:large","max-video-preview":"max-video-preview:-1"},"canonical":"https:\/\/galli.ch\/schmuck\/frieden\/solitaire-ring-weissgold-mit-20-brill-0-12ct-und-1-smaragd-0-82ct\/","og_locale":"en_US","og_type":"article","og_title":"Frieden Weissgold Ring mit 20 Brill. 0.12ct und 1 Smaragd 0.82ct - Galli Uhren Bijouterie","og_description":"Saphire faszinieren durch ihre aussergew\u00f6hnliche Best\u00e4ndigkeit und zeitlose Sch\u00f6nheit. Als Mitglied der Korund Gruppe zeichnen sie sich durch ihre bemerkenswerte H\u00e4rte (9 von 10) aus, die nur von wenigen anderen Materialien \u00fcbertroffen wird. Ihre tiefe strahlende Farbe und ihre faszinierende Transparenz verleihen ihnen eine unvergleichliche Eleganz und Anziehungskraft.","og_url":"https:\/\/galli.ch\/schmuck\/frieden\/solitaire-ring-weissgold-mit-20-brill-0-12ct-und-1-smaragd-0-82ct\/","og_site_name":"Galli Uhren Bijouterie","article_modified_time":"2025-03-13T12:45:28+00:00","og_image":[{"width":1000,"height":1400,"url":"https:\/\/galli.ch\/wp-content\/uploads\/Ring-Jubile_Smaragd_8273.png","type":"image\/png"}],"twitter_card":"summary_large_image","schema":{"@context":"https:\/\/schema.org","@graph":[{"@type":"WebPage","@id":"https:\/\/galli.ch\/schmuck\/frieden\/solitaire-ring-weissgold-mit-20-brill-0-12ct-und-1-smaragd-0-82ct\/","url":"https:\/\/galli.ch\/schmuck\/frieden\/solitaire-ring-weissgold-mit-20-brill-0-12ct-und-1-smaragd-0-82ct\/","name":"Frieden Weissgold Ring mit 20 Brill. 0.12ct und 1 Smaragd 0.82ct - Galli Uhren Bijouterie","isPartOf":{"@id":"http:\/\/galli.ch\/en\/#website"},"primaryImageOfPage":{"@id":"https:\/\/galli.ch\/schmuck\/frieden\/solitaire-ring-weissgold-mit-20-brill-0-12ct-und-1-smaragd-0-82ct\/#primaryimage"},"image":{"@id":"https:\/\/galli.ch\/schmuck\/frieden\/solitaire-ring-weissgold-mit-20-brill-0-12ct-und-1-smaragd-0-82ct\/#primaryimage"},"thumbnailUrl":"https:\/\/galli.ch\/wp-content\/uploads\/Ring-Jubile_Smaragd_8273.png","datePublished":"2024-02-16T09:10:51+00:00","dateModified":"2025-03-13T12:45:28+00:00","breadcrumb":{"@id":"https:\/\/galli.ch\/schmuck\/frieden\/solitaire-ring-weissgold-mit-20-brill-0-12ct-und-1-smaragd-0-82ct\/#breadcrumb"},"inLanguage":"en-US","potentialAction":[{"@type":"ReadAction","target":["https:\/\/galli.ch\/schmuck\/frieden\/solitaire-ring-weissgold-mit-20-brill-0-12ct-und-1-smaragd-0-82ct\/"]}]},{"@type":"ImageObject","inLanguage":"en-US","@id":"https:\/\/galli.ch\/schmuck\/frieden\/solitaire-ring-weissgold-mit-20-brill-0-12ct-und-1-smaragd-0-82ct\/#primaryimage","url":"https:\/\/galli.ch\/wp-content\/uploads\/Ring-Jubile_Smaragd_8273.png","contentUrl":"https:\/\/galli.ch\/wp-content\/uploads\/Ring-Jubile_Smaragd_8273.png","width":1000,"height":1400},{"@type":"BreadcrumbList","@id":"https:\/\/galli.ch\/schmuck\/frieden\/solitaire-ring-weissgold-mit-20-brill-0-12ct-und-1-smaragd-0-82ct\/#breadcrumb","itemListElement":[{"@type":"ListItem","position":1,"name":"Home","item":"https:\/\/galli.ch\/en\/"},{"@type":"ListItem","position":2,"name":"Uhren","item":"https:\/\/galli.ch\/en\/uhren\/"},{"@type":"ListItem","position":3,"name":"Weissgold Ring mit 20 Brill. 0.12ct und 1 Smaragd 0.82ct"}]},{"@type":"WebSite","@id":"http:\/\/galli.ch\/en\/#website","url":"http:\/\/galli.ch\/en\/","name":"Galli Uhren Bijouterie","description":"","potentialAction":[{"@type":"SearchAction","target":{"@type":"EntryPoint","urlTemplate":"http:\/\/galli.ch\/en\/?s={search_term_string}"},"query-input":{"@type":"PropertyValueSpecification","valueRequired":true,"valueName":"search_term_string"}}],"inLanguage":"en-US"}]}},"_links":{"self":[{"href":"https:\/\/galli.ch\/en\/wp-json\/wp\/v2\/product\/23994","targetHints":{"allow":["GET"]}}],"collection":[{"href":"https:\/\/galli.ch\/en\/wp-json\/wp\/v2\/product"}],"about":[{"href":"https:\/\/galli.ch\/en\/wp-json\/wp\/v2\/types\/product"}],"wp:featuredmedia":[{"embeddable":true,"href":"https:\/\/galli.ch\/en\/wp-json\/wp\/v2\/media\/23982"}],"wp:attachment":[{"href":"https:\/\/galli.ch\/en\/wp-json\/wp\/v2\/media?parent=23994"}],"wp:term":[{"taxonomy":"product_brand","embeddable":true,"href":"https:\/\/galli.ch\/en\/wp-json\/wp\/v2\/product_brand?post=23994"},{"taxonomy":"product_cat","embeddable":true,"href":"https:\/\/galli.ch\/en\/wp-json\/wp\/v2\/product_cat?post=23994"},{"taxonomy":"product_tag","embeddable":true,"href":"https:\/\/galli.ch\/en\/wp-json\/wp\/v2\/product_tag?post=23994"}],"curies":[{"name":"wp","href":"https:\/\/api.w.org\/{rel}","templated":true}]}}