{"id":2425,"date":"2018-08-21T14:54:13","date_gmt":"2018-08-21T14:54:13","guid":{"rendered":"http:\/\/galli.ch\/?post_type=schmuck&#038;p=2425"},"modified":"2026-01-26T14:19:40","modified_gmt":"2026-01-26T13:19:40","slug":"gbr1249j","status":"publish","type":"product","link":"https:\/\/galli.ch\/en\/schmuck\/cammilli\/gbr1249j\/","title":{"rendered":"Cammilli Dune Armband"},"content":{"rendered":"<p>Inspiriert von der Sch\u00f6nheit der Natur entwirft die italienische K\u00fcnstlerin Annamaria Cammilli aus Florenz traumhafte, phantasievolle Schmuckst\u00fccke. Fliessende organische Formen, florale Muster und einzigartige Goldfarben kennzeichnen ihren unverwechselbaren Stil.<\/p>\n<p>Fliessende Formen aus Gold bilden unregelm\u00e4ssige Kurven, inspiriert von den bizarren Formen nat\u00fcrlicher Sandd\u00fcnen. Sie lassen moderne, feminine Schmuckst\u00fccke entstehen, ideale Begleiter f\u00fcr jede Gelegenheit. Samtig mattierte Fl\u00e4chen intensivieren die edlen Farben des Goldes, hochglanzpolierte Kanten und wertvolle Diamanten zwischen den Wellen verst\u00e4rken den dynamischen, harmonischen Charakter.<\/p>\n","protected":false},"excerpt":{"rendered":"<p>Inspiriert von der Sch\u00f6nheit der Natur entwirft die italienische K\u00fcnstlerin Annamaria Cammilli aus Florenz traumhafte, phantasievolle Schmuckst\u00fccke. Fliessende organische Formen, florale Muster und einzigartige Goldfarben kennzeichnen ihren unverwechselbaren Stil. Fliessende Formen aus Gold bilden unregelm\u00e4ssige Kurven, inspiriert von den bizarren Formen nat\u00fcrlicher Sandd\u00fcnen. Sie lassen moderne, feminine Schmuckst\u00fccke entstehen, ideale Begleiter f\u00fcr jede Gelegenheit. Samtig&#8230;  <a class=\"excerpt-read-more\" href=\"https:\/\/galli.ch\/en\/schmuck\/cammilli\/gbr1249j\/\" title=\"Read Cammilli Dune Armband\">Weiter &raquo;<\/a><\/p>\n","protected":false},"featured_media":2419,"template":"","meta":{"_acf_changed":false,"inline_featured_image":false},"product_brand":[],"product_cat":[189],"product_tag":[],"class_list":{"0":"post-2425","1":"product","2":"type-product","3":"status-publish","4":"has-post-thumbnail","6":"schmuckhersteller-cammilli","7":"schmuckthemen-bracelets","8":"product_cat-schmuck","10":"first","11":"instock","12":"taxable","13":"shipping-taxable","14":"purchasable","15":"product-type-simple"},"acf":[],"yoast_head":"<!-- This site is optimized with the Yoast SEO plugin v25.5 - https:\/\/yoast.com\/wordpress\/plugins\/seo\/ -->\n<title>Cammilli Dune Armband - Galli Uhren Bijouterie<\/title>\n<meta name=\"robots\" content=\"index, follow, max-snippet:-1, max-image-preview:large, max-video-preview:-1\" \/>\n<link rel=\"canonical\" href=\"https:\/\/galli.ch\/schmuck\/cammilli\/gbr1249j\/\" \/>\n<meta property=\"og:locale\" content=\"en_US\" \/>\n<meta property=\"og:type\" content=\"article\" \/>\n<meta property=\"og:title\" content=\"Cammilli Dune Armband - Galli Uhren Bijouterie\" \/>\n<meta property=\"og:description\" content=\"Inspiriert von der Sch\u00f6nheit der Natur entwirft die italienische K\u00fcnstlerin Annamaria Cammilli aus Florenz traumhafte, phantasievolle Schmuckst\u00fccke. Fliessende organische Formen, florale Muster und einzigartige Goldfarben kennzeichnen ihren unverwechselbaren Stil. Fliessende Formen aus Gold bilden unregelm\u00e4ssige Kurven, inspiriert von den bizarren Formen nat\u00fcrlicher Sandd\u00fcnen. Sie lassen moderne, feminine Schmuckst\u00fccke entstehen, ideale Begleiter f\u00fcr jede Gelegenheit. Samtig... Weiter &raquo;\" \/>\n<meta property=\"og:url\" content=\"https:\/\/galli.ch\/schmuck\/cammilli\/gbr1249j\/\" \/>\n<meta property=\"og:site_name\" content=\"Galli Uhren Bijouterie\" \/>\n<meta property=\"article:modified_time\" content=\"2026-01-26T13:19:40+00:00\" \/>\n<meta property=\"og:image\" content=\"https:\/\/galli.ch\/wp-content\/uploads\/Annamaria_Cammilli_GBR1249J.png\" \/>\n\t<meta property=\"og:image:width\" content=\"500\" \/>\n\t<meta property=\"og:image:height\" content=\"700\" \/>\n\t<meta property=\"og:image:type\" content=\"image\/png\" \/>\n<meta name=\"twitter:card\" content=\"summary_large_image\" \/>\n<script type=\"application\/ld+json\" class=\"yoast-schema-graph\">{\"@context\":\"https:\/\/schema.org\",\"@graph\":[{\"@type\":\"WebPage\",\"@id\":\"https:\/\/galli.ch\/schmuck\/cammilli\/gbr1249j\/\",\"url\":\"https:\/\/galli.ch\/schmuck\/cammilli\/gbr1249j\/\",\"name\":\"Cammilli Dune Armband - Galli Uhren Bijouterie\",\"isPartOf\":{\"@id\":\"http:\/\/galli.ch\/en\/#website\"},\"primaryImageOfPage\":{\"@id\":\"https:\/\/galli.ch\/schmuck\/cammilli\/gbr1249j\/#primaryimage\"},\"image\":{\"@id\":\"https:\/\/galli.ch\/schmuck\/cammilli\/gbr1249j\/#primaryimage\"},\"thumbnailUrl\":\"https:\/\/galli.ch\/wp-content\/uploads\/Annamaria_Cammilli_GBR1249J.png\",\"datePublished\":\"2018-08-21T14:54:13+00:00\",\"dateModified\":\"2026-01-26T13:19:40+00:00\",\"breadcrumb\":{\"@id\":\"https:\/\/galli.ch\/schmuck\/cammilli\/gbr1249j\/#breadcrumb\"},\"inLanguage\":\"en-US\",\"potentialAction\":[{\"@type\":\"ReadAction\",\"target\":[\"https:\/\/galli.ch\/schmuck\/cammilli\/gbr1249j\/\"]}]},{\"@type\":\"ImageObject\",\"inLanguage\":\"en-US\",\"@id\":\"https:\/\/galli.ch\/schmuck\/cammilli\/gbr1249j\/#primaryimage\",\"url\":\"https:\/\/galli.ch\/wp-content\/uploads\/Annamaria_Cammilli_GBR1249J.png\",\"contentUrl\":\"https:\/\/galli.ch\/wp-content\/uploads\/Annamaria_Cammilli_GBR1249J.png\",\"width\":500,\"height\":700,\"caption\":\"Annamaria Cammilli Armreif\"},{\"@type\":\"BreadcrumbList\",\"@id\":\"https:\/\/galli.ch\/schmuck\/cammilli\/gbr1249j\/#breadcrumb\",\"itemListElement\":[{\"@type\":\"ListItem\",\"position\":1,\"name\":\"Home\",\"item\":\"https:\/\/galli.ch\/en\/\"},{\"@type\":\"ListItem\",\"position\":2,\"name\":\"Uhren\",\"item\":\"https:\/\/galli.ch\/en\/uhren\/\"},{\"@type\":\"ListItem\",\"position\":3,\"name\":\"Cammilli Dune Armband\"}]},{\"@type\":\"WebSite\",\"@id\":\"http:\/\/galli.ch\/en\/#website\",\"url\":\"http:\/\/galli.ch\/en\/\",\"name\":\"Galli Uhren Bijouterie\",\"description\":\"\",\"potentialAction\":[{\"@type\":\"SearchAction\",\"target\":{\"@type\":\"EntryPoint\",\"urlTemplate\":\"http:\/\/galli.ch\/en\/?s={search_term_string}\"},\"query-input\":{\"@type\":\"PropertyValueSpecification\",\"valueRequired\":true,\"valueName\":\"search_term_string\"}}],\"inLanguage\":\"en-US\"}]}<\/script>\n<!-- \/ Yoast SEO plugin. -->","yoast_head_json":{"title":"Cammilli Dune Armband - Galli Uhren Bijouterie","robots":{"index":"index","follow":"follow","max-snippet":"max-snippet:-1","max-image-preview":"max-image-preview:large","max-video-preview":"max-video-preview:-1"},"canonical":"https:\/\/galli.ch\/schmuck\/cammilli\/gbr1249j\/","og_locale":"en_US","og_type":"article","og_title":"Cammilli Dune Armband - Galli Uhren Bijouterie","og_description":"Inspiriert von der Sch\u00f6nheit der Natur entwirft die italienische K\u00fcnstlerin Annamaria Cammilli aus Florenz traumhafte, phantasievolle Schmuckst\u00fccke. Fliessende organische Formen, florale Muster und einzigartige Goldfarben kennzeichnen ihren unverwechselbaren Stil. Fliessende Formen aus Gold bilden unregelm\u00e4ssige Kurven, inspiriert von den bizarren Formen nat\u00fcrlicher Sandd\u00fcnen. Sie lassen moderne, feminine Schmuckst\u00fccke entstehen, ideale Begleiter f\u00fcr jede Gelegenheit. Samtig... Weiter &raquo;","og_url":"https:\/\/galli.ch\/schmuck\/cammilli\/gbr1249j\/","og_site_name":"Galli Uhren Bijouterie","article_modified_time":"2026-01-26T13:19:40+00:00","og_image":[{"width":500,"height":700,"url":"https:\/\/galli.ch\/wp-content\/uploads\/Annamaria_Cammilli_GBR1249J.png","type":"image\/png"}],"twitter_card":"summary_large_image","schema":{"@context":"https:\/\/schema.org","@graph":[{"@type":"WebPage","@id":"https:\/\/galli.ch\/schmuck\/cammilli\/gbr1249j\/","url":"https:\/\/galli.ch\/schmuck\/cammilli\/gbr1249j\/","name":"Cammilli Dune Armband - Galli Uhren Bijouterie","isPartOf":{"@id":"http:\/\/galli.ch\/en\/#website"},"primaryImageOfPage":{"@id":"https:\/\/galli.ch\/schmuck\/cammilli\/gbr1249j\/#primaryimage"},"image":{"@id":"https:\/\/galli.ch\/schmuck\/cammilli\/gbr1249j\/#primaryimage"},"thumbnailUrl":"https:\/\/galli.ch\/wp-content\/uploads\/Annamaria_Cammilli_GBR1249J.png","datePublished":"2018-08-21T14:54:13+00:00","dateModified":"2026-01-26T13:19:40+00:00","breadcrumb":{"@id":"https:\/\/galli.ch\/schmuck\/cammilli\/gbr1249j\/#breadcrumb"},"inLanguage":"en-US","potentialAction":[{"@type":"ReadAction","target":["https:\/\/galli.ch\/schmuck\/cammilli\/gbr1249j\/"]}]},{"@type":"ImageObject","inLanguage":"en-US","@id":"https:\/\/galli.ch\/schmuck\/cammilli\/gbr1249j\/#primaryimage","url":"https:\/\/galli.ch\/wp-content\/uploads\/Annamaria_Cammilli_GBR1249J.png","contentUrl":"https:\/\/galli.ch\/wp-content\/uploads\/Annamaria_Cammilli_GBR1249J.png","width":500,"height":700,"caption":"Annamaria Cammilli Armreif"},{"@type":"BreadcrumbList","@id":"https:\/\/galli.ch\/schmuck\/cammilli\/gbr1249j\/#breadcrumb","itemListElement":[{"@type":"ListItem","position":1,"name":"Home","item":"https:\/\/galli.ch\/en\/"},{"@type":"ListItem","position":2,"name":"Uhren","item":"https:\/\/galli.ch\/en\/uhren\/"},{"@type":"ListItem","position":3,"name":"Cammilli Dune Armband"}]},{"@type":"WebSite","@id":"http:\/\/galli.ch\/en\/#website","url":"http:\/\/galli.ch\/en\/","name":"Galli Uhren Bijouterie","description":"","potentialAction":[{"@type":"SearchAction","target":{"@type":"EntryPoint","urlTemplate":"http:\/\/galli.ch\/en\/?s={search_term_string}"},"query-input":{"@type":"PropertyValueSpecification","valueRequired":true,"valueName":"search_term_string"}}],"inLanguage":"en-US"}]}},"_links":{"self":[{"href":"https:\/\/galli.ch\/en\/wp-json\/wp\/v2\/product\/2425","targetHints":{"allow":["GET"]}}],"collection":[{"href":"https:\/\/galli.ch\/en\/wp-json\/wp\/v2\/product"}],"about":[{"href":"https:\/\/galli.ch\/en\/wp-json\/wp\/v2\/types\/product"}],"wp:featuredmedia":[{"embeddable":true,"href":"https:\/\/galli.ch\/en\/wp-json\/wp\/v2\/media\/2419"}],"wp:attachment":[{"href":"https:\/\/galli.ch\/en\/wp-json\/wp\/v2\/media?parent=2425"}],"wp:term":[{"taxonomy":"product_brand","embeddable":true,"href":"https:\/\/galli.ch\/en\/wp-json\/wp\/v2\/product_brand?post=2425"},{"taxonomy":"product_cat","embeddable":true,"href":"https:\/\/galli.ch\/en\/wp-json\/wp\/v2\/product_cat?post=2425"},{"taxonomy":"product_tag","embeddable":true,"href":"https:\/\/galli.ch\/en\/wp-json\/wp\/v2\/product_tag?post=2425"}],"curies":[{"name":"wp","href":"https:\/\/api.w.org\/{rel}","templated":true}]}}