{"id":24388,"date":"2024-02-26T10:52:26","date_gmt":"2024-02-26T09:52:26","guid":{"rendered":"https:\/\/galli.ch\/?post_type=product&#038;p=24388"},"modified":"2025-10-23T16:02:15","modified_gmt":"2025-10-23T14:02:15","slug":"aqua-terra-master-chronometer-38-220-12-38-20-10-001","status":"publish","type":"product","link":"https:\/\/galli.ch\/en\/uhren\/omega\/seamaster\/aqua-terra-master-chronometer-38-220-12-38-20-10-001\/","title":{"rendered":"Omega Aqua Terra Master Chronometer 38"},"content":{"rendered":"<p>Die Seamaster Aqua Terra ist eine Hommage an OMEGAs grosses maritimes Erbe. Dieses 38-mm-Modell verf\u00fcgt \u00fcber ein symmetrisches Geh\u00e4use aus Edelstahl mit einem Wellendekor auf dem Geh\u00e4useboden.<\/p>\n<p>Das Zifferblatt mit gr\u00fcner PVD-Beschichtung und Sonnenschliff zeichnet sich durch ein horizontales \u201eTeak\u201c-Dekor aus, das an die h\u00f6lzernen Deckplanken von Luxussegelyachten erinnert.<\/p>\n<p>Die Uhr wird von einem integrierten, gr\u00fcnen, strukturierten Kautschukarmband mit grauer Naht und polierter und geb\u00fcrsteter Faltschliesse am Handgelenk gehalten und von dem OMEGA Master Chronometer Kaliber 8800 angetrieben, das vom Eidgen\u00f6ssischen Institut f\u00fcr Metrologie (METAS) zertifiziert wurde und h\u00f6chsten Branchenstandards entspricht.<\/p>\n","protected":false},"excerpt":{"rendered":"<p>Die Seamaster Aqua Terra ist eine Hommage an OMEGAs grosses maritimes Erbe. Dieses 38-mm-Modell verf\u00fcgt \u00fcber ein symmetrisches Geh\u00e4use aus Edelstahl mit einem Wellendekor auf dem Geh\u00e4useboden. Das Zifferblatt mit gr\u00fcner PVD-Beschichtung und Sonnenschliff zeichnet sich durch ein horizontales \u201eTeak\u201c-Dekor aus, das an die h\u00f6lzernen Deckplanken von Luxussegelyachten erinnert. Die Uhr wird von einem integrierten,&#8230;  <a class=\"excerpt-read-more\" href=\"https:\/\/galli.ch\/en\/uhren\/omega\/seamaster\/aqua-terra-master-chronometer-38-220-12-38-20-10-001\/\" title=\"Read Omega Aqua Terra Master Chronometer 38\">Weiter &raquo;<\/a><\/p>\n","protected":false},"featured_media":24307,"template":"","meta":{"_acf_changed":false,"inline_featured_image":false},"product_brand":[],"product_cat":[188],"product_tag":[],"class_list":{"0":"post-24388","1":"product","2":"type-product","3":"status-publish","4":"has-post-thumbnail","6":"uhrenhersteller-omega","7":"uhrenhersteller-seamaster","8":"product_cat-uhren","10":"first","11":"outofstock","12":"taxable","13":"shipping-taxable","14":"purchasable","15":"product-type-simple"},"acf":[],"yoast_head":"<!-- This site is optimized with the Yoast SEO plugin v25.5 - https:\/\/yoast.com\/wordpress\/plugins\/seo\/ -->\n<title>Omega Aqua Terra Master Chronometer 38 - Galli Uhren Bijouterie<\/title>\n<meta name=\"robots\" content=\"index, follow, max-snippet:-1, max-image-preview:large, max-video-preview:-1\" \/>\n<link rel=\"canonical\" href=\"https:\/\/galli.ch\/uhren\/omega\/seamaster\/aqua-terra-master-chronometer-38-220-12-38-20-10-001\/\" \/>\n<meta property=\"og:locale\" content=\"en_US\" \/>\n<meta property=\"og:type\" content=\"article\" \/>\n<meta property=\"og:title\" content=\"Omega Aqua Terra Master Chronometer 38 - Galli Uhren Bijouterie\" \/>\n<meta property=\"og:description\" content=\"Die Seamaster Aqua Terra ist eine Hommage an OMEGAs grosses maritimes Erbe. Dieses 38-mm-Modell verf\u00fcgt \u00fcber ein symmetrisches Geh\u00e4use aus Edelstahl mit einem Wellendekor auf dem Geh\u00e4useboden. Das Zifferblatt mit gr\u00fcner PVD-Beschichtung und Sonnenschliff zeichnet sich durch ein horizontales \u201eTeak\u201c-Dekor aus, das an die h\u00f6lzernen Deckplanken von Luxussegelyachten erinnert. Die Uhr wird von einem integrierten,... Weiter &raquo;\" \/>\n<meta property=\"og:url\" content=\"https:\/\/galli.ch\/uhren\/omega\/seamaster\/aqua-terra-master-chronometer-38-220-12-38-20-10-001\/\" \/>\n<meta property=\"og:site_name\" content=\"Galli Uhren Bijouterie\" \/>\n<meta property=\"article:modified_time\" content=\"2025-10-23T14:02:15+00:00\" \/>\n<meta property=\"og:image\" content=\"https:\/\/galli.ch\/wp-content\/uploads\/omega-seamaster-aqua-terra-150m-co-axial-master-chronometer-38-mm-22012382010001-34d605.png\" \/>\n\t<meta property=\"og:image:width\" content=\"1000\" \/>\n\t<meta property=\"og:image:height\" content=\"1400\" \/>\n\t<meta property=\"og:image:type\" content=\"image\/png\" \/>\n<meta name=\"twitter:card\" content=\"summary_large_image\" \/>\n<script type=\"application\/ld+json\" class=\"yoast-schema-graph\">{\"@context\":\"https:\/\/schema.org\",\"@graph\":[{\"@type\":\"WebPage\",\"@id\":\"https:\/\/galli.ch\/uhren\/omega\/seamaster\/aqua-terra-master-chronometer-38-220-12-38-20-10-001\/\",\"url\":\"https:\/\/galli.ch\/uhren\/omega\/seamaster\/aqua-terra-master-chronometer-38-220-12-38-20-10-001\/\",\"name\":\"Omega Aqua Terra Master Chronometer 38 - Galli Uhren Bijouterie\",\"isPartOf\":{\"@id\":\"http:\/\/galli.ch\/en\/#website\"},\"primaryImageOfPage\":{\"@id\":\"https:\/\/galli.ch\/uhren\/omega\/seamaster\/aqua-terra-master-chronometer-38-220-12-38-20-10-001\/#primaryimage\"},\"image\":{\"@id\":\"https:\/\/galli.ch\/uhren\/omega\/seamaster\/aqua-terra-master-chronometer-38-220-12-38-20-10-001\/#primaryimage\"},\"thumbnailUrl\":\"https:\/\/galli.ch\/wp-content\/uploads\/omega-seamaster-aqua-terra-150m-co-axial-master-chronometer-38-mm-22012382010001-34d605.png\",\"datePublished\":\"2024-02-26T09:52:26+00:00\",\"dateModified\":\"2025-10-23T14:02:15+00:00\",\"breadcrumb\":{\"@id\":\"https:\/\/galli.ch\/uhren\/omega\/seamaster\/aqua-terra-master-chronometer-38-220-12-38-20-10-001\/#breadcrumb\"},\"inLanguage\":\"en-US\",\"potentialAction\":[{\"@type\":\"ReadAction\",\"target\":[\"https:\/\/galli.ch\/uhren\/omega\/seamaster\/aqua-terra-master-chronometer-38-220-12-38-20-10-001\/\"]}]},{\"@type\":\"ImageObject\",\"inLanguage\":\"en-US\",\"@id\":\"https:\/\/galli.ch\/uhren\/omega\/seamaster\/aqua-terra-master-chronometer-38-220-12-38-20-10-001\/#primaryimage\",\"url\":\"https:\/\/galli.ch\/wp-content\/uploads\/omega-seamaster-aqua-terra-150m-co-axial-master-chronometer-38-mm-22012382010001-34d605.png\",\"contentUrl\":\"https:\/\/galli.ch\/wp-content\/uploads\/omega-seamaster-aqua-terra-150m-co-axial-master-chronometer-38-mm-22012382010001-34d605.png\",\"width\":1000,\"height\":1400},{\"@type\":\"BreadcrumbList\",\"@id\":\"https:\/\/galli.ch\/uhren\/omega\/seamaster\/aqua-terra-master-chronometer-38-220-12-38-20-10-001\/#breadcrumb\",\"itemListElement\":[{\"@type\":\"ListItem\",\"position\":1,\"name\":\"Home\",\"item\":\"https:\/\/galli.ch\/en\/\"},{\"@type\":\"ListItem\",\"position\":2,\"name\":\"Uhren\",\"item\":\"https:\/\/galli.ch\/en\/uhren\/\"},{\"@type\":\"ListItem\",\"position\":3,\"name\":\"Omega Aqua Terra Master Chronometer 38\"}]},{\"@type\":\"WebSite\",\"@id\":\"http:\/\/galli.ch\/en\/#website\",\"url\":\"http:\/\/galli.ch\/en\/\",\"name\":\"Galli Uhren Bijouterie\",\"description\":\"\",\"potentialAction\":[{\"@type\":\"SearchAction\",\"target\":{\"@type\":\"EntryPoint\",\"urlTemplate\":\"http:\/\/galli.ch\/en\/?s={search_term_string}\"},\"query-input\":{\"@type\":\"PropertyValueSpecification\",\"valueRequired\":true,\"valueName\":\"search_term_string\"}}],\"inLanguage\":\"en-US\"}]}<\/script>\n<!-- \/ Yoast SEO plugin. -->","yoast_head_json":{"title":"Omega Aqua Terra Master Chronometer 38 - Galli Uhren Bijouterie","robots":{"index":"index","follow":"follow","max-snippet":"max-snippet:-1","max-image-preview":"max-image-preview:large","max-video-preview":"max-video-preview:-1"},"canonical":"https:\/\/galli.ch\/uhren\/omega\/seamaster\/aqua-terra-master-chronometer-38-220-12-38-20-10-001\/","og_locale":"en_US","og_type":"article","og_title":"Omega Aqua Terra Master Chronometer 38 - Galli Uhren Bijouterie","og_description":"Die Seamaster Aqua Terra ist eine Hommage an OMEGAs grosses maritimes Erbe. Dieses 38-mm-Modell verf\u00fcgt \u00fcber ein symmetrisches Geh\u00e4use aus Edelstahl mit einem Wellendekor auf dem Geh\u00e4useboden. Das Zifferblatt mit gr\u00fcner PVD-Beschichtung und Sonnenschliff zeichnet sich durch ein horizontales \u201eTeak\u201c-Dekor aus, das an die h\u00f6lzernen Deckplanken von Luxussegelyachten erinnert. Die Uhr wird von einem integrierten,... Weiter &raquo;","og_url":"https:\/\/galli.ch\/uhren\/omega\/seamaster\/aqua-terra-master-chronometer-38-220-12-38-20-10-001\/","og_site_name":"Galli Uhren Bijouterie","article_modified_time":"2025-10-23T14:02:15+00:00","og_image":[{"width":1000,"height":1400,"url":"https:\/\/galli.ch\/wp-content\/uploads\/omega-seamaster-aqua-terra-150m-co-axial-master-chronometer-38-mm-22012382010001-34d605.png","type":"image\/png"}],"twitter_card":"summary_large_image","schema":{"@context":"https:\/\/schema.org","@graph":[{"@type":"WebPage","@id":"https:\/\/galli.ch\/uhren\/omega\/seamaster\/aqua-terra-master-chronometer-38-220-12-38-20-10-001\/","url":"https:\/\/galli.ch\/uhren\/omega\/seamaster\/aqua-terra-master-chronometer-38-220-12-38-20-10-001\/","name":"Omega Aqua Terra Master Chronometer 38 - Galli Uhren Bijouterie","isPartOf":{"@id":"http:\/\/galli.ch\/en\/#website"},"primaryImageOfPage":{"@id":"https:\/\/galli.ch\/uhren\/omega\/seamaster\/aqua-terra-master-chronometer-38-220-12-38-20-10-001\/#primaryimage"},"image":{"@id":"https:\/\/galli.ch\/uhren\/omega\/seamaster\/aqua-terra-master-chronometer-38-220-12-38-20-10-001\/#primaryimage"},"thumbnailUrl":"https:\/\/galli.ch\/wp-content\/uploads\/omega-seamaster-aqua-terra-150m-co-axial-master-chronometer-38-mm-22012382010001-34d605.png","datePublished":"2024-02-26T09:52:26+00:00","dateModified":"2025-10-23T14:02:15+00:00","breadcrumb":{"@id":"https:\/\/galli.ch\/uhren\/omega\/seamaster\/aqua-terra-master-chronometer-38-220-12-38-20-10-001\/#breadcrumb"},"inLanguage":"en-US","potentialAction":[{"@type":"ReadAction","target":["https:\/\/galli.ch\/uhren\/omega\/seamaster\/aqua-terra-master-chronometer-38-220-12-38-20-10-001\/"]}]},{"@type":"ImageObject","inLanguage":"en-US","@id":"https:\/\/galli.ch\/uhren\/omega\/seamaster\/aqua-terra-master-chronometer-38-220-12-38-20-10-001\/#primaryimage","url":"https:\/\/galli.ch\/wp-content\/uploads\/omega-seamaster-aqua-terra-150m-co-axial-master-chronometer-38-mm-22012382010001-34d605.png","contentUrl":"https:\/\/galli.ch\/wp-content\/uploads\/omega-seamaster-aqua-terra-150m-co-axial-master-chronometer-38-mm-22012382010001-34d605.png","width":1000,"height":1400},{"@type":"BreadcrumbList","@id":"https:\/\/galli.ch\/uhren\/omega\/seamaster\/aqua-terra-master-chronometer-38-220-12-38-20-10-001\/#breadcrumb","itemListElement":[{"@type":"ListItem","position":1,"name":"Home","item":"https:\/\/galli.ch\/en\/"},{"@type":"ListItem","position":2,"name":"Uhren","item":"https:\/\/galli.ch\/en\/uhren\/"},{"@type":"ListItem","position":3,"name":"Omega Aqua Terra Master Chronometer 38"}]},{"@type":"WebSite","@id":"http:\/\/galli.ch\/en\/#website","url":"http:\/\/galli.ch\/en\/","name":"Galli Uhren Bijouterie","description":"","potentialAction":[{"@type":"SearchAction","target":{"@type":"EntryPoint","urlTemplate":"http:\/\/galli.ch\/en\/?s={search_term_string}"},"query-input":{"@type":"PropertyValueSpecification","valueRequired":true,"valueName":"search_term_string"}}],"inLanguage":"en-US"}]}},"_links":{"self":[{"href":"https:\/\/galli.ch\/en\/wp-json\/wp\/v2\/product\/24388","targetHints":{"allow":["GET"]}}],"collection":[{"href":"https:\/\/galli.ch\/en\/wp-json\/wp\/v2\/product"}],"about":[{"href":"https:\/\/galli.ch\/en\/wp-json\/wp\/v2\/types\/product"}],"wp:featuredmedia":[{"embeddable":true,"href":"https:\/\/galli.ch\/en\/wp-json\/wp\/v2\/media\/24307"}],"wp:attachment":[{"href":"https:\/\/galli.ch\/en\/wp-json\/wp\/v2\/media?parent=24388"}],"wp:term":[{"taxonomy":"product_brand","embeddable":true,"href":"https:\/\/galli.ch\/en\/wp-json\/wp\/v2\/product_brand?post=24388"},{"taxonomy":"product_cat","embeddable":true,"href":"https:\/\/galli.ch\/en\/wp-json\/wp\/v2\/product_cat?post=24388"},{"taxonomy":"product_tag","embeddable":true,"href":"https:\/\/galli.ch\/en\/wp-json\/wp\/v2\/product_tag?post=24388"}],"curies":[{"name":"wp","href":"https:\/\/api.w.org\/{rel}","templated":true}]}}