{"id":24392,"date":"2024-02-26T11:29:47","date_gmt":"2024-02-26T10:29:47","guid":{"rendered":"https:\/\/galli.ch\/?post_type=product&#038;p=24392"},"modified":"2026-03-02T12:35:23","modified_gmt":"2026-03-02T11:35:23","slug":"constellation-meteorit-quarz-25-131-25-25-60-99-002","status":"publish","type":"product","link":"https:\/\/galli.ch\/en\/uhren\/omega\/constellation\/constellation-meteorit-quarz-25-131-25-25-60-99-002\/","title":{"rendered":"Omega Constellation Meteorit Quarz 25"},"content":{"rendered":"<p>Die Uhr besitzt ein 25-mm-Geh\u00e4use und ein Monoblock-Armband aus Edelstahl und 18 K Gelbgold mit den charakteristischen Eigenschaften der Constellation, darunter die polierten Krappen, die Halbmondfacetten und eine diamantbesetzte L\u00fcnette.<\/p>\n<p>Das faszinierende Zifferblatt wurde aus echtem Eisenmeteorit gefertigt, der mit einer Galvanisierung in Rhodiumgrau bearbeitet wurde. Das nat\u00fcrliche Muster des Meteorits ist bei jedem Modell einzigartig, sodass keine zwei Zifferbl\u00e4tter einander gleichen. Erg\u00e4nzt wird der Zeitmesser durch Diamantindizes und einen Constellation-Stern aus 18 K Gelbgold.<\/p>\n","protected":false},"excerpt":{"rendered":"<p>Die Uhr besitzt ein 25-mm-Geh\u00e4use und ein Monoblock-Armband aus Edelstahl und 18 K Gelbgold mit den charakteristischen Eigenschaften der Constellation, darunter die polierten Krappen, die Halbmondfacetten und eine diamantbesetzte L\u00fcnette. Das faszinierende Zifferblatt wurde aus echtem Eisenmeteorit gefertigt, der mit einer Galvanisierung in Rhodiumgrau bearbeitet wurde. Das nat\u00fcrliche Muster des Meteorits ist bei jedem Modell&#8230;  <a class=\"excerpt-read-more\" href=\"https:\/\/galli.ch\/en\/uhren\/omega\/constellation\/constellation-meteorit-quarz-25-131-25-25-60-99-002\/\" title=\"Read Omega Constellation Meteorit Quarz 25\">Weiter &raquo;<\/a><\/p>\n","protected":false},"featured_media":24303,"template":"","meta":{"_acf_changed":false,"inline_featured_image":false},"product_brand":[],"product_cat":[188],"product_tag":[],"class_list":{"0":"post-24392","1":"product","2":"type-product","3":"status-publish","4":"has-post-thumbnail","6":"uhrenhersteller-omega","7":"uhrenhersteller-constellation","8":"product_cat-uhren","10":"first","11":"outofstock","12":"taxable","13":"shipping-taxable","14":"purchasable","15":"product-type-simple"},"acf":[],"yoast_head":"<!-- This site is optimized with the Yoast SEO plugin v25.5 - https:\/\/yoast.com\/wordpress\/plugins\/seo\/ -->\n<title>Omega Constellation Meteorit Quarz 25 - Galli Uhren Bijouterie<\/title>\n<meta name=\"robots\" content=\"index, follow, max-snippet:-1, max-image-preview:large, max-video-preview:-1\" \/>\n<link rel=\"canonical\" href=\"https:\/\/galli.ch\/uhren\/omega\/constellation\/constellation-meteorit-quarz-25-131-25-25-60-99-002\/\" \/>\n<meta property=\"og:locale\" content=\"en_US\" \/>\n<meta property=\"og:type\" content=\"article\" \/>\n<meta property=\"og:title\" content=\"Omega Constellation Meteorit Quarz 25 - Galli Uhren Bijouterie\" \/>\n<meta property=\"og:description\" content=\"Die Uhr besitzt ein 25-mm-Geh\u00e4use und ein Monoblock-Armband aus Edelstahl und 18 K Gelbgold mit den charakteristischen Eigenschaften der Constellation, darunter die polierten Krappen, die Halbmondfacetten und eine diamantbesetzte L\u00fcnette. Das faszinierende Zifferblatt wurde aus echtem Eisenmeteorit gefertigt, der mit einer Galvanisierung in Rhodiumgrau bearbeitet wurde. Das nat\u00fcrliche Muster des Meteorits ist bei jedem Modell... Weiter &raquo;\" \/>\n<meta property=\"og:url\" content=\"https:\/\/galli.ch\/uhren\/omega\/constellation\/constellation-meteorit-quarz-25-131-25-25-60-99-002\/\" \/>\n<meta property=\"og:site_name\" content=\"Galli Uhren Bijouterie\" \/>\n<meta property=\"article:modified_time\" content=\"2026-03-02T11:35:23+00:00\" \/>\n<meta property=\"og:image\" content=\"https:\/\/galli.ch\/wp-content\/uploads\/omega-constellation-quartz-25-mm-13125256099002-7cdce8.png\" \/>\n\t<meta property=\"og:image:width\" content=\"1000\" \/>\n\t<meta property=\"og:image:height\" content=\"1400\" \/>\n\t<meta property=\"og:image:type\" content=\"image\/png\" \/>\n<meta name=\"twitter:card\" content=\"summary_large_image\" \/>\n<script type=\"application\/ld+json\" class=\"yoast-schema-graph\">{\"@context\":\"https:\/\/schema.org\",\"@graph\":[{\"@type\":\"WebPage\",\"@id\":\"https:\/\/galli.ch\/uhren\/omega\/constellation\/constellation-meteorit-quarz-25-131-25-25-60-99-002\/\",\"url\":\"https:\/\/galli.ch\/uhren\/omega\/constellation\/constellation-meteorit-quarz-25-131-25-25-60-99-002\/\",\"name\":\"Omega Constellation Meteorit Quarz 25 - Galli Uhren Bijouterie\",\"isPartOf\":{\"@id\":\"http:\/\/galli.ch\/en\/#website\"},\"primaryImageOfPage\":{\"@id\":\"https:\/\/galli.ch\/uhren\/omega\/constellation\/constellation-meteorit-quarz-25-131-25-25-60-99-002\/#primaryimage\"},\"image\":{\"@id\":\"https:\/\/galli.ch\/uhren\/omega\/constellation\/constellation-meteorit-quarz-25-131-25-25-60-99-002\/#primaryimage\"},\"thumbnailUrl\":\"https:\/\/galli.ch\/wp-content\/uploads\/omega-constellation-quartz-25-mm-13125256099002-7cdce8.png\",\"datePublished\":\"2024-02-26T10:29:47+00:00\",\"dateModified\":\"2026-03-02T11:35:23+00:00\",\"breadcrumb\":{\"@id\":\"https:\/\/galli.ch\/uhren\/omega\/constellation\/constellation-meteorit-quarz-25-131-25-25-60-99-002\/#breadcrumb\"},\"inLanguage\":\"en-US\",\"potentialAction\":[{\"@type\":\"ReadAction\",\"target\":[\"https:\/\/galli.ch\/uhren\/omega\/constellation\/constellation-meteorit-quarz-25-131-25-25-60-99-002\/\"]}]},{\"@type\":\"ImageObject\",\"inLanguage\":\"en-US\",\"@id\":\"https:\/\/galli.ch\/uhren\/omega\/constellation\/constellation-meteorit-quarz-25-131-25-25-60-99-002\/#primaryimage\",\"url\":\"https:\/\/galli.ch\/wp-content\/uploads\/omega-constellation-quartz-25-mm-13125256099002-7cdce8.png\",\"contentUrl\":\"https:\/\/galli.ch\/wp-content\/uploads\/omega-constellation-quartz-25-mm-13125256099002-7cdce8.png\",\"width\":1000,\"height\":1400},{\"@type\":\"BreadcrumbList\",\"@id\":\"https:\/\/galli.ch\/uhren\/omega\/constellation\/constellation-meteorit-quarz-25-131-25-25-60-99-002\/#breadcrumb\",\"itemListElement\":[{\"@type\":\"ListItem\",\"position\":1,\"name\":\"Home\",\"item\":\"https:\/\/galli.ch\/en\/\"},{\"@type\":\"ListItem\",\"position\":2,\"name\":\"Uhren\",\"item\":\"https:\/\/galli.ch\/en\/uhren\/\"},{\"@type\":\"ListItem\",\"position\":3,\"name\":\"Omega Constellation Meteorit Quarz 25\"}]},{\"@type\":\"WebSite\",\"@id\":\"http:\/\/galli.ch\/en\/#website\",\"url\":\"http:\/\/galli.ch\/en\/\",\"name\":\"Galli Uhren Bijouterie\",\"description\":\"\",\"potentialAction\":[{\"@type\":\"SearchAction\",\"target\":{\"@type\":\"EntryPoint\",\"urlTemplate\":\"http:\/\/galli.ch\/en\/?s={search_term_string}\"},\"query-input\":{\"@type\":\"PropertyValueSpecification\",\"valueRequired\":true,\"valueName\":\"search_term_string\"}}],\"inLanguage\":\"en-US\"}]}<\/script>\n<!-- \/ Yoast SEO plugin. -->","yoast_head_json":{"title":"Omega Constellation Meteorit Quarz 25 - Galli Uhren Bijouterie","robots":{"index":"index","follow":"follow","max-snippet":"max-snippet:-1","max-image-preview":"max-image-preview:large","max-video-preview":"max-video-preview:-1"},"canonical":"https:\/\/galli.ch\/uhren\/omega\/constellation\/constellation-meteorit-quarz-25-131-25-25-60-99-002\/","og_locale":"en_US","og_type":"article","og_title":"Omega Constellation Meteorit Quarz 25 - Galli Uhren Bijouterie","og_description":"Die Uhr besitzt ein 25-mm-Geh\u00e4use und ein Monoblock-Armband aus Edelstahl und 18 K Gelbgold mit den charakteristischen Eigenschaften der Constellation, darunter die polierten Krappen, die Halbmondfacetten und eine diamantbesetzte L\u00fcnette. Das faszinierende Zifferblatt wurde aus echtem Eisenmeteorit gefertigt, der mit einer Galvanisierung in Rhodiumgrau bearbeitet wurde. Das nat\u00fcrliche Muster des Meteorits ist bei jedem Modell... Weiter &raquo;","og_url":"https:\/\/galli.ch\/uhren\/omega\/constellation\/constellation-meteorit-quarz-25-131-25-25-60-99-002\/","og_site_name":"Galli Uhren Bijouterie","article_modified_time":"2026-03-02T11:35:23+00:00","og_image":[{"width":1000,"height":1400,"url":"https:\/\/galli.ch\/wp-content\/uploads\/omega-constellation-quartz-25-mm-13125256099002-7cdce8.png","type":"image\/png"}],"twitter_card":"summary_large_image","schema":{"@context":"https:\/\/schema.org","@graph":[{"@type":"WebPage","@id":"https:\/\/galli.ch\/uhren\/omega\/constellation\/constellation-meteorit-quarz-25-131-25-25-60-99-002\/","url":"https:\/\/galli.ch\/uhren\/omega\/constellation\/constellation-meteorit-quarz-25-131-25-25-60-99-002\/","name":"Omega Constellation Meteorit Quarz 25 - Galli Uhren Bijouterie","isPartOf":{"@id":"http:\/\/galli.ch\/en\/#website"},"primaryImageOfPage":{"@id":"https:\/\/galli.ch\/uhren\/omega\/constellation\/constellation-meteorit-quarz-25-131-25-25-60-99-002\/#primaryimage"},"image":{"@id":"https:\/\/galli.ch\/uhren\/omega\/constellation\/constellation-meteorit-quarz-25-131-25-25-60-99-002\/#primaryimage"},"thumbnailUrl":"https:\/\/galli.ch\/wp-content\/uploads\/omega-constellation-quartz-25-mm-13125256099002-7cdce8.png","datePublished":"2024-02-26T10:29:47+00:00","dateModified":"2026-03-02T11:35:23+00:00","breadcrumb":{"@id":"https:\/\/galli.ch\/uhren\/omega\/constellation\/constellation-meteorit-quarz-25-131-25-25-60-99-002\/#breadcrumb"},"inLanguage":"en-US","potentialAction":[{"@type":"ReadAction","target":["https:\/\/galli.ch\/uhren\/omega\/constellation\/constellation-meteorit-quarz-25-131-25-25-60-99-002\/"]}]},{"@type":"ImageObject","inLanguage":"en-US","@id":"https:\/\/galli.ch\/uhren\/omega\/constellation\/constellation-meteorit-quarz-25-131-25-25-60-99-002\/#primaryimage","url":"https:\/\/galli.ch\/wp-content\/uploads\/omega-constellation-quartz-25-mm-13125256099002-7cdce8.png","contentUrl":"https:\/\/galli.ch\/wp-content\/uploads\/omega-constellation-quartz-25-mm-13125256099002-7cdce8.png","width":1000,"height":1400},{"@type":"BreadcrumbList","@id":"https:\/\/galli.ch\/uhren\/omega\/constellation\/constellation-meteorit-quarz-25-131-25-25-60-99-002\/#breadcrumb","itemListElement":[{"@type":"ListItem","position":1,"name":"Home","item":"https:\/\/galli.ch\/en\/"},{"@type":"ListItem","position":2,"name":"Uhren","item":"https:\/\/galli.ch\/en\/uhren\/"},{"@type":"ListItem","position":3,"name":"Omega Constellation Meteorit Quarz 25"}]},{"@type":"WebSite","@id":"http:\/\/galli.ch\/en\/#website","url":"http:\/\/galli.ch\/en\/","name":"Galli Uhren Bijouterie","description":"","potentialAction":[{"@type":"SearchAction","target":{"@type":"EntryPoint","urlTemplate":"http:\/\/galli.ch\/en\/?s={search_term_string}"},"query-input":{"@type":"PropertyValueSpecification","valueRequired":true,"valueName":"search_term_string"}}],"inLanguage":"en-US"}]}},"_links":{"self":[{"href":"https:\/\/galli.ch\/en\/wp-json\/wp\/v2\/product\/24392","targetHints":{"allow":["GET"]}}],"collection":[{"href":"https:\/\/galli.ch\/en\/wp-json\/wp\/v2\/product"}],"about":[{"href":"https:\/\/galli.ch\/en\/wp-json\/wp\/v2\/types\/product"}],"wp:featuredmedia":[{"embeddable":true,"href":"https:\/\/galli.ch\/en\/wp-json\/wp\/v2\/media\/24303"}],"wp:attachment":[{"href":"https:\/\/galli.ch\/en\/wp-json\/wp\/v2\/media?parent=24392"}],"wp:term":[{"taxonomy":"product_brand","embeddable":true,"href":"https:\/\/galli.ch\/en\/wp-json\/wp\/v2\/product_brand?post=24392"},{"taxonomy":"product_cat","embeddable":true,"href":"https:\/\/galli.ch\/en\/wp-json\/wp\/v2\/product_cat?post=24392"},{"taxonomy":"product_tag","embeddable":true,"href":"https:\/\/galli.ch\/en\/wp-json\/wp\/v2\/product_tag?post=24392"}],"curies":[{"name":"wp","href":"https:\/\/api.w.org\/{rel}","templated":true}]}}