{"id":24399,"date":"2024-02-26T11:56:57","date_gmt":"2024-02-26T10:56:57","guid":{"rendered":"https:\/\/galli.ch\/?post_type=product&#038;p=24399"},"modified":"2026-03-30T10:17:37","modified_gmt":"2026-03-30T08:17:37","slug":"master-chronometer-meteorit-41-131-30-41-21-99-001","status":"publish","type":"product","link":"https:\/\/galli.ch\/en\/uhren\/omega\/constellation\/master-chronometer-meteorit-41-131-30-41-21-99-001\/","title":{"rendered":"Omega Constellation Master Chronometer Meteorit 41"},"content":{"rendered":"<p>Die Uhr besitzt ein 41-mm-Geh\u00e4use und ein Monoblock-Armband aus Edelstahl mit den charakteristischen Eigenschaften der Constellation, darunter die polierten Krappen, die Halbmondfacetten und die lasergravierten r\u00f6mischen Ziffern in positivem Relief auf der L\u00fcnette aus Titan Grade 5.<\/p>\n<p>Das faszinierende Zifferblatt wurde aus echtem Eisenmeteorit gefertigt, der mit blauer Farbe bearbeitet wurde. Das nat\u00fcrliche Muster des Meteorits ist bei jedem Modell einzigartig, sodass keine zwei Zifferbl\u00e4tter einander gleichen.<\/p>\n<p>Hinter dem Saphirglasboden wird die eindrucksvolle Uhr von dem Co-Axial Master Chronometer Kaliber 8900 angetrieben. Das Uhrwerk entspricht in Sachen Pr\u00e4zision, Leistung und Widerstandskraft gegen\u00fcber Magnetfeldern den h\u00f6chsten Standards und wurde vom Schweizerischen Eidgen\u00f6ssischen Institut f\u00fcr Metrologie (METAS) zertifiziert.<\/p>\n","protected":false},"excerpt":{"rendered":"<p>Die Uhr besitzt ein 41-mm-Geh\u00e4use und ein Monoblock-Armband aus Edelstahl mit den charakteristischen Eigenschaften der Constellation, darunter die polierten Krappen, die Halbmondfacetten und die lasergravierten r\u00f6mischen Ziffern in positivem Relief auf der L\u00fcnette aus Titan Grade 5. Das faszinierende Zifferblatt wurde aus echtem Eisenmeteorit gefertigt, der mit blauer Farbe bearbeitet wurde. Das nat\u00fcrliche Muster des&#8230;  <a class=\"excerpt-read-more\" href=\"https:\/\/galli.ch\/en\/uhren\/omega\/constellation\/master-chronometer-meteorit-41-131-30-41-21-99-001\/\" title=\"Read Omega Constellation Master Chronometer Meteorit 41\">Weiter &raquo;<\/a><\/p>\n","protected":false},"featured_media":24297,"template":"","meta":{"_acf_changed":false,"inline_featured_image":false},"product_brand":[],"product_cat":[188],"product_tag":[],"class_list":{"0":"post-24399","1":"product","2":"type-product","3":"status-publish","4":"has-post-thumbnail","6":"uhrenhersteller-omega","7":"uhrenhersteller-constellation","8":"product_cat-uhren","10":"first","11":"outofstock","12":"taxable","13":"shipping-taxable","14":"purchasable","15":"product-type-simple"},"acf":[],"yoast_head":"<!-- This site is optimized with the Yoast SEO plugin v25.5 - https:\/\/yoast.com\/wordpress\/plugins\/seo\/ -->\n<title>Omega Constellation Master Chronometer Meteorit 41 - Galli Uhren Bijouterie<\/title>\n<meta name=\"robots\" content=\"index, follow, max-snippet:-1, max-image-preview:large, max-video-preview:-1\" \/>\n<link rel=\"canonical\" href=\"https:\/\/galli.ch\/uhren\/omega\/constellation\/master-chronometer-meteorit-41-131-30-41-21-99-001\/\" \/>\n<meta property=\"og:locale\" content=\"en_US\" \/>\n<meta property=\"og:type\" content=\"article\" \/>\n<meta property=\"og:title\" content=\"Omega Constellation Master Chronometer Meteorit 41 - Galli Uhren Bijouterie\" \/>\n<meta property=\"og:description\" content=\"Die Uhr besitzt ein 41-mm-Geh\u00e4use und ein Monoblock-Armband aus Edelstahl mit den charakteristischen Eigenschaften der Constellation, darunter die polierten Krappen, die Halbmondfacetten und die lasergravierten r\u00f6mischen Ziffern in positivem Relief auf der L\u00fcnette aus Titan Grade 5. Das faszinierende Zifferblatt wurde aus echtem Eisenmeteorit gefertigt, der mit blauer Farbe bearbeitet wurde. Das nat\u00fcrliche Muster des... Weiter &raquo;\" \/>\n<meta property=\"og:url\" content=\"https:\/\/galli.ch\/uhren\/omega\/constellation\/master-chronometer-meteorit-41-131-30-41-21-99-001\/\" \/>\n<meta property=\"og:site_name\" content=\"Galli Uhren Bijouterie\" \/>\n<meta property=\"article:modified_time\" content=\"2026-03-30T08:17:37+00:00\" \/>\n<meta property=\"og:image\" content=\"https:\/\/galli.ch\/wp-content\/uploads\/omega-constellation-co-axial-master-chronometer-41-mm-13130412199001-76628d.png\" \/>\n\t<meta property=\"og:image:width\" content=\"1000\" \/>\n\t<meta property=\"og:image:height\" content=\"1400\" \/>\n\t<meta property=\"og:image:type\" content=\"image\/png\" \/>\n<meta name=\"twitter:card\" content=\"summary_large_image\" \/>\n<script type=\"application\/ld+json\" class=\"yoast-schema-graph\">{\"@context\":\"https:\/\/schema.org\",\"@graph\":[{\"@type\":\"WebPage\",\"@id\":\"https:\/\/galli.ch\/uhren\/omega\/constellation\/master-chronometer-meteorit-41-131-30-41-21-99-001\/\",\"url\":\"https:\/\/galli.ch\/uhren\/omega\/constellation\/master-chronometer-meteorit-41-131-30-41-21-99-001\/\",\"name\":\"Omega Constellation Master Chronometer Meteorit 41 - Galli Uhren Bijouterie\",\"isPartOf\":{\"@id\":\"http:\/\/galli.ch\/en\/#website\"},\"primaryImageOfPage\":{\"@id\":\"https:\/\/galli.ch\/uhren\/omega\/constellation\/master-chronometer-meteorit-41-131-30-41-21-99-001\/#primaryimage\"},\"image\":{\"@id\":\"https:\/\/galli.ch\/uhren\/omega\/constellation\/master-chronometer-meteorit-41-131-30-41-21-99-001\/#primaryimage\"},\"thumbnailUrl\":\"https:\/\/galli.ch\/wp-content\/uploads\/omega-constellation-co-axial-master-chronometer-41-mm-13130412199001-76628d.png\",\"datePublished\":\"2024-02-26T10:56:57+00:00\",\"dateModified\":\"2026-03-30T08:17:37+00:00\",\"breadcrumb\":{\"@id\":\"https:\/\/galli.ch\/uhren\/omega\/constellation\/master-chronometer-meteorit-41-131-30-41-21-99-001\/#breadcrumb\"},\"inLanguage\":\"en-US\",\"potentialAction\":[{\"@type\":\"ReadAction\",\"target\":[\"https:\/\/galli.ch\/uhren\/omega\/constellation\/master-chronometer-meteorit-41-131-30-41-21-99-001\/\"]}]},{\"@type\":\"ImageObject\",\"inLanguage\":\"en-US\",\"@id\":\"https:\/\/galli.ch\/uhren\/omega\/constellation\/master-chronometer-meteorit-41-131-30-41-21-99-001\/#primaryimage\",\"url\":\"https:\/\/galli.ch\/wp-content\/uploads\/omega-constellation-co-axial-master-chronometer-41-mm-13130412199001-76628d.png\",\"contentUrl\":\"https:\/\/galli.ch\/wp-content\/uploads\/omega-constellation-co-axial-master-chronometer-41-mm-13130412199001-76628d.png\",\"width\":1000,\"height\":1400},{\"@type\":\"BreadcrumbList\",\"@id\":\"https:\/\/galli.ch\/uhren\/omega\/constellation\/master-chronometer-meteorit-41-131-30-41-21-99-001\/#breadcrumb\",\"itemListElement\":[{\"@type\":\"ListItem\",\"position\":1,\"name\":\"Home\",\"item\":\"https:\/\/galli.ch\/en\/\"},{\"@type\":\"ListItem\",\"position\":2,\"name\":\"Uhren\",\"item\":\"https:\/\/galli.ch\/en\/uhren\/\"},{\"@type\":\"ListItem\",\"position\":3,\"name\":\"Omega Constellation Master Chronometer Meteorit 41\"}]},{\"@type\":\"WebSite\",\"@id\":\"http:\/\/galli.ch\/en\/#website\",\"url\":\"http:\/\/galli.ch\/en\/\",\"name\":\"Galli Uhren Bijouterie\",\"description\":\"\",\"potentialAction\":[{\"@type\":\"SearchAction\",\"target\":{\"@type\":\"EntryPoint\",\"urlTemplate\":\"http:\/\/galli.ch\/en\/?s={search_term_string}\"},\"query-input\":{\"@type\":\"PropertyValueSpecification\",\"valueRequired\":true,\"valueName\":\"search_term_string\"}}],\"inLanguage\":\"en-US\"}]}<\/script>\n<!-- \/ Yoast SEO plugin. -->","yoast_head_json":{"title":"Omega Constellation Master Chronometer Meteorit 41 - Galli Uhren Bijouterie","robots":{"index":"index","follow":"follow","max-snippet":"max-snippet:-1","max-image-preview":"max-image-preview:large","max-video-preview":"max-video-preview:-1"},"canonical":"https:\/\/galli.ch\/uhren\/omega\/constellation\/master-chronometer-meteorit-41-131-30-41-21-99-001\/","og_locale":"en_US","og_type":"article","og_title":"Omega Constellation Master Chronometer Meteorit 41 - Galli Uhren Bijouterie","og_description":"Die Uhr besitzt ein 41-mm-Geh\u00e4use und ein Monoblock-Armband aus Edelstahl mit den charakteristischen Eigenschaften der Constellation, darunter die polierten Krappen, die Halbmondfacetten und die lasergravierten r\u00f6mischen Ziffern in positivem Relief auf der L\u00fcnette aus Titan Grade 5. Das faszinierende Zifferblatt wurde aus echtem Eisenmeteorit gefertigt, der mit blauer Farbe bearbeitet wurde. Das nat\u00fcrliche Muster des... Weiter &raquo;","og_url":"https:\/\/galli.ch\/uhren\/omega\/constellation\/master-chronometer-meteorit-41-131-30-41-21-99-001\/","og_site_name":"Galli Uhren Bijouterie","article_modified_time":"2026-03-30T08:17:37+00:00","og_image":[{"width":1000,"height":1400,"url":"https:\/\/galli.ch\/wp-content\/uploads\/omega-constellation-co-axial-master-chronometer-41-mm-13130412199001-76628d.png","type":"image\/png"}],"twitter_card":"summary_large_image","schema":{"@context":"https:\/\/schema.org","@graph":[{"@type":"WebPage","@id":"https:\/\/galli.ch\/uhren\/omega\/constellation\/master-chronometer-meteorit-41-131-30-41-21-99-001\/","url":"https:\/\/galli.ch\/uhren\/omega\/constellation\/master-chronometer-meteorit-41-131-30-41-21-99-001\/","name":"Omega Constellation Master Chronometer Meteorit 41 - Galli Uhren Bijouterie","isPartOf":{"@id":"http:\/\/galli.ch\/en\/#website"},"primaryImageOfPage":{"@id":"https:\/\/galli.ch\/uhren\/omega\/constellation\/master-chronometer-meteorit-41-131-30-41-21-99-001\/#primaryimage"},"image":{"@id":"https:\/\/galli.ch\/uhren\/omega\/constellation\/master-chronometer-meteorit-41-131-30-41-21-99-001\/#primaryimage"},"thumbnailUrl":"https:\/\/galli.ch\/wp-content\/uploads\/omega-constellation-co-axial-master-chronometer-41-mm-13130412199001-76628d.png","datePublished":"2024-02-26T10:56:57+00:00","dateModified":"2026-03-30T08:17:37+00:00","breadcrumb":{"@id":"https:\/\/galli.ch\/uhren\/omega\/constellation\/master-chronometer-meteorit-41-131-30-41-21-99-001\/#breadcrumb"},"inLanguage":"en-US","potentialAction":[{"@type":"ReadAction","target":["https:\/\/galli.ch\/uhren\/omega\/constellation\/master-chronometer-meteorit-41-131-30-41-21-99-001\/"]}]},{"@type":"ImageObject","inLanguage":"en-US","@id":"https:\/\/galli.ch\/uhren\/omega\/constellation\/master-chronometer-meteorit-41-131-30-41-21-99-001\/#primaryimage","url":"https:\/\/galli.ch\/wp-content\/uploads\/omega-constellation-co-axial-master-chronometer-41-mm-13130412199001-76628d.png","contentUrl":"https:\/\/galli.ch\/wp-content\/uploads\/omega-constellation-co-axial-master-chronometer-41-mm-13130412199001-76628d.png","width":1000,"height":1400},{"@type":"BreadcrumbList","@id":"https:\/\/galli.ch\/uhren\/omega\/constellation\/master-chronometer-meteorit-41-131-30-41-21-99-001\/#breadcrumb","itemListElement":[{"@type":"ListItem","position":1,"name":"Home","item":"https:\/\/galli.ch\/en\/"},{"@type":"ListItem","position":2,"name":"Uhren","item":"https:\/\/galli.ch\/en\/uhren\/"},{"@type":"ListItem","position":3,"name":"Omega Constellation Master Chronometer Meteorit 41"}]},{"@type":"WebSite","@id":"http:\/\/galli.ch\/en\/#website","url":"http:\/\/galli.ch\/en\/","name":"Galli Uhren Bijouterie","description":"","potentialAction":[{"@type":"SearchAction","target":{"@type":"EntryPoint","urlTemplate":"http:\/\/galli.ch\/en\/?s={search_term_string}"},"query-input":{"@type":"PropertyValueSpecification","valueRequired":true,"valueName":"search_term_string"}}],"inLanguage":"en-US"}]}},"_links":{"self":[{"href":"https:\/\/galli.ch\/en\/wp-json\/wp\/v2\/product\/24399","targetHints":{"allow":["GET"]}}],"collection":[{"href":"https:\/\/galli.ch\/en\/wp-json\/wp\/v2\/product"}],"about":[{"href":"https:\/\/galli.ch\/en\/wp-json\/wp\/v2\/types\/product"}],"wp:featuredmedia":[{"embeddable":true,"href":"https:\/\/galli.ch\/en\/wp-json\/wp\/v2\/media\/24297"}],"wp:attachment":[{"href":"https:\/\/galli.ch\/en\/wp-json\/wp\/v2\/media?parent=24399"}],"wp:term":[{"taxonomy":"product_brand","embeddable":true,"href":"https:\/\/galli.ch\/en\/wp-json\/wp\/v2\/product_brand?post=24399"},{"taxonomy":"product_cat","embeddable":true,"href":"https:\/\/galli.ch\/en\/wp-json\/wp\/v2\/product_cat?post=24399"},{"taxonomy":"product_tag","embeddable":true,"href":"https:\/\/galli.ch\/en\/wp-json\/wp\/v2\/product_tag?post=24399"}],"curies":[{"name":"wp","href":"https:\/\/api.w.org\/{rel}","templated":true}]}}