{"id":24401,"date":"2024-02-26T13:33:18","date_gmt":"2024-02-26T12:33:18","guid":{"rendered":"https:\/\/galli.ch\/?post_type=product&#038;p=24401"},"modified":"2026-03-02T12:33:38","modified_gmt":"2026-03-02T11:33:38","slug":"constellation-master-chronometer-meteorit-29-131-25-29-20-99-002","status":"publish","type":"product","link":"https:\/\/galli.ch\/en\/uhren\/omega\/constellation\/constellation-master-chronometer-meteorit-29-131-25-29-20-99-002\/","title":{"rendered":"Omega Constellation Master Chronometer Meteorit 29"},"content":{"rendered":"<p>Die Uhr verf\u00fcgt \u00fcber ein 29-mm-Geh\u00e4use mit einem Armband aus Edelstahl und 18-kar\u00e4tigem Gelbgold und weist viele der charakteristischen Merkmale der Constellation-Linie auf, wie polierte Krallen, halbmondf\u00f6rmige Facetten und eine diamantbesetzte L\u00fcnette.<\/p>\n<p>Das atemberaubende Zifferblatt ist aus einem echten Eisenmeteoriten gefertigt, das einer Moonshine\u2122 Gold PVD-Behandlung unterzogen wurde. Das nat\u00fcrliche Muster des Meteoriten ist bei jedem Modell anders und garantiert die Einzigartigkeit der Uhr.<\/p>\n<p>Hinter dem Saphirglasboden wird die Uhr vom Kaliber 8700 Co-Axial Master Chronometer angetrieben, das vom Eidgen\u00f6ssischen Institut f\u00fcr Metrologie (METAS) zertifiziert wurde und h\u00f6chste Anspr\u00fcche an Pr\u00e4zision, Leistung und Magnetresistenz garantiert.<\/p>\n","protected":false},"excerpt":{"rendered":"<p>Die Uhr verf\u00fcgt \u00fcber ein 29-mm-Geh\u00e4use mit einem Armband aus Edelstahl und 18-kar\u00e4tigem Gelbgold und weist viele der charakteristischen Merkmale der Constellation-Linie auf, wie polierte Krallen, halbmondf\u00f6rmige Facetten und eine diamantbesetzte L\u00fcnette. Das atemberaubende Zifferblatt ist aus einem echten Eisenmeteoriten gefertigt, das einer Moonshine\u2122 Gold PVD-Behandlung unterzogen wurde. Das nat\u00fcrliche Muster des Meteoriten ist bei&#8230;  <a class=\"excerpt-read-more\" href=\"https:\/\/galli.ch\/en\/uhren\/omega\/constellation\/constellation-master-chronometer-meteorit-29-131-25-29-20-99-002\/\" title=\"Read Omega Constellation Master Chronometer Meteorit 29\">Weiter &raquo;<\/a><\/p>\n","protected":false},"featured_media":24295,"template":"","meta":{"_acf_changed":false,"inline_featured_image":false},"product_brand":[],"product_cat":[188],"product_tag":[],"class_list":{"0":"post-24401","1":"product","2":"type-product","3":"status-publish","4":"has-post-thumbnail","6":"uhrenhersteller-omega","7":"uhrenhersteller-constellation","8":"product_cat-uhren","10":"first","11":"outofstock","12":"taxable","13":"shipping-taxable","14":"purchasable","15":"product-type-simple"},"acf":[],"yoast_head":"<!-- This site is optimized with the Yoast SEO plugin v25.5 - https:\/\/yoast.com\/wordpress\/plugins\/seo\/ -->\n<title>Omega Constellation Master Chronometer Meteorit 29 - Galli Uhren Bijouterie<\/title>\n<meta name=\"robots\" content=\"index, follow, max-snippet:-1, max-image-preview:large, max-video-preview:-1\" \/>\n<link rel=\"canonical\" href=\"https:\/\/galli.ch\/uhren\/omega\/constellation\/constellation-master-chronometer-meteorit-29-131-25-29-20-99-002\/\" \/>\n<meta property=\"og:locale\" content=\"en_US\" \/>\n<meta property=\"og:type\" content=\"article\" \/>\n<meta property=\"og:title\" content=\"Omega Constellation Master Chronometer Meteorit 29 - Galli Uhren Bijouterie\" \/>\n<meta property=\"og:description\" content=\"Die Uhr verf\u00fcgt \u00fcber ein 29-mm-Geh\u00e4use mit einem Armband aus Edelstahl und 18-kar\u00e4tigem Gelbgold und weist viele der charakteristischen Merkmale der Constellation-Linie auf, wie polierte Krallen, halbmondf\u00f6rmige Facetten und eine diamantbesetzte L\u00fcnette. Das atemberaubende Zifferblatt ist aus einem echten Eisenmeteoriten gefertigt, das einer Moonshine\u2122 Gold PVD-Behandlung unterzogen wurde. Das nat\u00fcrliche Muster des Meteoriten ist bei... Weiter &raquo;\" \/>\n<meta property=\"og:url\" content=\"https:\/\/galli.ch\/uhren\/omega\/constellation\/constellation-master-chronometer-meteorit-29-131-25-29-20-99-002\/\" \/>\n<meta property=\"og:site_name\" content=\"Galli Uhren Bijouterie\" \/>\n<meta property=\"article:modified_time\" content=\"2026-03-02T11:33:38+00:00\" \/>\n<meta property=\"og:image\" content=\"https:\/\/galli.ch\/wp-content\/uploads\/omega-constellation-co-axial-master-chronometer-29-mm-13125292099002-55fd5c.png\" \/>\n\t<meta property=\"og:image:width\" content=\"1000\" \/>\n\t<meta property=\"og:image:height\" content=\"1400\" \/>\n\t<meta property=\"og:image:type\" content=\"image\/png\" \/>\n<meta name=\"twitter:card\" content=\"summary_large_image\" \/>\n<script type=\"application\/ld+json\" class=\"yoast-schema-graph\">{\"@context\":\"https:\/\/schema.org\",\"@graph\":[{\"@type\":\"WebPage\",\"@id\":\"https:\/\/galli.ch\/uhren\/omega\/constellation\/constellation-master-chronometer-meteorit-29-131-25-29-20-99-002\/\",\"url\":\"https:\/\/galli.ch\/uhren\/omega\/constellation\/constellation-master-chronometer-meteorit-29-131-25-29-20-99-002\/\",\"name\":\"Omega Constellation Master Chronometer Meteorit 29 - Galli Uhren Bijouterie\",\"isPartOf\":{\"@id\":\"http:\/\/galli.ch\/en\/#website\"},\"primaryImageOfPage\":{\"@id\":\"https:\/\/galli.ch\/uhren\/omega\/constellation\/constellation-master-chronometer-meteorit-29-131-25-29-20-99-002\/#primaryimage\"},\"image\":{\"@id\":\"https:\/\/galli.ch\/uhren\/omega\/constellation\/constellation-master-chronometer-meteorit-29-131-25-29-20-99-002\/#primaryimage\"},\"thumbnailUrl\":\"https:\/\/galli.ch\/wp-content\/uploads\/omega-constellation-co-axial-master-chronometer-29-mm-13125292099002-55fd5c.png\",\"datePublished\":\"2024-02-26T12:33:18+00:00\",\"dateModified\":\"2026-03-02T11:33:38+00:00\",\"breadcrumb\":{\"@id\":\"https:\/\/galli.ch\/uhren\/omega\/constellation\/constellation-master-chronometer-meteorit-29-131-25-29-20-99-002\/#breadcrumb\"},\"inLanguage\":\"en-US\",\"potentialAction\":[{\"@type\":\"ReadAction\",\"target\":[\"https:\/\/galli.ch\/uhren\/omega\/constellation\/constellation-master-chronometer-meteorit-29-131-25-29-20-99-002\/\"]}]},{\"@type\":\"ImageObject\",\"inLanguage\":\"en-US\",\"@id\":\"https:\/\/galli.ch\/uhren\/omega\/constellation\/constellation-master-chronometer-meteorit-29-131-25-29-20-99-002\/#primaryimage\",\"url\":\"https:\/\/galli.ch\/wp-content\/uploads\/omega-constellation-co-axial-master-chronometer-29-mm-13125292099002-55fd5c.png\",\"contentUrl\":\"https:\/\/galli.ch\/wp-content\/uploads\/omega-constellation-co-axial-master-chronometer-29-mm-13125292099002-55fd5c.png\",\"width\":1000,\"height\":1400},{\"@type\":\"BreadcrumbList\",\"@id\":\"https:\/\/galli.ch\/uhren\/omega\/constellation\/constellation-master-chronometer-meteorit-29-131-25-29-20-99-002\/#breadcrumb\",\"itemListElement\":[{\"@type\":\"ListItem\",\"position\":1,\"name\":\"Home\",\"item\":\"https:\/\/galli.ch\/en\/\"},{\"@type\":\"ListItem\",\"position\":2,\"name\":\"Uhren\",\"item\":\"https:\/\/galli.ch\/en\/uhren\/\"},{\"@type\":\"ListItem\",\"position\":3,\"name\":\"Omega Constellation Master Chronometer Meteorit 29\"}]},{\"@type\":\"WebSite\",\"@id\":\"http:\/\/galli.ch\/en\/#website\",\"url\":\"http:\/\/galli.ch\/en\/\",\"name\":\"Galli Uhren Bijouterie\",\"description\":\"\",\"potentialAction\":[{\"@type\":\"SearchAction\",\"target\":{\"@type\":\"EntryPoint\",\"urlTemplate\":\"http:\/\/galli.ch\/en\/?s={search_term_string}\"},\"query-input\":{\"@type\":\"PropertyValueSpecification\",\"valueRequired\":true,\"valueName\":\"search_term_string\"}}],\"inLanguage\":\"en-US\"}]}<\/script>\n<!-- \/ Yoast SEO plugin. -->","yoast_head_json":{"title":"Omega Constellation Master Chronometer Meteorit 29 - Galli Uhren Bijouterie","robots":{"index":"index","follow":"follow","max-snippet":"max-snippet:-1","max-image-preview":"max-image-preview:large","max-video-preview":"max-video-preview:-1"},"canonical":"https:\/\/galli.ch\/uhren\/omega\/constellation\/constellation-master-chronometer-meteorit-29-131-25-29-20-99-002\/","og_locale":"en_US","og_type":"article","og_title":"Omega Constellation Master Chronometer Meteorit 29 - Galli Uhren Bijouterie","og_description":"Die Uhr verf\u00fcgt \u00fcber ein 29-mm-Geh\u00e4use mit einem Armband aus Edelstahl und 18-kar\u00e4tigem Gelbgold und weist viele der charakteristischen Merkmale der Constellation-Linie auf, wie polierte Krallen, halbmondf\u00f6rmige Facetten und eine diamantbesetzte L\u00fcnette. Das atemberaubende Zifferblatt ist aus einem echten Eisenmeteoriten gefertigt, das einer Moonshine\u2122 Gold PVD-Behandlung unterzogen wurde. Das nat\u00fcrliche Muster des Meteoriten ist bei... Weiter &raquo;","og_url":"https:\/\/galli.ch\/uhren\/omega\/constellation\/constellation-master-chronometer-meteorit-29-131-25-29-20-99-002\/","og_site_name":"Galli Uhren Bijouterie","article_modified_time":"2026-03-02T11:33:38+00:00","og_image":[{"width":1000,"height":1400,"url":"https:\/\/galli.ch\/wp-content\/uploads\/omega-constellation-co-axial-master-chronometer-29-mm-13125292099002-55fd5c.png","type":"image\/png"}],"twitter_card":"summary_large_image","schema":{"@context":"https:\/\/schema.org","@graph":[{"@type":"WebPage","@id":"https:\/\/galli.ch\/uhren\/omega\/constellation\/constellation-master-chronometer-meteorit-29-131-25-29-20-99-002\/","url":"https:\/\/galli.ch\/uhren\/omega\/constellation\/constellation-master-chronometer-meteorit-29-131-25-29-20-99-002\/","name":"Omega Constellation Master Chronometer Meteorit 29 - Galli Uhren Bijouterie","isPartOf":{"@id":"http:\/\/galli.ch\/en\/#website"},"primaryImageOfPage":{"@id":"https:\/\/galli.ch\/uhren\/omega\/constellation\/constellation-master-chronometer-meteorit-29-131-25-29-20-99-002\/#primaryimage"},"image":{"@id":"https:\/\/galli.ch\/uhren\/omega\/constellation\/constellation-master-chronometer-meteorit-29-131-25-29-20-99-002\/#primaryimage"},"thumbnailUrl":"https:\/\/galli.ch\/wp-content\/uploads\/omega-constellation-co-axial-master-chronometer-29-mm-13125292099002-55fd5c.png","datePublished":"2024-02-26T12:33:18+00:00","dateModified":"2026-03-02T11:33:38+00:00","breadcrumb":{"@id":"https:\/\/galli.ch\/uhren\/omega\/constellation\/constellation-master-chronometer-meteorit-29-131-25-29-20-99-002\/#breadcrumb"},"inLanguage":"en-US","potentialAction":[{"@type":"ReadAction","target":["https:\/\/galli.ch\/uhren\/omega\/constellation\/constellation-master-chronometer-meteorit-29-131-25-29-20-99-002\/"]}]},{"@type":"ImageObject","inLanguage":"en-US","@id":"https:\/\/galli.ch\/uhren\/omega\/constellation\/constellation-master-chronometer-meteorit-29-131-25-29-20-99-002\/#primaryimage","url":"https:\/\/galli.ch\/wp-content\/uploads\/omega-constellation-co-axial-master-chronometer-29-mm-13125292099002-55fd5c.png","contentUrl":"https:\/\/galli.ch\/wp-content\/uploads\/omega-constellation-co-axial-master-chronometer-29-mm-13125292099002-55fd5c.png","width":1000,"height":1400},{"@type":"BreadcrumbList","@id":"https:\/\/galli.ch\/uhren\/omega\/constellation\/constellation-master-chronometer-meteorit-29-131-25-29-20-99-002\/#breadcrumb","itemListElement":[{"@type":"ListItem","position":1,"name":"Home","item":"https:\/\/galli.ch\/en\/"},{"@type":"ListItem","position":2,"name":"Uhren","item":"https:\/\/galli.ch\/en\/uhren\/"},{"@type":"ListItem","position":3,"name":"Omega Constellation Master Chronometer Meteorit 29"}]},{"@type":"WebSite","@id":"http:\/\/galli.ch\/en\/#website","url":"http:\/\/galli.ch\/en\/","name":"Galli Uhren Bijouterie","description":"","potentialAction":[{"@type":"SearchAction","target":{"@type":"EntryPoint","urlTemplate":"http:\/\/galli.ch\/en\/?s={search_term_string}"},"query-input":{"@type":"PropertyValueSpecification","valueRequired":true,"valueName":"search_term_string"}}],"inLanguage":"en-US"}]}},"_links":{"self":[{"href":"https:\/\/galli.ch\/en\/wp-json\/wp\/v2\/product\/24401","targetHints":{"allow":["GET"]}}],"collection":[{"href":"https:\/\/galli.ch\/en\/wp-json\/wp\/v2\/product"}],"about":[{"href":"https:\/\/galli.ch\/en\/wp-json\/wp\/v2\/types\/product"}],"wp:featuredmedia":[{"embeddable":true,"href":"https:\/\/galli.ch\/en\/wp-json\/wp\/v2\/media\/24295"}],"wp:attachment":[{"href":"https:\/\/galli.ch\/en\/wp-json\/wp\/v2\/media?parent=24401"}],"wp:term":[{"taxonomy":"product_brand","embeddable":true,"href":"https:\/\/galli.ch\/en\/wp-json\/wp\/v2\/product_brand?post=24401"},{"taxonomy":"product_cat","embeddable":true,"href":"https:\/\/galli.ch\/en\/wp-json\/wp\/v2\/product_cat?post=24401"},{"taxonomy":"product_tag","embeddable":true,"href":"https:\/\/galli.ch\/en\/wp-json\/wp\/v2\/product_tag?post=24401"}],"curies":[{"name":"wp","href":"https:\/\/api.w.org\/{rel}","templated":true}]}}