{"id":24514,"date":"2024-03-01T16:12:52","date_gmt":"2024-03-01T15:12:52","guid":{"rendered":"https:\/\/galli.ch\/?post_type=product&#038;p=24514"},"modified":"2026-03-30T10:13:51","modified_gmt":"2026-03-30T08:13:51","slug":"automatic-40-iw328903","status":"publish","type":"product","link":"https:\/\/galli.ch\/en\/uhren\/iwc\/ingenieur\/automatic-40-iw328903\/","title":{"rendered":"IWC Ingenieur Automatic 40"},"content":{"rendered":"<p>Die neue Ingenieur Automatic 40 vereint die markanten \u00e4sthetischen Codes der ikonischen Ingenieur SL von G\u00e9rald Genta aus den 1970er-Jahren mit der hervorragenden Ergonomie, hochwertigen Verarbeitung und ausgepr\u00e4gten Vielseitigkeit einer Sportuhr des 21. Jahrhunderts.<\/p>\n<p>Ihr Design reflektiert die Fusion aus zeitloser Eleganz und moderner Funktionalit\u00e4t, die die Ingenieur SL auszeichnete und die nun in der neuen Ingenieur Automatic 40 fortgef\u00fchrt wird.<\/p>\n","protected":false},"excerpt":{"rendered":"<p>Die neue Ingenieur Automatic 40 vereint die markanten \u00e4sthetischen Codes der ikonischen Ingenieur SL von G\u00e9rald Genta aus den 1970er-Jahren mit der hervorragenden Ergonomie, hochwertigen Verarbeitung und ausgepr\u00e4gten Vielseitigkeit einer Sportuhr des 21. Jahrhunderts. Ihr Design reflektiert die Fusion aus zeitloser Eleganz und moderner Funktionalit\u00e4t, die die Ingenieur SL auszeichnete und die nun in der&#8230;  <a class=\"excerpt-read-more\" href=\"https:\/\/galli.ch\/en\/uhren\/iwc\/ingenieur\/automatic-40-iw328903\/\" title=\"Read IWC Ingenieur Automatic 40\">Weiter &raquo;<\/a><\/p>\n","protected":false},"featured_media":24275,"template":"","meta":{"_acf_changed":false,"inline_featured_image":false},"product_brand":[],"product_cat":[188],"product_tag":[],"class_list":{"0":"post-24514","1":"product","2":"type-product","3":"status-publish","4":"has-post-thumbnail","6":"uhrenhersteller-iwc","7":"uhrenhersteller-ingenieur","8":"product_cat-uhren","10":"first","11":"instock","12":"taxable","13":"shipping-taxable","14":"purchasable","15":"product-type-simple"},"acf":[],"yoast_head":"<!-- This site is optimized with the Yoast SEO plugin v25.5 - https:\/\/yoast.com\/wordpress\/plugins\/seo\/ -->\n<title>IWC Ingenieur Automatic 40 - Galli Uhren Bijouterie<\/title>\n<meta name=\"robots\" content=\"index, follow, max-snippet:-1, max-image-preview:large, max-video-preview:-1\" \/>\n<link rel=\"canonical\" href=\"https:\/\/galli.ch\/uhren\/iwc\/ingenieur\/automatic-40-iw328903\/\" \/>\n<meta property=\"og:locale\" content=\"en_US\" \/>\n<meta property=\"og:type\" content=\"article\" \/>\n<meta property=\"og:title\" content=\"IWC Ingenieur Automatic 40 - Galli Uhren Bijouterie\" \/>\n<meta property=\"og:description\" content=\"Die neue Ingenieur Automatic 40 vereint die markanten \u00e4sthetischen Codes der ikonischen Ingenieur SL von G\u00e9rald Genta aus den 1970er-Jahren mit der hervorragenden Ergonomie, hochwertigen Verarbeitung und ausgepr\u00e4gten Vielseitigkeit einer Sportuhr des 21. Jahrhunderts. Ihr Design reflektiert die Fusion aus zeitloser Eleganz und moderner Funktionalit\u00e4t, die die Ingenieur SL auszeichnete und die nun in der... Weiter &raquo;\" \/>\n<meta property=\"og:url\" content=\"https:\/\/galli.ch\/uhren\/iwc\/ingenieur\/automatic-40-iw328903\/\" \/>\n<meta property=\"og:site_name\" content=\"Galli Uhren Bijouterie\" \/>\n<meta property=\"article:modified_time\" content=\"2026-03-30T08:13:51+00:00\" \/>\n<meta property=\"og:image\" content=\"https:\/\/galli.ch\/wp-content\/uploads\/DN1KO7JudECQJp5PTJZKGA.png.png\" \/>\n\t<meta property=\"og:image:width\" content=\"1000\" \/>\n\t<meta property=\"og:image:height\" content=\"1400\" \/>\n\t<meta property=\"og:image:type\" content=\"image\/png\" \/>\n<meta name=\"twitter:card\" content=\"summary_large_image\" \/>\n<script type=\"application\/ld+json\" class=\"yoast-schema-graph\">{\"@context\":\"https:\/\/schema.org\",\"@graph\":[{\"@type\":\"WebPage\",\"@id\":\"https:\/\/galli.ch\/uhren\/iwc\/ingenieur\/automatic-40-iw328903\/\",\"url\":\"https:\/\/galli.ch\/uhren\/iwc\/ingenieur\/automatic-40-iw328903\/\",\"name\":\"IWC Ingenieur Automatic 40 - Galli Uhren Bijouterie\",\"isPartOf\":{\"@id\":\"http:\/\/galli.ch\/en\/#website\"},\"primaryImageOfPage\":{\"@id\":\"https:\/\/galli.ch\/uhren\/iwc\/ingenieur\/automatic-40-iw328903\/#primaryimage\"},\"image\":{\"@id\":\"https:\/\/galli.ch\/uhren\/iwc\/ingenieur\/automatic-40-iw328903\/#primaryimage\"},\"thumbnailUrl\":\"https:\/\/galli.ch\/wp-content\/uploads\/DN1KO7JudECQJp5PTJZKGA.png.png\",\"datePublished\":\"2024-03-01T15:12:52+00:00\",\"dateModified\":\"2026-03-30T08:13:51+00:00\",\"breadcrumb\":{\"@id\":\"https:\/\/galli.ch\/uhren\/iwc\/ingenieur\/automatic-40-iw328903\/#breadcrumb\"},\"inLanguage\":\"en-US\",\"potentialAction\":[{\"@type\":\"ReadAction\",\"target\":[\"https:\/\/galli.ch\/uhren\/iwc\/ingenieur\/automatic-40-iw328903\/\"]}]},{\"@type\":\"ImageObject\",\"inLanguage\":\"en-US\",\"@id\":\"https:\/\/galli.ch\/uhren\/iwc\/ingenieur\/automatic-40-iw328903\/#primaryimage\",\"url\":\"https:\/\/galli.ch\/wp-content\/uploads\/DN1KO7JudECQJp5PTJZKGA.png.png\",\"contentUrl\":\"https:\/\/galli.ch\/wp-content\/uploads\/DN1KO7JudECQJp5PTJZKGA.png.png\",\"width\":1000,\"height\":1400,\"caption\":\"iwc-ingenieur-galli-zurich\"},{\"@type\":\"BreadcrumbList\",\"@id\":\"https:\/\/galli.ch\/uhren\/iwc\/ingenieur\/automatic-40-iw328903\/#breadcrumb\",\"itemListElement\":[{\"@type\":\"ListItem\",\"position\":1,\"name\":\"Home\",\"item\":\"https:\/\/galli.ch\/en\/\"},{\"@type\":\"ListItem\",\"position\":2,\"name\":\"Uhren\",\"item\":\"https:\/\/galli.ch\/en\/uhren\/\"},{\"@type\":\"ListItem\",\"position\":3,\"name\":\"Ingenieur Automatic 40\"}]},{\"@type\":\"WebSite\",\"@id\":\"http:\/\/galli.ch\/en\/#website\",\"url\":\"http:\/\/galli.ch\/en\/\",\"name\":\"Galli Uhren Bijouterie\",\"description\":\"\",\"potentialAction\":[{\"@type\":\"SearchAction\",\"target\":{\"@type\":\"EntryPoint\",\"urlTemplate\":\"http:\/\/galli.ch\/en\/?s={search_term_string}\"},\"query-input\":{\"@type\":\"PropertyValueSpecification\",\"valueRequired\":true,\"valueName\":\"search_term_string\"}}],\"inLanguage\":\"en-US\"}]}<\/script>\n<!-- \/ Yoast SEO plugin. -->","yoast_head_json":{"title":"IWC Ingenieur Automatic 40 - Galli Uhren Bijouterie","robots":{"index":"index","follow":"follow","max-snippet":"max-snippet:-1","max-image-preview":"max-image-preview:large","max-video-preview":"max-video-preview:-1"},"canonical":"https:\/\/galli.ch\/uhren\/iwc\/ingenieur\/automatic-40-iw328903\/","og_locale":"en_US","og_type":"article","og_title":"IWC Ingenieur Automatic 40 - Galli Uhren Bijouterie","og_description":"Die neue Ingenieur Automatic 40 vereint die markanten \u00e4sthetischen Codes der ikonischen Ingenieur SL von G\u00e9rald Genta aus den 1970er-Jahren mit der hervorragenden Ergonomie, hochwertigen Verarbeitung und ausgepr\u00e4gten Vielseitigkeit einer Sportuhr des 21. Jahrhunderts. Ihr Design reflektiert die Fusion aus zeitloser Eleganz und moderner Funktionalit\u00e4t, die die Ingenieur SL auszeichnete und die nun in der... Weiter &raquo;","og_url":"https:\/\/galli.ch\/uhren\/iwc\/ingenieur\/automatic-40-iw328903\/","og_site_name":"Galli Uhren Bijouterie","article_modified_time":"2026-03-30T08:13:51+00:00","og_image":[{"width":1000,"height":1400,"url":"https:\/\/galli.ch\/wp-content\/uploads\/DN1KO7JudECQJp5PTJZKGA.png.png","type":"image\/png"}],"twitter_card":"summary_large_image","schema":{"@context":"https:\/\/schema.org","@graph":[{"@type":"WebPage","@id":"https:\/\/galli.ch\/uhren\/iwc\/ingenieur\/automatic-40-iw328903\/","url":"https:\/\/galli.ch\/uhren\/iwc\/ingenieur\/automatic-40-iw328903\/","name":"IWC Ingenieur Automatic 40 - Galli Uhren Bijouterie","isPartOf":{"@id":"http:\/\/galli.ch\/en\/#website"},"primaryImageOfPage":{"@id":"https:\/\/galli.ch\/uhren\/iwc\/ingenieur\/automatic-40-iw328903\/#primaryimage"},"image":{"@id":"https:\/\/galli.ch\/uhren\/iwc\/ingenieur\/automatic-40-iw328903\/#primaryimage"},"thumbnailUrl":"https:\/\/galli.ch\/wp-content\/uploads\/DN1KO7JudECQJp5PTJZKGA.png.png","datePublished":"2024-03-01T15:12:52+00:00","dateModified":"2026-03-30T08:13:51+00:00","breadcrumb":{"@id":"https:\/\/galli.ch\/uhren\/iwc\/ingenieur\/automatic-40-iw328903\/#breadcrumb"},"inLanguage":"en-US","potentialAction":[{"@type":"ReadAction","target":["https:\/\/galli.ch\/uhren\/iwc\/ingenieur\/automatic-40-iw328903\/"]}]},{"@type":"ImageObject","inLanguage":"en-US","@id":"https:\/\/galli.ch\/uhren\/iwc\/ingenieur\/automatic-40-iw328903\/#primaryimage","url":"https:\/\/galli.ch\/wp-content\/uploads\/DN1KO7JudECQJp5PTJZKGA.png.png","contentUrl":"https:\/\/galli.ch\/wp-content\/uploads\/DN1KO7JudECQJp5PTJZKGA.png.png","width":1000,"height":1400,"caption":"iwc-ingenieur-galli-zurich"},{"@type":"BreadcrumbList","@id":"https:\/\/galli.ch\/uhren\/iwc\/ingenieur\/automatic-40-iw328903\/#breadcrumb","itemListElement":[{"@type":"ListItem","position":1,"name":"Home","item":"https:\/\/galli.ch\/en\/"},{"@type":"ListItem","position":2,"name":"Uhren","item":"https:\/\/galli.ch\/en\/uhren\/"},{"@type":"ListItem","position":3,"name":"Ingenieur Automatic 40"}]},{"@type":"WebSite","@id":"http:\/\/galli.ch\/en\/#website","url":"http:\/\/galli.ch\/en\/","name":"Galli Uhren Bijouterie","description":"","potentialAction":[{"@type":"SearchAction","target":{"@type":"EntryPoint","urlTemplate":"http:\/\/galli.ch\/en\/?s={search_term_string}"},"query-input":{"@type":"PropertyValueSpecification","valueRequired":true,"valueName":"search_term_string"}}],"inLanguage":"en-US"}]}},"_links":{"self":[{"href":"https:\/\/galli.ch\/en\/wp-json\/wp\/v2\/product\/24514","targetHints":{"allow":["GET"]}}],"collection":[{"href":"https:\/\/galli.ch\/en\/wp-json\/wp\/v2\/product"}],"about":[{"href":"https:\/\/galli.ch\/en\/wp-json\/wp\/v2\/types\/product"}],"wp:featuredmedia":[{"embeddable":true,"href":"https:\/\/galli.ch\/en\/wp-json\/wp\/v2\/media\/24275"}],"wp:attachment":[{"href":"https:\/\/galli.ch\/en\/wp-json\/wp\/v2\/media?parent=24514"}],"wp:term":[{"taxonomy":"product_brand","embeddable":true,"href":"https:\/\/galli.ch\/en\/wp-json\/wp\/v2\/product_brand?post=24514"},{"taxonomy":"product_cat","embeddable":true,"href":"https:\/\/galli.ch\/en\/wp-json\/wp\/v2\/product_cat?post=24514"},{"taxonomy":"product_tag","embeddable":true,"href":"https:\/\/galli.ch\/en\/wp-json\/wp\/v2\/product_tag?post=24514"}],"curies":[{"name":"wp","href":"https:\/\/api.w.org\/{rel}","templated":true}]}}