{"id":2519,"date":"2018-08-23T13:01:39","date_gmt":"2018-08-23T13:01:39","guid":{"rendered":"http:\/\/galli.ch\/?post_type=schmuck&#038;p=2519"},"modified":"2025-03-13T13:44:10","modified_gmt":"2025-03-13T12:44:10","slug":"5_21818_02","status":"publish","type":"product","link":"https:\/\/galli.ch\/en\/schmuck\/gellner\/5_21818_02\/","title":{"rendered":"Gellner Castaway Armband"},"content":{"rendered":"<p>Von jeher haben Perlen Fantasien geweckt und Herzen erobert. Das zeigt auch die Geschichte der Schmuckmanufaktur Gellner. Sie ist gepr\u00e4gt von der Liebe zu Zuchtperlen und der Begeisterung fu\u0308r deren besondere Magie. Eine Liebe, der man immer treu geblieben ist. Heute fu\u0308hrt J\u00f6rg Gellner das 1967 von seinen Eltern Heinz und Tove Gellner gegru\u0308ndete Unternehmen. In zweiter Generation mit grosser Passion.<\/p>\n<p>Castaway verbindet Wert mit Wirkung, zeigt Understatement mit Star-Appeal. Kostbare Diamanten bringen Glanz, ausgew\u00e4hlte Saphire und Turmaline Farbe und handverlesene Zuchtperlen nat\u00fcrlichen Zauber ins Spiel. Das Ergebnis sind Schmuckst\u00fccke, die auf dem roten Teppich genauso zu begeistern verm\u00f6gen wie beim Treffen mit guten Freundinnen. Castaway verleiht auch zur\u00fcckhaltender Noblesse authentische Wirkung.<\/p>\n","protected":false},"excerpt":{"rendered":"<p>Von jeher haben Perlen Fantasien geweckt und Herzen erobert. Das zeigt auch die Geschichte der Schmuckmanufaktur Gellner. Sie ist gepr\u00e4gt von der Liebe zu Zuchtperlen und der Begeisterung fu\u0308r deren besondere Magie. Eine Liebe, der man immer treu geblieben ist. Heute fu\u0308hrt J\u00f6rg Gellner das 1967 von seinen Eltern Heinz und Tove Gellner gegru\u0308ndete Unternehmen&#8230;.  <a class=\"excerpt-read-more\" href=\"https:\/\/galli.ch\/en\/schmuck\/gellner\/5_21818_02\/\" title=\"Read Gellner Castaway Armband\">Weiter &raquo;<\/a><\/p>\n","protected":false},"featured_media":2496,"template":"","meta":{"_acf_changed":false,"inline_featured_image":false},"product_brand":[],"product_cat":[189],"product_tag":[],"class_list":{"0":"post-2519","1":"product","2":"type-product","3":"status-publish","4":"has-post-thumbnail","6":"schmuckhersteller-gellner","7":"schmuckthemen-bracelets","8":"product_cat-schmuck","10":"first","11":"outofstock","12":"taxable","13":"shipping-taxable","14":"purchasable","15":"product-type-simple"},"acf":[],"yoast_head":"<!-- This site is optimized with the Yoast SEO plugin v25.5 - https:\/\/yoast.com\/wordpress\/plugins\/seo\/ -->\n<title>Gellner Castaway Armband - Galli Uhren Bijouterie<\/title>\n<meta name=\"robots\" content=\"index, follow, max-snippet:-1, max-image-preview:large, max-video-preview:-1\" \/>\n<link rel=\"canonical\" href=\"https:\/\/galli.ch\/schmuck\/gellner\/5_21818_02\/\" \/>\n<meta property=\"og:locale\" content=\"en_US\" \/>\n<meta property=\"og:type\" content=\"article\" \/>\n<meta property=\"og:title\" content=\"Gellner Castaway Armband - Galli Uhren Bijouterie\" \/>\n<meta property=\"og:description\" content=\"Von jeher haben Perlen Fantasien geweckt und Herzen erobert. Das zeigt auch die Geschichte der Schmuckmanufaktur Gellner. Sie ist gepr\u00e4gt von der Liebe zu Zuchtperlen und der Begeisterung fu\u0308r deren besondere Magie. Eine Liebe, der man immer treu geblieben ist. Heute fu\u0308hrt J\u00f6rg Gellner das 1967 von seinen Eltern Heinz und Tove Gellner gegru\u0308ndete Unternehmen.... Weiter &raquo;\" \/>\n<meta property=\"og:url\" content=\"https:\/\/galli.ch\/schmuck\/gellner\/5_21818_02\/\" \/>\n<meta property=\"og:site_name\" content=\"Galli Uhren Bijouterie\" \/>\n<meta property=\"article:modified_time\" content=\"2025-03-13T12:44:10+00:00\" \/>\n<meta property=\"og:image\" content=\"https:\/\/galli.ch\/wp-content\/uploads\/Gellner_Schmuck_5_21818_02.png\" \/>\n\t<meta property=\"og:image:width\" content=\"1000\" \/>\n\t<meta property=\"og:image:height\" content=\"1400\" \/>\n\t<meta property=\"og:image:type\" content=\"image\/png\" \/>\n<meta name=\"twitter:card\" content=\"summary_large_image\" \/>\n<script type=\"application\/ld+json\" class=\"yoast-schema-graph\">{\"@context\":\"https:\/\/schema.org\",\"@graph\":[{\"@type\":\"WebPage\",\"@id\":\"https:\/\/galli.ch\/schmuck\/gellner\/5_21818_02\/\",\"url\":\"https:\/\/galli.ch\/schmuck\/gellner\/5_21818_02\/\",\"name\":\"Gellner Castaway Armband - Galli Uhren Bijouterie\",\"isPartOf\":{\"@id\":\"http:\/\/galli.ch\/en\/#website\"},\"primaryImageOfPage\":{\"@id\":\"https:\/\/galli.ch\/schmuck\/gellner\/5_21818_02\/#primaryimage\"},\"image\":{\"@id\":\"https:\/\/galli.ch\/schmuck\/gellner\/5_21818_02\/#primaryimage\"},\"thumbnailUrl\":\"https:\/\/galli.ch\/wp-content\/uploads\/Gellner_Schmuck_5_21818_02.png\",\"datePublished\":\"2018-08-23T13:01:39+00:00\",\"dateModified\":\"2025-03-13T12:44:10+00:00\",\"breadcrumb\":{\"@id\":\"https:\/\/galli.ch\/schmuck\/gellner\/5_21818_02\/#breadcrumb\"},\"inLanguage\":\"en-US\",\"potentialAction\":[{\"@type\":\"ReadAction\",\"target\":[\"https:\/\/galli.ch\/schmuck\/gellner\/5_21818_02\/\"]}]},{\"@type\":\"ImageObject\",\"inLanguage\":\"en-US\",\"@id\":\"https:\/\/galli.ch\/schmuck\/gellner\/5_21818_02\/#primaryimage\",\"url\":\"https:\/\/galli.ch\/wp-content\/uploads\/Gellner_Schmuck_5_21818_02.png\",\"contentUrl\":\"https:\/\/galli.ch\/wp-content\/uploads\/Gellner_Schmuck_5_21818_02.png\",\"width\":1000,\"height\":1400,\"caption\":\"Gellner Perlen Armkette\"},{\"@type\":\"BreadcrumbList\",\"@id\":\"https:\/\/galli.ch\/schmuck\/gellner\/5_21818_02\/#breadcrumb\",\"itemListElement\":[{\"@type\":\"ListItem\",\"position\":1,\"name\":\"Home\",\"item\":\"https:\/\/galli.ch\/en\/\"},{\"@type\":\"ListItem\",\"position\":2,\"name\":\"Uhren\",\"item\":\"https:\/\/galli.ch\/en\/uhren\/\"},{\"@type\":\"ListItem\",\"position\":3,\"name\":\"Castaway Armband\"}]},{\"@type\":\"WebSite\",\"@id\":\"http:\/\/galli.ch\/en\/#website\",\"url\":\"http:\/\/galli.ch\/en\/\",\"name\":\"Galli Uhren Bijouterie\",\"description\":\"\",\"potentialAction\":[{\"@type\":\"SearchAction\",\"target\":{\"@type\":\"EntryPoint\",\"urlTemplate\":\"http:\/\/galli.ch\/en\/?s={search_term_string}\"},\"query-input\":{\"@type\":\"PropertyValueSpecification\",\"valueRequired\":true,\"valueName\":\"search_term_string\"}}],\"inLanguage\":\"en-US\"}]}<\/script>\n<!-- \/ Yoast SEO plugin. -->","yoast_head_json":{"title":"Gellner Castaway Armband - Galli Uhren Bijouterie","robots":{"index":"index","follow":"follow","max-snippet":"max-snippet:-1","max-image-preview":"max-image-preview:large","max-video-preview":"max-video-preview:-1"},"canonical":"https:\/\/galli.ch\/schmuck\/gellner\/5_21818_02\/","og_locale":"en_US","og_type":"article","og_title":"Gellner Castaway Armband - Galli Uhren Bijouterie","og_description":"Von jeher haben Perlen Fantasien geweckt und Herzen erobert. Das zeigt auch die Geschichte der Schmuckmanufaktur Gellner. Sie ist gepr\u00e4gt von der Liebe zu Zuchtperlen und der Begeisterung fu\u0308r deren besondere Magie. Eine Liebe, der man immer treu geblieben ist. Heute fu\u0308hrt J\u00f6rg Gellner das 1967 von seinen Eltern Heinz und Tove Gellner gegru\u0308ndete Unternehmen.... Weiter &raquo;","og_url":"https:\/\/galli.ch\/schmuck\/gellner\/5_21818_02\/","og_site_name":"Galli Uhren Bijouterie","article_modified_time":"2025-03-13T12:44:10+00:00","og_image":[{"width":1000,"height":1400,"url":"https:\/\/galli.ch\/wp-content\/uploads\/Gellner_Schmuck_5_21818_02.png","type":"image\/png"}],"twitter_card":"summary_large_image","schema":{"@context":"https:\/\/schema.org","@graph":[{"@type":"WebPage","@id":"https:\/\/galli.ch\/schmuck\/gellner\/5_21818_02\/","url":"https:\/\/galli.ch\/schmuck\/gellner\/5_21818_02\/","name":"Gellner Castaway Armband - Galli Uhren Bijouterie","isPartOf":{"@id":"http:\/\/galli.ch\/en\/#website"},"primaryImageOfPage":{"@id":"https:\/\/galli.ch\/schmuck\/gellner\/5_21818_02\/#primaryimage"},"image":{"@id":"https:\/\/galli.ch\/schmuck\/gellner\/5_21818_02\/#primaryimage"},"thumbnailUrl":"https:\/\/galli.ch\/wp-content\/uploads\/Gellner_Schmuck_5_21818_02.png","datePublished":"2018-08-23T13:01:39+00:00","dateModified":"2025-03-13T12:44:10+00:00","breadcrumb":{"@id":"https:\/\/galli.ch\/schmuck\/gellner\/5_21818_02\/#breadcrumb"},"inLanguage":"en-US","potentialAction":[{"@type":"ReadAction","target":["https:\/\/galli.ch\/schmuck\/gellner\/5_21818_02\/"]}]},{"@type":"ImageObject","inLanguage":"en-US","@id":"https:\/\/galli.ch\/schmuck\/gellner\/5_21818_02\/#primaryimage","url":"https:\/\/galli.ch\/wp-content\/uploads\/Gellner_Schmuck_5_21818_02.png","contentUrl":"https:\/\/galli.ch\/wp-content\/uploads\/Gellner_Schmuck_5_21818_02.png","width":1000,"height":1400,"caption":"Gellner Perlen Armkette"},{"@type":"BreadcrumbList","@id":"https:\/\/galli.ch\/schmuck\/gellner\/5_21818_02\/#breadcrumb","itemListElement":[{"@type":"ListItem","position":1,"name":"Home","item":"https:\/\/galli.ch\/en\/"},{"@type":"ListItem","position":2,"name":"Uhren","item":"https:\/\/galli.ch\/en\/uhren\/"},{"@type":"ListItem","position":3,"name":"Castaway Armband"}]},{"@type":"WebSite","@id":"http:\/\/galli.ch\/en\/#website","url":"http:\/\/galli.ch\/en\/","name":"Galli Uhren Bijouterie","description":"","potentialAction":[{"@type":"SearchAction","target":{"@type":"EntryPoint","urlTemplate":"http:\/\/galli.ch\/en\/?s={search_term_string}"},"query-input":{"@type":"PropertyValueSpecification","valueRequired":true,"valueName":"search_term_string"}}],"inLanguage":"en-US"}]}},"_links":{"self":[{"href":"https:\/\/galli.ch\/en\/wp-json\/wp\/v2\/product\/2519","targetHints":{"allow":["GET"]}}],"collection":[{"href":"https:\/\/galli.ch\/en\/wp-json\/wp\/v2\/product"}],"about":[{"href":"https:\/\/galli.ch\/en\/wp-json\/wp\/v2\/types\/product"}],"wp:featuredmedia":[{"embeddable":true,"href":"https:\/\/galli.ch\/en\/wp-json\/wp\/v2\/media\/2496"}],"wp:attachment":[{"href":"https:\/\/galli.ch\/en\/wp-json\/wp\/v2\/media?parent=2519"}],"wp:term":[{"taxonomy":"product_brand","embeddable":true,"href":"https:\/\/galli.ch\/en\/wp-json\/wp\/v2\/product_brand?post=2519"},{"taxonomy":"product_cat","embeddable":true,"href":"https:\/\/galli.ch\/en\/wp-json\/wp\/v2\/product_cat?post=2519"},{"taxonomy":"product_tag","embeddable":true,"href":"https:\/\/galli.ch\/en\/wp-json\/wp\/v2\/product_tag?post=2519"}],"curies":[{"name":"wp","href":"https:\/\/api.w.org\/{rel}","templated":true}]}}