{"id":2608,"date":"2018-09-16T18:00:57","date_gmt":"2018-09-16T18:00:57","guid":{"rendered":"http:\/\/galli.ch\/?post_type=schmuck&#038;p=2608"},"modified":"2025-03-13T13:44:10","modified_gmt":"2025-03-13T12:44:10","slug":"memoirering-2","status":"publish","type":"product","link":"https:\/\/galli.ch\/en\/schmuck\/meister\/memoireringe\/memoirering-2\/","title":{"rendered":"Meister Memoire Ringe"},"content":{"rendered":"<p>\u201eWeisst Du noch\u2026?\u201c Der Memoirering als Symbol f\u00fcr die aussergew\u00f6hnlichen und unvergesslichen Momente Ihres Lebens. In edles Platin oder warm gl\u00e4nzendes Gold gefasst, steht jeder einzelne Diamant f\u00fcr einen solchen Moment. So facettenreich wie Ihr Leben sind die Memoireringe von MEISTER. Bei uns und in Ihrer N\u00e4he erfahren Sie, wie ein ungefasster Diamant den Weg in Ihren Ring findet.<\/p>\n","protected":false},"excerpt":{"rendered":"<p>\u201eWeisst Du noch\u2026?\u201c Der Memoirering als Symbol f\u00fcr die aussergew\u00f6hnlichen und unvergesslichen Momente Ihres Lebens. In edles Platin oder warm gl\u00e4nzendes Gold gefasst, steht jeder einzelne Diamant f\u00fcr einen solchen Moment. So facettenreich wie Ihr Leben sind die Memoireringe von MEISTER. Bei uns und in Ihrer N\u00e4he erfahren Sie, wie ein ungefasster Diamant den Weg&#8230;  <a class=\"excerpt-read-more\" href=\"https:\/\/galli.ch\/en\/schmuck\/meister\/memoireringe\/memoirering-2\/\" title=\"Read Meister Memoire Ringe\">Weiter &raquo;<\/a><\/p>\n","protected":false},"featured_media":2604,"template":"","meta":{"_acf_changed":false,"inline_featured_image":false},"product_brand":[],"product_cat":[189],"product_tag":[],"class_list":{"0":"post-2608","1":"product","2":"type-product","3":"status-publish","4":"has-post-thumbnail","6":"schmuckhersteller-meister","7":"schmuckhersteller-memoireringe","8":"schmuckthemen-engagement-rings","9":"product_cat-schmuck","11":"first","12":"outofstock","13":"taxable","14":"shipping-taxable","15":"purchasable","16":"product-type-simple"},"acf":[],"yoast_head":"<!-- This site is optimized with the Yoast SEO plugin v25.5 - https:\/\/yoast.com\/wordpress\/plugins\/seo\/ -->\n<title>Meister Memoire Ringe - Galli Uhren Bijouterie<\/title>\n<meta name=\"robots\" content=\"index, follow, max-snippet:-1, max-image-preview:large, max-video-preview:-1\" \/>\n<link rel=\"canonical\" href=\"https:\/\/galli.ch\/en\/schmuck\/meister\/memoireringe\/memoirering-2\/\" \/>\n<meta property=\"og:locale\" content=\"en_US\" \/>\n<meta property=\"og:type\" content=\"article\" \/>\n<meta property=\"og:title\" content=\"Meister Memoire Ringe - Galli Uhren Bijouterie\" \/>\n<meta property=\"og:description\" content=\"\u201eWeisst Du noch\u2026?\u201c Der Memoirering als Symbol f\u00fcr die aussergew\u00f6hnlichen und unvergesslichen Momente Ihres Lebens. In edles Platin oder warm gl\u00e4nzendes Gold gefasst, steht jeder einzelne Diamant f\u00fcr einen solchen Moment. So facettenreich wie Ihr Leben sind die Memoireringe von MEISTER. Bei uns und in Ihrer N\u00e4he erfahren Sie, wie ein ungefasster Diamant den Weg... Weiter &raquo;\" \/>\n<meta property=\"og:url\" content=\"https:\/\/galli.ch\/en\/schmuck\/meister\/memoireringe\/memoirering-2\/\" \/>\n<meta property=\"og:site_name\" content=\"Galli Uhren Bijouterie\" \/>\n<meta property=\"article:modified_time\" content=\"2025-03-13T12:44:10+00:00\" \/>\n<meta property=\"og:image\" content=\"https:\/\/galli.ch\/wp-content\/uploads\/Meister_Memoireringe_.png\" \/>\n\t<meta property=\"og:image:width\" content=\"1000\" \/>\n\t<meta property=\"og:image:height\" content=\"1400\" \/>\n\t<meta property=\"og:image:type\" content=\"image\/png\" \/>\n<meta name=\"twitter:card\" content=\"summary_large_image\" \/>\n<script type=\"application\/ld+json\" class=\"yoast-schema-graph\">{\"@context\":\"https:\/\/schema.org\",\"@graph\":[{\"@type\":\"WebPage\",\"@id\":\"https:\/\/galli.ch\/en\/schmuck\/meister\/memoireringe\/memoirering-2\/\",\"url\":\"https:\/\/galli.ch\/en\/schmuck\/meister\/memoireringe\/memoirering-2\/\",\"name\":\"Meister Memoire Ringe - Galli Uhren Bijouterie\",\"isPartOf\":{\"@id\":\"http:\/\/galli.ch\/en\/#website\"},\"primaryImageOfPage\":{\"@id\":\"https:\/\/galli.ch\/en\/schmuck\/meister\/memoireringe\/memoirering-2\/#primaryimage\"},\"image\":{\"@id\":\"https:\/\/galli.ch\/en\/schmuck\/meister\/memoireringe\/memoirering-2\/#primaryimage\"},\"thumbnailUrl\":\"https:\/\/galli.ch\/wp-content\/uploads\/Meister_Memoireringe_.png\",\"datePublished\":\"2018-09-16T18:00:57+00:00\",\"dateModified\":\"2025-03-13T12:44:10+00:00\",\"breadcrumb\":{\"@id\":\"https:\/\/galli.ch\/en\/schmuck\/meister\/memoireringe\/memoirering-2\/#breadcrumb\"},\"inLanguage\":\"en-US\",\"potentialAction\":[{\"@type\":\"ReadAction\",\"target\":[\"https:\/\/galli.ch\/en\/schmuck\/meister\/memoireringe\/memoirering-2\/\"]}]},{\"@type\":\"ImageObject\",\"inLanguage\":\"en-US\",\"@id\":\"https:\/\/galli.ch\/en\/schmuck\/meister\/memoireringe\/memoirering-2\/#primaryimage\",\"url\":\"https:\/\/galli.ch\/wp-content\/uploads\/Meister_Memoireringe_.png\",\"contentUrl\":\"https:\/\/galli.ch\/wp-content\/uploads\/Meister_Memoireringe_.png\",\"width\":1000,\"height\":1400,\"caption\":\"Meister Memoirenringe\"},{\"@type\":\"BreadcrumbList\",\"@id\":\"https:\/\/galli.ch\/en\/schmuck\/meister\/memoireringe\/memoirering-2\/#breadcrumb\",\"itemListElement\":[{\"@type\":\"ListItem\",\"position\":1,\"name\":\"Home\",\"item\":\"https:\/\/galli.ch\/en\/\"},{\"@type\":\"ListItem\",\"position\":2,\"name\":\"Uhren\",\"item\":\"https:\/\/galli.ch\/en\/uhren\/\"},{\"@type\":\"ListItem\",\"position\":3,\"name\":\"Memoire Ringe\"}]},{\"@type\":\"WebSite\",\"@id\":\"http:\/\/galli.ch\/en\/#website\",\"url\":\"http:\/\/galli.ch\/en\/\",\"name\":\"Galli Uhren Bijouterie\",\"description\":\"\",\"potentialAction\":[{\"@type\":\"SearchAction\",\"target\":{\"@type\":\"EntryPoint\",\"urlTemplate\":\"http:\/\/galli.ch\/en\/?s={search_term_string}\"},\"query-input\":{\"@type\":\"PropertyValueSpecification\",\"valueRequired\":true,\"valueName\":\"search_term_string\"}}],\"inLanguage\":\"en-US\"}]}<\/script>\n<!-- \/ Yoast SEO plugin. -->","yoast_head_json":{"title":"Meister Memoire Ringe - Galli Uhren Bijouterie","robots":{"index":"index","follow":"follow","max-snippet":"max-snippet:-1","max-image-preview":"max-image-preview:large","max-video-preview":"max-video-preview:-1"},"canonical":"https:\/\/galli.ch\/en\/schmuck\/meister\/memoireringe\/memoirering-2\/","og_locale":"en_US","og_type":"article","og_title":"Meister Memoire Ringe - Galli Uhren Bijouterie","og_description":"\u201eWeisst Du noch\u2026?\u201c Der Memoirering als Symbol f\u00fcr die aussergew\u00f6hnlichen und unvergesslichen Momente Ihres Lebens. In edles Platin oder warm gl\u00e4nzendes Gold gefasst, steht jeder einzelne Diamant f\u00fcr einen solchen Moment. So facettenreich wie Ihr Leben sind die Memoireringe von MEISTER. Bei uns und in Ihrer N\u00e4he erfahren Sie, wie ein ungefasster Diamant den Weg... Weiter &raquo;","og_url":"https:\/\/galli.ch\/en\/schmuck\/meister\/memoireringe\/memoirering-2\/","og_site_name":"Galli Uhren Bijouterie","article_modified_time":"2025-03-13T12:44:10+00:00","og_image":[{"width":1000,"height":1400,"url":"https:\/\/galli.ch\/wp-content\/uploads\/Meister_Memoireringe_.png","type":"image\/png"}],"twitter_card":"summary_large_image","schema":{"@context":"https:\/\/schema.org","@graph":[{"@type":"WebPage","@id":"https:\/\/galli.ch\/en\/schmuck\/meister\/memoireringe\/memoirering-2\/","url":"https:\/\/galli.ch\/en\/schmuck\/meister\/memoireringe\/memoirering-2\/","name":"Meister Memoire Ringe - Galli Uhren Bijouterie","isPartOf":{"@id":"http:\/\/galli.ch\/en\/#website"},"primaryImageOfPage":{"@id":"https:\/\/galli.ch\/en\/schmuck\/meister\/memoireringe\/memoirering-2\/#primaryimage"},"image":{"@id":"https:\/\/galli.ch\/en\/schmuck\/meister\/memoireringe\/memoirering-2\/#primaryimage"},"thumbnailUrl":"https:\/\/galli.ch\/wp-content\/uploads\/Meister_Memoireringe_.png","datePublished":"2018-09-16T18:00:57+00:00","dateModified":"2025-03-13T12:44:10+00:00","breadcrumb":{"@id":"https:\/\/galli.ch\/en\/schmuck\/meister\/memoireringe\/memoirering-2\/#breadcrumb"},"inLanguage":"en-US","potentialAction":[{"@type":"ReadAction","target":["https:\/\/galli.ch\/en\/schmuck\/meister\/memoireringe\/memoirering-2\/"]}]},{"@type":"ImageObject","inLanguage":"en-US","@id":"https:\/\/galli.ch\/en\/schmuck\/meister\/memoireringe\/memoirering-2\/#primaryimage","url":"https:\/\/galli.ch\/wp-content\/uploads\/Meister_Memoireringe_.png","contentUrl":"https:\/\/galli.ch\/wp-content\/uploads\/Meister_Memoireringe_.png","width":1000,"height":1400,"caption":"Meister Memoirenringe"},{"@type":"BreadcrumbList","@id":"https:\/\/galli.ch\/en\/schmuck\/meister\/memoireringe\/memoirering-2\/#breadcrumb","itemListElement":[{"@type":"ListItem","position":1,"name":"Home","item":"https:\/\/galli.ch\/en\/"},{"@type":"ListItem","position":2,"name":"Uhren","item":"https:\/\/galli.ch\/en\/uhren\/"},{"@type":"ListItem","position":3,"name":"Memoire Ringe"}]},{"@type":"WebSite","@id":"http:\/\/galli.ch\/en\/#website","url":"http:\/\/galli.ch\/en\/","name":"Galli Uhren Bijouterie","description":"","potentialAction":[{"@type":"SearchAction","target":{"@type":"EntryPoint","urlTemplate":"http:\/\/galli.ch\/en\/?s={search_term_string}"},"query-input":{"@type":"PropertyValueSpecification","valueRequired":true,"valueName":"search_term_string"}}],"inLanguage":"en-US"}]}},"_links":{"self":[{"href":"https:\/\/galli.ch\/en\/wp-json\/wp\/v2\/product\/2608","targetHints":{"allow":["GET"]}}],"collection":[{"href":"https:\/\/galli.ch\/en\/wp-json\/wp\/v2\/product"}],"about":[{"href":"https:\/\/galli.ch\/en\/wp-json\/wp\/v2\/types\/product"}],"wp:featuredmedia":[{"embeddable":true,"href":"https:\/\/galli.ch\/en\/wp-json\/wp\/v2\/media\/2604"}],"wp:attachment":[{"href":"https:\/\/galli.ch\/en\/wp-json\/wp\/v2\/media?parent=2608"}],"wp:term":[{"taxonomy":"product_brand","embeddable":true,"href":"https:\/\/galli.ch\/en\/wp-json\/wp\/v2\/product_brand?post=2608"},{"taxonomy":"product_cat","embeddable":true,"href":"https:\/\/galli.ch\/en\/wp-json\/wp\/v2\/product_cat?post=2608"},{"taxonomy":"product_tag","embeddable":true,"href":"https:\/\/galli.ch\/en\/wp-json\/wp\/v2\/product_tag?post=2608"}],"curies":[{"name":"wp","href":"https:\/\/api.w.org\/{rel}","templated":true}]}}