{"id":2658,"date":"2018-09-16T18:09:32","date_gmt":"2018-09-16T18:09:32","guid":{"rendered":"http:\/\/galli.ch\/?post_type=schmuck&#038;p=2658"},"modified":"2025-03-13T13:44:12","modified_gmt":"2025-03-13T12:44:12","slug":"mtr_111_2164_11","status":"publish","type":"product","link":"https:\/\/galli.ch\/en\/schmuck\/meister\/verlobungsringe-solitaerringe\/mtr_111_2164_11\/","title":{"rendered":"Meister Verlobunsring Weissgold"},"content":{"rendered":"<p>Verlobungs- oder Solit\u00e4rringe sind heute wieder ein \u00abMust-have\u00bb. MEISTER lebt diesen Trend mit einer faszinierenden Auswahl an edlen Ringmodellen. Kostbare Diamantringe, die nach der Hochzeit an Bedeutung gewinnen: Jeder Verlobungsring bildet eine harmonische Einheit mit dem Trauring. Zweifach sch\u00f6n \u2013 als einzelner Schmuckring oder im Duett mit dem Ehering.<\/p>\n<p>Kr\u00f6nen Sie Ihren besonderen Tag mit einzigartigen Ringen, die ganz Ihrer Pers\u00f6nlichkeit entsprechen. Bestimmen Sie gemeinsam mit uns die Ringe Ihres Herzens. Zur Auswahl stehen verschiedene Edelmetalle, Diamanten in verschiedenen Schliffarten und Gr\u00f6ssen, eine Vielzahl an Ringprofilen, Breiten und Oberfl\u00e4chen. Mit nahezu unendlichen M\u00f6glichkeiten erf\u00fcllen wir Ihre W\u00fcnsche, denn ein Ring ist ein Versprechen\u2026 MEISTER h\u00e4lt es.<\/p>\n","protected":false},"excerpt":{"rendered":"<p>Verlobungs- oder Solit\u00e4rringe sind heute wieder ein \u00abMust-have\u00bb. MEISTER lebt diesen Trend mit einer faszinierenden Auswahl an edlen Ringmodellen. Kostbare Diamantringe, die nach der Hochzeit an Bedeutung gewinnen: Jeder Verlobungsring bildet eine harmonische Einheit mit dem Trauring. Zweifach sch\u00f6n \u2013 als einzelner Schmuckring oder im Duett mit dem Ehering. Kr\u00f6nen Sie Ihren besonderen Tag mit&#8230;  <a class=\"excerpt-read-more\" href=\"https:\/\/galli.ch\/en\/schmuck\/meister\/verlobungsringe-solitaerringe\/mtr_111_2164_11\/\" title=\"Read Meister Verlobunsring Weissgold\">Weiter &raquo;<\/a><\/p>\n","protected":false},"featured_media":2649,"template":"","meta":{"_acf_changed":false,"inline_featured_image":false},"product_brand":[],"product_cat":[189],"product_tag":[],"class_list":{"0":"post-2658","1":"product","2":"type-product","3":"status-publish","4":"has-post-thumbnail","6":"schmuckhersteller-meister","7":"schmuckhersteller-verlobungsringe-solitaerringe","8":"schmuckthemen-engagement-rings","9":"product_cat-schmuck","11":"first","12":"outofstock","13":"taxable","14":"shipping-taxable","15":"purchasable","16":"product-type-simple"},"acf":[],"yoast_head":"<!-- This site is optimized with the Yoast SEO plugin v25.5 - https:\/\/yoast.com\/wordpress\/plugins\/seo\/ -->\n<title>Meister Verlobunsring Weissgold - Galli Uhren Bijouterie<\/title>\n<meta name=\"robots\" content=\"index, follow, max-snippet:-1, max-image-preview:large, max-video-preview:-1\" \/>\n<link rel=\"canonical\" href=\"https:\/\/galli.ch\/en\/schmuck\/meister\/verlobungsringe-solitaerringe\/mtr_111_2164_11\/\" \/>\n<meta property=\"og:locale\" content=\"en_US\" \/>\n<meta property=\"og:type\" content=\"article\" \/>\n<meta property=\"og:title\" content=\"Meister Verlobunsring Weissgold - Galli Uhren Bijouterie\" \/>\n<meta property=\"og:description\" content=\"Verlobungs- oder Solit\u00e4rringe sind heute wieder ein \u00abMust-have\u00bb. MEISTER lebt diesen Trend mit einer faszinierenden Auswahl an edlen Ringmodellen. Kostbare Diamantringe, die nach der Hochzeit an Bedeutung gewinnen: Jeder Verlobungsring bildet eine harmonische Einheit mit dem Trauring. Zweifach sch\u00f6n \u2013 als einzelner Schmuckring oder im Duett mit dem Ehering. Kr\u00f6nen Sie Ihren besonderen Tag mit... Weiter &raquo;\" \/>\n<meta property=\"og:url\" content=\"https:\/\/galli.ch\/en\/schmuck\/meister\/verlobungsringe-solitaerringe\/mtr_111_2164_11\/\" \/>\n<meta property=\"og:site_name\" content=\"Galli Uhren Bijouterie\" \/>\n<meta property=\"article:modified_time\" content=\"2025-03-13T12:44:12+00:00\" \/>\n<meta property=\"og:image\" content=\"https:\/\/galli.ch\/wp-content\/uploads\/Meister_Solitaer_Ring_mtr_111_2164_11.png\" \/>\n\t<meta property=\"og:image:width\" content=\"1000\" \/>\n\t<meta property=\"og:image:height\" content=\"1400\" \/>\n\t<meta property=\"og:image:type\" content=\"image\/png\" \/>\n<meta name=\"twitter:card\" content=\"summary_large_image\" \/>\n<script type=\"application\/ld+json\" class=\"yoast-schema-graph\">{\"@context\":\"https:\/\/schema.org\",\"@graph\":[{\"@type\":\"WebPage\",\"@id\":\"https:\/\/galli.ch\/en\/schmuck\/meister\/verlobungsringe-solitaerringe\/mtr_111_2164_11\/\",\"url\":\"https:\/\/galli.ch\/en\/schmuck\/meister\/verlobungsringe-solitaerringe\/mtr_111_2164_11\/\",\"name\":\"Meister Verlobunsring Weissgold - Galli Uhren Bijouterie\",\"isPartOf\":{\"@id\":\"http:\/\/galli.ch\/en\/#website\"},\"primaryImageOfPage\":{\"@id\":\"https:\/\/galli.ch\/en\/schmuck\/meister\/verlobungsringe-solitaerringe\/mtr_111_2164_11\/#primaryimage\"},\"image\":{\"@id\":\"https:\/\/galli.ch\/en\/schmuck\/meister\/verlobungsringe-solitaerringe\/mtr_111_2164_11\/#primaryimage\"},\"thumbnailUrl\":\"https:\/\/galli.ch\/wp-content\/uploads\/Meister_Solitaer_Ring_mtr_111_2164_11.png\",\"datePublished\":\"2018-09-16T18:09:32+00:00\",\"dateModified\":\"2025-03-13T12:44:12+00:00\",\"breadcrumb\":{\"@id\":\"https:\/\/galli.ch\/en\/schmuck\/meister\/verlobungsringe-solitaerringe\/mtr_111_2164_11\/#breadcrumb\"},\"inLanguage\":\"en-US\",\"potentialAction\":[{\"@type\":\"ReadAction\",\"target\":[\"https:\/\/galli.ch\/en\/schmuck\/meister\/verlobungsringe-solitaerringe\/mtr_111_2164_11\/\"]}]},{\"@type\":\"ImageObject\",\"inLanguage\":\"en-US\",\"@id\":\"https:\/\/galli.ch\/en\/schmuck\/meister\/verlobungsringe-solitaerringe\/mtr_111_2164_11\/#primaryimage\",\"url\":\"https:\/\/galli.ch\/wp-content\/uploads\/Meister_Solitaer_Ring_mtr_111_2164_11.png\",\"contentUrl\":\"https:\/\/galli.ch\/wp-content\/uploads\/Meister_Solitaer_Ring_mtr_111_2164_11.png\",\"width\":1000,\"height\":1400,\"caption\":\"Verlobungsring von Meister mit Solit\u00e4r\"},{\"@type\":\"BreadcrumbList\",\"@id\":\"https:\/\/galli.ch\/en\/schmuck\/meister\/verlobungsringe-solitaerringe\/mtr_111_2164_11\/#breadcrumb\",\"itemListElement\":[{\"@type\":\"ListItem\",\"position\":1,\"name\":\"Home\",\"item\":\"https:\/\/galli.ch\/en\/\"},{\"@type\":\"ListItem\",\"position\":2,\"name\":\"Uhren\",\"item\":\"https:\/\/galli.ch\/en\/uhren\/\"},{\"@type\":\"ListItem\",\"position\":3,\"name\":\"Verlobunsring Weissgold\"}]},{\"@type\":\"WebSite\",\"@id\":\"http:\/\/galli.ch\/en\/#website\",\"url\":\"http:\/\/galli.ch\/en\/\",\"name\":\"Galli Uhren Bijouterie\",\"description\":\"\",\"potentialAction\":[{\"@type\":\"SearchAction\",\"target\":{\"@type\":\"EntryPoint\",\"urlTemplate\":\"http:\/\/galli.ch\/en\/?s={search_term_string}\"},\"query-input\":{\"@type\":\"PropertyValueSpecification\",\"valueRequired\":true,\"valueName\":\"search_term_string\"}}],\"inLanguage\":\"en-US\"}]}<\/script>\n<!-- \/ Yoast SEO plugin. -->","yoast_head_json":{"title":"Meister Verlobunsring Weissgold - Galli Uhren Bijouterie","robots":{"index":"index","follow":"follow","max-snippet":"max-snippet:-1","max-image-preview":"max-image-preview:large","max-video-preview":"max-video-preview:-1"},"canonical":"https:\/\/galli.ch\/en\/schmuck\/meister\/verlobungsringe-solitaerringe\/mtr_111_2164_11\/","og_locale":"en_US","og_type":"article","og_title":"Meister Verlobunsring Weissgold - Galli Uhren Bijouterie","og_description":"Verlobungs- oder Solit\u00e4rringe sind heute wieder ein \u00abMust-have\u00bb. MEISTER lebt diesen Trend mit einer faszinierenden Auswahl an edlen Ringmodellen. Kostbare Diamantringe, die nach der Hochzeit an Bedeutung gewinnen: Jeder Verlobungsring bildet eine harmonische Einheit mit dem Trauring. Zweifach sch\u00f6n \u2013 als einzelner Schmuckring oder im Duett mit dem Ehering. Kr\u00f6nen Sie Ihren besonderen Tag mit... Weiter &raquo;","og_url":"https:\/\/galli.ch\/en\/schmuck\/meister\/verlobungsringe-solitaerringe\/mtr_111_2164_11\/","og_site_name":"Galli Uhren Bijouterie","article_modified_time":"2025-03-13T12:44:12+00:00","og_image":[{"width":1000,"height":1400,"url":"https:\/\/galli.ch\/wp-content\/uploads\/Meister_Solitaer_Ring_mtr_111_2164_11.png","type":"image\/png"}],"twitter_card":"summary_large_image","schema":{"@context":"https:\/\/schema.org","@graph":[{"@type":"WebPage","@id":"https:\/\/galli.ch\/en\/schmuck\/meister\/verlobungsringe-solitaerringe\/mtr_111_2164_11\/","url":"https:\/\/galli.ch\/en\/schmuck\/meister\/verlobungsringe-solitaerringe\/mtr_111_2164_11\/","name":"Meister Verlobunsring Weissgold - Galli Uhren Bijouterie","isPartOf":{"@id":"http:\/\/galli.ch\/en\/#website"},"primaryImageOfPage":{"@id":"https:\/\/galli.ch\/en\/schmuck\/meister\/verlobungsringe-solitaerringe\/mtr_111_2164_11\/#primaryimage"},"image":{"@id":"https:\/\/galli.ch\/en\/schmuck\/meister\/verlobungsringe-solitaerringe\/mtr_111_2164_11\/#primaryimage"},"thumbnailUrl":"https:\/\/galli.ch\/wp-content\/uploads\/Meister_Solitaer_Ring_mtr_111_2164_11.png","datePublished":"2018-09-16T18:09:32+00:00","dateModified":"2025-03-13T12:44:12+00:00","breadcrumb":{"@id":"https:\/\/galli.ch\/en\/schmuck\/meister\/verlobungsringe-solitaerringe\/mtr_111_2164_11\/#breadcrumb"},"inLanguage":"en-US","potentialAction":[{"@type":"ReadAction","target":["https:\/\/galli.ch\/en\/schmuck\/meister\/verlobungsringe-solitaerringe\/mtr_111_2164_11\/"]}]},{"@type":"ImageObject","inLanguage":"en-US","@id":"https:\/\/galli.ch\/en\/schmuck\/meister\/verlobungsringe-solitaerringe\/mtr_111_2164_11\/#primaryimage","url":"https:\/\/galli.ch\/wp-content\/uploads\/Meister_Solitaer_Ring_mtr_111_2164_11.png","contentUrl":"https:\/\/galli.ch\/wp-content\/uploads\/Meister_Solitaer_Ring_mtr_111_2164_11.png","width":1000,"height":1400,"caption":"Verlobungsring von Meister mit Solit\u00e4r"},{"@type":"BreadcrumbList","@id":"https:\/\/galli.ch\/en\/schmuck\/meister\/verlobungsringe-solitaerringe\/mtr_111_2164_11\/#breadcrumb","itemListElement":[{"@type":"ListItem","position":1,"name":"Home","item":"https:\/\/galli.ch\/en\/"},{"@type":"ListItem","position":2,"name":"Uhren","item":"https:\/\/galli.ch\/en\/uhren\/"},{"@type":"ListItem","position":3,"name":"Verlobunsring Weissgold"}]},{"@type":"WebSite","@id":"http:\/\/galli.ch\/en\/#website","url":"http:\/\/galli.ch\/en\/","name":"Galli Uhren Bijouterie","description":"","potentialAction":[{"@type":"SearchAction","target":{"@type":"EntryPoint","urlTemplate":"http:\/\/galli.ch\/en\/?s={search_term_string}"},"query-input":{"@type":"PropertyValueSpecification","valueRequired":true,"valueName":"search_term_string"}}],"inLanguage":"en-US"}]}},"_links":{"self":[{"href":"https:\/\/galli.ch\/en\/wp-json\/wp\/v2\/product\/2658","targetHints":{"allow":["GET"]}}],"collection":[{"href":"https:\/\/galli.ch\/en\/wp-json\/wp\/v2\/product"}],"about":[{"href":"https:\/\/galli.ch\/en\/wp-json\/wp\/v2\/types\/product"}],"wp:featuredmedia":[{"embeddable":true,"href":"https:\/\/galli.ch\/en\/wp-json\/wp\/v2\/media\/2649"}],"wp:attachment":[{"href":"https:\/\/galli.ch\/en\/wp-json\/wp\/v2\/media?parent=2658"}],"wp:term":[{"taxonomy":"product_brand","embeddable":true,"href":"https:\/\/galli.ch\/en\/wp-json\/wp\/v2\/product_brand?post=2658"},{"taxonomy":"product_cat","embeddable":true,"href":"https:\/\/galli.ch\/en\/wp-json\/wp\/v2\/product_cat?post=2658"},{"taxonomy":"product_tag","embeddable":true,"href":"https:\/\/galli.ch\/en\/wp-json\/wp\/v2\/product_tag?post=2658"}],"curies":[{"name":"wp","href":"https:\/\/api.w.org\/{rel}","templated":true}]}}