{"id":30171,"date":"2024-03-21T19:21:36","date_gmt":"2024-03-21T18:21:36","guid":{"rendered":"https:\/\/galli.ch\/?post_type=product&#038;p=30171"},"modified":"2025-03-13T13:45:31","modified_gmt":"2025-03-13T12:45:31","slug":"aerospace-b70-orbiter-eb70101a1o1s1","status":"publish","type":"product","link":"https:\/\/galli.ch\/en\/uhren\/breitling\/professional\/aerospace-b70-orbiter-eb70101a1o1s1\/","title":{"rendered":"Breitling Aerospace B70 Orbiter"},"content":{"rendered":"<p>Der Pilotenchronograph f\u00fcr Abenteuerlustige \u2013 samt einem lebendigen St\u00fcck Geschichte. Am 21. M\u00e4rz 1999 gelang Bertrand Piccard und Brian Jones die erste Nonstop-Umrundung der Erde in einem Ballon.<\/p>\n<p>Jede Uhr der Sonderedition enth\u00e4lt ein lebendiges St\u00fcck Geschichte: ein Fragment des Original-Ballons, das durch den offenen Geh\u00e4useboden sichtbar ist.<\/p>\n","protected":false},"excerpt":{"rendered":"<p>Der Pilotenchronograph f\u00fcr Abenteuerlustige \u2013 samt einem lebendigen St\u00fcck Geschichte. Am 21. M\u00e4rz 1999 gelang Bertrand Piccard und Brian Jones die erste Nonstop-Umrundung der Erde in einem Ballon. Jede Uhr der Sonderedition enth\u00e4lt ein lebendiges St\u00fcck Geschichte: ein Fragment des Original-Ballons, das durch den offenen Geh\u00e4useboden sichtbar ist.<\/p>\n","protected":false},"featured_media":30158,"template":"","meta":{"_acf_changed":false,"inline_featured_image":false},"product_brand":[],"product_cat":[188],"product_tag":[],"class_list":{"0":"post-30171","1":"product","2":"type-product","3":"status-publish","4":"has-post-thumbnail","6":"uhrenhersteller-breitling","7":"uhrenhersteller-professional","8":"product_cat-uhren","10":"first","11":"outofstock","12":"taxable","13":"shipping-taxable","14":"purchasable","15":"product-type-simple"},"acf":[],"yoast_head":"<!-- This site is optimized with the Yoast SEO plugin v25.5 - https:\/\/yoast.com\/wordpress\/plugins\/seo\/ -->\n<title>Breitling Aerospace B70 Orbiter - Galli Uhren Bijouterie<\/title>\n<meta name=\"robots\" content=\"index, follow, max-snippet:-1, max-image-preview:large, max-video-preview:-1\" \/>\n<link rel=\"canonical\" href=\"https:\/\/galli.ch\/uhren\/breitling\/professional\/aerospace-b70-orbiter-eb70101a1o1s1\/\" \/>\n<meta property=\"og:locale\" content=\"en_US\" \/>\n<meta property=\"og:type\" content=\"article\" \/>\n<meta property=\"og:title\" content=\"Breitling Aerospace B70 Orbiter - Galli Uhren Bijouterie\" \/>\n<meta property=\"og:description\" content=\"Der Pilotenchronograph f\u00fcr Abenteuerlustige \u2013 samt einem lebendigen St\u00fcck Geschichte. Am 21. M\u00e4rz 1999 gelang Bertrand Piccard und Brian Jones die erste Nonstop-Umrundung der Erde in einem Ballon. Jede Uhr der Sonderedition enth\u00e4lt ein lebendiges St\u00fcck Geschichte: ein Fragment des Original-Ballons, das durch den offenen Geh\u00e4useboden sichtbar ist.\" \/>\n<meta property=\"og:url\" content=\"https:\/\/galli.ch\/uhren\/breitling\/professional\/aerospace-b70-orbiter-eb70101a1o1s1\/\" \/>\n<meta property=\"og:site_name\" content=\"Galli Uhren Bijouterie\" \/>\n<meta property=\"article:modified_time\" content=\"2025-03-13T12:45:31+00:00\" \/>\n<meta property=\"og:image\" content=\"https:\/\/galli.ch\/wp-content\/uploads\/eb70101a1o1s1-aerospace-b70-orbiter-soldier.png\" \/>\n\t<meta property=\"og:image:width\" content=\"1000\" \/>\n\t<meta property=\"og:image:height\" content=\"1400\" \/>\n\t<meta property=\"og:image:type\" content=\"image\/png\" \/>\n<meta name=\"twitter:card\" content=\"summary_large_image\" \/>\n<script type=\"application\/ld+json\" class=\"yoast-schema-graph\">{\"@context\":\"https:\/\/schema.org\",\"@graph\":[{\"@type\":\"WebPage\",\"@id\":\"https:\/\/galli.ch\/uhren\/breitling\/professional\/aerospace-b70-orbiter-eb70101a1o1s1\/\",\"url\":\"https:\/\/galli.ch\/uhren\/breitling\/professional\/aerospace-b70-orbiter-eb70101a1o1s1\/\",\"name\":\"Breitling Aerospace B70 Orbiter - Galli Uhren Bijouterie\",\"isPartOf\":{\"@id\":\"http:\/\/galli.ch\/en\/#website\"},\"primaryImageOfPage\":{\"@id\":\"https:\/\/galli.ch\/uhren\/breitling\/professional\/aerospace-b70-orbiter-eb70101a1o1s1\/#primaryimage\"},\"image\":{\"@id\":\"https:\/\/galli.ch\/uhren\/breitling\/professional\/aerospace-b70-orbiter-eb70101a1o1s1\/#primaryimage\"},\"thumbnailUrl\":\"https:\/\/galli.ch\/wp-content\/uploads\/eb70101a1o1s1-aerospace-b70-orbiter-soldier.png\",\"datePublished\":\"2024-03-21T18:21:36+00:00\",\"dateModified\":\"2025-03-13T12:45:31+00:00\",\"breadcrumb\":{\"@id\":\"https:\/\/galli.ch\/uhren\/breitling\/professional\/aerospace-b70-orbiter-eb70101a1o1s1\/#breadcrumb\"},\"inLanguage\":\"en-US\",\"potentialAction\":[{\"@type\":\"ReadAction\",\"target\":[\"https:\/\/galli.ch\/uhren\/breitling\/professional\/aerospace-b70-orbiter-eb70101a1o1s1\/\"]}]},{\"@type\":\"ImageObject\",\"inLanguage\":\"en-US\",\"@id\":\"https:\/\/galli.ch\/uhren\/breitling\/professional\/aerospace-b70-orbiter-eb70101a1o1s1\/#primaryimage\",\"url\":\"https:\/\/galli.ch\/wp-content\/uploads\/eb70101a1o1s1-aerospace-b70-orbiter-soldier.png\",\"contentUrl\":\"https:\/\/galli.ch\/wp-content\/uploads\/eb70101a1o1s1-aerospace-b70-orbiter-soldier.png\",\"width\":1000,\"height\":1400,\"caption\":\"eb70101a1o1e1-aerospace-b70-orbiter\"},{\"@type\":\"BreadcrumbList\",\"@id\":\"https:\/\/galli.ch\/uhren\/breitling\/professional\/aerospace-b70-orbiter-eb70101a1o1s1\/#breadcrumb\",\"itemListElement\":[{\"@type\":\"ListItem\",\"position\":1,\"name\":\"Home\",\"item\":\"https:\/\/galli.ch\/en\/\"},{\"@type\":\"ListItem\",\"position\":2,\"name\":\"Uhren\",\"item\":\"https:\/\/galli.ch\/en\/uhren\/\"},{\"@type\":\"ListItem\",\"position\":3,\"name\":\"Aerospace B70 Orbiter\"}]},{\"@type\":\"WebSite\",\"@id\":\"http:\/\/galli.ch\/en\/#website\",\"url\":\"http:\/\/galli.ch\/en\/\",\"name\":\"Galli Uhren Bijouterie\",\"description\":\"\",\"potentialAction\":[{\"@type\":\"SearchAction\",\"target\":{\"@type\":\"EntryPoint\",\"urlTemplate\":\"http:\/\/galli.ch\/en\/?s={search_term_string}\"},\"query-input\":{\"@type\":\"PropertyValueSpecification\",\"valueRequired\":true,\"valueName\":\"search_term_string\"}}],\"inLanguage\":\"en-US\"}]}<\/script>\n<!-- \/ Yoast SEO plugin. -->","yoast_head_json":{"title":"Breitling Aerospace B70 Orbiter - Galli Uhren Bijouterie","robots":{"index":"index","follow":"follow","max-snippet":"max-snippet:-1","max-image-preview":"max-image-preview:large","max-video-preview":"max-video-preview:-1"},"canonical":"https:\/\/galli.ch\/uhren\/breitling\/professional\/aerospace-b70-orbiter-eb70101a1o1s1\/","og_locale":"en_US","og_type":"article","og_title":"Breitling Aerospace B70 Orbiter - Galli Uhren Bijouterie","og_description":"Der Pilotenchronograph f\u00fcr Abenteuerlustige \u2013 samt einem lebendigen St\u00fcck Geschichte. Am 21. M\u00e4rz 1999 gelang Bertrand Piccard und Brian Jones die erste Nonstop-Umrundung der Erde in einem Ballon. Jede Uhr der Sonderedition enth\u00e4lt ein lebendiges St\u00fcck Geschichte: ein Fragment des Original-Ballons, das durch den offenen Geh\u00e4useboden sichtbar ist.","og_url":"https:\/\/galli.ch\/uhren\/breitling\/professional\/aerospace-b70-orbiter-eb70101a1o1s1\/","og_site_name":"Galli Uhren Bijouterie","article_modified_time":"2025-03-13T12:45:31+00:00","og_image":[{"width":1000,"height":1400,"url":"https:\/\/galli.ch\/wp-content\/uploads\/eb70101a1o1s1-aerospace-b70-orbiter-soldier.png","type":"image\/png"}],"twitter_card":"summary_large_image","schema":{"@context":"https:\/\/schema.org","@graph":[{"@type":"WebPage","@id":"https:\/\/galli.ch\/uhren\/breitling\/professional\/aerospace-b70-orbiter-eb70101a1o1s1\/","url":"https:\/\/galli.ch\/uhren\/breitling\/professional\/aerospace-b70-orbiter-eb70101a1o1s1\/","name":"Breitling Aerospace B70 Orbiter - Galli Uhren Bijouterie","isPartOf":{"@id":"http:\/\/galli.ch\/en\/#website"},"primaryImageOfPage":{"@id":"https:\/\/galli.ch\/uhren\/breitling\/professional\/aerospace-b70-orbiter-eb70101a1o1s1\/#primaryimage"},"image":{"@id":"https:\/\/galli.ch\/uhren\/breitling\/professional\/aerospace-b70-orbiter-eb70101a1o1s1\/#primaryimage"},"thumbnailUrl":"https:\/\/galli.ch\/wp-content\/uploads\/eb70101a1o1s1-aerospace-b70-orbiter-soldier.png","datePublished":"2024-03-21T18:21:36+00:00","dateModified":"2025-03-13T12:45:31+00:00","breadcrumb":{"@id":"https:\/\/galli.ch\/uhren\/breitling\/professional\/aerospace-b70-orbiter-eb70101a1o1s1\/#breadcrumb"},"inLanguage":"en-US","potentialAction":[{"@type":"ReadAction","target":["https:\/\/galli.ch\/uhren\/breitling\/professional\/aerospace-b70-orbiter-eb70101a1o1s1\/"]}]},{"@type":"ImageObject","inLanguage":"en-US","@id":"https:\/\/galli.ch\/uhren\/breitling\/professional\/aerospace-b70-orbiter-eb70101a1o1s1\/#primaryimage","url":"https:\/\/galli.ch\/wp-content\/uploads\/eb70101a1o1s1-aerospace-b70-orbiter-soldier.png","contentUrl":"https:\/\/galli.ch\/wp-content\/uploads\/eb70101a1o1s1-aerospace-b70-orbiter-soldier.png","width":1000,"height":1400,"caption":"eb70101a1o1e1-aerospace-b70-orbiter"},{"@type":"BreadcrumbList","@id":"https:\/\/galli.ch\/uhren\/breitling\/professional\/aerospace-b70-orbiter-eb70101a1o1s1\/#breadcrumb","itemListElement":[{"@type":"ListItem","position":1,"name":"Home","item":"https:\/\/galli.ch\/en\/"},{"@type":"ListItem","position":2,"name":"Uhren","item":"https:\/\/galli.ch\/en\/uhren\/"},{"@type":"ListItem","position":3,"name":"Aerospace B70 Orbiter"}]},{"@type":"WebSite","@id":"http:\/\/galli.ch\/en\/#website","url":"http:\/\/galli.ch\/en\/","name":"Galli Uhren Bijouterie","description":"","potentialAction":[{"@type":"SearchAction","target":{"@type":"EntryPoint","urlTemplate":"http:\/\/galli.ch\/en\/?s={search_term_string}"},"query-input":{"@type":"PropertyValueSpecification","valueRequired":true,"valueName":"search_term_string"}}],"inLanguage":"en-US"}]}},"_links":{"self":[{"href":"https:\/\/galli.ch\/en\/wp-json\/wp\/v2\/product\/30171","targetHints":{"allow":["GET"]}}],"collection":[{"href":"https:\/\/galli.ch\/en\/wp-json\/wp\/v2\/product"}],"about":[{"href":"https:\/\/galli.ch\/en\/wp-json\/wp\/v2\/types\/product"}],"wp:featuredmedia":[{"embeddable":true,"href":"https:\/\/galli.ch\/en\/wp-json\/wp\/v2\/media\/30158"}],"wp:attachment":[{"href":"https:\/\/galli.ch\/en\/wp-json\/wp\/v2\/media?parent=30171"}],"wp:term":[{"taxonomy":"product_brand","embeddable":true,"href":"https:\/\/galli.ch\/en\/wp-json\/wp\/v2\/product_brand?post=30171"},{"taxonomy":"product_cat","embeddable":true,"href":"https:\/\/galli.ch\/en\/wp-json\/wp\/v2\/product_cat?post=30171"},{"taxonomy":"product_tag","embeddable":true,"href":"https:\/\/galli.ch\/en\/wp-json\/wp\/v2\/product_tag?post=30171"}],"curies":[{"name":"wp","href":"https:\/\/api.w.org\/{rel}","templated":true}]}}