{"id":30304,"date":"2024-03-26T13:01:11","date_gmt":"2024-03-26T12:01:11","guid":{"rendered":"https:\/\/galli.ch\/?post_type=product&#038;p=30304"},"modified":"2025-03-13T13:45:31","modified_gmt":"2025-03-13T12:45:31","slug":"hydroconquest-gmt-43mm-l3-890-4-56-6","status":"publish","type":"product","link":"https:\/\/galli.ch\/en\/uhren\/longines\/diving\/hydroconquest-gmt-43mm-l3-890-4-56-6\/","title":{"rendered":"Longines Hydroconquest GMT 43"},"content":{"rendered":"<p>Im Jahr 2024 erweiterte die HydroConquest Kollektion ihr Repertoire um neue Modelle mit einem Durchmesser von 43 mm. Das Geh\u00e4use dieser neuesten Generation besteht aus abwechselnd poliertem und satiniertem Edelstahl, das mit einem verschraubten Boden versehen ist. Darin verbirgt sich das exklusive Longines GMT-Kaliber L844.5, das mit einer Spiralfeder aus Silizium sowie innovativen Komponenten aus nicht-magnetischen Materialien ausgestattet ist.<\/p>\n<p>Die frischen HydroConquest GMT Varianten sind in Schwarz, Blau oder Gr\u00fcn erh\u00e4ltlich und verf\u00fcgen \u00fcber ein Saphirglas mit mehreren Schichten Antireflexbeschichtung.<\/p>\n","protected":false},"excerpt":{"rendered":"<p>Im Jahr 2024 erweiterte die HydroConquest Kollektion ihr Repertoire um neue Modelle mit einem Durchmesser von 43 mm. Das Geh\u00e4use dieser neuesten Generation besteht aus abwechselnd poliertem und satiniertem Edelstahl, das mit einem verschraubten Boden versehen ist. Darin verbirgt sich das exklusive Longines GMT-Kaliber L844.5, das mit einer Spiralfeder aus Silizium sowie innovativen Komponenten aus&#8230;  <a class=\"excerpt-read-more\" href=\"https:\/\/galli.ch\/en\/uhren\/longines\/diving\/hydroconquest-gmt-43mm-l3-890-4-56-6\/\" title=\"Read Longines Hydroconquest GMT 43\">Weiter &raquo;<\/a><\/p>\n","protected":false},"featured_media":30162,"template":"","meta":{"_acf_changed":false,"inline_featured_image":false},"product_brand":[],"product_cat":[188],"product_tag":[],"class_list":{"0":"post-30304","1":"product","2":"type-product","3":"status-publish","4":"has-post-thumbnail","6":"uhrenhersteller-longines","7":"uhrenhersteller-diving","8":"product_cat-uhren","10":"first","11":"outofstock","12":"taxable","13":"shipping-taxable","14":"purchasable","15":"product-type-simple"},"acf":[],"yoast_head":"<!-- This site is optimized with the Yoast SEO plugin v25.5 - https:\/\/yoast.com\/wordpress\/plugins\/seo\/ -->\n<title>Longines Hydroconquest GMT 43 - Galli Uhren Bijouterie<\/title>\n<meta name=\"robots\" content=\"index, follow, max-snippet:-1, max-image-preview:large, max-video-preview:-1\" \/>\n<link rel=\"canonical\" href=\"https:\/\/galli.ch\/uhren\/longines\/diving\/hydroconquest-gmt-43mm-l3-890-4-56-6\/\" \/>\n<meta property=\"og:locale\" content=\"en_US\" \/>\n<meta property=\"og:type\" content=\"article\" \/>\n<meta property=\"og:title\" content=\"Longines Hydroconquest GMT 43 - Galli Uhren Bijouterie\" \/>\n<meta property=\"og:description\" content=\"Im Jahr 2024 erweiterte die HydroConquest Kollektion ihr Repertoire um neue Modelle mit einem Durchmesser von 43 mm. Das Geh\u00e4use dieser neuesten Generation besteht aus abwechselnd poliertem und satiniertem Edelstahl, das mit einem verschraubten Boden versehen ist. Darin verbirgt sich das exklusive Longines GMT-Kaliber L844.5, das mit einer Spiralfeder aus Silizium sowie innovativen Komponenten aus... Weiter &raquo;\" \/>\n<meta property=\"og:url\" content=\"https:\/\/galli.ch\/uhren\/longines\/diving\/hydroconquest-gmt-43mm-l3-890-4-56-6\/\" \/>\n<meta property=\"og:site_name\" content=\"Galli Uhren Bijouterie\" \/>\n<meta property=\"article:modified_time\" content=\"2025-03-13T12:45:31+00:00\" \/>\n<meta property=\"og:image\" content=\"https:\/\/galli.ch\/wp-content\/uploads\/watch-collection-hydroconquest-l3-890-4-56-6-1710338421-ezgif.png\" \/>\n\t<meta property=\"og:image:width\" content=\"1000\" \/>\n\t<meta property=\"og:image:height\" content=\"1400\" \/>\n\t<meta property=\"og:image:type\" content=\"image\/png\" \/>\n<meta name=\"twitter:card\" content=\"summary_large_image\" \/>\n<script type=\"application\/ld+json\" class=\"yoast-schema-graph\">{\"@context\":\"https:\/\/schema.org\",\"@graph\":[{\"@type\":\"WebPage\",\"@id\":\"https:\/\/galli.ch\/uhren\/longines\/diving\/hydroconquest-gmt-43mm-l3-890-4-56-6\/\",\"url\":\"https:\/\/galli.ch\/uhren\/longines\/diving\/hydroconquest-gmt-43mm-l3-890-4-56-6\/\",\"name\":\"Longines Hydroconquest GMT 43 - Galli Uhren Bijouterie\",\"isPartOf\":{\"@id\":\"http:\/\/galli.ch\/en\/#website\"},\"primaryImageOfPage\":{\"@id\":\"https:\/\/galli.ch\/uhren\/longines\/diving\/hydroconquest-gmt-43mm-l3-890-4-56-6\/#primaryimage\"},\"image\":{\"@id\":\"https:\/\/galli.ch\/uhren\/longines\/diving\/hydroconquest-gmt-43mm-l3-890-4-56-6\/#primaryimage\"},\"thumbnailUrl\":\"https:\/\/galli.ch\/wp-content\/uploads\/watch-collection-hydroconquest-l3-890-4-56-6-1710338421-ezgif.png\",\"datePublished\":\"2024-03-26T12:01:11+00:00\",\"dateModified\":\"2025-03-13T12:45:31+00:00\",\"breadcrumb\":{\"@id\":\"https:\/\/galli.ch\/uhren\/longines\/diving\/hydroconquest-gmt-43mm-l3-890-4-56-6\/#breadcrumb\"},\"inLanguage\":\"en-US\",\"potentialAction\":[{\"@type\":\"ReadAction\",\"target\":[\"https:\/\/galli.ch\/uhren\/longines\/diving\/hydroconquest-gmt-43mm-l3-890-4-56-6\/\"]}]},{\"@type\":\"ImageObject\",\"inLanguage\":\"en-US\",\"@id\":\"https:\/\/galli.ch\/uhren\/longines\/diving\/hydroconquest-gmt-43mm-l3-890-4-56-6\/#primaryimage\",\"url\":\"https:\/\/galli.ch\/wp-content\/uploads\/watch-collection-hydroconquest-l3-890-4-56-6-1710338421-ezgif.png\",\"contentUrl\":\"https:\/\/galli.ch\/wp-content\/uploads\/watch-collection-hydroconquest-l3-890-4-56-6-1710338421-ezgif.png\",\"width\":1000,\"height\":1400,\"caption\":\"longines-hydro-conquest-black-galli-zurich\"},{\"@type\":\"BreadcrumbList\",\"@id\":\"https:\/\/galli.ch\/uhren\/longines\/diving\/hydroconquest-gmt-43mm-l3-890-4-56-6\/#breadcrumb\",\"itemListElement\":[{\"@type\":\"ListItem\",\"position\":1,\"name\":\"Home\",\"item\":\"https:\/\/galli.ch\/en\/\"},{\"@type\":\"ListItem\",\"position\":2,\"name\":\"Uhren\",\"item\":\"https:\/\/galli.ch\/en\/uhren\/\"},{\"@type\":\"ListItem\",\"position\":3,\"name\":\"Hydroconquest GMT 43\"}]},{\"@type\":\"WebSite\",\"@id\":\"http:\/\/galli.ch\/en\/#website\",\"url\":\"http:\/\/galli.ch\/en\/\",\"name\":\"Galli Uhren Bijouterie\",\"description\":\"\",\"potentialAction\":[{\"@type\":\"SearchAction\",\"target\":{\"@type\":\"EntryPoint\",\"urlTemplate\":\"http:\/\/galli.ch\/en\/?s={search_term_string}\"},\"query-input\":{\"@type\":\"PropertyValueSpecification\",\"valueRequired\":true,\"valueName\":\"search_term_string\"}}],\"inLanguage\":\"en-US\"}]}<\/script>\n<!-- \/ Yoast SEO plugin. -->","yoast_head_json":{"title":"Longines Hydroconquest GMT 43 - Galli Uhren Bijouterie","robots":{"index":"index","follow":"follow","max-snippet":"max-snippet:-1","max-image-preview":"max-image-preview:large","max-video-preview":"max-video-preview:-1"},"canonical":"https:\/\/galli.ch\/uhren\/longines\/diving\/hydroconquest-gmt-43mm-l3-890-4-56-6\/","og_locale":"en_US","og_type":"article","og_title":"Longines Hydroconquest GMT 43 - Galli Uhren Bijouterie","og_description":"Im Jahr 2024 erweiterte die HydroConquest Kollektion ihr Repertoire um neue Modelle mit einem Durchmesser von 43 mm. Das Geh\u00e4use dieser neuesten Generation besteht aus abwechselnd poliertem und satiniertem Edelstahl, das mit einem verschraubten Boden versehen ist. Darin verbirgt sich das exklusive Longines GMT-Kaliber L844.5, das mit einer Spiralfeder aus Silizium sowie innovativen Komponenten aus... Weiter &raquo;","og_url":"https:\/\/galli.ch\/uhren\/longines\/diving\/hydroconquest-gmt-43mm-l3-890-4-56-6\/","og_site_name":"Galli Uhren Bijouterie","article_modified_time":"2025-03-13T12:45:31+00:00","og_image":[{"width":1000,"height":1400,"url":"https:\/\/galli.ch\/wp-content\/uploads\/watch-collection-hydroconquest-l3-890-4-56-6-1710338421-ezgif.png","type":"image\/png"}],"twitter_card":"summary_large_image","schema":{"@context":"https:\/\/schema.org","@graph":[{"@type":"WebPage","@id":"https:\/\/galli.ch\/uhren\/longines\/diving\/hydroconquest-gmt-43mm-l3-890-4-56-6\/","url":"https:\/\/galli.ch\/uhren\/longines\/diving\/hydroconquest-gmt-43mm-l3-890-4-56-6\/","name":"Longines Hydroconquest GMT 43 - Galli Uhren Bijouterie","isPartOf":{"@id":"http:\/\/galli.ch\/en\/#website"},"primaryImageOfPage":{"@id":"https:\/\/galli.ch\/uhren\/longines\/diving\/hydroconquest-gmt-43mm-l3-890-4-56-6\/#primaryimage"},"image":{"@id":"https:\/\/galli.ch\/uhren\/longines\/diving\/hydroconquest-gmt-43mm-l3-890-4-56-6\/#primaryimage"},"thumbnailUrl":"https:\/\/galli.ch\/wp-content\/uploads\/watch-collection-hydroconquest-l3-890-4-56-6-1710338421-ezgif.png","datePublished":"2024-03-26T12:01:11+00:00","dateModified":"2025-03-13T12:45:31+00:00","breadcrumb":{"@id":"https:\/\/galli.ch\/uhren\/longines\/diving\/hydroconquest-gmt-43mm-l3-890-4-56-6\/#breadcrumb"},"inLanguage":"en-US","potentialAction":[{"@type":"ReadAction","target":["https:\/\/galli.ch\/uhren\/longines\/diving\/hydroconquest-gmt-43mm-l3-890-4-56-6\/"]}]},{"@type":"ImageObject","inLanguage":"en-US","@id":"https:\/\/galli.ch\/uhren\/longines\/diving\/hydroconquest-gmt-43mm-l3-890-4-56-6\/#primaryimage","url":"https:\/\/galli.ch\/wp-content\/uploads\/watch-collection-hydroconquest-l3-890-4-56-6-1710338421-ezgif.png","contentUrl":"https:\/\/galli.ch\/wp-content\/uploads\/watch-collection-hydroconquest-l3-890-4-56-6-1710338421-ezgif.png","width":1000,"height":1400,"caption":"longines-hydro-conquest-black-galli-zurich"},{"@type":"BreadcrumbList","@id":"https:\/\/galli.ch\/uhren\/longines\/diving\/hydroconquest-gmt-43mm-l3-890-4-56-6\/#breadcrumb","itemListElement":[{"@type":"ListItem","position":1,"name":"Home","item":"https:\/\/galli.ch\/en\/"},{"@type":"ListItem","position":2,"name":"Uhren","item":"https:\/\/galli.ch\/en\/uhren\/"},{"@type":"ListItem","position":3,"name":"Hydroconquest GMT 43"}]},{"@type":"WebSite","@id":"http:\/\/galli.ch\/en\/#website","url":"http:\/\/galli.ch\/en\/","name":"Galli Uhren Bijouterie","description":"","potentialAction":[{"@type":"SearchAction","target":{"@type":"EntryPoint","urlTemplate":"http:\/\/galli.ch\/en\/?s={search_term_string}"},"query-input":{"@type":"PropertyValueSpecification","valueRequired":true,"valueName":"search_term_string"}}],"inLanguage":"en-US"}]}},"_links":{"self":[{"href":"https:\/\/galli.ch\/en\/wp-json\/wp\/v2\/product\/30304","targetHints":{"allow":["GET"]}}],"collection":[{"href":"https:\/\/galli.ch\/en\/wp-json\/wp\/v2\/product"}],"about":[{"href":"https:\/\/galli.ch\/en\/wp-json\/wp\/v2\/types\/product"}],"wp:featuredmedia":[{"embeddable":true,"href":"https:\/\/galli.ch\/en\/wp-json\/wp\/v2\/media\/30162"}],"wp:attachment":[{"href":"https:\/\/galli.ch\/en\/wp-json\/wp\/v2\/media?parent=30304"}],"wp:term":[{"taxonomy":"product_brand","embeddable":true,"href":"https:\/\/galli.ch\/en\/wp-json\/wp\/v2\/product_brand?post=30304"},{"taxonomy":"product_cat","embeddable":true,"href":"https:\/\/galli.ch\/en\/wp-json\/wp\/v2\/product_cat?post=30304"},{"taxonomy":"product_tag","embeddable":true,"href":"https:\/\/galli.ch\/en\/wp-json\/wp\/v2\/product_tag?post=30304"}],"curies":[{"name":"wp","href":"https:\/\/api.w.org\/{rel}","templated":true}]}}