{"id":30541,"date":"2024-04-05T13:33:52","date_gmt":"2024-04-05T11:33:52","guid":{"rendered":"https:\/\/galli.ch\/?post_type=product&#038;p=30541"},"modified":"2025-11-12T10:44:02","modified_gmt":"2025-11-12T09:44:02","slug":"automatic-gmt-41-r32310251l1p1","status":"publish","type":"product","link":"https:\/\/galli.ch\/en\/uhren\/breitling\/navitimer\/automatic-gmt-41-r32310251l1p1\/","title":{"rendered":"Breitling Navitimer Automatic GMT 41"},"content":{"rendered":"<p>Die Navitimer ist eine der bekanntesten Uhren, die je hergestellt wurden. Sie steht als eine der grossartigsten Uhren aller Zeiten auf den Sammlerlisten. Was 1952 als Instrument f\u00fcr Piloten begann, hat inzwischen eine tiefe Bedeutung f\u00fcr alle, die dieser Zeitmesser auf ihrer pers\u00f6nlichen Reise begleitet. Die Navitimer Automatic und Automatic GMT 41 pr\u00e4sentieren die Essenz des ikonischen Looks, verzichten auf den Chronographen und bewahren dabei ein ausgewogenes Zifferblatt.<\/p>\n","protected":false},"excerpt":{"rendered":"<p>Die Navitimer ist eine der bekanntesten Uhren, die je hergestellt wurden. Sie steht als eine der grossartigsten Uhren aller Zeiten auf den Sammlerlisten. Was 1952 als Instrument f\u00fcr Piloten begann, hat inzwischen eine tiefe Bedeutung f\u00fcr alle, die dieser Zeitmesser auf ihrer pers\u00f6nlichen Reise begleitet. Die Navitimer Automatic und Automatic GMT 41 pr\u00e4sentieren die Essenz&#8230;  <a class=\"excerpt-read-more\" href=\"https:\/\/galli.ch\/en\/uhren\/breitling\/navitimer\/automatic-gmt-41-r32310251l1p1\/\" title=\"Read Breitling Navitimer Automatic GMT 41\">Weiter &raquo;<\/a><\/p>\n","protected":false},"featured_media":30363,"template":"","meta":{"_acf_changed":false,"inline_featured_image":false},"product_brand":[],"product_cat":[188],"product_tag":[],"class_list":{"0":"post-30541","1":"product","2":"type-product","3":"status-publish","4":"has-post-thumbnail","6":"uhrenhersteller-breitling","7":"uhrenhersteller-navitimer","8":"product_cat-uhren","10":"first","11":"outofstock","12":"taxable","13":"shipping-taxable","14":"purchasable","15":"product-type-simple"},"acf":[],"yoast_head":"<!-- This site is optimized with the Yoast SEO plugin v25.5 - https:\/\/yoast.com\/wordpress\/plugins\/seo\/ -->\n<title>Breitling Navitimer Automatic GMT 41 - Galli Uhren Bijouterie<\/title>\n<meta name=\"robots\" content=\"index, follow, max-snippet:-1, max-image-preview:large, max-video-preview:-1\" \/>\n<link rel=\"canonical\" href=\"https:\/\/galli.ch\/uhren\/breitling\/navitimer\/automatic-gmt-41-r32310251l1p1\/\" \/>\n<meta property=\"og:locale\" content=\"en_US\" \/>\n<meta property=\"og:type\" content=\"article\" \/>\n<meta property=\"og:title\" content=\"Breitling Navitimer Automatic GMT 41 - Galli Uhren Bijouterie\" \/>\n<meta property=\"og:description\" content=\"Die Navitimer ist eine der bekanntesten Uhren, die je hergestellt wurden. Sie steht als eine der grossartigsten Uhren aller Zeiten auf den Sammlerlisten. Was 1952 als Instrument f\u00fcr Piloten begann, hat inzwischen eine tiefe Bedeutung f\u00fcr alle, die dieser Zeitmesser auf ihrer pers\u00f6nlichen Reise begleitet. Die Navitimer Automatic und Automatic GMT 41 pr\u00e4sentieren die Essenz... Weiter &raquo;\" \/>\n<meta property=\"og:url\" content=\"https:\/\/galli.ch\/uhren\/breitling\/navitimer\/automatic-gmt-41-r32310251l1p1\/\" \/>\n<meta property=\"og:site_name\" content=\"Galli Uhren Bijouterie\" \/>\n<meta property=\"article:modified_time\" content=\"2025-11-12T09:44:02+00:00\" \/>\n<meta property=\"og:image\" content=\"https:\/\/galli.ch\/wp-content\/uploads\/r32310251l1p1-navitimer-automatic-gmt-41-soldier.png\" \/>\n\t<meta property=\"og:image:width\" content=\"1000\" \/>\n\t<meta property=\"og:image:height\" content=\"1400\" \/>\n\t<meta property=\"og:image:type\" content=\"image\/png\" \/>\n<meta name=\"twitter:card\" content=\"summary_large_image\" \/>\n<script type=\"application\/ld+json\" class=\"yoast-schema-graph\">{\"@context\":\"https:\/\/schema.org\",\"@graph\":[{\"@type\":\"WebPage\",\"@id\":\"https:\/\/galli.ch\/uhren\/breitling\/navitimer\/automatic-gmt-41-r32310251l1p1\/\",\"url\":\"https:\/\/galli.ch\/uhren\/breitling\/navitimer\/automatic-gmt-41-r32310251l1p1\/\",\"name\":\"Breitling Navitimer Automatic GMT 41 - Galli Uhren Bijouterie\",\"isPartOf\":{\"@id\":\"http:\/\/galli.ch\/en\/#website\"},\"primaryImageOfPage\":{\"@id\":\"https:\/\/galli.ch\/uhren\/breitling\/navitimer\/automatic-gmt-41-r32310251l1p1\/#primaryimage\"},\"image\":{\"@id\":\"https:\/\/galli.ch\/uhren\/breitling\/navitimer\/automatic-gmt-41-r32310251l1p1\/#primaryimage\"},\"thumbnailUrl\":\"https:\/\/galli.ch\/wp-content\/uploads\/r32310251l1p1-navitimer-automatic-gmt-41-soldier.png\",\"datePublished\":\"2024-04-05T11:33:52+00:00\",\"dateModified\":\"2025-11-12T09:44:02+00:00\",\"breadcrumb\":{\"@id\":\"https:\/\/galli.ch\/uhren\/breitling\/navitimer\/automatic-gmt-41-r32310251l1p1\/#breadcrumb\"},\"inLanguage\":\"en-US\",\"potentialAction\":[{\"@type\":\"ReadAction\",\"target\":[\"https:\/\/galli.ch\/uhren\/breitling\/navitimer\/automatic-gmt-41-r32310251l1p1\/\"]}]},{\"@type\":\"ImageObject\",\"inLanguage\":\"en-US\",\"@id\":\"https:\/\/galli.ch\/uhren\/breitling\/navitimer\/automatic-gmt-41-r32310251l1p1\/#primaryimage\",\"url\":\"https:\/\/galli.ch\/wp-content\/uploads\/r32310251l1p1-navitimer-automatic-gmt-41-soldier.png\",\"contentUrl\":\"https:\/\/galli.ch\/wp-content\/uploads\/r32310251l1p1-navitimer-automatic-gmt-41-soldier.png\",\"width\":1000,\"height\":1400},{\"@type\":\"BreadcrumbList\",\"@id\":\"https:\/\/galli.ch\/uhren\/breitling\/navitimer\/automatic-gmt-41-r32310251l1p1\/#breadcrumb\",\"itemListElement\":[{\"@type\":\"ListItem\",\"position\":1,\"name\":\"Home\",\"item\":\"https:\/\/galli.ch\/en\/\"},{\"@type\":\"ListItem\",\"position\":2,\"name\":\"Uhren\",\"item\":\"https:\/\/galli.ch\/en\/uhren\/\"},{\"@type\":\"ListItem\",\"position\":3,\"name\":\"Breitling Navitimer Automatic GMT 41\"}]},{\"@type\":\"WebSite\",\"@id\":\"http:\/\/galli.ch\/en\/#website\",\"url\":\"http:\/\/galli.ch\/en\/\",\"name\":\"Galli Uhren Bijouterie\",\"description\":\"\",\"potentialAction\":[{\"@type\":\"SearchAction\",\"target\":{\"@type\":\"EntryPoint\",\"urlTemplate\":\"http:\/\/galli.ch\/en\/?s={search_term_string}\"},\"query-input\":{\"@type\":\"PropertyValueSpecification\",\"valueRequired\":true,\"valueName\":\"search_term_string\"}}],\"inLanguage\":\"en-US\"}]}<\/script>\n<!-- \/ Yoast SEO plugin. -->","yoast_head_json":{"title":"Breitling Navitimer Automatic GMT 41 - Galli Uhren Bijouterie","robots":{"index":"index","follow":"follow","max-snippet":"max-snippet:-1","max-image-preview":"max-image-preview:large","max-video-preview":"max-video-preview:-1"},"canonical":"https:\/\/galli.ch\/uhren\/breitling\/navitimer\/automatic-gmt-41-r32310251l1p1\/","og_locale":"en_US","og_type":"article","og_title":"Breitling Navitimer Automatic GMT 41 - Galli Uhren Bijouterie","og_description":"Die Navitimer ist eine der bekanntesten Uhren, die je hergestellt wurden. Sie steht als eine der grossartigsten Uhren aller Zeiten auf den Sammlerlisten. Was 1952 als Instrument f\u00fcr Piloten begann, hat inzwischen eine tiefe Bedeutung f\u00fcr alle, die dieser Zeitmesser auf ihrer pers\u00f6nlichen Reise begleitet. Die Navitimer Automatic und Automatic GMT 41 pr\u00e4sentieren die Essenz... Weiter &raquo;","og_url":"https:\/\/galli.ch\/uhren\/breitling\/navitimer\/automatic-gmt-41-r32310251l1p1\/","og_site_name":"Galli Uhren Bijouterie","article_modified_time":"2025-11-12T09:44:02+00:00","og_image":[{"width":1000,"height":1400,"url":"https:\/\/galli.ch\/wp-content\/uploads\/r32310251l1p1-navitimer-automatic-gmt-41-soldier.png","type":"image\/png"}],"twitter_card":"summary_large_image","schema":{"@context":"https:\/\/schema.org","@graph":[{"@type":"WebPage","@id":"https:\/\/galli.ch\/uhren\/breitling\/navitimer\/automatic-gmt-41-r32310251l1p1\/","url":"https:\/\/galli.ch\/uhren\/breitling\/navitimer\/automatic-gmt-41-r32310251l1p1\/","name":"Breitling Navitimer Automatic GMT 41 - Galli Uhren Bijouterie","isPartOf":{"@id":"http:\/\/galli.ch\/en\/#website"},"primaryImageOfPage":{"@id":"https:\/\/galli.ch\/uhren\/breitling\/navitimer\/automatic-gmt-41-r32310251l1p1\/#primaryimage"},"image":{"@id":"https:\/\/galli.ch\/uhren\/breitling\/navitimer\/automatic-gmt-41-r32310251l1p1\/#primaryimage"},"thumbnailUrl":"https:\/\/galli.ch\/wp-content\/uploads\/r32310251l1p1-navitimer-automatic-gmt-41-soldier.png","datePublished":"2024-04-05T11:33:52+00:00","dateModified":"2025-11-12T09:44:02+00:00","breadcrumb":{"@id":"https:\/\/galli.ch\/uhren\/breitling\/navitimer\/automatic-gmt-41-r32310251l1p1\/#breadcrumb"},"inLanguage":"en-US","potentialAction":[{"@type":"ReadAction","target":["https:\/\/galli.ch\/uhren\/breitling\/navitimer\/automatic-gmt-41-r32310251l1p1\/"]}]},{"@type":"ImageObject","inLanguage":"en-US","@id":"https:\/\/galli.ch\/uhren\/breitling\/navitimer\/automatic-gmt-41-r32310251l1p1\/#primaryimage","url":"https:\/\/galli.ch\/wp-content\/uploads\/r32310251l1p1-navitimer-automatic-gmt-41-soldier.png","contentUrl":"https:\/\/galli.ch\/wp-content\/uploads\/r32310251l1p1-navitimer-automatic-gmt-41-soldier.png","width":1000,"height":1400},{"@type":"BreadcrumbList","@id":"https:\/\/galli.ch\/uhren\/breitling\/navitimer\/automatic-gmt-41-r32310251l1p1\/#breadcrumb","itemListElement":[{"@type":"ListItem","position":1,"name":"Home","item":"https:\/\/galli.ch\/en\/"},{"@type":"ListItem","position":2,"name":"Uhren","item":"https:\/\/galli.ch\/en\/uhren\/"},{"@type":"ListItem","position":3,"name":"Breitling Navitimer Automatic GMT 41"}]},{"@type":"WebSite","@id":"http:\/\/galli.ch\/en\/#website","url":"http:\/\/galli.ch\/en\/","name":"Galli Uhren Bijouterie","description":"","potentialAction":[{"@type":"SearchAction","target":{"@type":"EntryPoint","urlTemplate":"http:\/\/galli.ch\/en\/?s={search_term_string}"},"query-input":{"@type":"PropertyValueSpecification","valueRequired":true,"valueName":"search_term_string"}}],"inLanguage":"en-US"}]}},"_links":{"self":[{"href":"https:\/\/galli.ch\/en\/wp-json\/wp\/v2\/product\/30541","targetHints":{"allow":["GET"]}}],"collection":[{"href":"https:\/\/galli.ch\/en\/wp-json\/wp\/v2\/product"}],"about":[{"href":"https:\/\/galli.ch\/en\/wp-json\/wp\/v2\/types\/product"}],"wp:featuredmedia":[{"embeddable":true,"href":"https:\/\/galli.ch\/en\/wp-json\/wp\/v2\/media\/30363"}],"wp:attachment":[{"href":"https:\/\/galli.ch\/en\/wp-json\/wp\/v2\/media?parent=30541"}],"wp:term":[{"taxonomy":"product_brand","embeddable":true,"href":"https:\/\/galli.ch\/en\/wp-json\/wp\/v2\/product_brand?post=30541"},{"taxonomy":"product_cat","embeddable":true,"href":"https:\/\/galli.ch\/en\/wp-json\/wp\/v2\/product_cat?post=30541"},{"taxonomy":"product_tag","embeddable":true,"href":"https:\/\/galli.ch\/en\/wp-json\/wp\/v2\/product_tag?post=30541"}],"curies":[{"name":"wp","href":"https:\/\/api.w.org\/{rel}","templated":true}]}}