{"id":3057,"date":"2018-09-29T22:04:50","date_gmt":"2018-09-29T20:04:50","guid":{"rendered":"http:\/\/galli.ch\/?post_type=schmuck&#038;p=3057"},"modified":"2025-03-13T13:44:12","modified_gmt":"2025-03-13T12:44:12","slug":"flex-_bracelets_ge_41621_100","status":"publish","type":"product","link":"https:\/\/galli.ch\/en\/schmuck\/gellner\/flex-_bracelets_ge_41621_100\/","title":{"rendered":"Gellner Urban Flex Armband"},"content":{"rendered":"<p>Wer sagt, dass Perlen nur zum Abendkleid passen? FLEX bricht mit veralteten Vorstellungen und pr\u00e4sentiert das Thema Perle modern und unkompliziert. Die Devise lautet: Raus aus alten Mustern! Die Schmuckst\u00fccke der Linie FLEX sind das beste Beispiel f\u00fcr l\u00e4ssiges Design, das dennoch jedes Outfit veredelt. Ob zu Jeans und T-Shirt, oder zu Bleistiftrock und Bluse \u2013 die FLEX Modelle sind die perfekten Begleiter.<\/p>\n","protected":false},"excerpt":{"rendered":"<p>Wer sagt, dass Perlen nur zum Abendkleid passen? FLEX bricht mit veralteten Vorstellungen und pr\u00e4sentiert das Thema Perle modern und unkompliziert. Die Devise lautet: Raus aus alten Mustern! Die Schmuckst\u00fccke der Linie FLEX sind das beste Beispiel f\u00fcr l\u00e4ssiges Design, das dennoch jedes Outfit veredelt. Ob zu Jeans und T-Shirt, oder zu Bleistiftrock und Bluse&#8230;  <a class=\"excerpt-read-more\" href=\"https:\/\/galli.ch\/en\/schmuck\/gellner\/flex-_bracelets_ge_41621_100\/\" title=\"Read Gellner Urban Flex Armband\">Weiter &raquo;<\/a><\/p>\n","protected":false},"featured_media":3015,"template":"","meta":{"_acf_changed":false,"inline_featured_image":false},"product_brand":[],"product_cat":[189],"product_tag":[],"class_list":{"0":"post-3057","1":"product","2":"type-product","3":"status-publish","4":"has-post-thumbnail","6":"schmuckhersteller-gellner","7":"schmuckthemen-bracelets","8":"product_cat-schmuck","10":"first","11":"instock","12":"taxable","13":"shipping-taxable","14":"purchasable","15":"product-type-simple"},"acf":[],"yoast_head":"<!-- This site is optimized with the Yoast SEO plugin v25.5 - https:\/\/yoast.com\/wordpress\/plugins\/seo\/ -->\n<title>Gellner Urban Flex Armband - Galli Uhren Bijouterie<\/title>\n<meta name=\"robots\" content=\"index, follow, max-snippet:-1, max-image-preview:large, max-video-preview:-1\" \/>\n<link rel=\"canonical\" href=\"https:\/\/galli.ch\/schmuck\/gellner\/flex-_bracelets_ge_41621_100\/\" \/>\n<meta property=\"og:locale\" content=\"en_US\" \/>\n<meta property=\"og:type\" content=\"article\" \/>\n<meta property=\"og:title\" content=\"Gellner Urban Flex Armband - Galli Uhren Bijouterie\" \/>\n<meta property=\"og:description\" content=\"Wer sagt, dass Perlen nur zum Abendkleid passen? FLEX bricht mit veralteten Vorstellungen und pr\u00e4sentiert das Thema Perle modern und unkompliziert. Die Devise lautet: Raus aus alten Mustern! Die Schmuckst\u00fccke der Linie FLEX sind das beste Beispiel f\u00fcr l\u00e4ssiges Design, das dennoch jedes Outfit veredelt. Ob zu Jeans und T-Shirt, oder zu Bleistiftrock und Bluse... Weiter &raquo;\" \/>\n<meta property=\"og:url\" content=\"https:\/\/galli.ch\/schmuck\/gellner\/flex-_bracelets_ge_41621_100\/\" \/>\n<meta property=\"og:site_name\" content=\"Galli Uhren Bijouterie\" \/>\n<meta property=\"article:modified_time\" content=\"2025-03-13T12:44:12+00:00\" \/>\n<meta property=\"og:image\" content=\"https:\/\/galli.ch\/wp-content\/uploads\/GELLNER_Urban_Flex-_Bracelets_ge_41621_100__CMYK_300dpi.png\" \/>\n\t<meta property=\"og:image:width\" content=\"1000\" \/>\n\t<meta property=\"og:image:height\" content=\"1400\" \/>\n\t<meta property=\"og:image:type\" content=\"image\/png\" \/>\n<meta name=\"twitter:card\" content=\"summary_large_image\" \/>\n<script type=\"application\/ld+json\" class=\"yoast-schema-graph\">{\"@context\":\"https:\/\/schema.org\",\"@graph\":[{\"@type\":\"WebPage\",\"@id\":\"https:\/\/galli.ch\/schmuck\/gellner\/flex-_bracelets_ge_41621_100\/\",\"url\":\"https:\/\/galli.ch\/schmuck\/gellner\/flex-_bracelets_ge_41621_100\/\",\"name\":\"Gellner Urban Flex Armband - Galli Uhren Bijouterie\",\"isPartOf\":{\"@id\":\"http:\/\/galli.ch\/en\/#website\"},\"primaryImageOfPage\":{\"@id\":\"https:\/\/galli.ch\/schmuck\/gellner\/flex-_bracelets_ge_41621_100\/#primaryimage\"},\"image\":{\"@id\":\"https:\/\/galli.ch\/schmuck\/gellner\/flex-_bracelets_ge_41621_100\/#primaryimage\"},\"thumbnailUrl\":\"https:\/\/galli.ch\/wp-content\/uploads\/GELLNER_Urban_Flex-_Bracelets_ge_41621_100__CMYK_300dpi.png\",\"datePublished\":\"2018-09-29T20:04:50+00:00\",\"dateModified\":\"2025-03-13T12:44:12+00:00\",\"breadcrumb\":{\"@id\":\"https:\/\/galli.ch\/schmuck\/gellner\/flex-_bracelets_ge_41621_100\/#breadcrumb\"},\"inLanguage\":\"en-US\",\"potentialAction\":[{\"@type\":\"ReadAction\",\"target\":[\"https:\/\/galli.ch\/schmuck\/gellner\/flex-_bracelets_ge_41621_100\/\"]}]},{\"@type\":\"ImageObject\",\"inLanguage\":\"en-US\",\"@id\":\"https:\/\/galli.ch\/schmuck\/gellner\/flex-_bracelets_ge_41621_100\/#primaryimage\",\"url\":\"https:\/\/galli.ch\/wp-content\/uploads\/GELLNER_Urban_Flex-_Bracelets_ge_41621_100__CMYK_300dpi.png\",\"contentUrl\":\"https:\/\/galli.ch\/wp-content\/uploads\/GELLNER_Urban_Flex-_Bracelets_ge_41621_100__CMYK_300dpi.png\",\"width\":1000,\"height\":1400,\"caption\":\"Gellner Perlenarmband\"},{\"@type\":\"BreadcrumbList\",\"@id\":\"https:\/\/galli.ch\/schmuck\/gellner\/flex-_bracelets_ge_41621_100\/#breadcrumb\",\"itemListElement\":[{\"@type\":\"ListItem\",\"position\":1,\"name\":\"Home\",\"item\":\"https:\/\/galli.ch\/en\/\"},{\"@type\":\"ListItem\",\"position\":2,\"name\":\"Uhren\",\"item\":\"https:\/\/galli.ch\/en\/uhren\/\"},{\"@type\":\"ListItem\",\"position\":3,\"name\":\"Urban Flex Armband\"}]},{\"@type\":\"WebSite\",\"@id\":\"http:\/\/galli.ch\/en\/#website\",\"url\":\"http:\/\/galli.ch\/en\/\",\"name\":\"Galli Uhren Bijouterie\",\"description\":\"\",\"potentialAction\":[{\"@type\":\"SearchAction\",\"target\":{\"@type\":\"EntryPoint\",\"urlTemplate\":\"http:\/\/galli.ch\/en\/?s={search_term_string}\"},\"query-input\":{\"@type\":\"PropertyValueSpecification\",\"valueRequired\":true,\"valueName\":\"search_term_string\"}}],\"inLanguage\":\"en-US\"}]}<\/script>\n<!-- \/ Yoast SEO plugin. -->","yoast_head_json":{"title":"Gellner Urban Flex Armband - Galli Uhren Bijouterie","robots":{"index":"index","follow":"follow","max-snippet":"max-snippet:-1","max-image-preview":"max-image-preview:large","max-video-preview":"max-video-preview:-1"},"canonical":"https:\/\/galli.ch\/schmuck\/gellner\/flex-_bracelets_ge_41621_100\/","og_locale":"en_US","og_type":"article","og_title":"Gellner Urban Flex Armband - Galli Uhren Bijouterie","og_description":"Wer sagt, dass Perlen nur zum Abendkleid passen? FLEX bricht mit veralteten Vorstellungen und pr\u00e4sentiert das Thema Perle modern und unkompliziert. Die Devise lautet: Raus aus alten Mustern! Die Schmuckst\u00fccke der Linie FLEX sind das beste Beispiel f\u00fcr l\u00e4ssiges Design, das dennoch jedes Outfit veredelt. Ob zu Jeans und T-Shirt, oder zu Bleistiftrock und Bluse... Weiter &raquo;","og_url":"https:\/\/galli.ch\/schmuck\/gellner\/flex-_bracelets_ge_41621_100\/","og_site_name":"Galli Uhren Bijouterie","article_modified_time":"2025-03-13T12:44:12+00:00","og_image":[{"width":1000,"height":1400,"url":"https:\/\/galli.ch\/wp-content\/uploads\/GELLNER_Urban_Flex-_Bracelets_ge_41621_100__CMYK_300dpi.png","type":"image\/png"}],"twitter_card":"summary_large_image","schema":{"@context":"https:\/\/schema.org","@graph":[{"@type":"WebPage","@id":"https:\/\/galli.ch\/schmuck\/gellner\/flex-_bracelets_ge_41621_100\/","url":"https:\/\/galli.ch\/schmuck\/gellner\/flex-_bracelets_ge_41621_100\/","name":"Gellner Urban Flex Armband - Galli Uhren Bijouterie","isPartOf":{"@id":"http:\/\/galli.ch\/en\/#website"},"primaryImageOfPage":{"@id":"https:\/\/galli.ch\/schmuck\/gellner\/flex-_bracelets_ge_41621_100\/#primaryimage"},"image":{"@id":"https:\/\/galli.ch\/schmuck\/gellner\/flex-_bracelets_ge_41621_100\/#primaryimage"},"thumbnailUrl":"https:\/\/galli.ch\/wp-content\/uploads\/GELLNER_Urban_Flex-_Bracelets_ge_41621_100__CMYK_300dpi.png","datePublished":"2018-09-29T20:04:50+00:00","dateModified":"2025-03-13T12:44:12+00:00","breadcrumb":{"@id":"https:\/\/galli.ch\/schmuck\/gellner\/flex-_bracelets_ge_41621_100\/#breadcrumb"},"inLanguage":"en-US","potentialAction":[{"@type":"ReadAction","target":["https:\/\/galli.ch\/schmuck\/gellner\/flex-_bracelets_ge_41621_100\/"]}]},{"@type":"ImageObject","inLanguage":"en-US","@id":"https:\/\/galli.ch\/schmuck\/gellner\/flex-_bracelets_ge_41621_100\/#primaryimage","url":"https:\/\/galli.ch\/wp-content\/uploads\/GELLNER_Urban_Flex-_Bracelets_ge_41621_100__CMYK_300dpi.png","contentUrl":"https:\/\/galli.ch\/wp-content\/uploads\/GELLNER_Urban_Flex-_Bracelets_ge_41621_100__CMYK_300dpi.png","width":1000,"height":1400,"caption":"Gellner Perlenarmband"},{"@type":"BreadcrumbList","@id":"https:\/\/galli.ch\/schmuck\/gellner\/flex-_bracelets_ge_41621_100\/#breadcrumb","itemListElement":[{"@type":"ListItem","position":1,"name":"Home","item":"https:\/\/galli.ch\/en\/"},{"@type":"ListItem","position":2,"name":"Uhren","item":"https:\/\/galli.ch\/en\/uhren\/"},{"@type":"ListItem","position":3,"name":"Urban Flex Armband"}]},{"@type":"WebSite","@id":"http:\/\/galli.ch\/en\/#website","url":"http:\/\/galli.ch\/en\/","name":"Galli Uhren Bijouterie","description":"","potentialAction":[{"@type":"SearchAction","target":{"@type":"EntryPoint","urlTemplate":"http:\/\/galli.ch\/en\/?s={search_term_string}"},"query-input":{"@type":"PropertyValueSpecification","valueRequired":true,"valueName":"search_term_string"}}],"inLanguage":"en-US"}]}},"_links":{"self":[{"href":"https:\/\/galli.ch\/en\/wp-json\/wp\/v2\/product\/3057","targetHints":{"allow":["GET"]}}],"collection":[{"href":"https:\/\/galli.ch\/en\/wp-json\/wp\/v2\/product"}],"about":[{"href":"https:\/\/galli.ch\/en\/wp-json\/wp\/v2\/types\/product"}],"wp:featuredmedia":[{"embeddable":true,"href":"https:\/\/galli.ch\/en\/wp-json\/wp\/v2\/media\/3015"}],"wp:attachment":[{"href":"https:\/\/galli.ch\/en\/wp-json\/wp\/v2\/media?parent=3057"}],"wp:term":[{"taxonomy":"product_brand","embeddable":true,"href":"https:\/\/galli.ch\/en\/wp-json\/wp\/v2\/product_brand?post=3057"},{"taxonomy":"product_cat","embeddable":true,"href":"https:\/\/galli.ch\/en\/wp-json\/wp\/v2\/product_cat?post=3057"},{"taxonomy":"product_tag","embeddable":true,"href":"https:\/\/galli.ch\/en\/wp-json\/wp\/v2\/product_tag?post=3057"}],"curies":[{"name":"wp","href":"https:\/\/api.w.org\/{rel}","templated":true}]}}