{"id":30678,"date":"2024-04-11T09:16:24","date_gmt":"2024-04-11T07:16:24","guid":{"rendered":"https:\/\/galli.ch\/?post_type=product&#038;p=30678"},"modified":"2026-03-30T10:15:30","modified_gmt":"2026-03-30T08:15:30","slug":"gmt-m7939g1a0nru-0001","status":"publish","type":"product","link":"https:\/\/galli.ch\/en\/uhren\/tudor\/black-bay-58\/gmt-m7939g1a0nru-0001\/","title":{"rendered":"Tudor Black Bay 58 GMT"},"content":{"rendered":"<p>Die Armbanduhr ist mit dem neuen mittelgrossen GMT-Manufakturwerk von TUDOR ausgestattet, die L\u00fcnette ist in den warmen Farbt\u00f6nen Bordeauxrot und Schwarz gehalten und besitzt goldene Akzente. Das attraktive Geh\u00e4use der Black Bay 58<br \/>\nist zum Standard f\u00fcr dieses Modell geworden. Seit dem Jahr 2024 wird es in einer GMT-Form angeboten.<\/p>\n<p>Das Manufakturwerk Kaliber MT5450-U, das die Black Bay 58 GMT antreibt, illustriert den TUDOR eigenen technischen Entwicklungsprozess, der auf eine anpassung f\u00e4hige Architektur zur\u00fcckgreift. Diese ist in der Lage, neue Funktionen zu bereits bestehenden Uhrwerken hinzuzuf\u00fcgen, anstatt zus\u00e4tzliche Module zu verwenden. F\u00fcr manche nur ein neben s\u00e4chliches Detail, f\u00fcr Puristen der Uhrmacherkunst jedoch ein Muss.<\/p>\n","protected":false},"excerpt":{"rendered":"<p>Die Armbanduhr ist mit dem neuen mittelgrossen GMT-Manufakturwerk von TUDOR ausgestattet, die L\u00fcnette ist in den warmen Farbt\u00f6nen Bordeauxrot und Schwarz gehalten und besitzt goldene Akzente. Das attraktive Geh\u00e4use der Black Bay 58 ist zum Standard f\u00fcr dieses Modell geworden. Seit dem Jahr 2024 wird es in einer GMT-Form angeboten. Das Manufakturwerk Kaliber MT5450-U, das&#8230;  <a class=\"excerpt-read-more\" href=\"https:\/\/galli.ch\/en\/uhren\/tudor\/black-bay-58\/gmt-m7939g1a0nru-0001\/\" title=\"Read Tudor Black Bay 58 GMT\">Weiter &raquo;<\/a><\/p>\n","protected":false},"featured_media":30660,"template":"","meta":{"_acf_changed":false,"inline_featured_image":false},"product_brand":[],"product_cat":[188],"product_tag":[],"class_list":{"0":"post-30678","1":"product","2":"type-product","3":"status-publish","4":"has-post-thumbnail","6":"uhrenhersteller-tudor","7":"uhrenhersteller-black-bay-58","8":"product_cat-uhren","10":"first","11":"instock","12":"taxable","13":"shipping-taxable","14":"purchasable","15":"product-type-simple"},"acf":[],"yoast_head":"<!-- This site is optimized with the Yoast SEO plugin v25.5 - https:\/\/yoast.com\/wordpress\/plugins\/seo\/ -->\n<title>Tudor Black Bay 58 GMT - Galli Uhren Bijouterie<\/title>\n<meta name=\"robots\" content=\"index, follow, max-snippet:-1, max-image-preview:large, max-video-preview:-1\" \/>\n<link rel=\"canonical\" href=\"https:\/\/galli.ch\/uhren\/tudor\/black-bay-58\/gmt-m7939g1a0nru-0001\/\" \/>\n<meta property=\"og:locale\" content=\"en_US\" \/>\n<meta property=\"og:type\" content=\"article\" \/>\n<meta property=\"og:title\" content=\"Tudor Black Bay 58 GMT - Galli Uhren Bijouterie\" \/>\n<meta property=\"og:description\" content=\"Die Armbanduhr ist mit dem neuen mittelgrossen GMT-Manufakturwerk von TUDOR ausgestattet, die L\u00fcnette ist in den warmen Farbt\u00f6nen Bordeauxrot und Schwarz gehalten und besitzt goldene Akzente. Das attraktive Geh\u00e4use der Black Bay 58 ist zum Standard f\u00fcr dieses Modell geworden. Seit dem Jahr 2024 wird es in einer GMT-Form angeboten. Das Manufakturwerk Kaliber MT5450-U, das... Weiter &raquo;\" \/>\n<meta property=\"og:url\" content=\"https:\/\/galli.ch\/uhren\/tudor\/black-bay-58\/gmt-m7939g1a0nru-0001\/\" \/>\n<meta property=\"og:site_name\" content=\"Galli Uhren Bijouterie\" \/>\n<meta property=\"article:modified_time\" content=\"2026-03-30T08:15:30+00:00\" \/>\n<meta property=\"og:image\" content=\"https:\/\/galli.ch\/wp-content\/uploads\/tudor-m7939g1a0nru-0001.png\" \/>\n\t<meta property=\"og:image:width\" content=\"1000\" \/>\n\t<meta property=\"og:image:height\" content=\"1400\" \/>\n\t<meta property=\"og:image:type\" content=\"image\/png\" \/>\n<meta name=\"twitter:card\" content=\"summary_large_image\" \/>\n<script type=\"application\/ld+json\" class=\"yoast-schema-graph\">{\"@context\":\"https:\/\/schema.org\",\"@graph\":[{\"@type\":\"WebPage\",\"@id\":\"https:\/\/galli.ch\/uhren\/tudor\/black-bay-58\/gmt-m7939g1a0nru-0001\/\",\"url\":\"https:\/\/galli.ch\/uhren\/tudor\/black-bay-58\/gmt-m7939g1a0nru-0001\/\",\"name\":\"Tudor Black Bay 58 GMT - Galli Uhren Bijouterie\",\"isPartOf\":{\"@id\":\"http:\/\/galli.ch\/en\/#website\"},\"primaryImageOfPage\":{\"@id\":\"https:\/\/galli.ch\/uhren\/tudor\/black-bay-58\/gmt-m7939g1a0nru-0001\/#primaryimage\"},\"image\":{\"@id\":\"https:\/\/galli.ch\/uhren\/tudor\/black-bay-58\/gmt-m7939g1a0nru-0001\/#primaryimage\"},\"thumbnailUrl\":\"https:\/\/galli.ch\/wp-content\/uploads\/tudor-m7939g1a0nru-0001.png\",\"datePublished\":\"2024-04-11T07:16:24+00:00\",\"dateModified\":\"2026-03-30T08:15:30+00:00\",\"breadcrumb\":{\"@id\":\"https:\/\/galli.ch\/uhren\/tudor\/black-bay-58\/gmt-m7939g1a0nru-0001\/#breadcrumb\"},\"inLanguage\":\"en-US\",\"potentialAction\":[{\"@type\":\"ReadAction\",\"target\":[\"https:\/\/galli.ch\/uhren\/tudor\/black-bay-58\/gmt-m7939g1a0nru-0001\/\"]}]},{\"@type\":\"ImageObject\",\"inLanguage\":\"en-US\",\"@id\":\"https:\/\/galli.ch\/uhren\/tudor\/black-bay-58\/gmt-m7939g1a0nru-0001\/#primaryimage\",\"url\":\"https:\/\/galli.ch\/wp-content\/uploads\/tudor-m7939g1a0nru-0001.png\",\"contentUrl\":\"https:\/\/galli.ch\/wp-content\/uploads\/tudor-m7939g1a0nru-0001.png\",\"width\":1000,\"height\":1400,\"caption\":\"tudor-black-bay-58-gmt-coke\"},{\"@type\":\"BreadcrumbList\",\"@id\":\"https:\/\/galli.ch\/uhren\/tudor\/black-bay-58\/gmt-m7939g1a0nru-0001\/#breadcrumb\",\"itemListElement\":[{\"@type\":\"ListItem\",\"position\":1,\"name\":\"Home\",\"item\":\"https:\/\/galli.ch\/en\/\"},{\"@type\":\"ListItem\",\"position\":2,\"name\":\"Uhren\",\"item\":\"https:\/\/galli.ch\/en\/uhren\/\"},{\"@type\":\"ListItem\",\"position\":3,\"name\":\"Tudor Black Bay 58 GMT\"}]},{\"@type\":\"WebSite\",\"@id\":\"http:\/\/galli.ch\/en\/#website\",\"url\":\"http:\/\/galli.ch\/en\/\",\"name\":\"Galli Uhren Bijouterie\",\"description\":\"\",\"potentialAction\":[{\"@type\":\"SearchAction\",\"target\":{\"@type\":\"EntryPoint\",\"urlTemplate\":\"http:\/\/galli.ch\/en\/?s={search_term_string}\"},\"query-input\":{\"@type\":\"PropertyValueSpecification\",\"valueRequired\":true,\"valueName\":\"search_term_string\"}}],\"inLanguage\":\"en-US\"}]}<\/script>\n<!-- \/ Yoast SEO plugin. -->","yoast_head_json":{"title":"Tudor Black Bay 58 GMT - Galli Uhren Bijouterie","robots":{"index":"index","follow":"follow","max-snippet":"max-snippet:-1","max-image-preview":"max-image-preview:large","max-video-preview":"max-video-preview:-1"},"canonical":"https:\/\/galli.ch\/uhren\/tudor\/black-bay-58\/gmt-m7939g1a0nru-0001\/","og_locale":"en_US","og_type":"article","og_title":"Tudor Black Bay 58 GMT - Galli Uhren Bijouterie","og_description":"Die Armbanduhr ist mit dem neuen mittelgrossen GMT-Manufakturwerk von TUDOR ausgestattet, die L\u00fcnette ist in den warmen Farbt\u00f6nen Bordeauxrot und Schwarz gehalten und besitzt goldene Akzente. Das attraktive Geh\u00e4use der Black Bay 58 ist zum Standard f\u00fcr dieses Modell geworden. Seit dem Jahr 2024 wird es in einer GMT-Form angeboten. Das Manufakturwerk Kaliber MT5450-U, das... Weiter &raquo;","og_url":"https:\/\/galli.ch\/uhren\/tudor\/black-bay-58\/gmt-m7939g1a0nru-0001\/","og_site_name":"Galli Uhren Bijouterie","article_modified_time":"2026-03-30T08:15:30+00:00","og_image":[{"width":1000,"height":1400,"url":"https:\/\/galli.ch\/wp-content\/uploads\/tudor-m7939g1a0nru-0001.png","type":"image\/png"}],"twitter_card":"summary_large_image","schema":{"@context":"https:\/\/schema.org","@graph":[{"@type":"WebPage","@id":"https:\/\/galli.ch\/uhren\/tudor\/black-bay-58\/gmt-m7939g1a0nru-0001\/","url":"https:\/\/galli.ch\/uhren\/tudor\/black-bay-58\/gmt-m7939g1a0nru-0001\/","name":"Tudor Black Bay 58 GMT - Galli Uhren Bijouterie","isPartOf":{"@id":"http:\/\/galli.ch\/en\/#website"},"primaryImageOfPage":{"@id":"https:\/\/galli.ch\/uhren\/tudor\/black-bay-58\/gmt-m7939g1a0nru-0001\/#primaryimage"},"image":{"@id":"https:\/\/galli.ch\/uhren\/tudor\/black-bay-58\/gmt-m7939g1a0nru-0001\/#primaryimage"},"thumbnailUrl":"https:\/\/galli.ch\/wp-content\/uploads\/tudor-m7939g1a0nru-0001.png","datePublished":"2024-04-11T07:16:24+00:00","dateModified":"2026-03-30T08:15:30+00:00","breadcrumb":{"@id":"https:\/\/galli.ch\/uhren\/tudor\/black-bay-58\/gmt-m7939g1a0nru-0001\/#breadcrumb"},"inLanguage":"en-US","potentialAction":[{"@type":"ReadAction","target":["https:\/\/galli.ch\/uhren\/tudor\/black-bay-58\/gmt-m7939g1a0nru-0001\/"]}]},{"@type":"ImageObject","inLanguage":"en-US","@id":"https:\/\/galli.ch\/uhren\/tudor\/black-bay-58\/gmt-m7939g1a0nru-0001\/#primaryimage","url":"https:\/\/galli.ch\/wp-content\/uploads\/tudor-m7939g1a0nru-0001.png","contentUrl":"https:\/\/galli.ch\/wp-content\/uploads\/tudor-m7939g1a0nru-0001.png","width":1000,"height":1400,"caption":"tudor-black-bay-58-gmt-coke"},{"@type":"BreadcrumbList","@id":"https:\/\/galli.ch\/uhren\/tudor\/black-bay-58\/gmt-m7939g1a0nru-0001\/#breadcrumb","itemListElement":[{"@type":"ListItem","position":1,"name":"Home","item":"https:\/\/galli.ch\/en\/"},{"@type":"ListItem","position":2,"name":"Uhren","item":"https:\/\/galli.ch\/en\/uhren\/"},{"@type":"ListItem","position":3,"name":"Tudor Black Bay 58 GMT"}]},{"@type":"WebSite","@id":"http:\/\/galli.ch\/en\/#website","url":"http:\/\/galli.ch\/en\/","name":"Galli Uhren Bijouterie","description":"","potentialAction":[{"@type":"SearchAction","target":{"@type":"EntryPoint","urlTemplate":"http:\/\/galli.ch\/en\/?s={search_term_string}"},"query-input":{"@type":"PropertyValueSpecification","valueRequired":true,"valueName":"search_term_string"}}],"inLanguage":"en-US"}]}},"_links":{"self":[{"href":"https:\/\/galli.ch\/en\/wp-json\/wp\/v2\/product\/30678","targetHints":{"allow":["GET"]}}],"collection":[{"href":"https:\/\/galli.ch\/en\/wp-json\/wp\/v2\/product"}],"about":[{"href":"https:\/\/galli.ch\/en\/wp-json\/wp\/v2\/types\/product"}],"wp:featuredmedia":[{"embeddable":true,"href":"https:\/\/galli.ch\/en\/wp-json\/wp\/v2\/media\/30660"}],"wp:attachment":[{"href":"https:\/\/galli.ch\/en\/wp-json\/wp\/v2\/media?parent=30678"}],"wp:term":[{"taxonomy":"product_brand","embeddable":true,"href":"https:\/\/galli.ch\/en\/wp-json\/wp\/v2\/product_brand?post=30678"},{"taxonomy":"product_cat","embeddable":true,"href":"https:\/\/galli.ch\/en\/wp-json\/wp\/v2\/product_cat?post=30678"},{"taxonomy":"product_tag","embeddable":true,"href":"https:\/\/galli.ch\/en\/wp-json\/wp\/v2\/product_tag?post=30678"}],"curies":[{"name":"wp","href":"https:\/\/api.w.org\/{rel}","templated":true}]}}