{"id":30691,"date":"2024-04-11T10:45:09","date_gmt":"2024-04-11T08:45:09","guid":{"rendered":"https:\/\/galli.ch\/?post_type=product&#038;p=30691"},"modified":"2026-03-30T10:14:00","modified_gmt":"2026-03-30T08:14:00","slug":"30-m35500-0010","status":"publish","type":"product","link":"https:\/\/galli.ch\/en\/uhren\/tudor\/clair-de-rose\/30-m35500-0010\/","title":{"rendered":"Tudor Clair de Rose 30"},"content":{"rendered":"<p>Die Clair de Rose Linie ist eine klassische Modelllinie von TUDOR, deren Name sowohl an das Mondlicht, auf Franz\u00f6sisch clair de lune, als auch an das historische Logo der Marke erinnert und beide Referenzen auf spielerische Art und Weise miteinander verbindet. 2024 erh\u00e4lt diese Uhrenfamilie ein brandneues Zifferblatt in \u201eTUDOR Blau\u201c.<\/p>\n<p>Erh\u00e4ltlich in den drei Durchmessergr\u00f6ssen 26, 30 und 34 mm, pr\u00e4sentiert dieses neue Modell Zifferbl\u00e4tter in Opalfarben und der neuen Farbe \u201eTUDOR Blau\u201c, mit feinen, als Relief ausgef\u00fchrten Verzierungen, die durch r\u00f6mische Ziffern oder Diamanten unterstrichen werden. Die Clair de Rose Modelle sind mit Uhrwerken mit Selbstaufzug und Datumsanzeige ausgestattet und ausschliesslich in Edelstahl erh\u00e4ltlich.<\/p>\n","protected":false},"excerpt":{"rendered":"<p>Die Clair de Rose Linie ist eine klassische Modelllinie von TUDOR, deren Name sowohl an das Mondlicht, auf Franz\u00f6sisch clair de lune, als auch an das historische Logo der Marke erinnert und beide Referenzen auf spielerische Art und Weise miteinander verbindet. 2024 erh\u00e4lt diese Uhrenfamilie ein brandneues Zifferblatt in \u201eTUDOR Blau\u201c. Erh\u00e4ltlich in den drei&#8230;  <a class=\"excerpt-read-more\" href=\"https:\/\/galli.ch\/en\/uhren\/tudor\/clair-de-rose\/30-m35500-0010\/\" title=\"Read Tudor Clair de Rose 30\">Weiter &raquo;<\/a><\/p>\n","protected":false},"featured_media":30668,"template":"","meta":{"_acf_changed":false,"inline_featured_image":false},"product_brand":[],"product_cat":[188],"product_tag":[],"class_list":{"0":"post-30691","1":"product","2":"type-product","3":"status-publish","4":"has-post-thumbnail","6":"uhrenhersteller-tudor","7":"uhrenhersteller-clair-de-rose","8":"product_cat-uhren","10":"first","11":"instock","12":"taxable","13":"shipping-taxable","14":"purchasable","15":"product-type-simple"},"acf":[],"yoast_head":"<!-- This site is optimized with the Yoast SEO plugin v25.5 - https:\/\/yoast.com\/wordpress\/plugins\/seo\/ -->\n<title>Tudor Clair de Rose 30 - Galli Uhren Bijouterie<\/title>\n<meta name=\"robots\" content=\"index, follow, max-snippet:-1, max-image-preview:large, max-video-preview:-1\" \/>\n<link rel=\"canonical\" href=\"https:\/\/galli.ch\/uhren\/tudor\/clair-de-rose\/30-m35500-0010\/\" \/>\n<meta property=\"og:locale\" content=\"en_US\" \/>\n<meta property=\"og:type\" content=\"article\" \/>\n<meta property=\"og:title\" content=\"Tudor Clair de Rose 30 - Galli Uhren Bijouterie\" \/>\n<meta property=\"og:description\" content=\"Die Clair de Rose Linie ist eine klassische Modelllinie von TUDOR, deren Name sowohl an das Mondlicht, auf Franz\u00f6sisch clair de lune, als auch an das historische Logo der Marke erinnert und beide Referenzen auf spielerische Art und Weise miteinander verbindet. 2024 erh\u00e4lt diese Uhrenfamilie ein brandneues Zifferblatt in \u201eTUDOR Blau\u201c. Erh\u00e4ltlich in den drei... Weiter &raquo;\" \/>\n<meta property=\"og:url\" content=\"https:\/\/galli.ch\/uhren\/tudor\/clair-de-rose\/30-m35500-0010\/\" \/>\n<meta property=\"og:site_name\" content=\"Galli Uhren Bijouterie\" \/>\n<meta property=\"article:modified_time\" content=\"2026-03-30T08:14:00+00:00\" \/>\n<meta property=\"og:image\" content=\"https:\/\/galli.ch\/wp-content\/uploads\/tudor-m35500-0010.png\" \/>\n\t<meta property=\"og:image:width\" content=\"1000\" \/>\n\t<meta property=\"og:image:height\" content=\"1400\" \/>\n\t<meta property=\"og:image:type\" content=\"image\/png\" \/>\n<meta name=\"twitter:card\" content=\"summary_large_image\" \/>\n<script type=\"application\/ld+json\" class=\"yoast-schema-graph\">{\"@context\":\"https:\/\/schema.org\",\"@graph\":[{\"@type\":\"WebPage\",\"@id\":\"https:\/\/galli.ch\/uhren\/tudor\/clair-de-rose\/30-m35500-0010\/\",\"url\":\"https:\/\/galli.ch\/uhren\/tudor\/clair-de-rose\/30-m35500-0010\/\",\"name\":\"Tudor Clair de Rose 30 - Galli Uhren Bijouterie\",\"isPartOf\":{\"@id\":\"http:\/\/galli.ch\/en\/#website\"},\"primaryImageOfPage\":{\"@id\":\"https:\/\/galli.ch\/uhren\/tudor\/clair-de-rose\/30-m35500-0010\/#primaryimage\"},\"image\":{\"@id\":\"https:\/\/galli.ch\/uhren\/tudor\/clair-de-rose\/30-m35500-0010\/#primaryimage\"},\"thumbnailUrl\":\"https:\/\/galli.ch\/wp-content\/uploads\/tudor-m35500-0010.png\",\"datePublished\":\"2024-04-11T08:45:09+00:00\",\"dateModified\":\"2026-03-30T08:14:00+00:00\",\"breadcrumb\":{\"@id\":\"https:\/\/galli.ch\/uhren\/tudor\/clair-de-rose\/30-m35500-0010\/#breadcrumb\"},\"inLanguage\":\"en-US\",\"potentialAction\":[{\"@type\":\"ReadAction\",\"target\":[\"https:\/\/galli.ch\/uhren\/tudor\/clair-de-rose\/30-m35500-0010\/\"]}]},{\"@type\":\"ImageObject\",\"inLanguage\":\"en-US\",\"@id\":\"https:\/\/galli.ch\/uhren\/tudor\/clair-de-rose\/30-m35500-0010\/#primaryimage\",\"url\":\"https:\/\/galli.ch\/wp-content\/uploads\/tudor-m35500-0010.png\",\"contentUrl\":\"https:\/\/galli.ch\/wp-content\/uploads\/tudor-m35500-0010.png\",\"width\":1000,\"height\":1400,\"caption\":\"tudor-clair-de-rose-m35500-0010\"},{\"@type\":\"BreadcrumbList\",\"@id\":\"https:\/\/galli.ch\/uhren\/tudor\/clair-de-rose\/30-m35500-0010\/#breadcrumb\",\"itemListElement\":[{\"@type\":\"ListItem\",\"position\":1,\"name\":\"Home\",\"item\":\"https:\/\/galli.ch\/en\/\"},{\"@type\":\"ListItem\",\"position\":2,\"name\":\"Uhren\",\"item\":\"https:\/\/galli.ch\/en\/uhren\/\"},{\"@type\":\"ListItem\",\"position\":3,\"name\":\"Tudor Clair de Rose 30\"}]},{\"@type\":\"WebSite\",\"@id\":\"http:\/\/galli.ch\/en\/#website\",\"url\":\"http:\/\/galli.ch\/en\/\",\"name\":\"Galli Uhren Bijouterie\",\"description\":\"\",\"potentialAction\":[{\"@type\":\"SearchAction\",\"target\":{\"@type\":\"EntryPoint\",\"urlTemplate\":\"http:\/\/galli.ch\/en\/?s={search_term_string}\"},\"query-input\":{\"@type\":\"PropertyValueSpecification\",\"valueRequired\":true,\"valueName\":\"search_term_string\"}}],\"inLanguage\":\"en-US\"}]}<\/script>\n<!-- \/ Yoast SEO plugin. -->","yoast_head_json":{"title":"Tudor Clair de Rose 30 - Galli Uhren Bijouterie","robots":{"index":"index","follow":"follow","max-snippet":"max-snippet:-1","max-image-preview":"max-image-preview:large","max-video-preview":"max-video-preview:-1"},"canonical":"https:\/\/galli.ch\/uhren\/tudor\/clair-de-rose\/30-m35500-0010\/","og_locale":"en_US","og_type":"article","og_title":"Tudor Clair de Rose 30 - Galli Uhren Bijouterie","og_description":"Die Clair de Rose Linie ist eine klassische Modelllinie von TUDOR, deren Name sowohl an das Mondlicht, auf Franz\u00f6sisch clair de lune, als auch an das historische Logo der Marke erinnert und beide Referenzen auf spielerische Art und Weise miteinander verbindet. 2024 erh\u00e4lt diese Uhrenfamilie ein brandneues Zifferblatt in \u201eTUDOR Blau\u201c. Erh\u00e4ltlich in den drei... Weiter &raquo;","og_url":"https:\/\/galli.ch\/uhren\/tudor\/clair-de-rose\/30-m35500-0010\/","og_site_name":"Galli Uhren Bijouterie","article_modified_time":"2026-03-30T08:14:00+00:00","og_image":[{"width":1000,"height":1400,"url":"https:\/\/galli.ch\/wp-content\/uploads\/tudor-m35500-0010.png","type":"image\/png"}],"twitter_card":"summary_large_image","schema":{"@context":"https:\/\/schema.org","@graph":[{"@type":"WebPage","@id":"https:\/\/galli.ch\/uhren\/tudor\/clair-de-rose\/30-m35500-0010\/","url":"https:\/\/galli.ch\/uhren\/tudor\/clair-de-rose\/30-m35500-0010\/","name":"Tudor Clair de Rose 30 - Galli Uhren Bijouterie","isPartOf":{"@id":"http:\/\/galli.ch\/en\/#website"},"primaryImageOfPage":{"@id":"https:\/\/galli.ch\/uhren\/tudor\/clair-de-rose\/30-m35500-0010\/#primaryimage"},"image":{"@id":"https:\/\/galli.ch\/uhren\/tudor\/clair-de-rose\/30-m35500-0010\/#primaryimage"},"thumbnailUrl":"https:\/\/galli.ch\/wp-content\/uploads\/tudor-m35500-0010.png","datePublished":"2024-04-11T08:45:09+00:00","dateModified":"2026-03-30T08:14:00+00:00","breadcrumb":{"@id":"https:\/\/galli.ch\/uhren\/tudor\/clair-de-rose\/30-m35500-0010\/#breadcrumb"},"inLanguage":"en-US","potentialAction":[{"@type":"ReadAction","target":["https:\/\/galli.ch\/uhren\/tudor\/clair-de-rose\/30-m35500-0010\/"]}]},{"@type":"ImageObject","inLanguage":"en-US","@id":"https:\/\/galli.ch\/uhren\/tudor\/clair-de-rose\/30-m35500-0010\/#primaryimage","url":"https:\/\/galli.ch\/wp-content\/uploads\/tudor-m35500-0010.png","contentUrl":"https:\/\/galli.ch\/wp-content\/uploads\/tudor-m35500-0010.png","width":1000,"height":1400,"caption":"tudor-clair-de-rose-m35500-0010"},{"@type":"BreadcrumbList","@id":"https:\/\/galli.ch\/uhren\/tudor\/clair-de-rose\/30-m35500-0010\/#breadcrumb","itemListElement":[{"@type":"ListItem","position":1,"name":"Home","item":"https:\/\/galli.ch\/en\/"},{"@type":"ListItem","position":2,"name":"Uhren","item":"https:\/\/galli.ch\/en\/uhren\/"},{"@type":"ListItem","position":3,"name":"Tudor Clair de Rose 30"}]},{"@type":"WebSite","@id":"http:\/\/galli.ch\/en\/#website","url":"http:\/\/galli.ch\/en\/","name":"Galli Uhren Bijouterie","description":"","potentialAction":[{"@type":"SearchAction","target":{"@type":"EntryPoint","urlTemplate":"http:\/\/galli.ch\/en\/?s={search_term_string}"},"query-input":{"@type":"PropertyValueSpecification","valueRequired":true,"valueName":"search_term_string"}}],"inLanguage":"en-US"}]}},"_links":{"self":[{"href":"https:\/\/galli.ch\/en\/wp-json\/wp\/v2\/product\/30691","targetHints":{"allow":["GET"]}}],"collection":[{"href":"https:\/\/galli.ch\/en\/wp-json\/wp\/v2\/product"}],"about":[{"href":"https:\/\/galli.ch\/en\/wp-json\/wp\/v2\/types\/product"}],"wp:featuredmedia":[{"embeddable":true,"href":"https:\/\/galli.ch\/en\/wp-json\/wp\/v2\/media\/30668"}],"wp:attachment":[{"href":"https:\/\/galli.ch\/en\/wp-json\/wp\/v2\/media?parent=30691"}],"wp:term":[{"taxonomy":"product_brand","embeddable":true,"href":"https:\/\/galli.ch\/en\/wp-json\/wp\/v2\/product_brand?post=30691"},{"taxonomy":"product_cat","embeddable":true,"href":"https:\/\/galli.ch\/en\/wp-json\/wp\/v2\/product_cat?post=30691"},{"taxonomy":"product_tag","embeddable":true,"href":"https:\/\/galli.ch\/en\/wp-json\/wp\/v2\/product_tag?post=30691"}],"curies":[{"name":"wp","href":"https:\/\/api.w.org\/{rel}","templated":true}]}}