{"id":30704,"date":"2024-04-11T11:13:30","date_gmt":"2024-04-11T09:13:30","guid":{"rendered":"https:\/\/galli.ch\/?post_type=product&#038;p=30704"},"modified":"2026-03-30T10:14:41","modified_gmt":"2026-03-30T08:14:41","slug":"automatic-42-iw501702","status":"publish","type":"product","link":"https:\/\/galli.ch\/en\/uhren\/iwc\/portugieser\/automatic-42-iw501702\/","title":{"rendered":"IWC Portugieser Automatic 42"},"content":{"rendered":"<p>Die Urspr\u00fcnge der Portugieser reichen in die sp\u00e4ten 1930er Jahre zur\u00fcck, als IWC Schaffhausen ein hochpr\u00e4zises Taschenuhrwerk verwendete, um eine besonders grosse Armbanduhr mit Chronometer-Pr\u00e4zision zu schaffen.<br \/>\nAngetrieben wird die Portugieser Automatic 42 vom IWC-Manufakturkaliber 52011, das aufwendig mit kreisf\u00f6rmigen Genfer Streifen veredelt ist. Der Pellaton-Aufzug ist mit nahezu verschleissfreien Zirkonoxid-Keramikkomponenten verst\u00e4rkt und baut in zwei Federh\u00e4usern eine Gangreserve von sieben Tagen (168 Stunden) auf.<\/p>\n","protected":false},"excerpt":{"rendered":"<p>Die Urspr\u00fcnge der Portugieser reichen in die sp\u00e4ten 1930er Jahre zur\u00fcck, als IWC Schaffhausen ein hochpr\u00e4zises Taschenuhrwerk verwendete, um eine besonders grosse Armbanduhr mit Chronometer-Pr\u00e4zision zu schaffen. Angetrieben wird die Portugieser Automatic 42 vom IWC-Manufakturkaliber 52011, das aufwendig mit kreisf\u00f6rmigen Genfer Streifen veredelt ist. Der Pellaton-Aufzug ist mit nahezu verschleissfreien Zirkonoxid-Keramikkomponenten verst\u00e4rkt und baut in&#8230;  <a class=\"excerpt-read-more\" href=\"https:\/\/galli.ch\/en\/uhren\/iwc\/portugieser\/automatic-42-iw501702\/\" title=\"Read IWC Portugieser Automatic 42\">Weiter &raquo;<\/a><\/p>\n","protected":false},"featured_media":30654,"template":"","meta":{"_acf_changed":false,"inline_featured_image":false},"product_brand":[],"product_cat":[188],"product_tag":[],"class_list":{"0":"post-30704","1":"product","2":"type-product","3":"status-publish","4":"has-post-thumbnail","6":"uhrenhersteller-iwc","7":"uhrenhersteller-portugieser","8":"product_cat-uhren","10":"first","11":"outofstock","12":"taxable","13":"shipping-taxable","14":"purchasable","15":"product-type-simple"},"acf":[],"yoast_head":"<!-- This site is optimized with the Yoast SEO plugin v25.5 - https:\/\/yoast.com\/wordpress\/plugins\/seo\/ -->\n<title>IWC Portugieser Automatic 42 - Galli Uhren Bijouterie<\/title>\n<meta name=\"robots\" content=\"index, follow, max-snippet:-1, max-image-preview:large, max-video-preview:-1\" \/>\n<link rel=\"canonical\" href=\"https:\/\/galli.ch\/uhren\/iwc\/portugieser\/automatic-42-iw501702\/\" \/>\n<meta property=\"og:locale\" content=\"en_US\" \/>\n<meta property=\"og:type\" content=\"article\" \/>\n<meta property=\"og:title\" content=\"IWC Portugieser Automatic 42 - Galli Uhren Bijouterie\" \/>\n<meta property=\"og:description\" content=\"Die Urspr\u00fcnge der Portugieser reichen in die sp\u00e4ten 1930er Jahre zur\u00fcck, als IWC Schaffhausen ein hochpr\u00e4zises Taschenuhrwerk verwendete, um eine besonders grosse Armbanduhr mit Chronometer-Pr\u00e4zision zu schaffen. Angetrieben wird die Portugieser Automatic 42 vom IWC-Manufakturkaliber 52011, das aufwendig mit kreisf\u00f6rmigen Genfer Streifen veredelt ist. Der Pellaton-Aufzug ist mit nahezu verschleissfreien Zirkonoxid-Keramikkomponenten verst\u00e4rkt und baut in... Weiter &raquo;\" \/>\n<meta property=\"og:url\" content=\"https:\/\/galli.ch\/uhren\/iwc\/portugieser\/automatic-42-iw501702\/\" \/>\n<meta property=\"og:site_name\" content=\"Galli Uhren Bijouterie\" \/>\n<meta property=\"article:modified_time\" content=\"2026-03-30T08:14:41+00:00\" \/>\n<meta property=\"og:image\" content=\"https:\/\/galli.ch\/wp-content\/uploads\/kmm9EsjnTsubb1IeVpz0mw.png.png\" \/>\n\t<meta property=\"og:image:width\" content=\"1000\" \/>\n\t<meta property=\"og:image:height\" content=\"1400\" \/>\n\t<meta property=\"og:image:type\" content=\"image\/png\" \/>\n<meta name=\"twitter:card\" content=\"summary_large_image\" \/>\n<script type=\"application\/ld+json\" class=\"yoast-schema-graph\">{\"@context\":\"https:\/\/schema.org\",\"@graph\":[{\"@type\":\"WebPage\",\"@id\":\"https:\/\/galli.ch\/uhren\/iwc\/portugieser\/automatic-42-iw501702\/\",\"url\":\"https:\/\/galli.ch\/uhren\/iwc\/portugieser\/automatic-42-iw501702\/\",\"name\":\"IWC Portugieser Automatic 42 - Galli Uhren Bijouterie\",\"isPartOf\":{\"@id\":\"http:\/\/galli.ch\/en\/#website\"},\"primaryImageOfPage\":{\"@id\":\"https:\/\/galli.ch\/uhren\/iwc\/portugieser\/automatic-42-iw501702\/#primaryimage\"},\"image\":{\"@id\":\"https:\/\/galli.ch\/uhren\/iwc\/portugieser\/automatic-42-iw501702\/#primaryimage\"},\"thumbnailUrl\":\"https:\/\/galli.ch\/wp-content\/uploads\/kmm9EsjnTsubb1IeVpz0mw.png.png\",\"datePublished\":\"2024-04-11T09:13:30+00:00\",\"dateModified\":\"2026-03-30T08:14:41+00:00\",\"breadcrumb\":{\"@id\":\"https:\/\/galli.ch\/uhren\/iwc\/portugieser\/automatic-42-iw501702\/#breadcrumb\"},\"inLanguage\":\"en-US\",\"potentialAction\":[{\"@type\":\"ReadAction\",\"target\":[\"https:\/\/galli.ch\/uhren\/iwc\/portugieser\/automatic-42-iw501702\/\"]}]},{\"@type\":\"ImageObject\",\"inLanguage\":\"en-US\",\"@id\":\"https:\/\/galli.ch\/uhren\/iwc\/portugieser\/automatic-42-iw501702\/#primaryimage\",\"url\":\"https:\/\/galli.ch\/wp-content\/uploads\/kmm9EsjnTsubb1IeVpz0mw.png.png\",\"contentUrl\":\"https:\/\/galli.ch\/wp-content\/uploads\/kmm9EsjnTsubb1IeVpz0mw.png.png\",\"width\":1000,\"height\":1400},{\"@type\":\"BreadcrumbList\",\"@id\":\"https:\/\/galli.ch\/uhren\/iwc\/portugieser\/automatic-42-iw501702\/#breadcrumb\",\"itemListElement\":[{\"@type\":\"ListItem\",\"position\":1,\"name\":\"Home\",\"item\":\"https:\/\/galli.ch\/en\/\"},{\"@type\":\"ListItem\",\"position\":2,\"name\":\"Uhren\",\"item\":\"https:\/\/galli.ch\/en\/uhren\/\"},{\"@type\":\"ListItem\",\"position\":3,\"name\":\"IWC Portugieser Automatic 42\"}]},{\"@type\":\"WebSite\",\"@id\":\"http:\/\/galli.ch\/en\/#website\",\"url\":\"http:\/\/galli.ch\/en\/\",\"name\":\"Galli Uhren Bijouterie\",\"description\":\"\",\"potentialAction\":[{\"@type\":\"SearchAction\",\"target\":{\"@type\":\"EntryPoint\",\"urlTemplate\":\"http:\/\/galli.ch\/en\/?s={search_term_string}\"},\"query-input\":{\"@type\":\"PropertyValueSpecification\",\"valueRequired\":true,\"valueName\":\"search_term_string\"}}],\"inLanguage\":\"en-US\"}]}<\/script>\n<!-- \/ Yoast SEO plugin. -->","yoast_head_json":{"title":"IWC Portugieser Automatic 42 - Galli Uhren Bijouterie","robots":{"index":"index","follow":"follow","max-snippet":"max-snippet:-1","max-image-preview":"max-image-preview:large","max-video-preview":"max-video-preview:-1"},"canonical":"https:\/\/galli.ch\/uhren\/iwc\/portugieser\/automatic-42-iw501702\/","og_locale":"en_US","og_type":"article","og_title":"IWC Portugieser Automatic 42 - Galli Uhren Bijouterie","og_description":"Die Urspr\u00fcnge der Portugieser reichen in die sp\u00e4ten 1930er Jahre zur\u00fcck, als IWC Schaffhausen ein hochpr\u00e4zises Taschenuhrwerk verwendete, um eine besonders grosse Armbanduhr mit Chronometer-Pr\u00e4zision zu schaffen. Angetrieben wird die Portugieser Automatic 42 vom IWC-Manufakturkaliber 52011, das aufwendig mit kreisf\u00f6rmigen Genfer Streifen veredelt ist. Der Pellaton-Aufzug ist mit nahezu verschleissfreien Zirkonoxid-Keramikkomponenten verst\u00e4rkt und baut in... Weiter &raquo;","og_url":"https:\/\/galli.ch\/uhren\/iwc\/portugieser\/automatic-42-iw501702\/","og_site_name":"Galli Uhren Bijouterie","article_modified_time":"2026-03-30T08:14:41+00:00","og_image":[{"width":1000,"height":1400,"url":"https:\/\/galli.ch\/wp-content\/uploads\/kmm9EsjnTsubb1IeVpz0mw.png.png","type":"image\/png"}],"twitter_card":"summary_large_image","schema":{"@context":"https:\/\/schema.org","@graph":[{"@type":"WebPage","@id":"https:\/\/galli.ch\/uhren\/iwc\/portugieser\/automatic-42-iw501702\/","url":"https:\/\/galli.ch\/uhren\/iwc\/portugieser\/automatic-42-iw501702\/","name":"IWC Portugieser Automatic 42 - Galli Uhren Bijouterie","isPartOf":{"@id":"http:\/\/galli.ch\/en\/#website"},"primaryImageOfPage":{"@id":"https:\/\/galli.ch\/uhren\/iwc\/portugieser\/automatic-42-iw501702\/#primaryimage"},"image":{"@id":"https:\/\/galli.ch\/uhren\/iwc\/portugieser\/automatic-42-iw501702\/#primaryimage"},"thumbnailUrl":"https:\/\/galli.ch\/wp-content\/uploads\/kmm9EsjnTsubb1IeVpz0mw.png.png","datePublished":"2024-04-11T09:13:30+00:00","dateModified":"2026-03-30T08:14:41+00:00","breadcrumb":{"@id":"https:\/\/galli.ch\/uhren\/iwc\/portugieser\/automatic-42-iw501702\/#breadcrumb"},"inLanguage":"en-US","potentialAction":[{"@type":"ReadAction","target":["https:\/\/galli.ch\/uhren\/iwc\/portugieser\/automatic-42-iw501702\/"]}]},{"@type":"ImageObject","inLanguage":"en-US","@id":"https:\/\/galli.ch\/uhren\/iwc\/portugieser\/automatic-42-iw501702\/#primaryimage","url":"https:\/\/galli.ch\/wp-content\/uploads\/kmm9EsjnTsubb1IeVpz0mw.png.png","contentUrl":"https:\/\/galli.ch\/wp-content\/uploads\/kmm9EsjnTsubb1IeVpz0mw.png.png","width":1000,"height":1400},{"@type":"BreadcrumbList","@id":"https:\/\/galli.ch\/uhren\/iwc\/portugieser\/automatic-42-iw501702\/#breadcrumb","itemListElement":[{"@type":"ListItem","position":1,"name":"Home","item":"https:\/\/galli.ch\/en\/"},{"@type":"ListItem","position":2,"name":"Uhren","item":"https:\/\/galli.ch\/en\/uhren\/"},{"@type":"ListItem","position":3,"name":"IWC Portugieser Automatic 42"}]},{"@type":"WebSite","@id":"http:\/\/galli.ch\/en\/#website","url":"http:\/\/galli.ch\/en\/","name":"Galli Uhren Bijouterie","description":"","potentialAction":[{"@type":"SearchAction","target":{"@type":"EntryPoint","urlTemplate":"http:\/\/galli.ch\/en\/?s={search_term_string}"},"query-input":{"@type":"PropertyValueSpecification","valueRequired":true,"valueName":"search_term_string"}}],"inLanguage":"en-US"}]}},"_links":{"self":[{"href":"https:\/\/galli.ch\/en\/wp-json\/wp\/v2\/product\/30704","targetHints":{"allow":["GET"]}}],"collection":[{"href":"https:\/\/galli.ch\/en\/wp-json\/wp\/v2\/product"}],"about":[{"href":"https:\/\/galli.ch\/en\/wp-json\/wp\/v2\/types\/product"}],"wp:featuredmedia":[{"embeddable":true,"href":"https:\/\/galli.ch\/en\/wp-json\/wp\/v2\/media\/30654"}],"wp:attachment":[{"href":"https:\/\/galli.ch\/en\/wp-json\/wp\/v2\/media?parent=30704"}],"wp:term":[{"taxonomy":"product_brand","embeddable":true,"href":"https:\/\/galli.ch\/en\/wp-json\/wp\/v2\/product_brand?post=30704"},{"taxonomy":"product_cat","embeddable":true,"href":"https:\/\/galli.ch\/en\/wp-json\/wp\/v2\/product_cat?post=30704"},{"taxonomy":"product_tag","embeddable":true,"href":"https:\/\/galli.ch\/en\/wp-json\/wp\/v2\/product_tag?post=30704"}],"curies":[{"name":"wp","href":"https:\/\/api.w.org\/{rel}","templated":true}]}}