{"id":30717,"date":"2024-04-11T18:19:29","date_gmt":"2024-04-11T16:19:29","guid":{"rendered":"https:\/\/galli.ch\/?post_type=product&#038;p=30717"},"modified":"2026-03-30T10:14:42","modified_gmt":"2026-03-30T08:14:42","slug":"perpetual-calendar-44-iw503702","status":"publish","type":"product","link":"https:\/\/galli.ch\/en\/uhren\/iwc\/portugieser\/perpetual-calendar-44-iw503702\/","title":{"rendered":"IWC Portugieser Perpetual Calendar 44"},"content":{"rendered":"<p>Der ewige Kalender von IWC Schaffhausen wurde in den 1980er-Jahren vom damaligen Chef-Uhrmacher Kurt Klaus entwickelt. Im Jahr 2003 wurde die legend\u00e4re Komplikation zum ersten Mal in der Portugieser-Kollektion pr\u00e4sentiert. Seither ist die Portugieser Perpetual Calendar eine tragende S\u00e4ule der Kollektion.<\/p>\n<p>Die IWC-typische Double MoonTM Anzeige zeigt den Mond von der n\u00f6rdlichen und s\u00fcdlichen Hemisph\u00e4re. Dank eines speziellen Untersetzungsgetriebes weicht sie erst nach 577,7 Jahren um einen Tag von der tats\u00e4chlichen Mondumlaufbahn ab.<\/p>\n","protected":false},"excerpt":{"rendered":"<p>Der ewige Kalender von IWC Schaffhausen wurde in den 1980er-Jahren vom damaligen Chef-Uhrmacher Kurt Klaus entwickelt. Im Jahr 2003 wurde die legend\u00e4re Komplikation zum ersten Mal in der Portugieser-Kollektion pr\u00e4sentiert. Seither ist die Portugieser Perpetual Calendar eine tragende S\u00e4ule der Kollektion. Die IWC-typische Double MoonTM Anzeige zeigt den Mond von der n\u00f6rdlichen und s\u00fcdlichen Hemisph\u00e4re&#8230;.  <a class=\"excerpt-read-more\" href=\"https:\/\/galli.ch\/en\/uhren\/iwc\/portugieser\/perpetual-calendar-44-iw503702\/\" title=\"Read IWC Portugieser Perpetual Calendar 44\">Weiter &raquo;<\/a><\/p>\n","protected":false},"featured_media":30674,"template":"","meta":{"_acf_changed":false,"inline_featured_image":false},"product_brand":[],"product_cat":[188],"product_tag":[],"class_list":{"0":"post-30717","1":"product","2":"type-product","3":"status-publish","4":"has-post-thumbnail","6":"uhrenhersteller-iwc","7":"uhrenhersteller-portugieser","8":"product_cat-uhren","10":"first","11":"instock","12":"taxable","13":"shipping-taxable","14":"purchasable","15":"product-type-simple"},"acf":[],"yoast_head":"<!-- This site is optimized with the Yoast SEO plugin v25.5 - https:\/\/yoast.com\/wordpress\/plugins\/seo\/ -->\n<title>IWC Portugieser Perpetual Calendar 44 - Galli Uhren Bijouterie<\/title>\n<meta name=\"robots\" content=\"index, follow, max-snippet:-1, max-image-preview:large, max-video-preview:-1\" \/>\n<link rel=\"canonical\" href=\"https:\/\/galli.ch\/uhren\/iwc\/portugieser\/perpetual-calendar-44-iw503702\/\" \/>\n<meta property=\"og:locale\" content=\"en_US\" \/>\n<meta property=\"og:type\" content=\"article\" \/>\n<meta property=\"og:title\" content=\"IWC Portugieser Perpetual Calendar 44 - Galli Uhren Bijouterie\" \/>\n<meta property=\"og:description\" content=\"Der ewige Kalender von IWC Schaffhausen wurde in den 1980er-Jahren vom damaligen Chef-Uhrmacher Kurt Klaus entwickelt. Im Jahr 2003 wurde die legend\u00e4re Komplikation zum ersten Mal in der Portugieser-Kollektion pr\u00e4sentiert. Seither ist die Portugieser Perpetual Calendar eine tragende S\u00e4ule der Kollektion. Die IWC-typische Double MoonTM Anzeige zeigt den Mond von der n\u00f6rdlichen und s\u00fcdlichen Hemisph\u00e4re.... Weiter &raquo;\" \/>\n<meta property=\"og:url\" content=\"https:\/\/galli.ch\/uhren\/iwc\/portugieser\/perpetual-calendar-44-iw503702\/\" \/>\n<meta property=\"og:site_name\" content=\"Galli Uhren Bijouterie\" \/>\n<meta property=\"article:modified_time\" content=\"2026-03-30T08:14:42+00:00\" \/>\n<meta property=\"og:image\" content=\"https:\/\/galli.ch\/wp-content\/uploads\/TY5CFXNQSoWmjWPtmfkguQ.png\" \/>\n\t<meta property=\"og:image:width\" content=\"1000\" \/>\n\t<meta property=\"og:image:height\" content=\"1400\" \/>\n\t<meta property=\"og:image:type\" content=\"image\/png\" \/>\n<meta name=\"twitter:card\" content=\"summary_large_image\" \/>\n<script type=\"application\/ld+json\" class=\"yoast-schema-graph\">{\"@context\":\"https:\/\/schema.org\",\"@graph\":[{\"@type\":\"WebPage\",\"@id\":\"https:\/\/galli.ch\/uhren\/iwc\/portugieser\/perpetual-calendar-44-iw503702\/\",\"url\":\"https:\/\/galli.ch\/uhren\/iwc\/portugieser\/perpetual-calendar-44-iw503702\/\",\"name\":\"IWC Portugieser Perpetual Calendar 44 - Galli Uhren Bijouterie\",\"isPartOf\":{\"@id\":\"http:\/\/galli.ch\/en\/#website\"},\"primaryImageOfPage\":{\"@id\":\"https:\/\/galli.ch\/uhren\/iwc\/portugieser\/perpetual-calendar-44-iw503702\/#primaryimage\"},\"image\":{\"@id\":\"https:\/\/galli.ch\/uhren\/iwc\/portugieser\/perpetual-calendar-44-iw503702\/#primaryimage\"},\"thumbnailUrl\":\"https:\/\/galli.ch\/wp-content\/uploads\/TY5CFXNQSoWmjWPtmfkguQ.png\",\"datePublished\":\"2024-04-11T16:19:29+00:00\",\"dateModified\":\"2026-03-30T08:14:42+00:00\",\"breadcrumb\":{\"@id\":\"https:\/\/galli.ch\/uhren\/iwc\/portugieser\/perpetual-calendar-44-iw503702\/#breadcrumb\"},\"inLanguage\":\"en-US\",\"potentialAction\":[{\"@type\":\"ReadAction\",\"target\":[\"https:\/\/galli.ch\/uhren\/iwc\/portugieser\/perpetual-calendar-44-iw503702\/\"]}]},{\"@type\":\"ImageObject\",\"inLanguage\":\"en-US\",\"@id\":\"https:\/\/galli.ch\/uhren\/iwc\/portugieser\/perpetual-calendar-44-iw503702\/#primaryimage\",\"url\":\"https:\/\/galli.ch\/wp-content\/uploads\/TY5CFXNQSoWmjWPtmfkguQ.png\",\"contentUrl\":\"https:\/\/galli.ch\/wp-content\/uploads\/TY5CFXNQSoWmjWPtmfkguQ.png\",\"width\":1000,\"height\":1400},{\"@type\":\"BreadcrumbList\",\"@id\":\"https:\/\/galli.ch\/uhren\/iwc\/portugieser\/perpetual-calendar-44-iw503702\/#breadcrumb\",\"itemListElement\":[{\"@type\":\"ListItem\",\"position\":1,\"name\":\"Home\",\"item\":\"https:\/\/galli.ch\/en\/\"},{\"@type\":\"ListItem\",\"position\":2,\"name\":\"Uhren\",\"item\":\"https:\/\/galli.ch\/en\/uhren\/\"},{\"@type\":\"ListItem\",\"position\":3,\"name\":\"IWC Portugieser Perpetual Calendar 44\"}]},{\"@type\":\"WebSite\",\"@id\":\"http:\/\/galli.ch\/en\/#website\",\"url\":\"http:\/\/galli.ch\/en\/\",\"name\":\"Galli Uhren Bijouterie\",\"description\":\"\",\"potentialAction\":[{\"@type\":\"SearchAction\",\"target\":{\"@type\":\"EntryPoint\",\"urlTemplate\":\"http:\/\/galli.ch\/en\/?s={search_term_string}\"},\"query-input\":{\"@type\":\"PropertyValueSpecification\",\"valueRequired\":true,\"valueName\":\"search_term_string\"}}],\"inLanguage\":\"en-US\"}]}<\/script>\n<!-- \/ Yoast SEO plugin. -->","yoast_head_json":{"title":"IWC Portugieser Perpetual Calendar 44 - Galli Uhren Bijouterie","robots":{"index":"index","follow":"follow","max-snippet":"max-snippet:-1","max-image-preview":"max-image-preview:large","max-video-preview":"max-video-preview:-1"},"canonical":"https:\/\/galli.ch\/uhren\/iwc\/portugieser\/perpetual-calendar-44-iw503702\/","og_locale":"en_US","og_type":"article","og_title":"IWC Portugieser Perpetual Calendar 44 - Galli Uhren Bijouterie","og_description":"Der ewige Kalender von IWC Schaffhausen wurde in den 1980er-Jahren vom damaligen Chef-Uhrmacher Kurt Klaus entwickelt. Im Jahr 2003 wurde die legend\u00e4re Komplikation zum ersten Mal in der Portugieser-Kollektion pr\u00e4sentiert. Seither ist die Portugieser Perpetual Calendar eine tragende S\u00e4ule der Kollektion. Die IWC-typische Double MoonTM Anzeige zeigt den Mond von der n\u00f6rdlichen und s\u00fcdlichen Hemisph\u00e4re.... Weiter &raquo;","og_url":"https:\/\/galli.ch\/uhren\/iwc\/portugieser\/perpetual-calendar-44-iw503702\/","og_site_name":"Galli Uhren Bijouterie","article_modified_time":"2026-03-30T08:14:42+00:00","og_image":[{"width":1000,"height":1400,"url":"https:\/\/galli.ch\/wp-content\/uploads\/TY5CFXNQSoWmjWPtmfkguQ.png","type":"image\/png"}],"twitter_card":"summary_large_image","schema":{"@context":"https:\/\/schema.org","@graph":[{"@type":"WebPage","@id":"https:\/\/galli.ch\/uhren\/iwc\/portugieser\/perpetual-calendar-44-iw503702\/","url":"https:\/\/galli.ch\/uhren\/iwc\/portugieser\/perpetual-calendar-44-iw503702\/","name":"IWC Portugieser Perpetual Calendar 44 - Galli Uhren Bijouterie","isPartOf":{"@id":"http:\/\/galli.ch\/en\/#website"},"primaryImageOfPage":{"@id":"https:\/\/galli.ch\/uhren\/iwc\/portugieser\/perpetual-calendar-44-iw503702\/#primaryimage"},"image":{"@id":"https:\/\/galli.ch\/uhren\/iwc\/portugieser\/perpetual-calendar-44-iw503702\/#primaryimage"},"thumbnailUrl":"https:\/\/galli.ch\/wp-content\/uploads\/TY5CFXNQSoWmjWPtmfkguQ.png","datePublished":"2024-04-11T16:19:29+00:00","dateModified":"2026-03-30T08:14:42+00:00","breadcrumb":{"@id":"https:\/\/galli.ch\/uhren\/iwc\/portugieser\/perpetual-calendar-44-iw503702\/#breadcrumb"},"inLanguage":"en-US","potentialAction":[{"@type":"ReadAction","target":["https:\/\/galli.ch\/uhren\/iwc\/portugieser\/perpetual-calendar-44-iw503702\/"]}]},{"@type":"ImageObject","inLanguage":"en-US","@id":"https:\/\/galli.ch\/uhren\/iwc\/portugieser\/perpetual-calendar-44-iw503702\/#primaryimage","url":"https:\/\/galli.ch\/wp-content\/uploads\/TY5CFXNQSoWmjWPtmfkguQ.png","contentUrl":"https:\/\/galli.ch\/wp-content\/uploads\/TY5CFXNQSoWmjWPtmfkguQ.png","width":1000,"height":1400},{"@type":"BreadcrumbList","@id":"https:\/\/galli.ch\/uhren\/iwc\/portugieser\/perpetual-calendar-44-iw503702\/#breadcrumb","itemListElement":[{"@type":"ListItem","position":1,"name":"Home","item":"https:\/\/galli.ch\/en\/"},{"@type":"ListItem","position":2,"name":"Uhren","item":"https:\/\/galli.ch\/en\/uhren\/"},{"@type":"ListItem","position":3,"name":"IWC Portugieser Perpetual Calendar 44"}]},{"@type":"WebSite","@id":"http:\/\/galli.ch\/en\/#website","url":"http:\/\/galli.ch\/en\/","name":"Galli Uhren Bijouterie","description":"","potentialAction":[{"@type":"SearchAction","target":{"@type":"EntryPoint","urlTemplate":"http:\/\/galli.ch\/en\/?s={search_term_string}"},"query-input":{"@type":"PropertyValueSpecification","valueRequired":true,"valueName":"search_term_string"}}],"inLanguage":"en-US"}]}},"_links":{"self":[{"href":"https:\/\/galli.ch\/en\/wp-json\/wp\/v2\/product\/30717","targetHints":{"allow":["GET"]}}],"collection":[{"href":"https:\/\/galli.ch\/en\/wp-json\/wp\/v2\/product"}],"about":[{"href":"https:\/\/galli.ch\/en\/wp-json\/wp\/v2\/types\/product"}],"wp:featuredmedia":[{"embeddable":true,"href":"https:\/\/galli.ch\/en\/wp-json\/wp\/v2\/media\/30674"}],"wp:attachment":[{"href":"https:\/\/galli.ch\/en\/wp-json\/wp\/v2\/media?parent=30717"}],"wp:term":[{"taxonomy":"product_brand","embeddable":true,"href":"https:\/\/galli.ch\/en\/wp-json\/wp\/v2\/product_brand?post=30717"},{"taxonomy":"product_cat","embeddable":true,"href":"https:\/\/galli.ch\/en\/wp-json\/wp\/v2\/product_cat?post=30717"},{"taxonomy":"product_tag","embeddable":true,"href":"https:\/\/galli.ch\/en\/wp-json\/wp\/v2\/product_tag?post=30717"}],"curies":[{"name":"wp","href":"https:\/\/api.w.org\/{rel}","templated":true}]}}