{"id":30725,"date":"2024-04-11T18:46:13","date_gmt":"2024-04-11T16:46:13","guid":{"rendered":"https:\/\/galli.ch\/?post_type=product&#038;p=30725"},"modified":"2026-03-16T10:37:52","modified_gmt":"2026-03-16T09:37:52","slug":"hand-wound-tourbillon-day-night-iw545901","status":"publish","type":"product","link":"https:\/\/galli.ch\/en\/uhren\/iwc\/portugieser\/hand-wound-tourbillon-day-night-iw545901\/","title":{"rendered":"IWC Portugieser Hand-Wound Tourbillon Day &#038; Night"},"content":{"rendered":"<p>Die Portugieser zeichnet sich nicht nur durch ihr zeitloses Design aus. Sie ist auch eindr\u00fccklicher Beweis f\u00fcr die F\u00e4higkeiten von IWC Schaffhausen in der feinen Uhrmacherei. \u00dcber die Jahre hat die Manufaktur viele Portugieser-Modelle mit hohen Komplikationen pr\u00e4sentiert.<br \/>\nDie Portugieser Hand-Wound Tourbillon Day &amp; Night verf\u00fcgt \u00fcber ein Geh\u00e4use aus 18-Karat-Armor-Gold\u00ae mit einem Durchmesser von 42.4 Millimetern, ein Obsidian lackiertes Zifferblatt, vergoldete Zeiger und Gold-Appliken.<\/p>\n","protected":false},"excerpt":{"rendered":"<p>Die Portugieser zeichnet sich nicht nur durch ihr zeitloses Design aus. Sie ist auch eindr\u00fccklicher Beweis f\u00fcr die F\u00e4higkeiten von IWC Schaffhausen in der feinen Uhrmacherei. \u00dcber die Jahre hat die Manufaktur viele Portugieser-Modelle mit hohen Komplikationen pr\u00e4sentiert. Die Portugieser Hand-Wound Tourbillon Day &amp; Night verf\u00fcgt \u00fcber ein Geh\u00e4use aus 18-Karat-Armor-Gold\u00ae mit einem Durchmesser von&#8230;  <a class=\"excerpt-read-more\" href=\"https:\/\/galli.ch\/en\/uhren\/iwc\/portugieser\/hand-wound-tourbillon-day-night-iw545901\/\" title=\"Read IWC Portugieser Hand-Wound Tourbillon Day &#038; Night\">Weiter &raquo;<\/a><\/p>\n","protected":false},"featured_media":30648,"template":"","meta":{"_acf_changed":false,"inline_featured_image":false},"product_brand":[],"product_cat":[188],"product_tag":[],"class_list":{"0":"post-30725","1":"product","2":"type-product","3":"status-publish","4":"has-post-thumbnail","6":"uhrenhersteller-iwc","7":"uhrenhersteller-portugieser","8":"product_cat-uhren","10":"first","11":"outofstock","12":"taxable","13":"shipping-taxable","14":"purchasable","15":"product-type-simple"},"acf":[],"yoast_head":"<!-- This site is optimized with the Yoast SEO plugin v25.5 - https:\/\/yoast.com\/wordpress\/plugins\/seo\/ -->\n<title>IWC Portugieser Hand-Wound Tourbillon Day &amp; Night - Galli Uhren Bijouterie<\/title>\n<meta name=\"robots\" content=\"index, follow, max-snippet:-1, max-image-preview:large, max-video-preview:-1\" \/>\n<link rel=\"canonical\" href=\"https:\/\/galli.ch\/uhren\/iwc\/portugieser\/hand-wound-tourbillon-day-night-iw545901\/\" \/>\n<meta property=\"og:locale\" content=\"en_US\" \/>\n<meta property=\"og:type\" content=\"article\" \/>\n<meta property=\"og:title\" content=\"IWC Portugieser Hand-Wound Tourbillon Day &amp; Night - Galli Uhren Bijouterie\" \/>\n<meta property=\"og:description\" content=\"Die Portugieser zeichnet sich nicht nur durch ihr zeitloses Design aus. Sie ist auch eindr\u00fccklicher Beweis f\u00fcr die F\u00e4higkeiten von IWC Schaffhausen in der feinen Uhrmacherei. \u00dcber die Jahre hat die Manufaktur viele Portugieser-Modelle mit hohen Komplikationen pr\u00e4sentiert. Die Portugieser Hand-Wound Tourbillon Day &amp; Night verf\u00fcgt \u00fcber ein Geh\u00e4use aus 18-Karat-Armor-Gold\u00ae mit einem Durchmesser von... Weiter &raquo;\" \/>\n<meta property=\"og:url\" content=\"https:\/\/galli.ch\/uhren\/iwc\/portugieser\/hand-wound-tourbillon-day-night-iw545901\/\" \/>\n<meta property=\"og:site_name\" content=\"Galli Uhren Bijouterie\" \/>\n<meta property=\"article:modified_time\" content=\"2026-03-16T09:37:52+00:00\" \/>\n<meta property=\"og:image\" content=\"https:\/\/galli.ch\/wp-content\/uploads\/dT5F9jK8QC2LWspQenkh8g.png.png\" \/>\n\t<meta property=\"og:image:width\" content=\"1000\" \/>\n\t<meta property=\"og:image:height\" content=\"1400\" \/>\n\t<meta property=\"og:image:type\" content=\"image\/png\" \/>\n<meta name=\"twitter:card\" content=\"summary_large_image\" \/>\n<script type=\"application\/ld+json\" class=\"yoast-schema-graph\">{\"@context\":\"https:\/\/schema.org\",\"@graph\":[{\"@type\":\"WebPage\",\"@id\":\"https:\/\/galli.ch\/uhren\/iwc\/portugieser\/hand-wound-tourbillon-day-night-iw545901\/\",\"url\":\"https:\/\/galli.ch\/uhren\/iwc\/portugieser\/hand-wound-tourbillon-day-night-iw545901\/\",\"name\":\"IWC Portugieser Hand-Wound Tourbillon Day & Night - Galli Uhren Bijouterie\",\"isPartOf\":{\"@id\":\"http:\/\/galli.ch\/en\/#website\"},\"primaryImageOfPage\":{\"@id\":\"https:\/\/galli.ch\/uhren\/iwc\/portugieser\/hand-wound-tourbillon-day-night-iw545901\/#primaryimage\"},\"image\":{\"@id\":\"https:\/\/galli.ch\/uhren\/iwc\/portugieser\/hand-wound-tourbillon-day-night-iw545901\/#primaryimage\"},\"thumbnailUrl\":\"https:\/\/galli.ch\/wp-content\/uploads\/dT5F9jK8QC2LWspQenkh8g.png.png\",\"datePublished\":\"2024-04-11T16:46:13+00:00\",\"dateModified\":\"2026-03-16T09:37:52+00:00\",\"breadcrumb\":{\"@id\":\"https:\/\/galli.ch\/uhren\/iwc\/portugieser\/hand-wound-tourbillon-day-night-iw545901\/#breadcrumb\"},\"inLanguage\":\"en-US\",\"potentialAction\":[{\"@type\":\"ReadAction\",\"target\":[\"https:\/\/galli.ch\/uhren\/iwc\/portugieser\/hand-wound-tourbillon-day-night-iw545901\/\"]}]},{\"@type\":\"ImageObject\",\"inLanguage\":\"en-US\",\"@id\":\"https:\/\/galli.ch\/uhren\/iwc\/portugieser\/hand-wound-tourbillon-day-night-iw545901\/#primaryimage\",\"url\":\"https:\/\/galli.ch\/wp-content\/uploads\/dT5F9jK8QC2LWspQenkh8g.png.png\",\"contentUrl\":\"https:\/\/galli.ch\/wp-content\/uploads\/dT5F9jK8QC2LWspQenkh8g.png.png\",\"width\":1000,\"height\":1400},{\"@type\":\"BreadcrumbList\",\"@id\":\"https:\/\/galli.ch\/uhren\/iwc\/portugieser\/hand-wound-tourbillon-day-night-iw545901\/#breadcrumb\",\"itemListElement\":[{\"@type\":\"ListItem\",\"position\":1,\"name\":\"Home\",\"item\":\"https:\/\/galli.ch\/en\/\"},{\"@type\":\"ListItem\",\"position\":2,\"name\":\"Uhren\",\"item\":\"https:\/\/galli.ch\/en\/uhren\/\"},{\"@type\":\"ListItem\",\"position\":3,\"name\":\"IWC Portugieser Hand-Wound Tourbillon Day &#038; Night\"}]},{\"@type\":\"WebSite\",\"@id\":\"http:\/\/galli.ch\/en\/#website\",\"url\":\"http:\/\/galli.ch\/en\/\",\"name\":\"Galli Uhren Bijouterie\",\"description\":\"\",\"potentialAction\":[{\"@type\":\"SearchAction\",\"target\":{\"@type\":\"EntryPoint\",\"urlTemplate\":\"http:\/\/galli.ch\/en\/?s={search_term_string}\"},\"query-input\":{\"@type\":\"PropertyValueSpecification\",\"valueRequired\":true,\"valueName\":\"search_term_string\"}}],\"inLanguage\":\"en-US\"}]}<\/script>\n<!-- \/ Yoast SEO plugin. -->","yoast_head_json":{"title":"IWC Portugieser Hand-Wound Tourbillon Day & Night - Galli Uhren Bijouterie","robots":{"index":"index","follow":"follow","max-snippet":"max-snippet:-1","max-image-preview":"max-image-preview:large","max-video-preview":"max-video-preview:-1"},"canonical":"https:\/\/galli.ch\/uhren\/iwc\/portugieser\/hand-wound-tourbillon-day-night-iw545901\/","og_locale":"en_US","og_type":"article","og_title":"IWC Portugieser Hand-Wound Tourbillon Day & Night - Galli Uhren Bijouterie","og_description":"Die Portugieser zeichnet sich nicht nur durch ihr zeitloses Design aus. Sie ist auch eindr\u00fccklicher Beweis f\u00fcr die F\u00e4higkeiten von IWC Schaffhausen in der feinen Uhrmacherei. \u00dcber die Jahre hat die Manufaktur viele Portugieser-Modelle mit hohen Komplikationen pr\u00e4sentiert. Die Portugieser Hand-Wound Tourbillon Day &amp; Night verf\u00fcgt \u00fcber ein Geh\u00e4use aus 18-Karat-Armor-Gold\u00ae mit einem Durchmesser von... Weiter &raquo;","og_url":"https:\/\/galli.ch\/uhren\/iwc\/portugieser\/hand-wound-tourbillon-day-night-iw545901\/","og_site_name":"Galli Uhren Bijouterie","article_modified_time":"2026-03-16T09:37:52+00:00","og_image":[{"width":1000,"height":1400,"url":"https:\/\/galli.ch\/wp-content\/uploads\/dT5F9jK8QC2LWspQenkh8g.png.png","type":"image\/png"}],"twitter_card":"summary_large_image","schema":{"@context":"https:\/\/schema.org","@graph":[{"@type":"WebPage","@id":"https:\/\/galli.ch\/uhren\/iwc\/portugieser\/hand-wound-tourbillon-day-night-iw545901\/","url":"https:\/\/galli.ch\/uhren\/iwc\/portugieser\/hand-wound-tourbillon-day-night-iw545901\/","name":"IWC Portugieser Hand-Wound Tourbillon Day & Night - Galli Uhren Bijouterie","isPartOf":{"@id":"http:\/\/galli.ch\/en\/#website"},"primaryImageOfPage":{"@id":"https:\/\/galli.ch\/uhren\/iwc\/portugieser\/hand-wound-tourbillon-day-night-iw545901\/#primaryimage"},"image":{"@id":"https:\/\/galli.ch\/uhren\/iwc\/portugieser\/hand-wound-tourbillon-day-night-iw545901\/#primaryimage"},"thumbnailUrl":"https:\/\/galli.ch\/wp-content\/uploads\/dT5F9jK8QC2LWspQenkh8g.png.png","datePublished":"2024-04-11T16:46:13+00:00","dateModified":"2026-03-16T09:37:52+00:00","breadcrumb":{"@id":"https:\/\/galli.ch\/uhren\/iwc\/portugieser\/hand-wound-tourbillon-day-night-iw545901\/#breadcrumb"},"inLanguage":"en-US","potentialAction":[{"@type":"ReadAction","target":["https:\/\/galli.ch\/uhren\/iwc\/portugieser\/hand-wound-tourbillon-day-night-iw545901\/"]}]},{"@type":"ImageObject","inLanguage":"en-US","@id":"https:\/\/galli.ch\/uhren\/iwc\/portugieser\/hand-wound-tourbillon-day-night-iw545901\/#primaryimage","url":"https:\/\/galli.ch\/wp-content\/uploads\/dT5F9jK8QC2LWspQenkh8g.png.png","contentUrl":"https:\/\/galli.ch\/wp-content\/uploads\/dT5F9jK8QC2LWspQenkh8g.png.png","width":1000,"height":1400},{"@type":"BreadcrumbList","@id":"https:\/\/galli.ch\/uhren\/iwc\/portugieser\/hand-wound-tourbillon-day-night-iw545901\/#breadcrumb","itemListElement":[{"@type":"ListItem","position":1,"name":"Home","item":"https:\/\/galli.ch\/en\/"},{"@type":"ListItem","position":2,"name":"Uhren","item":"https:\/\/galli.ch\/en\/uhren\/"},{"@type":"ListItem","position":3,"name":"IWC Portugieser Hand-Wound Tourbillon Day &#038; Night"}]},{"@type":"WebSite","@id":"http:\/\/galli.ch\/en\/#website","url":"http:\/\/galli.ch\/en\/","name":"Galli Uhren Bijouterie","description":"","potentialAction":[{"@type":"SearchAction","target":{"@type":"EntryPoint","urlTemplate":"http:\/\/galli.ch\/en\/?s={search_term_string}"},"query-input":{"@type":"PropertyValueSpecification","valueRequired":true,"valueName":"search_term_string"}}],"inLanguage":"en-US"}]}},"_links":{"self":[{"href":"https:\/\/galli.ch\/en\/wp-json\/wp\/v2\/product\/30725","targetHints":{"allow":["GET"]}}],"collection":[{"href":"https:\/\/galli.ch\/en\/wp-json\/wp\/v2\/product"}],"about":[{"href":"https:\/\/galli.ch\/en\/wp-json\/wp\/v2\/types\/product"}],"wp:featuredmedia":[{"embeddable":true,"href":"https:\/\/galli.ch\/en\/wp-json\/wp\/v2\/media\/30648"}],"wp:attachment":[{"href":"https:\/\/galli.ch\/en\/wp-json\/wp\/v2\/media?parent=30725"}],"wp:term":[{"taxonomy":"product_brand","embeddable":true,"href":"https:\/\/galli.ch\/en\/wp-json\/wp\/v2\/product_brand?post=30725"},{"taxonomy":"product_cat","embeddable":true,"href":"https:\/\/galli.ch\/en\/wp-json\/wp\/v2\/product_cat?post=30725"},{"taxonomy":"product_tag","embeddable":true,"href":"https:\/\/galli.ch\/en\/wp-json\/wp\/v2\/product_tag?post=30725"}],"curies":[{"name":"wp","href":"https:\/\/api.w.org\/{rel}","templated":true}]}}