{"id":30736,"date":"2024-04-11T21:58:52","date_gmt":"2024-04-11T19:58:52","guid":{"rendered":"https:\/\/galli.ch\/?post_type=product&#038;p=30736"},"modified":"2026-01-01T11:23:02","modified_gmt":"2026-01-01T10:23:02","slug":"18k-m79018v-0006","status":"publish","type":"product","link":"https:\/\/galli.ch\/en\/uhren\/tudor\/black-bay-58\/18k-m79018v-0006\/","title":{"rendered":"Tudor Black Bay 58 18K"},"content":{"rendered":"<p>Der Name Black Bay 58 18K bezieht sich nat\u00fcrlich auf das Edelmetall seines Geh\u00e4uses und Armbands, aber auch auf das Jahr 1958, in dem die erste, bis zu einer Tiefe von 200 Metern wasserdichte TUDOR Taucheruhr, die Referenz 7924 oder auch \u201eBig Crown\u201c, eingef\u00fchrt wurde. Die Black Bay 58 18K ist dar\u00fcber hinaus die erste Taucheruhr von TUDOR aus massivem 18 Karat Gelbgold mit einem transparenten Geh\u00e4useboden. Sie wird nun mit einem passenden, vollst\u00e4ndig satinierten Armband in 18 Karat Gelbgold angeboten.<\/p>\n","protected":false},"excerpt":{"rendered":"<p>Der Name Black Bay 58 18K bezieht sich nat\u00fcrlich auf das Edelmetall seines Geh\u00e4uses und Armbands, aber auch auf das Jahr 1958, in dem die erste, bis zu einer Tiefe von 200 Metern wasserdichte TUDOR Taucheruhr, die Referenz 7924 oder auch \u201eBig Crown\u201c, eingef\u00fchrt wurde. Die Black Bay 58 18K ist dar\u00fcber hinaus die erste&#8230;  <a class=\"excerpt-read-more\" href=\"https:\/\/galli.ch\/en\/uhren\/tudor\/black-bay-58\/18k-m79018v-0006\/\" title=\"Read Tudor Black Bay 58 18K\">Weiter &raquo;<\/a><\/p>\n","protected":false},"featured_media":30734,"template":"","meta":{"_acf_changed":false,"inline_featured_image":false},"product_brand":[],"product_cat":[188],"product_tag":[],"class_list":{"0":"post-30736","1":"product","2":"type-product","3":"status-publish","4":"has-post-thumbnail","6":"uhrenhersteller-tudor","7":"uhrenhersteller-black-bay-58","8":"product_cat-uhren","10":"first","11":"outofstock","12":"taxable","13":"shipping-taxable","14":"purchasable","15":"product-type-simple"},"acf":[],"yoast_head":"<!-- This site is optimized with the Yoast SEO plugin v25.5 - https:\/\/yoast.com\/wordpress\/plugins\/seo\/ -->\n<title>Tudor Black Bay 58 18K - Galli Uhren Bijouterie<\/title>\n<meta name=\"robots\" content=\"index, follow, max-snippet:-1, max-image-preview:large, max-video-preview:-1\" \/>\n<link rel=\"canonical\" href=\"https:\/\/galli.ch\/uhren\/tudor\/black-bay-58\/18k-m79018v-0006\/\" \/>\n<meta property=\"og:locale\" content=\"en_US\" \/>\n<meta property=\"og:type\" content=\"article\" \/>\n<meta property=\"og:title\" content=\"Tudor Black Bay 58 18K - Galli Uhren Bijouterie\" \/>\n<meta property=\"og:description\" content=\"Der Name Black Bay 58 18K bezieht sich nat\u00fcrlich auf das Edelmetall seines Geh\u00e4uses und Armbands, aber auch auf das Jahr 1958, in dem die erste, bis zu einer Tiefe von 200 Metern wasserdichte TUDOR Taucheruhr, die Referenz 7924 oder auch \u201eBig Crown\u201c, eingef\u00fchrt wurde. Die Black Bay 58 18K ist dar\u00fcber hinaus die erste... Weiter &raquo;\" \/>\n<meta property=\"og:url\" content=\"https:\/\/galli.ch\/uhren\/tudor\/black-bay-58\/18k-m79018v-0006\/\" \/>\n<meta property=\"og:site_name\" content=\"Galli Uhren Bijouterie\" \/>\n<meta property=\"article:modified_time\" content=\"2026-01-01T10:23:02+00:00\" \/>\n<meta property=\"og:image\" content=\"https:\/\/galli.ch\/wp-content\/uploads\/tudor-m79018v-0006-1.png\" \/>\n\t<meta property=\"og:image:width\" content=\"1000\" \/>\n\t<meta property=\"og:image:height\" content=\"1400\" \/>\n\t<meta property=\"og:image:type\" content=\"image\/png\" \/>\n<meta name=\"twitter:card\" content=\"summary_large_image\" \/>\n<script type=\"application\/ld+json\" class=\"yoast-schema-graph\">{\"@context\":\"https:\/\/schema.org\",\"@graph\":[{\"@type\":\"WebPage\",\"@id\":\"https:\/\/galli.ch\/uhren\/tudor\/black-bay-58\/18k-m79018v-0006\/\",\"url\":\"https:\/\/galli.ch\/uhren\/tudor\/black-bay-58\/18k-m79018v-0006\/\",\"name\":\"Tudor Black Bay 58 18K - Galli Uhren Bijouterie\",\"isPartOf\":{\"@id\":\"http:\/\/galli.ch\/en\/#website\"},\"primaryImageOfPage\":{\"@id\":\"https:\/\/galli.ch\/uhren\/tudor\/black-bay-58\/18k-m79018v-0006\/#primaryimage\"},\"image\":{\"@id\":\"https:\/\/galli.ch\/uhren\/tudor\/black-bay-58\/18k-m79018v-0006\/#primaryimage\"},\"thumbnailUrl\":\"https:\/\/galli.ch\/wp-content\/uploads\/tudor-m79018v-0006-1.png\",\"datePublished\":\"2024-04-11T19:58:52+00:00\",\"dateModified\":\"2026-01-01T10:23:02+00:00\",\"breadcrumb\":{\"@id\":\"https:\/\/galli.ch\/uhren\/tudor\/black-bay-58\/18k-m79018v-0006\/#breadcrumb\"},\"inLanguage\":\"en-US\",\"potentialAction\":[{\"@type\":\"ReadAction\",\"target\":[\"https:\/\/galli.ch\/uhren\/tudor\/black-bay-58\/18k-m79018v-0006\/\"]}]},{\"@type\":\"ImageObject\",\"inLanguage\":\"en-US\",\"@id\":\"https:\/\/galli.ch\/uhren\/tudor\/black-bay-58\/18k-m79018v-0006\/#primaryimage\",\"url\":\"https:\/\/galli.ch\/wp-content\/uploads\/tudor-m79018v-0006-1.png\",\"contentUrl\":\"https:\/\/galli.ch\/wp-content\/uploads\/tudor-m79018v-0006-1.png\",\"width\":1000,\"height\":1400,\"caption\":\"tudor-black-bay-58-m79018v-0006\"},{\"@type\":\"BreadcrumbList\",\"@id\":\"https:\/\/galli.ch\/uhren\/tudor\/black-bay-58\/18k-m79018v-0006\/#breadcrumb\",\"itemListElement\":[{\"@type\":\"ListItem\",\"position\":1,\"name\":\"Home\",\"item\":\"https:\/\/galli.ch\/en\/\"},{\"@type\":\"ListItem\",\"position\":2,\"name\":\"Uhren\",\"item\":\"https:\/\/galli.ch\/en\/uhren\/\"},{\"@type\":\"ListItem\",\"position\":3,\"name\":\"Tudor Black Bay 58 18K\"}]},{\"@type\":\"WebSite\",\"@id\":\"http:\/\/galli.ch\/en\/#website\",\"url\":\"http:\/\/galli.ch\/en\/\",\"name\":\"Galli Uhren Bijouterie\",\"description\":\"\",\"potentialAction\":[{\"@type\":\"SearchAction\",\"target\":{\"@type\":\"EntryPoint\",\"urlTemplate\":\"http:\/\/galli.ch\/en\/?s={search_term_string}\"},\"query-input\":{\"@type\":\"PropertyValueSpecification\",\"valueRequired\":true,\"valueName\":\"search_term_string\"}}],\"inLanguage\":\"en-US\"}]}<\/script>\n<!-- \/ Yoast SEO plugin. -->","yoast_head_json":{"title":"Tudor Black Bay 58 18K - Galli Uhren Bijouterie","robots":{"index":"index","follow":"follow","max-snippet":"max-snippet:-1","max-image-preview":"max-image-preview:large","max-video-preview":"max-video-preview:-1"},"canonical":"https:\/\/galli.ch\/uhren\/tudor\/black-bay-58\/18k-m79018v-0006\/","og_locale":"en_US","og_type":"article","og_title":"Tudor Black Bay 58 18K - Galli Uhren Bijouterie","og_description":"Der Name Black Bay 58 18K bezieht sich nat\u00fcrlich auf das Edelmetall seines Geh\u00e4uses und Armbands, aber auch auf das Jahr 1958, in dem die erste, bis zu einer Tiefe von 200 Metern wasserdichte TUDOR Taucheruhr, die Referenz 7924 oder auch \u201eBig Crown\u201c, eingef\u00fchrt wurde. Die Black Bay 58 18K ist dar\u00fcber hinaus die erste... Weiter &raquo;","og_url":"https:\/\/galli.ch\/uhren\/tudor\/black-bay-58\/18k-m79018v-0006\/","og_site_name":"Galli Uhren Bijouterie","article_modified_time":"2026-01-01T10:23:02+00:00","og_image":[{"width":1000,"height":1400,"url":"https:\/\/galli.ch\/wp-content\/uploads\/tudor-m79018v-0006-1.png","type":"image\/png"}],"twitter_card":"summary_large_image","schema":{"@context":"https:\/\/schema.org","@graph":[{"@type":"WebPage","@id":"https:\/\/galli.ch\/uhren\/tudor\/black-bay-58\/18k-m79018v-0006\/","url":"https:\/\/galli.ch\/uhren\/tudor\/black-bay-58\/18k-m79018v-0006\/","name":"Tudor Black Bay 58 18K - Galli Uhren Bijouterie","isPartOf":{"@id":"http:\/\/galli.ch\/en\/#website"},"primaryImageOfPage":{"@id":"https:\/\/galli.ch\/uhren\/tudor\/black-bay-58\/18k-m79018v-0006\/#primaryimage"},"image":{"@id":"https:\/\/galli.ch\/uhren\/tudor\/black-bay-58\/18k-m79018v-0006\/#primaryimage"},"thumbnailUrl":"https:\/\/galli.ch\/wp-content\/uploads\/tudor-m79018v-0006-1.png","datePublished":"2024-04-11T19:58:52+00:00","dateModified":"2026-01-01T10:23:02+00:00","breadcrumb":{"@id":"https:\/\/galli.ch\/uhren\/tudor\/black-bay-58\/18k-m79018v-0006\/#breadcrumb"},"inLanguage":"en-US","potentialAction":[{"@type":"ReadAction","target":["https:\/\/galli.ch\/uhren\/tudor\/black-bay-58\/18k-m79018v-0006\/"]}]},{"@type":"ImageObject","inLanguage":"en-US","@id":"https:\/\/galli.ch\/uhren\/tudor\/black-bay-58\/18k-m79018v-0006\/#primaryimage","url":"https:\/\/galli.ch\/wp-content\/uploads\/tudor-m79018v-0006-1.png","contentUrl":"https:\/\/galli.ch\/wp-content\/uploads\/tudor-m79018v-0006-1.png","width":1000,"height":1400,"caption":"tudor-black-bay-58-m79018v-0006"},{"@type":"BreadcrumbList","@id":"https:\/\/galli.ch\/uhren\/tudor\/black-bay-58\/18k-m79018v-0006\/#breadcrumb","itemListElement":[{"@type":"ListItem","position":1,"name":"Home","item":"https:\/\/galli.ch\/en\/"},{"@type":"ListItem","position":2,"name":"Uhren","item":"https:\/\/galli.ch\/en\/uhren\/"},{"@type":"ListItem","position":3,"name":"Tudor Black Bay 58 18K"}]},{"@type":"WebSite","@id":"http:\/\/galli.ch\/en\/#website","url":"http:\/\/galli.ch\/en\/","name":"Galli Uhren Bijouterie","description":"","potentialAction":[{"@type":"SearchAction","target":{"@type":"EntryPoint","urlTemplate":"http:\/\/galli.ch\/en\/?s={search_term_string}"},"query-input":{"@type":"PropertyValueSpecification","valueRequired":true,"valueName":"search_term_string"}}],"inLanguage":"en-US"}]}},"_links":{"self":[{"href":"https:\/\/galli.ch\/en\/wp-json\/wp\/v2\/product\/30736","targetHints":{"allow":["GET"]}}],"collection":[{"href":"https:\/\/galli.ch\/en\/wp-json\/wp\/v2\/product"}],"about":[{"href":"https:\/\/galli.ch\/en\/wp-json\/wp\/v2\/types\/product"}],"wp:featuredmedia":[{"embeddable":true,"href":"https:\/\/galli.ch\/en\/wp-json\/wp\/v2\/media\/30734"}],"wp:attachment":[{"href":"https:\/\/galli.ch\/en\/wp-json\/wp\/v2\/media?parent=30736"}],"wp:term":[{"taxonomy":"product_brand","embeddable":true,"href":"https:\/\/galli.ch\/en\/wp-json\/wp\/v2\/product_brand?post=30736"},{"taxonomy":"product_cat","embeddable":true,"href":"https:\/\/galli.ch\/en\/wp-json\/wp\/v2\/product_cat?post=30736"},{"taxonomy":"product_tag","embeddable":true,"href":"https:\/\/galli.ch\/en\/wp-json\/wp\/v2\/product_tag?post=30736"}],"curies":[{"name":"wp","href":"https:\/\/api.w.org\/{rel}","templated":true}]}}