{"id":31109,"date":"2024-04-26T17:21:52","date_gmt":"2024-04-26T15:21:52","guid":{"rendered":"https:\/\/galli.ch\/?post_type=product&#038;p=31109"},"modified":"2025-03-13T13:45:35","modified_gmt":"2025-03-13T12:45:35","slug":"38-324-18-38-50-60-001","status":"publish","type":"product","link":"https:\/\/galli.ch\/en\/uhren\/omega\/speedmaster\/38-324-18-38-50-60-001\/","title":{"rendered":"Omega Speedmaster 38"},"content":{"rendered":"<p>Bei der Kreation der Speedmaster 38 mm Kollektion wurde der Fokus verst\u00e4rkt auf Schlichtheit, Gr\u00f6\u00dfe und Farbgestaltung gelegt. Dennoch hat sich OMEGAs ber\u00fchmtester Zeitmesser seinen Stil und sein Verm\u00e4chtnis bewahrt.<br \/>\nDieses Modell mit einem vollst\u00e4ndig polierten Geh\u00e4use aus Edelstahl besitzt eine mit 52 Diamanten besetzte L\u00fcnette und eine polierte Krone, in die ein einzelner Diamant gefasst wurde.<\/p>\n","protected":false},"excerpt":{"rendered":"<p>Bei der Kreation der Speedmaster 38 mm Kollektion wurde der Fokus verst\u00e4rkt auf Schlichtheit, Gr\u00f6\u00dfe und Farbgestaltung gelegt. Dennoch hat sich OMEGAs ber\u00fchmtester Zeitmesser seinen Stil und sein Verm\u00e4chtnis bewahrt. Dieses Modell mit einem vollst\u00e4ndig polierten Geh\u00e4use aus Edelstahl besitzt eine mit 52 Diamanten besetzte L\u00fcnette und eine polierte Krone, in die ein einzelner Diamant&#8230;  <a class=\"excerpt-read-more\" href=\"https:\/\/galli.ch\/en\/uhren\/omega\/speedmaster\/38-324-18-38-50-60-001\/\" title=\"Read Omega Speedmaster 38\">Weiter &raquo;<\/a><\/p>\n","protected":false},"featured_media":31064,"template":"","meta":{"_acf_changed":false,"inline_featured_image":false},"product_brand":[],"product_cat":[188],"product_tag":[],"class_list":{"0":"post-31109","1":"product","2":"type-product","3":"status-publish","4":"has-post-thumbnail","6":"uhrenhersteller-omega","7":"uhrenhersteller-speedmaster","8":"product_cat-uhren","10":"first","11":"outofstock","12":"taxable","13":"shipping-taxable","14":"purchasable","15":"product-type-simple"},"acf":[],"yoast_head":"<!-- This site is optimized with the Yoast SEO plugin v25.5 - https:\/\/yoast.com\/wordpress\/plugins\/seo\/ -->\n<title>Omega Speedmaster 38 - Galli Uhren Bijouterie<\/title>\n<meta name=\"robots\" content=\"index, follow, max-snippet:-1, max-image-preview:large, max-video-preview:-1\" \/>\n<link rel=\"canonical\" href=\"https:\/\/galli.ch\/uhren\/omega\/speedmaster\/38-324-18-38-50-60-001\/\" \/>\n<meta property=\"og:locale\" content=\"en_US\" \/>\n<meta property=\"og:type\" content=\"article\" \/>\n<meta property=\"og:title\" content=\"Omega Speedmaster 38 - Galli Uhren Bijouterie\" \/>\n<meta property=\"og:description\" content=\"Bei der Kreation der Speedmaster 38 mm Kollektion wurde der Fokus verst\u00e4rkt auf Schlichtheit, Gr\u00f6\u00dfe und Farbgestaltung gelegt. Dennoch hat sich OMEGAs ber\u00fchmtester Zeitmesser seinen Stil und sein Verm\u00e4chtnis bewahrt. Dieses Modell mit einem vollst\u00e4ndig polierten Geh\u00e4use aus Edelstahl besitzt eine mit 52 Diamanten besetzte L\u00fcnette und eine polierte Krone, in die ein einzelner Diamant... Weiter &raquo;\" \/>\n<meta property=\"og:url\" content=\"https:\/\/galli.ch\/uhren\/omega\/speedmaster\/38-324-18-38-50-60-001\/\" \/>\n<meta property=\"og:site_name\" content=\"Galli Uhren Bijouterie\" \/>\n<meta property=\"article:modified_time\" content=\"2025-03-13T12:45:35+00:00\" \/>\n<meta property=\"og:image\" content=\"https:\/\/galli.ch\/wp-content\/uploads\/Screenshot-2024-04-24-143611-omega.png\" \/>\n\t<meta property=\"og:image:width\" content=\"1000\" \/>\n\t<meta property=\"og:image:height\" content=\"1400\" \/>\n\t<meta property=\"og:image:type\" content=\"image\/png\" \/>\n<meta name=\"twitter:card\" content=\"summary_large_image\" \/>\n<script type=\"application\/ld+json\" class=\"yoast-schema-graph\">{\"@context\":\"https:\/\/schema.org\",\"@graph\":[{\"@type\":\"WebPage\",\"@id\":\"https:\/\/galli.ch\/uhren\/omega\/speedmaster\/38-324-18-38-50-60-001\/\",\"url\":\"https:\/\/galli.ch\/uhren\/omega\/speedmaster\/38-324-18-38-50-60-001\/\",\"name\":\"Omega Speedmaster 38 - Galli Uhren Bijouterie\",\"isPartOf\":{\"@id\":\"http:\/\/galli.ch\/en\/#website\"},\"primaryImageOfPage\":{\"@id\":\"https:\/\/galli.ch\/uhren\/omega\/speedmaster\/38-324-18-38-50-60-001\/#primaryimage\"},\"image\":{\"@id\":\"https:\/\/galli.ch\/uhren\/omega\/speedmaster\/38-324-18-38-50-60-001\/#primaryimage\"},\"thumbnailUrl\":\"https:\/\/galli.ch\/wp-content\/uploads\/Screenshot-2024-04-24-143611-omega.png\",\"datePublished\":\"2024-04-26T15:21:52+00:00\",\"dateModified\":\"2025-03-13T12:45:35+00:00\",\"breadcrumb\":{\"@id\":\"https:\/\/galli.ch\/uhren\/omega\/speedmaster\/38-324-18-38-50-60-001\/#breadcrumb\"},\"inLanguage\":\"en-US\",\"potentialAction\":[{\"@type\":\"ReadAction\",\"target\":[\"https:\/\/galli.ch\/uhren\/omega\/speedmaster\/38-324-18-38-50-60-001\/\"]}]},{\"@type\":\"ImageObject\",\"inLanguage\":\"en-US\",\"@id\":\"https:\/\/galli.ch\/uhren\/omega\/speedmaster\/38-324-18-38-50-60-001\/#primaryimage\",\"url\":\"https:\/\/galli.ch\/wp-content\/uploads\/Screenshot-2024-04-24-143611-omega.png\",\"contentUrl\":\"https:\/\/galli.ch\/wp-content\/uploads\/Screenshot-2024-04-24-143611-omega.png\",\"width\":1000,\"height\":1400},{\"@type\":\"BreadcrumbList\",\"@id\":\"https:\/\/galli.ch\/uhren\/omega\/speedmaster\/38-324-18-38-50-60-001\/#breadcrumb\",\"itemListElement\":[{\"@type\":\"ListItem\",\"position\":1,\"name\":\"Home\",\"item\":\"https:\/\/galli.ch\/en\/\"},{\"@type\":\"ListItem\",\"position\":2,\"name\":\"Uhren\",\"item\":\"https:\/\/galli.ch\/en\/uhren\/\"},{\"@type\":\"ListItem\",\"position\":3,\"name\":\"Omega Speedmaster 38\"}]},{\"@type\":\"WebSite\",\"@id\":\"http:\/\/galli.ch\/en\/#website\",\"url\":\"http:\/\/galli.ch\/en\/\",\"name\":\"Galli Uhren Bijouterie\",\"description\":\"\",\"potentialAction\":[{\"@type\":\"SearchAction\",\"target\":{\"@type\":\"EntryPoint\",\"urlTemplate\":\"http:\/\/galli.ch\/en\/?s={search_term_string}\"},\"query-input\":{\"@type\":\"PropertyValueSpecification\",\"valueRequired\":true,\"valueName\":\"search_term_string\"}}],\"inLanguage\":\"en-US\"}]}<\/script>\n<!-- \/ Yoast SEO plugin. -->","yoast_head_json":{"title":"Omega Speedmaster 38 - Galli Uhren Bijouterie","robots":{"index":"index","follow":"follow","max-snippet":"max-snippet:-1","max-image-preview":"max-image-preview:large","max-video-preview":"max-video-preview:-1"},"canonical":"https:\/\/galli.ch\/uhren\/omega\/speedmaster\/38-324-18-38-50-60-001\/","og_locale":"en_US","og_type":"article","og_title":"Omega Speedmaster 38 - Galli Uhren Bijouterie","og_description":"Bei der Kreation der Speedmaster 38 mm Kollektion wurde der Fokus verst\u00e4rkt auf Schlichtheit, Gr\u00f6\u00dfe und Farbgestaltung gelegt. Dennoch hat sich OMEGAs ber\u00fchmtester Zeitmesser seinen Stil und sein Verm\u00e4chtnis bewahrt. Dieses Modell mit einem vollst\u00e4ndig polierten Geh\u00e4use aus Edelstahl besitzt eine mit 52 Diamanten besetzte L\u00fcnette und eine polierte Krone, in die ein einzelner Diamant... Weiter &raquo;","og_url":"https:\/\/galli.ch\/uhren\/omega\/speedmaster\/38-324-18-38-50-60-001\/","og_site_name":"Galli Uhren Bijouterie","article_modified_time":"2025-03-13T12:45:35+00:00","og_image":[{"width":1000,"height":1400,"url":"https:\/\/galli.ch\/wp-content\/uploads\/Screenshot-2024-04-24-143611-omega.png","type":"image\/png"}],"twitter_card":"summary_large_image","schema":{"@context":"https:\/\/schema.org","@graph":[{"@type":"WebPage","@id":"https:\/\/galli.ch\/uhren\/omega\/speedmaster\/38-324-18-38-50-60-001\/","url":"https:\/\/galli.ch\/uhren\/omega\/speedmaster\/38-324-18-38-50-60-001\/","name":"Omega Speedmaster 38 - Galli Uhren Bijouterie","isPartOf":{"@id":"http:\/\/galli.ch\/en\/#website"},"primaryImageOfPage":{"@id":"https:\/\/galli.ch\/uhren\/omega\/speedmaster\/38-324-18-38-50-60-001\/#primaryimage"},"image":{"@id":"https:\/\/galli.ch\/uhren\/omega\/speedmaster\/38-324-18-38-50-60-001\/#primaryimage"},"thumbnailUrl":"https:\/\/galli.ch\/wp-content\/uploads\/Screenshot-2024-04-24-143611-omega.png","datePublished":"2024-04-26T15:21:52+00:00","dateModified":"2025-03-13T12:45:35+00:00","breadcrumb":{"@id":"https:\/\/galli.ch\/uhren\/omega\/speedmaster\/38-324-18-38-50-60-001\/#breadcrumb"},"inLanguage":"en-US","potentialAction":[{"@type":"ReadAction","target":["https:\/\/galli.ch\/uhren\/omega\/speedmaster\/38-324-18-38-50-60-001\/"]}]},{"@type":"ImageObject","inLanguage":"en-US","@id":"https:\/\/galli.ch\/uhren\/omega\/speedmaster\/38-324-18-38-50-60-001\/#primaryimage","url":"https:\/\/galli.ch\/wp-content\/uploads\/Screenshot-2024-04-24-143611-omega.png","contentUrl":"https:\/\/galli.ch\/wp-content\/uploads\/Screenshot-2024-04-24-143611-omega.png","width":1000,"height":1400},{"@type":"BreadcrumbList","@id":"https:\/\/galli.ch\/uhren\/omega\/speedmaster\/38-324-18-38-50-60-001\/#breadcrumb","itemListElement":[{"@type":"ListItem","position":1,"name":"Home","item":"https:\/\/galli.ch\/en\/"},{"@type":"ListItem","position":2,"name":"Uhren","item":"https:\/\/galli.ch\/en\/uhren\/"},{"@type":"ListItem","position":3,"name":"Omega Speedmaster 38"}]},{"@type":"WebSite","@id":"http:\/\/galli.ch\/en\/#website","url":"http:\/\/galli.ch\/en\/","name":"Galli Uhren Bijouterie","description":"","potentialAction":[{"@type":"SearchAction","target":{"@type":"EntryPoint","urlTemplate":"http:\/\/galli.ch\/en\/?s={search_term_string}"},"query-input":{"@type":"PropertyValueSpecification","valueRequired":true,"valueName":"search_term_string"}}],"inLanguage":"en-US"}]}},"_links":{"self":[{"href":"https:\/\/galli.ch\/en\/wp-json\/wp\/v2\/product\/31109","targetHints":{"allow":["GET"]}}],"collection":[{"href":"https:\/\/galli.ch\/en\/wp-json\/wp\/v2\/product"}],"about":[{"href":"https:\/\/galli.ch\/en\/wp-json\/wp\/v2\/types\/product"}],"wp:featuredmedia":[{"embeddable":true,"href":"https:\/\/galli.ch\/en\/wp-json\/wp\/v2\/media\/31064"}],"wp:attachment":[{"href":"https:\/\/galli.ch\/en\/wp-json\/wp\/v2\/media?parent=31109"}],"wp:term":[{"taxonomy":"product_brand","embeddable":true,"href":"https:\/\/galli.ch\/en\/wp-json\/wp\/v2\/product_brand?post=31109"},{"taxonomy":"product_cat","embeddable":true,"href":"https:\/\/galli.ch\/en\/wp-json\/wp\/v2\/product_cat?post=31109"},{"taxonomy":"product_tag","embeddable":true,"href":"https:\/\/galli.ch\/en\/wp-json\/wp\/v2\/product_tag?post=31109"}],"curies":[{"name":"wp","href":"https:\/\/api.w.org\/{rel}","templated":true}]}}