{"id":31133,"date":"2024-04-27T09:56:35","date_gmt":"2024-04-27T07:56:35","guid":{"rendered":"https:\/\/galli.ch\/?post_type=product&#038;p=31133"},"modified":"2025-03-13T13:45:36","modified_gmt":"2025-03-13T12:45:36","slug":"mini-dolcevita-l5-200-4-75-9","status":"publish","type":"product","link":"https:\/\/galli.ch\/en\/uhren\/longines\/elegant\/mini-dolcevita-l5-200-4-75-9\/","title":{"rendered":"Longines Mini Dolcevita"},"content":{"rendered":"<p>Die MINI DOLCEVITA ist ein wahres Meisterwerk, welches Luxus und Eleganz perfekt in Szene setzt. Die neuen Modelle wurden f\u00fcr temperamentvolle und moderne Frauen entwickelt, die sich zu atemberaubenden Uhren hingezogen f\u00fchlen.<br \/>\nDieses Modell hat ein rechteckiges 21,50 mm x 29,00 mm grosses Edelstahlgeh\u00e4use.<\/p>\n","protected":false},"excerpt":{"rendered":"<p>Die MINI DOLCEVITA ist ein wahres Meisterwerk, welches Luxus und Eleganz perfekt in Szene setzt. Die neuen Modelle wurden f\u00fcr temperamentvolle und moderne Frauen entwickelt, die sich zu atemberaubenden Uhren hingezogen f\u00fchlen. Dieses Modell hat ein rechteckiges 21,50 mm x 29,00 mm grosses Edelstahlgeh\u00e4use.<\/p>\n","protected":false},"featured_media":31095,"template":"","meta":{"_acf_changed":false,"inline_featured_image":false},"product_brand":[],"product_cat":[188],"product_tag":[],"class_list":{"0":"post-31133","1":"product","2":"type-product","3":"status-publish","4":"has-post-thumbnail","6":"uhrenhersteller-longines","7":"uhrenhersteller-elegant","8":"product_cat-uhren","10":"first","11":"outofstock","12":"taxable","13":"shipping-taxable","14":"purchasable","15":"product-type-simple"},"acf":[],"yoast_head":"<!-- This site is optimized with the Yoast SEO plugin v25.5 - https:\/\/yoast.com\/wordpress\/plugins\/seo\/ -->\n<title>Longines Mini Dolcevita - Galli Uhren Bijouterie<\/title>\n<meta name=\"robots\" content=\"index, follow, max-snippet:-1, max-image-preview:large, max-video-preview:-1\" \/>\n<link rel=\"canonical\" href=\"https:\/\/galli.ch\/uhren\/longines\/elegant\/mini-dolcevita-l5-200-4-75-9\/\" \/>\n<meta property=\"og:locale\" content=\"en_US\" \/>\n<meta property=\"og:type\" content=\"article\" \/>\n<meta property=\"og:title\" content=\"Longines Mini Dolcevita - Galli Uhren Bijouterie\" \/>\n<meta property=\"og:description\" content=\"Die MINI DOLCEVITA ist ein wahres Meisterwerk, welches Luxus und Eleganz perfekt in Szene setzt. Die neuen Modelle wurden f\u00fcr temperamentvolle und moderne Frauen entwickelt, die sich zu atemberaubenden Uhren hingezogen f\u00fchlen. Dieses Modell hat ein rechteckiges 21,50 mm x 29,00 mm grosses Edelstahlgeh\u00e4use.\" \/>\n<meta property=\"og:url\" content=\"https:\/\/galli.ch\/uhren\/longines\/elegant\/mini-dolcevita-l5-200-4-75-9\/\" \/>\n<meta property=\"og:site_name\" content=\"Galli Uhren Bijouterie\" \/>\n<meta property=\"article:modified_time\" content=\"2025-03-13T12:45:36+00:00\" \/>\n<meta property=\"og:image\" content=\"https:\/\/galli.ch\/wp-content\/uploads\/watch-collection-longines-mini-dolcevita-l5-200-4-75-9-1712704509.png\" \/>\n\t<meta property=\"og:image:width\" content=\"1000\" \/>\n\t<meta property=\"og:image:height\" content=\"1400\" \/>\n\t<meta property=\"og:image:type\" content=\"image\/png\" \/>\n<meta name=\"twitter:card\" content=\"summary_large_image\" \/>\n<script type=\"application\/ld+json\" class=\"yoast-schema-graph\">{\"@context\":\"https:\/\/schema.org\",\"@graph\":[{\"@type\":\"WebPage\",\"@id\":\"https:\/\/galli.ch\/uhren\/longines\/elegant\/mini-dolcevita-l5-200-4-75-9\/\",\"url\":\"https:\/\/galli.ch\/uhren\/longines\/elegant\/mini-dolcevita-l5-200-4-75-9\/\",\"name\":\"Longines Mini Dolcevita - Galli Uhren Bijouterie\",\"isPartOf\":{\"@id\":\"http:\/\/galli.ch\/en\/#website\"},\"primaryImageOfPage\":{\"@id\":\"https:\/\/galli.ch\/uhren\/longines\/elegant\/mini-dolcevita-l5-200-4-75-9\/#primaryimage\"},\"image\":{\"@id\":\"https:\/\/galli.ch\/uhren\/longines\/elegant\/mini-dolcevita-l5-200-4-75-9\/#primaryimage\"},\"thumbnailUrl\":\"https:\/\/galli.ch\/wp-content\/uploads\/watch-collection-longines-mini-dolcevita-l5-200-4-75-9-1712704509.png\",\"datePublished\":\"2024-04-27T07:56:35+00:00\",\"dateModified\":\"2025-03-13T12:45:36+00:00\",\"breadcrumb\":{\"@id\":\"https:\/\/galli.ch\/uhren\/longines\/elegant\/mini-dolcevita-l5-200-4-75-9\/#breadcrumb\"},\"inLanguage\":\"en-US\",\"potentialAction\":[{\"@type\":\"ReadAction\",\"target\":[\"https:\/\/galli.ch\/uhren\/longines\/elegant\/mini-dolcevita-l5-200-4-75-9\/\"]}]},{\"@type\":\"ImageObject\",\"inLanguage\":\"en-US\",\"@id\":\"https:\/\/galli.ch\/uhren\/longines\/elegant\/mini-dolcevita-l5-200-4-75-9\/#primaryimage\",\"url\":\"https:\/\/galli.ch\/wp-content\/uploads\/watch-collection-longines-mini-dolcevita-l5-200-4-75-9-1712704509.png\",\"contentUrl\":\"https:\/\/galli.ch\/wp-content\/uploads\/watch-collection-longines-mini-dolcevita-l5-200-4-75-9-1712704509.png\",\"width\":1000,\"height\":1400},{\"@type\":\"BreadcrumbList\",\"@id\":\"https:\/\/galli.ch\/uhren\/longines\/elegant\/mini-dolcevita-l5-200-4-75-9\/#breadcrumb\",\"itemListElement\":[{\"@type\":\"ListItem\",\"position\":1,\"name\":\"Home\",\"item\":\"https:\/\/galli.ch\/en\/\"},{\"@type\":\"ListItem\",\"position\":2,\"name\":\"Uhren\",\"item\":\"https:\/\/galli.ch\/en\/uhren\/\"},{\"@type\":\"ListItem\",\"position\":3,\"name\":\"Mini Dolcevita\"}]},{\"@type\":\"WebSite\",\"@id\":\"http:\/\/galli.ch\/en\/#website\",\"url\":\"http:\/\/galli.ch\/en\/\",\"name\":\"Galli Uhren Bijouterie\",\"description\":\"\",\"potentialAction\":[{\"@type\":\"SearchAction\",\"target\":{\"@type\":\"EntryPoint\",\"urlTemplate\":\"http:\/\/galli.ch\/en\/?s={search_term_string}\"},\"query-input\":{\"@type\":\"PropertyValueSpecification\",\"valueRequired\":true,\"valueName\":\"search_term_string\"}}],\"inLanguage\":\"en-US\"}]}<\/script>\n<!-- \/ Yoast SEO plugin. -->","yoast_head_json":{"title":"Longines Mini Dolcevita - Galli Uhren Bijouterie","robots":{"index":"index","follow":"follow","max-snippet":"max-snippet:-1","max-image-preview":"max-image-preview:large","max-video-preview":"max-video-preview:-1"},"canonical":"https:\/\/galli.ch\/uhren\/longines\/elegant\/mini-dolcevita-l5-200-4-75-9\/","og_locale":"en_US","og_type":"article","og_title":"Longines Mini Dolcevita - Galli Uhren Bijouterie","og_description":"Die MINI DOLCEVITA ist ein wahres Meisterwerk, welches Luxus und Eleganz perfekt in Szene setzt. Die neuen Modelle wurden f\u00fcr temperamentvolle und moderne Frauen entwickelt, die sich zu atemberaubenden Uhren hingezogen f\u00fchlen. Dieses Modell hat ein rechteckiges 21,50 mm x 29,00 mm grosses Edelstahlgeh\u00e4use.","og_url":"https:\/\/galli.ch\/uhren\/longines\/elegant\/mini-dolcevita-l5-200-4-75-9\/","og_site_name":"Galli Uhren Bijouterie","article_modified_time":"2025-03-13T12:45:36+00:00","og_image":[{"width":1000,"height":1400,"url":"https:\/\/galli.ch\/wp-content\/uploads\/watch-collection-longines-mini-dolcevita-l5-200-4-75-9-1712704509.png","type":"image\/png"}],"twitter_card":"summary_large_image","schema":{"@context":"https:\/\/schema.org","@graph":[{"@type":"WebPage","@id":"https:\/\/galli.ch\/uhren\/longines\/elegant\/mini-dolcevita-l5-200-4-75-9\/","url":"https:\/\/galli.ch\/uhren\/longines\/elegant\/mini-dolcevita-l5-200-4-75-9\/","name":"Longines Mini Dolcevita - Galli Uhren Bijouterie","isPartOf":{"@id":"http:\/\/galli.ch\/en\/#website"},"primaryImageOfPage":{"@id":"https:\/\/galli.ch\/uhren\/longines\/elegant\/mini-dolcevita-l5-200-4-75-9\/#primaryimage"},"image":{"@id":"https:\/\/galli.ch\/uhren\/longines\/elegant\/mini-dolcevita-l5-200-4-75-9\/#primaryimage"},"thumbnailUrl":"https:\/\/galli.ch\/wp-content\/uploads\/watch-collection-longines-mini-dolcevita-l5-200-4-75-9-1712704509.png","datePublished":"2024-04-27T07:56:35+00:00","dateModified":"2025-03-13T12:45:36+00:00","breadcrumb":{"@id":"https:\/\/galli.ch\/uhren\/longines\/elegant\/mini-dolcevita-l5-200-4-75-9\/#breadcrumb"},"inLanguage":"en-US","potentialAction":[{"@type":"ReadAction","target":["https:\/\/galli.ch\/uhren\/longines\/elegant\/mini-dolcevita-l5-200-4-75-9\/"]}]},{"@type":"ImageObject","inLanguage":"en-US","@id":"https:\/\/galli.ch\/uhren\/longines\/elegant\/mini-dolcevita-l5-200-4-75-9\/#primaryimage","url":"https:\/\/galli.ch\/wp-content\/uploads\/watch-collection-longines-mini-dolcevita-l5-200-4-75-9-1712704509.png","contentUrl":"https:\/\/galli.ch\/wp-content\/uploads\/watch-collection-longines-mini-dolcevita-l5-200-4-75-9-1712704509.png","width":1000,"height":1400},{"@type":"BreadcrumbList","@id":"https:\/\/galli.ch\/uhren\/longines\/elegant\/mini-dolcevita-l5-200-4-75-9\/#breadcrumb","itemListElement":[{"@type":"ListItem","position":1,"name":"Home","item":"https:\/\/galli.ch\/en\/"},{"@type":"ListItem","position":2,"name":"Uhren","item":"https:\/\/galli.ch\/en\/uhren\/"},{"@type":"ListItem","position":3,"name":"Mini Dolcevita"}]},{"@type":"WebSite","@id":"http:\/\/galli.ch\/en\/#website","url":"http:\/\/galli.ch\/en\/","name":"Galli Uhren Bijouterie","description":"","potentialAction":[{"@type":"SearchAction","target":{"@type":"EntryPoint","urlTemplate":"http:\/\/galli.ch\/en\/?s={search_term_string}"},"query-input":{"@type":"PropertyValueSpecification","valueRequired":true,"valueName":"search_term_string"}}],"inLanguage":"en-US"}]}},"_links":{"self":[{"href":"https:\/\/galli.ch\/en\/wp-json\/wp\/v2\/product\/31133","targetHints":{"allow":["GET"]}}],"collection":[{"href":"https:\/\/galli.ch\/en\/wp-json\/wp\/v2\/product"}],"about":[{"href":"https:\/\/galli.ch\/en\/wp-json\/wp\/v2\/types\/product"}],"wp:featuredmedia":[{"embeddable":true,"href":"https:\/\/galli.ch\/en\/wp-json\/wp\/v2\/media\/31095"}],"wp:attachment":[{"href":"https:\/\/galli.ch\/en\/wp-json\/wp\/v2\/media?parent=31133"}],"wp:term":[{"taxonomy":"product_brand","embeddable":true,"href":"https:\/\/galli.ch\/en\/wp-json\/wp\/v2\/product_brand?post=31133"},{"taxonomy":"product_cat","embeddable":true,"href":"https:\/\/galli.ch\/en\/wp-json\/wp\/v2\/product_cat?post=31133"},{"taxonomy":"product_tag","embeddable":true,"href":"https:\/\/galli.ch\/en\/wp-json\/wp\/v2\/product_tag?post=31133"}],"curies":[{"name":"wp","href":"https:\/\/api.w.org\/{rel}","templated":true}]}}