{"id":31322,"date":"2024-05-14T16:48:06","date_gmt":"2024-05-14T14:48:06","guid":{"rendered":"https:\/\/galli.ch\/?post_type=product&#038;p=31322"},"modified":"2026-04-23T18:16:19","modified_gmt":"2026-04-23T16:16:19","slug":"seastar-1000-40mm-t120-410-11-041-00","status":"publish","type":"product","link":"https:\/\/galli.ch\/en\/uhren\/tissot\/t-sport\/seastar-1000-40mm-t120-410-11-041-00\/","title":{"rendered":"Tissot Seastar 1000 40mm"},"content":{"rendered":"<p>Vom ersten Blick bis zum t\u00e4glichen Gebrauch vermittelt die Seastar 1000 Quartz 40mm Stil, Leistung und Vielseitigkeit. Jedes Modell ist eine harmonische Verbindung von Eleganz und Technologie, die Schweizer Uhrmacher-Know-how und zeitloses Design miteinander verbindet. Diese \u00e4u\u00dferst vielseitige Geh\u00e4usegr\u00f6\u00dfe richtet sich an Menschen, die eine schicke, geschmackvolle Uhr suchen, die sich sowohl am Tag als auch in der Nacht tragen l\u00e4sst und dennoch au\u00dfergew\u00f6hnliche technische Leistungen verspricht.<\/p>\n","protected":false},"excerpt":{"rendered":"<p>Vom ersten Blick bis zum t\u00e4glichen Gebrauch vermittelt die Seastar 1000 Quartz 40mm Stil, Leistung und Vielseitigkeit. Jedes Modell ist eine harmonische Verbindung von Eleganz und Technologie, die Schweizer Uhrmacher-Know-how und zeitloses Design miteinander verbindet. Diese \u00e4u\u00dferst vielseitige Geh\u00e4usegr\u00f6\u00dfe richtet sich an Menschen, die eine schicke, geschmackvolle Uhr suchen, die sich sowohl am Tag als&#8230;  <a class=\"excerpt-read-more\" href=\"https:\/\/galli.ch\/en\/uhren\/tissot\/t-sport\/seastar-1000-40mm-t120-410-11-041-00\/\" title=\"Read Tissot Seastar 1000 40mm\">Weiter &raquo;<\/a><\/p>\n","protected":false},"featured_media":31297,"template":"","meta":{"_acf_changed":false,"inline_featured_image":false},"product_brand":[],"product_cat":[188],"product_tag":[],"class_list":{"0":"post-31322","1":"product","2":"type-product","3":"status-publish","4":"has-post-thumbnail","6":"uhrenhersteller-tissot","7":"uhrenhersteller-t-sport","8":"product_cat-uhren","10":"first","11":"outofstock","12":"taxable","13":"shipping-taxable","14":"purchasable","15":"product-type-simple"},"acf":[],"yoast_head":"<!-- This site is optimized with the Yoast SEO plugin v25.5 - https:\/\/yoast.com\/wordpress\/plugins\/seo\/ -->\n<title>Tissot Seastar 1000 40mm - Galli Uhren Bijouterie<\/title>\n<meta name=\"robots\" content=\"index, follow, max-snippet:-1, max-image-preview:large, max-video-preview:-1\" \/>\n<link rel=\"canonical\" href=\"https:\/\/galli.ch\/uhren\/tissot\/t-sport\/seastar-1000-40mm-t120-410-11-041-00\/\" \/>\n<meta property=\"og:locale\" content=\"en_US\" \/>\n<meta property=\"og:type\" content=\"article\" \/>\n<meta property=\"og:title\" content=\"Tissot Seastar 1000 40mm - Galli Uhren Bijouterie\" \/>\n<meta property=\"og:description\" content=\"Vom ersten Blick bis zum t\u00e4glichen Gebrauch vermittelt die Seastar 1000 Quartz 40mm Stil, Leistung und Vielseitigkeit. Jedes Modell ist eine harmonische Verbindung von Eleganz und Technologie, die Schweizer Uhrmacher-Know-how und zeitloses Design miteinander verbindet. Diese \u00e4u\u00dferst vielseitige Geh\u00e4usegr\u00f6\u00dfe richtet sich an Menschen, die eine schicke, geschmackvolle Uhr suchen, die sich sowohl am Tag als... Weiter &raquo;\" \/>\n<meta property=\"og:url\" content=\"https:\/\/galli.ch\/uhren\/tissot\/t-sport\/seastar-1000-40mm-t120-410-11-041-00\/\" \/>\n<meta property=\"og:site_name\" content=\"Galli Uhren Bijouterie\" \/>\n<meta property=\"article:modified_time\" content=\"2026-04-23T16:16:19+00:00\" \/>\n<meta property=\"og:image\" content=\"https:\/\/galli.ch\/wp-content\/uploads\/T120-410-11-041-00_1.png\" \/>\n\t<meta property=\"og:image:width\" content=\"1000\" \/>\n\t<meta property=\"og:image:height\" content=\"1400\" \/>\n\t<meta property=\"og:image:type\" content=\"image\/png\" \/>\n<meta name=\"twitter:card\" content=\"summary_large_image\" \/>\n<script type=\"application\/ld+json\" class=\"yoast-schema-graph\">{\"@context\":\"https:\/\/schema.org\",\"@graph\":[{\"@type\":\"WebPage\",\"@id\":\"https:\/\/galli.ch\/uhren\/tissot\/t-sport\/seastar-1000-40mm-t120-410-11-041-00\/\",\"url\":\"https:\/\/galli.ch\/uhren\/tissot\/t-sport\/seastar-1000-40mm-t120-410-11-041-00\/\",\"name\":\"Tissot Seastar 1000 40mm - Galli Uhren Bijouterie\",\"isPartOf\":{\"@id\":\"http:\/\/galli.ch\/en\/#website\"},\"primaryImageOfPage\":{\"@id\":\"https:\/\/galli.ch\/uhren\/tissot\/t-sport\/seastar-1000-40mm-t120-410-11-041-00\/#primaryimage\"},\"image\":{\"@id\":\"https:\/\/galli.ch\/uhren\/tissot\/t-sport\/seastar-1000-40mm-t120-410-11-041-00\/#primaryimage\"},\"thumbnailUrl\":\"https:\/\/galli.ch\/wp-content\/uploads\/T120-410-11-041-00_1.png\",\"datePublished\":\"2024-05-14T14:48:06+00:00\",\"dateModified\":\"2026-04-23T16:16:19+00:00\",\"breadcrumb\":{\"@id\":\"https:\/\/galli.ch\/uhren\/tissot\/t-sport\/seastar-1000-40mm-t120-410-11-041-00\/#breadcrumb\"},\"inLanguage\":\"en-US\",\"potentialAction\":[{\"@type\":\"ReadAction\",\"target\":[\"https:\/\/galli.ch\/uhren\/tissot\/t-sport\/seastar-1000-40mm-t120-410-11-041-00\/\"]}]},{\"@type\":\"ImageObject\",\"inLanguage\":\"en-US\",\"@id\":\"https:\/\/galli.ch\/uhren\/tissot\/t-sport\/seastar-1000-40mm-t120-410-11-041-00\/#primaryimage\",\"url\":\"https:\/\/galli.ch\/wp-content\/uploads\/T120-410-11-041-00_1.png\",\"contentUrl\":\"https:\/\/galli.ch\/wp-content\/uploads\/T120-410-11-041-00_1.png\",\"width\":1000,\"height\":1400},{\"@type\":\"BreadcrumbList\",\"@id\":\"https:\/\/galli.ch\/uhren\/tissot\/t-sport\/seastar-1000-40mm-t120-410-11-041-00\/#breadcrumb\",\"itemListElement\":[{\"@type\":\"ListItem\",\"position\":1,\"name\":\"Home\",\"item\":\"https:\/\/galli.ch\/en\/\"},{\"@type\":\"ListItem\",\"position\":2,\"name\":\"Uhren\",\"item\":\"https:\/\/galli.ch\/en\/uhren\/\"},{\"@type\":\"ListItem\",\"position\":3,\"name\":\"Tissot Seastar 1000 40mm\"}]},{\"@type\":\"WebSite\",\"@id\":\"http:\/\/galli.ch\/en\/#website\",\"url\":\"http:\/\/galli.ch\/en\/\",\"name\":\"Galli Uhren Bijouterie\",\"description\":\"\",\"potentialAction\":[{\"@type\":\"SearchAction\",\"target\":{\"@type\":\"EntryPoint\",\"urlTemplate\":\"http:\/\/galli.ch\/en\/?s={search_term_string}\"},\"query-input\":{\"@type\":\"PropertyValueSpecification\",\"valueRequired\":true,\"valueName\":\"search_term_string\"}}],\"inLanguage\":\"en-US\"}]}<\/script>\n<!-- \/ Yoast SEO plugin. -->","yoast_head_json":{"title":"Tissot Seastar 1000 40mm - Galli Uhren Bijouterie","robots":{"index":"index","follow":"follow","max-snippet":"max-snippet:-1","max-image-preview":"max-image-preview:large","max-video-preview":"max-video-preview:-1"},"canonical":"https:\/\/galli.ch\/uhren\/tissot\/t-sport\/seastar-1000-40mm-t120-410-11-041-00\/","og_locale":"en_US","og_type":"article","og_title":"Tissot Seastar 1000 40mm - Galli Uhren Bijouterie","og_description":"Vom ersten Blick bis zum t\u00e4glichen Gebrauch vermittelt die Seastar 1000 Quartz 40mm Stil, Leistung und Vielseitigkeit. Jedes Modell ist eine harmonische Verbindung von Eleganz und Technologie, die Schweizer Uhrmacher-Know-how und zeitloses Design miteinander verbindet. Diese \u00e4u\u00dferst vielseitige Geh\u00e4usegr\u00f6\u00dfe richtet sich an Menschen, die eine schicke, geschmackvolle Uhr suchen, die sich sowohl am Tag als... Weiter &raquo;","og_url":"https:\/\/galli.ch\/uhren\/tissot\/t-sport\/seastar-1000-40mm-t120-410-11-041-00\/","og_site_name":"Galli Uhren Bijouterie","article_modified_time":"2026-04-23T16:16:19+00:00","og_image":[{"width":1000,"height":1400,"url":"https:\/\/galli.ch\/wp-content\/uploads\/T120-410-11-041-00_1.png","type":"image\/png"}],"twitter_card":"summary_large_image","schema":{"@context":"https:\/\/schema.org","@graph":[{"@type":"WebPage","@id":"https:\/\/galli.ch\/uhren\/tissot\/t-sport\/seastar-1000-40mm-t120-410-11-041-00\/","url":"https:\/\/galli.ch\/uhren\/tissot\/t-sport\/seastar-1000-40mm-t120-410-11-041-00\/","name":"Tissot Seastar 1000 40mm - Galli Uhren Bijouterie","isPartOf":{"@id":"http:\/\/galli.ch\/en\/#website"},"primaryImageOfPage":{"@id":"https:\/\/galli.ch\/uhren\/tissot\/t-sport\/seastar-1000-40mm-t120-410-11-041-00\/#primaryimage"},"image":{"@id":"https:\/\/galli.ch\/uhren\/tissot\/t-sport\/seastar-1000-40mm-t120-410-11-041-00\/#primaryimage"},"thumbnailUrl":"https:\/\/galli.ch\/wp-content\/uploads\/T120-410-11-041-00_1.png","datePublished":"2024-05-14T14:48:06+00:00","dateModified":"2026-04-23T16:16:19+00:00","breadcrumb":{"@id":"https:\/\/galli.ch\/uhren\/tissot\/t-sport\/seastar-1000-40mm-t120-410-11-041-00\/#breadcrumb"},"inLanguage":"en-US","potentialAction":[{"@type":"ReadAction","target":["https:\/\/galli.ch\/uhren\/tissot\/t-sport\/seastar-1000-40mm-t120-410-11-041-00\/"]}]},{"@type":"ImageObject","inLanguage":"en-US","@id":"https:\/\/galli.ch\/uhren\/tissot\/t-sport\/seastar-1000-40mm-t120-410-11-041-00\/#primaryimage","url":"https:\/\/galli.ch\/wp-content\/uploads\/T120-410-11-041-00_1.png","contentUrl":"https:\/\/galli.ch\/wp-content\/uploads\/T120-410-11-041-00_1.png","width":1000,"height":1400},{"@type":"BreadcrumbList","@id":"https:\/\/galli.ch\/uhren\/tissot\/t-sport\/seastar-1000-40mm-t120-410-11-041-00\/#breadcrumb","itemListElement":[{"@type":"ListItem","position":1,"name":"Home","item":"https:\/\/galli.ch\/en\/"},{"@type":"ListItem","position":2,"name":"Uhren","item":"https:\/\/galli.ch\/en\/uhren\/"},{"@type":"ListItem","position":3,"name":"Tissot Seastar 1000 40mm"}]},{"@type":"WebSite","@id":"http:\/\/galli.ch\/en\/#website","url":"http:\/\/galli.ch\/en\/","name":"Galli Uhren Bijouterie","description":"","potentialAction":[{"@type":"SearchAction","target":{"@type":"EntryPoint","urlTemplate":"http:\/\/galli.ch\/en\/?s={search_term_string}"},"query-input":{"@type":"PropertyValueSpecification","valueRequired":true,"valueName":"search_term_string"}}],"inLanguage":"en-US"}]}},"_links":{"self":[{"href":"https:\/\/galli.ch\/en\/wp-json\/wp\/v2\/product\/31322","targetHints":{"allow":["GET"]}}],"collection":[{"href":"https:\/\/galli.ch\/en\/wp-json\/wp\/v2\/product"}],"about":[{"href":"https:\/\/galli.ch\/en\/wp-json\/wp\/v2\/types\/product"}],"wp:featuredmedia":[{"embeddable":true,"href":"https:\/\/galli.ch\/en\/wp-json\/wp\/v2\/media\/31297"}],"wp:attachment":[{"href":"https:\/\/galli.ch\/en\/wp-json\/wp\/v2\/media?parent=31322"}],"wp:term":[{"taxonomy":"product_brand","embeddable":true,"href":"https:\/\/galli.ch\/en\/wp-json\/wp\/v2\/product_brand?post=31322"},{"taxonomy":"product_cat","embeddable":true,"href":"https:\/\/galli.ch\/en\/wp-json\/wp\/v2\/product_cat?post=31322"},{"taxonomy":"product_tag","embeddable":true,"href":"https:\/\/galli.ch\/en\/wp-json\/wp\/v2\/product_tag?post=31322"}],"curies":[{"name":"wp","href":"https:\/\/api.w.org\/{rel}","templated":true}]}}