{"id":31387,"date":"2024-05-18T09:47:55","date_gmt":"2024-05-18T07:47:55","guid":{"rendered":"https:\/\/galli.ch\/?post_type=product&#038;p=31387"},"modified":"2026-03-30T10:12:17","modified_gmt":"2026-03-30T08:12:17","slug":"primaluna-l8-113-4-71-6","status":"publish","type":"product","link":"https:\/\/galli.ch\/en\/uhren\/longines\/elegant\/primaluna-l8-113-4-71-6\/","title":{"rendered":"Longines Primaluna"},"content":{"rendered":"<p>Die Kollektion Longines PrimaLuna pr\u00e4sentiert sich seit 2009 exklusiv weiblich. Ihr charakteristisches Geh\u00e4use ist, wie ihr Name verr\u00e4t, vom Mond und seiner Poesie inspiriert. Silberfarbene Zifferbl\u00e4tter oder Zifferbl\u00e4tter aus Perlmutt mit Diamanten wecken Erinnerungen an den schimmernden Nachthimmel.<\/p>\n","protected":false},"excerpt":{"rendered":"<p>Die Kollektion Longines PrimaLuna pr\u00e4sentiert sich seit 2009 exklusiv weiblich. Ihr charakteristisches Geh\u00e4use ist, wie ihr Name verr\u00e4t, vom Mond und seiner Poesie inspiriert. Silberfarbene Zifferbl\u00e4tter oder Zifferbl\u00e4tter aus Perlmutt mit Diamanten wecken Erinnerungen an den schimmernden Nachthimmel.<\/p>\n","protected":false},"featured_media":31372,"template":"","meta":{"_acf_changed":false,"inline_featured_image":false},"product_brand":[],"product_cat":[188],"product_tag":[],"class_list":{"0":"post-31387","1":"product","2":"type-product","3":"status-publish","4":"has-post-thumbnail","6":"uhrenhersteller-longines","7":"uhrenhersteller-elegant","8":"product_cat-uhren","10":"first","11":"instock","12":"taxable","13":"shipping-taxable","14":"purchasable","15":"product-type-simple"},"acf":[],"yoast_head":"<!-- This site is optimized with the Yoast SEO plugin v25.5 - https:\/\/yoast.com\/wordpress\/plugins\/seo\/ -->\n<title>Longines Primaluna - Galli Uhren Bijouterie<\/title>\n<meta name=\"robots\" content=\"index, follow, max-snippet:-1, max-image-preview:large, max-video-preview:-1\" \/>\n<link rel=\"canonical\" href=\"https:\/\/galli.ch\/uhren\/longines\/elegant\/primaluna-l8-113-4-71-6\/\" \/>\n<meta property=\"og:locale\" content=\"en_US\" \/>\n<meta property=\"og:type\" content=\"article\" \/>\n<meta property=\"og:title\" content=\"Longines Primaluna - Galli Uhren Bijouterie\" \/>\n<meta property=\"og:description\" content=\"Die Kollektion Longines PrimaLuna pr\u00e4sentiert sich seit 2009 exklusiv weiblich. Ihr charakteristisches Geh\u00e4use ist, wie ihr Name verr\u00e4t, vom Mond und seiner Poesie inspiriert. Silberfarbene Zifferbl\u00e4tter oder Zifferbl\u00e4tter aus Perlmutt mit Diamanten wecken Erinnerungen an den schimmernden Nachthimmel.\" \/>\n<meta property=\"og:url\" content=\"https:\/\/galli.ch\/uhren\/longines\/elegant\/primaluna-l8-113-4-71-6\/\" \/>\n<meta property=\"og:site_name\" content=\"Galli Uhren Bijouterie\" \/>\n<meta property=\"article:modified_time\" content=\"2026-03-30T08:12:17+00:00\" \/>\n<meta property=\"og:image\" content=\"https:\/\/galli.ch\/wp-content\/uploads\/watch-collection-longines-primaluna-l8-113-4-71-6-1683697347.png\" \/>\n\t<meta property=\"og:image:width\" content=\"1000\" \/>\n\t<meta property=\"og:image:height\" content=\"1400\" \/>\n\t<meta property=\"og:image:type\" content=\"image\/png\" \/>\n<meta name=\"twitter:card\" content=\"summary_large_image\" \/>\n<script type=\"application\/ld+json\" class=\"yoast-schema-graph\">{\"@context\":\"https:\/\/schema.org\",\"@graph\":[{\"@type\":\"WebPage\",\"@id\":\"https:\/\/galli.ch\/uhren\/longines\/elegant\/primaluna-l8-113-4-71-6\/\",\"url\":\"https:\/\/galli.ch\/uhren\/longines\/elegant\/primaluna-l8-113-4-71-6\/\",\"name\":\"Longines Primaluna - Galli Uhren Bijouterie\",\"isPartOf\":{\"@id\":\"http:\/\/galli.ch\/en\/#website\"},\"primaryImageOfPage\":{\"@id\":\"https:\/\/galli.ch\/uhren\/longines\/elegant\/primaluna-l8-113-4-71-6\/#primaryimage\"},\"image\":{\"@id\":\"https:\/\/galli.ch\/uhren\/longines\/elegant\/primaluna-l8-113-4-71-6\/#primaryimage\"},\"thumbnailUrl\":\"https:\/\/galli.ch\/wp-content\/uploads\/watch-collection-longines-primaluna-l8-113-4-71-6-1683697347.png\",\"datePublished\":\"2024-05-18T07:47:55+00:00\",\"dateModified\":\"2026-03-30T08:12:17+00:00\",\"breadcrumb\":{\"@id\":\"https:\/\/galli.ch\/uhren\/longines\/elegant\/primaluna-l8-113-4-71-6\/#breadcrumb\"},\"inLanguage\":\"en-US\",\"potentialAction\":[{\"@type\":\"ReadAction\",\"target\":[\"https:\/\/galli.ch\/uhren\/longines\/elegant\/primaluna-l8-113-4-71-6\/\"]}]},{\"@type\":\"ImageObject\",\"inLanguage\":\"en-US\",\"@id\":\"https:\/\/galli.ch\/uhren\/longines\/elegant\/primaluna-l8-113-4-71-6\/#primaryimage\",\"url\":\"https:\/\/galli.ch\/wp-content\/uploads\/watch-collection-longines-primaluna-l8-113-4-71-6-1683697347.png\",\"contentUrl\":\"https:\/\/galli.ch\/wp-content\/uploads\/watch-collection-longines-primaluna-l8-113-4-71-6-1683697347.png\",\"width\":1000,\"height\":1400},{\"@type\":\"BreadcrumbList\",\"@id\":\"https:\/\/galli.ch\/uhren\/longines\/elegant\/primaluna-l8-113-4-71-6\/#breadcrumb\",\"itemListElement\":[{\"@type\":\"ListItem\",\"position\":1,\"name\":\"Home\",\"item\":\"https:\/\/galli.ch\/en\/\"},{\"@type\":\"ListItem\",\"position\":2,\"name\":\"Uhren\",\"item\":\"https:\/\/galli.ch\/en\/uhren\/\"},{\"@type\":\"ListItem\",\"position\":3,\"name\":\"Primaluna\"}]},{\"@type\":\"WebSite\",\"@id\":\"http:\/\/galli.ch\/en\/#website\",\"url\":\"http:\/\/galli.ch\/en\/\",\"name\":\"Galli Uhren Bijouterie\",\"description\":\"\",\"potentialAction\":[{\"@type\":\"SearchAction\",\"target\":{\"@type\":\"EntryPoint\",\"urlTemplate\":\"http:\/\/galli.ch\/en\/?s={search_term_string}\"},\"query-input\":{\"@type\":\"PropertyValueSpecification\",\"valueRequired\":true,\"valueName\":\"search_term_string\"}}],\"inLanguage\":\"en-US\"}]}<\/script>\n<!-- \/ Yoast SEO plugin. -->","yoast_head_json":{"title":"Longines Primaluna - Galli Uhren Bijouterie","robots":{"index":"index","follow":"follow","max-snippet":"max-snippet:-1","max-image-preview":"max-image-preview:large","max-video-preview":"max-video-preview:-1"},"canonical":"https:\/\/galli.ch\/uhren\/longines\/elegant\/primaluna-l8-113-4-71-6\/","og_locale":"en_US","og_type":"article","og_title":"Longines Primaluna - Galli Uhren Bijouterie","og_description":"Die Kollektion Longines PrimaLuna pr\u00e4sentiert sich seit 2009 exklusiv weiblich. Ihr charakteristisches Geh\u00e4use ist, wie ihr Name verr\u00e4t, vom Mond und seiner Poesie inspiriert. Silberfarbene Zifferbl\u00e4tter oder Zifferbl\u00e4tter aus Perlmutt mit Diamanten wecken Erinnerungen an den schimmernden Nachthimmel.","og_url":"https:\/\/galli.ch\/uhren\/longines\/elegant\/primaluna-l8-113-4-71-6\/","og_site_name":"Galli Uhren Bijouterie","article_modified_time":"2026-03-30T08:12:17+00:00","og_image":[{"width":1000,"height":1400,"url":"https:\/\/galli.ch\/wp-content\/uploads\/watch-collection-longines-primaluna-l8-113-4-71-6-1683697347.png","type":"image\/png"}],"twitter_card":"summary_large_image","schema":{"@context":"https:\/\/schema.org","@graph":[{"@type":"WebPage","@id":"https:\/\/galli.ch\/uhren\/longines\/elegant\/primaluna-l8-113-4-71-6\/","url":"https:\/\/galli.ch\/uhren\/longines\/elegant\/primaluna-l8-113-4-71-6\/","name":"Longines Primaluna - Galli Uhren Bijouterie","isPartOf":{"@id":"http:\/\/galli.ch\/en\/#website"},"primaryImageOfPage":{"@id":"https:\/\/galli.ch\/uhren\/longines\/elegant\/primaluna-l8-113-4-71-6\/#primaryimage"},"image":{"@id":"https:\/\/galli.ch\/uhren\/longines\/elegant\/primaluna-l8-113-4-71-6\/#primaryimage"},"thumbnailUrl":"https:\/\/galli.ch\/wp-content\/uploads\/watch-collection-longines-primaluna-l8-113-4-71-6-1683697347.png","datePublished":"2024-05-18T07:47:55+00:00","dateModified":"2026-03-30T08:12:17+00:00","breadcrumb":{"@id":"https:\/\/galli.ch\/uhren\/longines\/elegant\/primaluna-l8-113-4-71-6\/#breadcrumb"},"inLanguage":"en-US","potentialAction":[{"@type":"ReadAction","target":["https:\/\/galli.ch\/uhren\/longines\/elegant\/primaluna-l8-113-4-71-6\/"]}]},{"@type":"ImageObject","inLanguage":"en-US","@id":"https:\/\/galli.ch\/uhren\/longines\/elegant\/primaluna-l8-113-4-71-6\/#primaryimage","url":"https:\/\/galli.ch\/wp-content\/uploads\/watch-collection-longines-primaluna-l8-113-4-71-6-1683697347.png","contentUrl":"https:\/\/galli.ch\/wp-content\/uploads\/watch-collection-longines-primaluna-l8-113-4-71-6-1683697347.png","width":1000,"height":1400},{"@type":"BreadcrumbList","@id":"https:\/\/galli.ch\/uhren\/longines\/elegant\/primaluna-l8-113-4-71-6\/#breadcrumb","itemListElement":[{"@type":"ListItem","position":1,"name":"Home","item":"https:\/\/galli.ch\/en\/"},{"@type":"ListItem","position":2,"name":"Uhren","item":"https:\/\/galli.ch\/en\/uhren\/"},{"@type":"ListItem","position":3,"name":"Primaluna"}]},{"@type":"WebSite","@id":"http:\/\/galli.ch\/en\/#website","url":"http:\/\/galli.ch\/en\/","name":"Galli Uhren Bijouterie","description":"","potentialAction":[{"@type":"SearchAction","target":{"@type":"EntryPoint","urlTemplate":"http:\/\/galli.ch\/en\/?s={search_term_string}"},"query-input":{"@type":"PropertyValueSpecification","valueRequired":true,"valueName":"search_term_string"}}],"inLanguage":"en-US"}]}},"_links":{"self":[{"href":"https:\/\/galli.ch\/en\/wp-json\/wp\/v2\/product\/31387","targetHints":{"allow":["GET"]}}],"collection":[{"href":"https:\/\/galli.ch\/en\/wp-json\/wp\/v2\/product"}],"about":[{"href":"https:\/\/galli.ch\/en\/wp-json\/wp\/v2\/types\/product"}],"wp:featuredmedia":[{"embeddable":true,"href":"https:\/\/galli.ch\/en\/wp-json\/wp\/v2\/media\/31372"}],"wp:attachment":[{"href":"https:\/\/galli.ch\/en\/wp-json\/wp\/v2\/media?parent=31387"}],"wp:term":[{"taxonomy":"product_brand","embeddable":true,"href":"https:\/\/galli.ch\/en\/wp-json\/wp\/v2\/product_brand?post=31387"},{"taxonomy":"product_cat","embeddable":true,"href":"https:\/\/galli.ch\/en\/wp-json\/wp\/v2\/product_cat?post=31387"},{"taxonomy":"product_tag","embeddable":true,"href":"https:\/\/galli.ch\/en\/wp-json\/wp\/v2\/product_tag?post=31387"}],"curies":[{"name":"wp","href":"https:\/\/api.w.org\/{rel}","templated":true}]}}