{"id":31599,"date":"2024-05-27T10:05:20","date_gmt":"2024-05-27T08:05:20","guid":{"rendered":"https:\/\/galli.ch\/?post_type=product&#038;p=31599"},"modified":"2026-03-30T10:16:37","modified_gmt":"2026-03-30T08:16:37","slug":"t-my-lady-automatic-t132-007-11-351-00","status":"publish","type":"product","link":"https:\/\/galli.ch\/en\/uhren\/tissot\/t-lady\/t-my-lady-automatic-t132-007-11-351-00\/","title":{"rendered":"Tissot T-My Lady Automatic"},"content":{"rendered":"<p>Als feminines Pendant zur Produktreihe Tissot Gentleman verf\u00fcgt die T-My Lady \u00fcber alle Attribute der uhrmacherischen Qualit\u00e4t, welche die Zeitmesser von Tissot auszeichnen. Die Erfahrung und die Sorgfalt, mit der diese Produktlinie kreiert wurde, spiegelt sich in s\u00e4mtlichen Details wider.<br \/>\nDie Tissot T-My Lady Automatic \u00fcberzeugt mit einer zur\u00fcckhaltenden Eleganz, die zu jedem Anlass passt und sich mit jedem Kleidungsstil kombinieren l\u00e4sst \u2013 ob festlicher Abend oder Alltag, ob kleines Schwarzes, Hosenanzug oder Jeans.<\/p>\n","protected":false},"excerpt":{"rendered":"<p>Als feminines Pendant zur Produktreihe Tissot Gentleman verf\u00fcgt die T-My Lady \u00fcber alle Attribute der uhrmacherischen Qualit\u00e4t, welche die Zeitmesser von Tissot auszeichnen. Die Erfahrung und die Sorgfalt, mit der diese Produktlinie kreiert wurde, spiegelt sich in s\u00e4mtlichen Details wider. Die Tissot T-My Lady Automatic \u00fcberzeugt mit einer zur\u00fcckhaltenden Eleganz, die zu jedem Anlass passt&#8230;  <a class=\"excerpt-read-more\" href=\"https:\/\/galli.ch\/en\/uhren\/tissot\/t-lady\/t-my-lady-automatic-t132-007-11-351-00\/\" title=\"Read Tissot T-My Lady Automatic\">Weiter &raquo;<\/a><\/p>\n","protected":false},"featured_media":31506,"template":"","meta":{"_acf_changed":false,"inline_featured_image":false},"product_brand":[],"product_cat":[188],"product_tag":[],"class_list":{"0":"post-31599","1":"product","2":"type-product","3":"status-publish","4":"has-post-thumbnail","6":"uhrenhersteller-tissot","7":"uhrenhersteller-t-lady","8":"product_cat-uhren","10":"first","11":"outofstock","12":"taxable","13":"shipping-taxable","14":"purchasable","15":"product-type-simple"},"acf":[],"yoast_head":"<!-- This site is optimized with the Yoast SEO plugin v25.5 - https:\/\/yoast.com\/wordpress\/plugins\/seo\/ -->\n<title>Tissot T-My Lady Automatic - Galli Uhren Bijouterie<\/title>\n<meta name=\"robots\" content=\"index, follow, max-snippet:-1, max-image-preview:large, max-video-preview:-1\" \/>\n<link rel=\"canonical\" href=\"https:\/\/galli.ch\/uhren\/tissot\/t-lady\/t-my-lady-automatic-t132-007-11-351-00\/\" \/>\n<meta property=\"og:locale\" content=\"en_US\" \/>\n<meta property=\"og:type\" content=\"article\" \/>\n<meta property=\"og:title\" content=\"Tissot T-My Lady Automatic - Galli Uhren Bijouterie\" \/>\n<meta property=\"og:description\" content=\"Als feminines Pendant zur Produktreihe Tissot Gentleman verf\u00fcgt die T-My Lady \u00fcber alle Attribute der uhrmacherischen Qualit\u00e4t, welche die Zeitmesser von Tissot auszeichnen. Die Erfahrung und die Sorgfalt, mit der diese Produktlinie kreiert wurde, spiegelt sich in s\u00e4mtlichen Details wider. Die Tissot T-My Lady Automatic \u00fcberzeugt mit einer zur\u00fcckhaltenden Eleganz, die zu jedem Anlass passt... Weiter &raquo;\" \/>\n<meta property=\"og:url\" content=\"https:\/\/galli.ch\/uhren\/tissot\/t-lady\/t-my-lady-automatic-t132-007-11-351-00\/\" \/>\n<meta property=\"og:site_name\" content=\"Galli Uhren Bijouterie\" \/>\n<meta property=\"article:modified_time\" content=\"2026-03-30T08:16:37+00:00\" \/>\n<meta property=\"og:image\" content=\"https:\/\/galli.ch\/wp-content\/uploads\/T132-007-11-351-00_R_1.png\" \/>\n\t<meta property=\"og:image:width\" content=\"1000\" \/>\n\t<meta property=\"og:image:height\" content=\"1400\" \/>\n\t<meta property=\"og:image:type\" content=\"image\/png\" \/>\n<meta name=\"twitter:card\" content=\"summary_large_image\" \/>\n<script type=\"application\/ld+json\" class=\"yoast-schema-graph\">{\"@context\":\"https:\/\/schema.org\",\"@graph\":[{\"@type\":\"WebPage\",\"@id\":\"https:\/\/galli.ch\/uhren\/tissot\/t-lady\/t-my-lady-automatic-t132-007-11-351-00\/\",\"url\":\"https:\/\/galli.ch\/uhren\/tissot\/t-lady\/t-my-lady-automatic-t132-007-11-351-00\/\",\"name\":\"Tissot T-My Lady Automatic - Galli Uhren Bijouterie\",\"isPartOf\":{\"@id\":\"http:\/\/galli.ch\/en\/#website\"},\"primaryImageOfPage\":{\"@id\":\"https:\/\/galli.ch\/uhren\/tissot\/t-lady\/t-my-lady-automatic-t132-007-11-351-00\/#primaryimage\"},\"image\":{\"@id\":\"https:\/\/galli.ch\/uhren\/tissot\/t-lady\/t-my-lady-automatic-t132-007-11-351-00\/#primaryimage\"},\"thumbnailUrl\":\"https:\/\/galli.ch\/wp-content\/uploads\/T132-007-11-351-00_R_1.png\",\"datePublished\":\"2024-05-27T08:05:20+00:00\",\"dateModified\":\"2026-03-30T08:16:37+00:00\",\"breadcrumb\":{\"@id\":\"https:\/\/galli.ch\/uhren\/tissot\/t-lady\/t-my-lady-automatic-t132-007-11-351-00\/#breadcrumb\"},\"inLanguage\":\"en-US\",\"potentialAction\":[{\"@type\":\"ReadAction\",\"target\":[\"https:\/\/galli.ch\/uhren\/tissot\/t-lady\/t-my-lady-automatic-t132-007-11-351-00\/\"]}]},{\"@type\":\"ImageObject\",\"inLanguage\":\"en-US\",\"@id\":\"https:\/\/galli.ch\/uhren\/tissot\/t-lady\/t-my-lady-automatic-t132-007-11-351-00\/#primaryimage\",\"url\":\"https:\/\/galli.ch\/wp-content\/uploads\/T132-007-11-351-00_R_1.png\",\"contentUrl\":\"https:\/\/galli.ch\/wp-content\/uploads\/T132-007-11-351-00_R_1.png\",\"width\":1000,\"height\":1400},{\"@type\":\"BreadcrumbList\",\"@id\":\"https:\/\/galli.ch\/uhren\/tissot\/t-lady\/t-my-lady-automatic-t132-007-11-351-00\/#breadcrumb\",\"itemListElement\":[{\"@type\":\"ListItem\",\"position\":1,\"name\":\"Home\",\"item\":\"https:\/\/galli.ch\/en\/\"},{\"@type\":\"ListItem\",\"position\":2,\"name\":\"Uhren\",\"item\":\"https:\/\/galli.ch\/en\/uhren\/\"},{\"@type\":\"ListItem\",\"position\":3,\"name\":\"T-My Lady Automatic\"}]},{\"@type\":\"WebSite\",\"@id\":\"http:\/\/galli.ch\/en\/#website\",\"url\":\"http:\/\/galli.ch\/en\/\",\"name\":\"Galli Uhren Bijouterie\",\"description\":\"\",\"potentialAction\":[{\"@type\":\"SearchAction\",\"target\":{\"@type\":\"EntryPoint\",\"urlTemplate\":\"http:\/\/galli.ch\/en\/?s={search_term_string}\"},\"query-input\":{\"@type\":\"PropertyValueSpecification\",\"valueRequired\":true,\"valueName\":\"search_term_string\"}}],\"inLanguage\":\"en-US\"}]}<\/script>\n<!-- \/ Yoast SEO plugin. -->","yoast_head_json":{"title":"Tissot T-My Lady Automatic - Galli Uhren Bijouterie","robots":{"index":"index","follow":"follow","max-snippet":"max-snippet:-1","max-image-preview":"max-image-preview:large","max-video-preview":"max-video-preview:-1"},"canonical":"https:\/\/galli.ch\/uhren\/tissot\/t-lady\/t-my-lady-automatic-t132-007-11-351-00\/","og_locale":"en_US","og_type":"article","og_title":"Tissot T-My Lady Automatic - Galli Uhren Bijouterie","og_description":"Als feminines Pendant zur Produktreihe Tissot Gentleman verf\u00fcgt die T-My Lady \u00fcber alle Attribute der uhrmacherischen Qualit\u00e4t, welche die Zeitmesser von Tissot auszeichnen. Die Erfahrung und die Sorgfalt, mit der diese Produktlinie kreiert wurde, spiegelt sich in s\u00e4mtlichen Details wider. Die Tissot T-My Lady Automatic \u00fcberzeugt mit einer zur\u00fcckhaltenden Eleganz, die zu jedem Anlass passt... Weiter &raquo;","og_url":"https:\/\/galli.ch\/uhren\/tissot\/t-lady\/t-my-lady-automatic-t132-007-11-351-00\/","og_site_name":"Galli Uhren Bijouterie","article_modified_time":"2026-03-30T08:16:37+00:00","og_image":[{"width":1000,"height":1400,"url":"https:\/\/galli.ch\/wp-content\/uploads\/T132-007-11-351-00_R_1.png","type":"image\/png"}],"twitter_card":"summary_large_image","schema":{"@context":"https:\/\/schema.org","@graph":[{"@type":"WebPage","@id":"https:\/\/galli.ch\/uhren\/tissot\/t-lady\/t-my-lady-automatic-t132-007-11-351-00\/","url":"https:\/\/galli.ch\/uhren\/tissot\/t-lady\/t-my-lady-automatic-t132-007-11-351-00\/","name":"Tissot T-My Lady Automatic - Galli Uhren Bijouterie","isPartOf":{"@id":"http:\/\/galli.ch\/en\/#website"},"primaryImageOfPage":{"@id":"https:\/\/galli.ch\/uhren\/tissot\/t-lady\/t-my-lady-automatic-t132-007-11-351-00\/#primaryimage"},"image":{"@id":"https:\/\/galli.ch\/uhren\/tissot\/t-lady\/t-my-lady-automatic-t132-007-11-351-00\/#primaryimage"},"thumbnailUrl":"https:\/\/galli.ch\/wp-content\/uploads\/T132-007-11-351-00_R_1.png","datePublished":"2024-05-27T08:05:20+00:00","dateModified":"2026-03-30T08:16:37+00:00","breadcrumb":{"@id":"https:\/\/galli.ch\/uhren\/tissot\/t-lady\/t-my-lady-automatic-t132-007-11-351-00\/#breadcrumb"},"inLanguage":"en-US","potentialAction":[{"@type":"ReadAction","target":["https:\/\/galli.ch\/uhren\/tissot\/t-lady\/t-my-lady-automatic-t132-007-11-351-00\/"]}]},{"@type":"ImageObject","inLanguage":"en-US","@id":"https:\/\/galli.ch\/uhren\/tissot\/t-lady\/t-my-lady-automatic-t132-007-11-351-00\/#primaryimage","url":"https:\/\/galli.ch\/wp-content\/uploads\/T132-007-11-351-00_R_1.png","contentUrl":"https:\/\/galli.ch\/wp-content\/uploads\/T132-007-11-351-00_R_1.png","width":1000,"height":1400},{"@type":"BreadcrumbList","@id":"https:\/\/galli.ch\/uhren\/tissot\/t-lady\/t-my-lady-automatic-t132-007-11-351-00\/#breadcrumb","itemListElement":[{"@type":"ListItem","position":1,"name":"Home","item":"https:\/\/galli.ch\/en\/"},{"@type":"ListItem","position":2,"name":"Uhren","item":"https:\/\/galli.ch\/en\/uhren\/"},{"@type":"ListItem","position":3,"name":"T-My Lady Automatic"}]},{"@type":"WebSite","@id":"http:\/\/galli.ch\/en\/#website","url":"http:\/\/galli.ch\/en\/","name":"Galli Uhren Bijouterie","description":"","potentialAction":[{"@type":"SearchAction","target":{"@type":"EntryPoint","urlTemplate":"http:\/\/galli.ch\/en\/?s={search_term_string}"},"query-input":{"@type":"PropertyValueSpecification","valueRequired":true,"valueName":"search_term_string"}}],"inLanguage":"en-US"}]}},"_links":{"self":[{"href":"https:\/\/galli.ch\/en\/wp-json\/wp\/v2\/product\/31599","targetHints":{"allow":["GET"]}}],"collection":[{"href":"https:\/\/galli.ch\/en\/wp-json\/wp\/v2\/product"}],"about":[{"href":"https:\/\/galli.ch\/en\/wp-json\/wp\/v2\/types\/product"}],"wp:featuredmedia":[{"embeddable":true,"href":"https:\/\/galli.ch\/en\/wp-json\/wp\/v2\/media\/31506"}],"wp:attachment":[{"href":"https:\/\/galli.ch\/en\/wp-json\/wp\/v2\/media?parent=31599"}],"wp:term":[{"taxonomy":"product_brand","embeddable":true,"href":"https:\/\/galli.ch\/en\/wp-json\/wp\/v2\/product_brand?post=31599"},{"taxonomy":"product_cat","embeddable":true,"href":"https:\/\/galli.ch\/en\/wp-json\/wp\/v2\/product_cat?post=31599"},{"taxonomy":"product_tag","embeddable":true,"href":"https:\/\/galli.ch\/en\/wp-json\/wp\/v2\/product_tag?post=31599"}],"curies":[{"name":"wp","href":"https:\/\/api.w.org\/{rel}","templated":true}]}}