{"id":31640,"date":"2024-05-29T16:07:50","date_gmt":"2024-05-29T14:07:50","guid":{"rendered":"https:\/\/galli.ch\/?post_type=product&#038;p=31640"},"modified":"2026-04-20T18:12:58","modified_gmt":"2026-04-20T16:12:58","slug":"b01-chronograph-44-swiss-air-force-team-sb01471a1b1x1","status":"publish","type":"product","link":"https:\/\/galli.ch\/en\/uhren\/breitling\/avenger\/b01-chronograph-44-swiss-air-force-team-sb01471a1b1x1\/","title":{"rendered":"Breitling Avenger B01 Chronograph 44 Swiss Air Force Team"},"content":{"rendered":"<p>F\u00fcr Jetpiloten konstruiert, nimmt die Avenger es mit den h\u00e4rtesten Bedingungen im Cockpit auf und gibt sich niemals geschlagen. Diese Edition ist eine Hommage an das Swiss Air Force Team, die Kunstflugstaffel des Heimatlandes von Breitling, auch bekannt als Patrouille Suisse. Aber man braucht nicht in der Luftwaffe zu sein, um ihr k\u00fchnes Design, ihre aussergew\u00f6hnliche Widerstandsf\u00e4higkeit und ihre \u00fcberragende Funktionalit\u00e4t zu sch\u00e4tzen. Die Ausf\u00fchrung verf\u00fcgt \u00fcber ein anthrazitfarbenes Zifferblatt mit dem unverwechselbaren Staffelabzeichen in Delta-Form sowie eine spezielle Gravur, die den offenen Geh\u00e4useboden des Breitling-Manufakturkalibers 01 umgibt. Das schwarze Keramikgeh\u00e4use und die Titan-Beschl\u00e4ge werden durch ein Milit\u00e4rlederarmband erg\u00e4nzt. Und auch wenn Sie keine Fassrolle hinlegen k\u00f6nnen, werden Sie die 300 m Wasserdichtigkeit, die griffige Funktionalit\u00e4t und das korrosionsbest\u00e4ndige Design rundum zu sch\u00e4tzen wissen.<\/p>\n","protected":false},"excerpt":{"rendered":"<p>F\u00fcr Jetpiloten konstruiert, nimmt die Avenger es mit den h\u00e4rtesten Bedingungen im Cockpit auf und gibt sich niemals geschlagen. Diese Edition ist eine Hommage an das Swiss Air Force Team, die Kunstflugstaffel des Heimatlandes von Breitling, auch bekannt als Patrouille Suisse. Aber man braucht nicht in der Luftwaffe zu sein, um ihr k\u00fchnes Design, ihre&#8230;  <a class=\"excerpt-read-more\" href=\"https:\/\/galli.ch\/en\/uhren\/breitling\/avenger\/b01-chronograph-44-swiss-air-force-team-sb01471a1b1x1\/\" title=\"Read Breitling Avenger B01 Chronograph 44 Swiss Air Force Team\">Weiter &raquo;<\/a><\/p>\n","protected":false},"featured_media":31641,"template":"","meta":{"_acf_changed":false,"inline_featured_image":false},"product_brand":[],"product_cat":[188],"product_tag":[],"class_list":{"0":"post-31640","1":"product","2":"type-product","3":"status-publish","4":"has-post-thumbnail","6":"uhrenhersteller-breitling","7":"uhrenhersteller-avenger","8":"product_cat-uhren","10":"first","11":"instock","12":"taxable","13":"shipping-taxable","14":"purchasable","15":"product-type-simple"},"acf":[],"yoast_head":"<!-- This site is optimized with the Yoast SEO plugin v25.5 - https:\/\/yoast.com\/wordpress\/plugins\/seo\/ -->\n<title>Breitling Avenger B01 Chronograph 44 Swiss Air Force Team - Galli Uhren Bijouterie<\/title>\n<meta name=\"robots\" content=\"index, follow, max-snippet:-1, max-image-preview:large, max-video-preview:-1\" \/>\n<link rel=\"canonical\" href=\"https:\/\/galli.ch\/uhren\/breitling\/avenger\/b01-chronograph-44-swiss-air-force-team-sb01471a1b1x1\/\" \/>\n<meta property=\"og:locale\" content=\"en_US\" \/>\n<meta property=\"og:type\" content=\"article\" \/>\n<meta property=\"og:title\" content=\"Breitling Avenger B01 Chronograph 44 Swiss Air Force Team - Galli Uhren Bijouterie\" \/>\n<meta property=\"og:description\" content=\"F\u00fcr Jetpiloten konstruiert, nimmt die Avenger es mit den h\u00e4rtesten Bedingungen im Cockpit auf und gibt sich niemals geschlagen. Diese Edition ist eine Hommage an das Swiss Air Force Team, die Kunstflugstaffel des Heimatlandes von Breitling, auch bekannt als Patrouille Suisse. Aber man braucht nicht in der Luftwaffe zu sein, um ihr k\u00fchnes Design, ihre... Weiter &raquo;\" \/>\n<meta property=\"og:url\" content=\"https:\/\/galli.ch\/uhren\/breitling\/avenger\/b01-chronograph-44-swiss-air-force-team-sb01471a1b1x1\/\" \/>\n<meta property=\"og:site_name\" content=\"Galli Uhren Bijouterie\" \/>\n<meta property=\"article:modified_time\" content=\"2026-04-20T16:12:58+00:00\" \/>\n<meta property=\"og:image\" content=\"https:\/\/galli.ch\/wp-content\/uploads\/Avenger_Swiss_Air_Force_Team_SB01471A1B1X1_Swiss_Edition_Soldier_Digital.png\" \/>\n\t<meta property=\"og:image:width\" content=\"1000\" \/>\n\t<meta property=\"og:image:height\" content=\"1400\" \/>\n\t<meta property=\"og:image:type\" content=\"image\/png\" \/>\n<meta name=\"twitter:card\" content=\"summary_large_image\" \/>\n<script type=\"application\/ld+json\" class=\"yoast-schema-graph\">{\"@context\":\"https:\/\/schema.org\",\"@graph\":[{\"@type\":\"WebPage\",\"@id\":\"https:\/\/galli.ch\/uhren\/breitling\/avenger\/b01-chronograph-44-swiss-air-force-team-sb01471a1b1x1\/\",\"url\":\"https:\/\/galli.ch\/uhren\/breitling\/avenger\/b01-chronograph-44-swiss-air-force-team-sb01471a1b1x1\/\",\"name\":\"Breitling Avenger B01 Chronograph 44 Swiss Air Force Team - Galli Uhren Bijouterie\",\"isPartOf\":{\"@id\":\"http:\/\/galli.ch\/en\/#website\"},\"primaryImageOfPage\":{\"@id\":\"https:\/\/galli.ch\/uhren\/breitling\/avenger\/b01-chronograph-44-swiss-air-force-team-sb01471a1b1x1\/#primaryimage\"},\"image\":{\"@id\":\"https:\/\/galli.ch\/uhren\/breitling\/avenger\/b01-chronograph-44-swiss-air-force-team-sb01471a1b1x1\/#primaryimage\"},\"thumbnailUrl\":\"https:\/\/galli.ch\/wp-content\/uploads\/Avenger_Swiss_Air_Force_Team_SB01471A1B1X1_Swiss_Edition_Soldier_Digital.png\",\"datePublished\":\"2024-05-29T14:07:50+00:00\",\"dateModified\":\"2026-04-20T16:12:58+00:00\",\"breadcrumb\":{\"@id\":\"https:\/\/galli.ch\/uhren\/breitling\/avenger\/b01-chronograph-44-swiss-air-force-team-sb01471a1b1x1\/#breadcrumb\"},\"inLanguage\":\"en-US\",\"potentialAction\":[{\"@type\":\"ReadAction\",\"target\":[\"https:\/\/galli.ch\/uhren\/breitling\/avenger\/b01-chronograph-44-swiss-air-force-team-sb01471a1b1x1\/\"]}]},{\"@type\":\"ImageObject\",\"inLanguage\":\"en-US\",\"@id\":\"https:\/\/galli.ch\/uhren\/breitling\/avenger\/b01-chronograph-44-swiss-air-force-team-sb01471a1b1x1\/#primaryimage\",\"url\":\"https:\/\/galli.ch\/wp-content\/uploads\/Avenger_Swiss_Air_Force_Team_SB01471A1B1X1_Swiss_Edition_Soldier_Digital.png\",\"contentUrl\":\"https:\/\/galli.ch\/wp-content\/uploads\/Avenger_Swiss_Air_Force_Team_SB01471A1B1X1_Swiss_Edition_Soldier_Digital.png\",\"width\":1000,\"height\":1400},{\"@type\":\"BreadcrumbList\",\"@id\":\"https:\/\/galli.ch\/uhren\/breitling\/avenger\/b01-chronograph-44-swiss-air-force-team-sb01471a1b1x1\/#breadcrumb\",\"itemListElement\":[{\"@type\":\"ListItem\",\"position\":1,\"name\":\"Home\",\"item\":\"https:\/\/galli.ch\/en\/\"},{\"@type\":\"ListItem\",\"position\":2,\"name\":\"Uhren\",\"item\":\"https:\/\/galli.ch\/en\/uhren\/\"},{\"@type\":\"ListItem\",\"position\":3,\"name\":\"Avenger B01 Chronograph 44 Swiss Air Force Team\"}]},{\"@type\":\"WebSite\",\"@id\":\"http:\/\/galli.ch\/en\/#website\",\"url\":\"http:\/\/galli.ch\/en\/\",\"name\":\"Galli Uhren Bijouterie\",\"description\":\"\",\"potentialAction\":[{\"@type\":\"SearchAction\",\"target\":{\"@type\":\"EntryPoint\",\"urlTemplate\":\"http:\/\/galli.ch\/en\/?s={search_term_string}\"},\"query-input\":{\"@type\":\"PropertyValueSpecification\",\"valueRequired\":true,\"valueName\":\"search_term_string\"}}],\"inLanguage\":\"en-US\"}]}<\/script>\n<!-- \/ Yoast SEO plugin. -->","yoast_head_json":{"title":"Breitling Avenger B01 Chronograph 44 Swiss Air Force Team - Galli Uhren Bijouterie","robots":{"index":"index","follow":"follow","max-snippet":"max-snippet:-1","max-image-preview":"max-image-preview:large","max-video-preview":"max-video-preview:-1"},"canonical":"https:\/\/galli.ch\/uhren\/breitling\/avenger\/b01-chronograph-44-swiss-air-force-team-sb01471a1b1x1\/","og_locale":"en_US","og_type":"article","og_title":"Breitling Avenger B01 Chronograph 44 Swiss Air Force Team - Galli Uhren Bijouterie","og_description":"F\u00fcr Jetpiloten konstruiert, nimmt die Avenger es mit den h\u00e4rtesten Bedingungen im Cockpit auf und gibt sich niemals geschlagen. Diese Edition ist eine Hommage an das Swiss Air Force Team, die Kunstflugstaffel des Heimatlandes von Breitling, auch bekannt als Patrouille Suisse. Aber man braucht nicht in der Luftwaffe zu sein, um ihr k\u00fchnes Design, ihre... Weiter &raquo;","og_url":"https:\/\/galli.ch\/uhren\/breitling\/avenger\/b01-chronograph-44-swiss-air-force-team-sb01471a1b1x1\/","og_site_name":"Galli Uhren Bijouterie","article_modified_time":"2026-04-20T16:12:58+00:00","og_image":[{"width":1000,"height":1400,"url":"https:\/\/galli.ch\/wp-content\/uploads\/Avenger_Swiss_Air_Force_Team_SB01471A1B1X1_Swiss_Edition_Soldier_Digital.png","type":"image\/png"}],"twitter_card":"summary_large_image","schema":{"@context":"https:\/\/schema.org","@graph":[{"@type":"WebPage","@id":"https:\/\/galli.ch\/uhren\/breitling\/avenger\/b01-chronograph-44-swiss-air-force-team-sb01471a1b1x1\/","url":"https:\/\/galli.ch\/uhren\/breitling\/avenger\/b01-chronograph-44-swiss-air-force-team-sb01471a1b1x1\/","name":"Breitling Avenger B01 Chronograph 44 Swiss Air Force Team - Galli Uhren Bijouterie","isPartOf":{"@id":"http:\/\/galli.ch\/en\/#website"},"primaryImageOfPage":{"@id":"https:\/\/galli.ch\/uhren\/breitling\/avenger\/b01-chronograph-44-swiss-air-force-team-sb01471a1b1x1\/#primaryimage"},"image":{"@id":"https:\/\/galli.ch\/uhren\/breitling\/avenger\/b01-chronograph-44-swiss-air-force-team-sb01471a1b1x1\/#primaryimage"},"thumbnailUrl":"https:\/\/galli.ch\/wp-content\/uploads\/Avenger_Swiss_Air_Force_Team_SB01471A1B1X1_Swiss_Edition_Soldier_Digital.png","datePublished":"2024-05-29T14:07:50+00:00","dateModified":"2026-04-20T16:12:58+00:00","breadcrumb":{"@id":"https:\/\/galli.ch\/uhren\/breitling\/avenger\/b01-chronograph-44-swiss-air-force-team-sb01471a1b1x1\/#breadcrumb"},"inLanguage":"en-US","potentialAction":[{"@type":"ReadAction","target":["https:\/\/galli.ch\/uhren\/breitling\/avenger\/b01-chronograph-44-swiss-air-force-team-sb01471a1b1x1\/"]}]},{"@type":"ImageObject","inLanguage":"en-US","@id":"https:\/\/galli.ch\/uhren\/breitling\/avenger\/b01-chronograph-44-swiss-air-force-team-sb01471a1b1x1\/#primaryimage","url":"https:\/\/galli.ch\/wp-content\/uploads\/Avenger_Swiss_Air_Force_Team_SB01471A1B1X1_Swiss_Edition_Soldier_Digital.png","contentUrl":"https:\/\/galli.ch\/wp-content\/uploads\/Avenger_Swiss_Air_Force_Team_SB01471A1B1X1_Swiss_Edition_Soldier_Digital.png","width":1000,"height":1400},{"@type":"BreadcrumbList","@id":"https:\/\/galli.ch\/uhren\/breitling\/avenger\/b01-chronograph-44-swiss-air-force-team-sb01471a1b1x1\/#breadcrumb","itemListElement":[{"@type":"ListItem","position":1,"name":"Home","item":"https:\/\/galli.ch\/en\/"},{"@type":"ListItem","position":2,"name":"Uhren","item":"https:\/\/galli.ch\/en\/uhren\/"},{"@type":"ListItem","position":3,"name":"Avenger B01 Chronograph 44 Swiss Air Force Team"}]},{"@type":"WebSite","@id":"http:\/\/galli.ch\/en\/#website","url":"http:\/\/galli.ch\/en\/","name":"Galli Uhren Bijouterie","description":"","potentialAction":[{"@type":"SearchAction","target":{"@type":"EntryPoint","urlTemplate":"http:\/\/galli.ch\/en\/?s={search_term_string}"},"query-input":{"@type":"PropertyValueSpecification","valueRequired":true,"valueName":"search_term_string"}}],"inLanguage":"en-US"}]}},"_links":{"self":[{"href":"https:\/\/galli.ch\/en\/wp-json\/wp\/v2\/product\/31640","targetHints":{"allow":["GET"]}}],"collection":[{"href":"https:\/\/galli.ch\/en\/wp-json\/wp\/v2\/product"}],"about":[{"href":"https:\/\/galli.ch\/en\/wp-json\/wp\/v2\/types\/product"}],"wp:featuredmedia":[{"embeddable":true,"href":"https:\/\/galli.ch\/en\/wp-json\/wp\/v2\/media\/31641"}],"wp:attachment":[{"href":"https:\/\/galli.ch\/en\/wp-json\/wp\/v2\/media?parent=31640"}],"wp:term":[{"taxonomy":"product_brand","embeddable":true,"href":"https:\/\/galli.ch\/en\/wp-json\/wp\/v2\/product_brand?post=31640"},{"taxonomy":"product_cat","embeddable":true,"href":"https:\/\/galli.ch\/en\/wp-json\/wp\/v2\/product_cat?post=31640"},{"taxonomy":"product_tag","embeddable":true,"href":"https:\/\/galli.ch\/en\/wp-json\/wp\/v2\/product_tag?post=31640"}],"curies":[{"name":"wp","href":"https:\/\/api.w.org\/{rel}","templated":true}]}}