{"id":31732,"date":"2024-06-05T14:44:18","date_gmt":"2024-06-05T12:44:18","guid":{"rendered":"https:\/\/galli.ch\/?post_type=product&#038;p=31732"},"modified":"2025-11-24T10:51:28","modified_gmt":"2025-11-24T09:51:28","slug":"b01-42-eb0134101m1e1","status":"publish","type":"product","link":"https:\/\/galli.ch\/en\/uhren\/breitling\/chronomat\/b01-42-eb0134101m1e1\/","title":{"rendered":"Breitling Chronomat B01 42"},"content":{"rendered":"<p>Breitlings Uhr f\u00fcr jede Situation und Aktivit\u00e4t. Die Chronomat nimmt einen wichtigen Platz in Breitlings Geschichte ein. Die Markteinf\u00fchrung erfolgte 1984, zu einer Zeit, in der extraflache Quarzuhren an der Tagesordnung waren. Breitling setzte dabei mutig auf eine eindrucksvoll proportionierte mechanische Uhr. Die Chronomat basiert auf der Uhr Frecce Tricolori, die in Zusammenarbeit mit der ber\u00fchmten italienischen Flugstaffel entwickelt und 1983 auf dem Markt eingef\u00fchrt wurde. Sie ist mit verschiedenen Zifferbl\u00e4ttern erh\u00e4ltlich und auf das charakteristische Rouleaux-Armband aus Metall oder Kautschuk abgestimmt.<\/p>\n","protected":false},"excerpt":{"rendered":"<p>Breitlings Uhr f\u00fcr jede Situation und Aktivit\u00e4t. Die Chronomat nimmt einen wichtigen Platz in Breitlings Geschichte ein. Die Markteinf\u00fchrung erfolgte 1984, zu einer Zeit, in der extraflache Quarzuhren an der Tagesordnung waren. Breitling setzte dabei mutig auf eine eindrucksvoll proportionierte mechanische Uhr. Die Chronomat basiert auf der Uhr Frecce Tricolori, die in Zusammenarbeit mit der&#8230;  <a class=\"excerpt-read-more\" href=\"https:\/\/galli.ch\/en\/uhren\/breitling\/chronomat\/b01-42-eb0134101m1e1\/\" title=\"Read Breitling Chronomat B01 42\">Weiter &raquo;<\/a><\/p>\n","protected":false},"featured_media":31675,"template":"","meta":{"_acf_changed":false,"inline_featured_image":false},"product_brand":[],"product_cat":[188],"product_tag":[],"class_list":{"0":"post-31732","1":"product","2":"type-product","3":"status-publish","4":"has-post-thumbnail","6":"uhrenhersteller-breitling","7":"uhrenhersteller-chronomat","8":"product_cat-uhren","10":"first","11":"outofstock","12":"taxable","13":"shipping-taxable","14":"purchasable","15":"product-type-simple"},"acf":[],"yoast_head":"<!-- This site is optimized with the Yoast SEO plugin v25.5 - https:\/\/yoast.com\/wordpress\/plugins\/seo\/ -->\n<title>Breitling Chronomat B01 42 - Galli Uhren Bijouterie<\/title>\n<meta name=\"robots\" content=\"index, follow, max-snippet:-1, max-image-preview:large, max-video-preview:-1\" \/>\n<link rel=\"canonical\" href=\"https:\/\/galli.ch\/uhren\/breitling\/chronomat\/b01-42-eb0134101m1e1\/\" \/>\n<meta property=\"og:locale\" content=\"en_US\" \/>\n<meta property=\"og:type\" content=\"article\" \/>\n<meta property=\"og:title\" content=\"Breitling Chronomat B01 42 - Galli Uhren Bijouterie\" \/>\n<meta property=\"og:description\" content=\"Breitlings Uhr f\u00fcr jede Situation und Aktivit\u00e4t. Die Chronomat nimmt einen wichtigen Platz in Breitlings Geschichte ein. Die Markteinf\u00fchrung erfolgte 1984, zu einer Zeit, in der extraflache Quarzuhren an der Tagesordnung waren. Breitling setzte dabei mutig auf eine eindrucksvoll proportionierte mechanische Uhr. Die Chronomat basiert auf der Uhr Frecce Tricolori, die in Zusammenarbeit mit der... Weiter &raquo;\" \/>\n<meta property=\"og:url\" content=\"https:\/\/galli.ch\/uhren\/breitling\/chronomat\/b01-42-eb0134101m1e1\/\" \/>\n<meta property=\"og:site_name\" content=\"Galli Uhren Bijouterie\" \/>\n<meta property=\"article:modified_time\" content=\"2025-11-24T09:51:28+00:00\" \/>\n<meta property=\"og:image\" content=\"https:\/\/galli.ch\/wp-content\/uploads\/eb0134101m1e1-chronomat-b01-42-soldier.png\" \/>\n\t<meta property=\"og:image:width\" content=\"1000\" \/>\n\t<meta property=\"og:image:height\" content=\"1400\" \/>\n\t<meta property=\"og:image:type\" content=\"image\/png\" \/>\n<meta name=\"twitter:card\" content=\"summary_large_image\" \/>\n<script type=\"application\/ld+json\" class=\"yoast-schema-graph\">{\"@context\":\"https:\/\/schema.org\",\"@graph\":[{\"@type\":\"WebPage\",\"@id\":\"https:\/\/galli.ch\/uhren\/breitling\/chronomat\/b01-42-eb0134101m1e1\/\",\"url\":\"https:\/\/galli.ch\/uhren\/breitling\/chronomat\/b01-42-eb0134101m1e1\/\",\"name\":\"Breitling Chronomat B01 42 - Galli Uhren Bijouterie\",\"isPartOf\":{\"@id\":\"http:\/\/galli.ch\/en\/#website\"},\"primaryImageOfPage\":{\"@id\":\"https:\/\/galli.ch\/uhren\/breitling\/chronomat\/b01-42-eb0134101m1e1\/#primaryimage\"},\"image\":{\"@id\":\"https:\/\/galli.ch\/uhren\/breitling\/chronomat\/b01-42-eb0134101m1e1\/#primaryimage\"},\"thumbnailUrl\":\"https:\/\/galli.ch\/wp-content\/uploads\/eb0134101m1e1-chronomat-b01-42-soldier.png\",\"datePublished\":\"2024-06-05T12:44:18+00:00\",\"dateModified\":\"2025-11-24T09:51:28+00:00\",\"breadcrumb\":{\"@id\":\"https:\/\/galli.ch\/uhren\/breitling\/chronomat\/b01-42-eb0134101m1e1\/#breadcrumb\"},\"inLanguage\":\"en-US\",\"potentialAction\":[{\"@type\":\"ReadAction\",\"target\":[\"https:\/\/galli.ch\/uhren\/breitling\/chronomat\/b01-42-eb0134101m1e1\/\"]}]},{\"@type\":\"ImageObject\",\"inLanguage\":\"en-US\",\"@id\":\"https:\/\/galli.ch\/uhren\/breitling\/chronomat\/b01-42-eb0134101m1e1\/#primaryimage\",\"url\":\"https:\/\/galli.ch\/wp-content\/uploads\/eb0134101m1e1-chronomat-b01-42-soldier.png\",\"contentUrl\":\"https:\/\/galli.ch\/wp-content\/uploads\/eb0134101m1e1-chronomat-b01-42-soldier.png\",\"width\":1000,\"height\":1400},{\"@type\":\"BreadcrumbList\",\"@id\":\"https:\/\/galli.ch\/uhren\/breitling\/chronomat\/b01-42-eb0134101m1e1\/#breadcrumb\",\"itemListElement\":[{\"@type\":\"ListItem\",\"position\":1,\"name\":\"Home\",\"item\":\"https:\/\/galli.ch\/en\/\"},{\"@type\":\"ListItem\",\"position\":2,\"name\":\"Uhren\",\"item\":\"https:\/\/galli.ch\/en\/uhren\/\"},{\"@type\":\"ListItem\",\"position\":3,\"name\":\"Breitling Chronomat B01 42\"}]},{\"@type\":\"WebSite\",\"@id\":\"http:\/\/galli.ch\/en\/#website\",\"url\":\"http:\/\/galli.ch\/en\/\",\"name\":\"Galli Uhren Bijouterie\",\"description\":\"\",\"potentialAction\":[{\"@type\":\"SearchAction\",\"target\":{\"@type\":\"EntryPoint\",\"urlTemplate\":\"http:\/\/galli.ch\/en\/?s={search_term_string}\"},\"query-input\":{\"@type\":\"PropertyValueSpecification\",\"valueRequired\":true,\"valueName\":\"search_term_string\"}}],\"inLanguage\":\"en-US\"}]}<\/script>\n<!-- \/ Yoast SEO plugin. -->","yoast_head_json":{"title":"Breitling Chronomat B01 42 - Galli Uhren Bijouterie","robots":{"index":"index","follow":"follow","max-snippet":"max-snippet:-1","max-image-preview":"max-image-preview:large","max-video-preview":"max-video-preview:-1"},"canonical":"https:\/\/galli.ch\/uhren\/breitling\/chronomat\/b01-42-eb0134101m1e1\/","og_locale":"en_US","og_type":"article","og_title":"Breitling Chronomat B01 42 - Galli Uhren Bijouterie","og_description":"Breitlings Uhr f\u00fcr jede Situation und Aktivit\u00e4t. Die Chronomat nimmt einen wichtigen Platz in Breitlings Geschichte ein. Die Markteinf\u00fchrung erfolgte 1984, zu einer Zeit, in der extraflache Quarzuhren an der Tagesordnung waren. Breitling setzte dabei mutig auf eine eindrucksvoll proportionierte mechanische Uhr. Die Chronomat basiert auf der Uhr Frecce Tricolori, die in Zusammenarbeit mit der... Weiter &raquo;","og_url":"https:\/\/galli.ch\/uhren\/breitling\/chronomat\/b01-42-eb0134101m1e1\/","og_site_name":"Galli Uhren Bijouterie","article_modified_time":"2025-11-24T09:51:28+00:00","og_image":[{"width":1000,"height":1400,"url":"https:\/\/galli.ch\/wp-content\/uploads\/eb0134101m1e1-chronomat-b01-42-soldier.png","type":"image\/png"}],"twitter_card":"summary_large_image","schema":{"@context":"https:\/\/schema.org","@graph":[{"@type":"WebPage","@id":"https:\/\/galli.ch\/uhren\/breitling\/chronomat\/b01-42-eb0134101m1e1\/","url":"https:\/\/galli.ch\/uhren\/breitling\/chronomat\/b01-42-eb0134101m1e1\/","name":"Breitling Chronomat B01 42 - Galli Uhren Bijouterie","isPartOf":{"@id":"http:\/\/galli.ch\/en\/#website"},"primaryImageOfPage":{"@id":"https:\/\/galli.ch\/uhren\/breitling\/chronomat\/b01-42-eb0134101m1e1\/#primaryimage"},"image":{"@id":"https:\/\/galli.ch\/uhren\/breitling\/chronomat\/b01-42-eb0134101m1e1\/#primaryimage"},"thumbnailUrl":"https:\/\/galli.ch\/wp-content\/uploads\/eb0134101m1e1-chronomat-b01-42-soldier.png","datePublished":"2024-06-05T12:44:18+00:00","dateModified":"2025-11-24T09:51:28+00:00","breadcrumb":{"@id":"https:\/\/galli.ch\/uhren\/breitling\/chronomat\/b01-42-eb0134101m1e1\/#breadcrumb"},"inLanguage":"en-US","potentialAction":[{"@type":"ReadAction","target":["https:\/\/galli.ch\/uhren\/breitling\/chronomat\/b01-42-eb0134101m1e1\/"]}]},{"@type":"ImageObject","inLanguage":"en-US","@id":"https:\/\/galli.ch\/uhren\/breitling\/chronomat\/b01-42-eb0134101m1e1\/#primaryimage","url":"https:\/\/galli.ch\/wp-content\/uploads\/eb0134101m1e1-chronomat-b01-42-soldier.png","contentUrl":"https:\/\/galli.ch\/wp-content\/uploads\/eb0134101m1e1-chronomat-b01-42-soldier.png","width":1000,"height":1400},{"@type":"BreadcrumbList","@id":"https:\/\/galli.ch\/uhren\/breitling\/chronomat\/b01-42-eb0134101m1e1\/#breadcrumb","itemListElement":[{"@type":"ListItem","position":1,"name":"Home","item":"https:\/\/galli.ch\/en\/"},{"@type":"ListItem","position":2,"name":"Uhren","item":"https:\/\/galli.ch\/en\/uhren\/"},{"@type":"ListItem","position":3,"name":"Breitling Chronomat B01 42"}]},{"@type":"WebSite","@id":"http:\/\/galli.ch\/en\/#website","url":"http:\/\/galli.ch\/en\/","name":"Galli Uhren Bijouterie","description":"","potentialAction":[{"@type":"SearchAction","target":{"@type":"EntryPoint","urlTemplate":"http:\/\/galli.ch\/en\/?s={search_term_string}"},"query-input":{"@type":"PropertyValueSpecification","valueRequired":true,"valueName":"search_term_string"}}],"inLanguage":"en-US"}]}},"_links":{"self":[{"href":"https:\/\/galli.ch\/en\/wp-json\/wp\/v2\/product\/31732","targetHints":{"allow":["GET"]}}],"collection":[{"href":"https:\/\/galli.ch\/en\/wp-json\/wp\/v2\/product"}],"about":[{"href":"https:\/\/galli.ch\/en\/wp-json\/wp\/v2\/types\/product"}],"wp:featuredmedia":[{"embeddable":true,"href":"https:\/\/galli.ch\/en\/wp-json\/wp\/v2\/media\/31675"}],"wp:attachment":[{"href":"https:\/\/galli.ch\/en\/wp-json\/wp\/v2\/media?parent=31732"}],"wp:term":[{"taxonomy":"product_brand","embeddable":true,"href":"https:\/\/galli.ch\/en\/wp-json\/wp\/v2\/product_brand?post=31732"},{"taxonomy":"product_cat","embeddable":true,"href":"https:\/\/galli.ch\/en\/wp-json\/wp\/v2\/product_cat?post=31732"},{"taxonomy":"product_tag","embeddable":true,"href":"https:\/\/galli.ch\/en\/wp-json\/wp\/v2\/product_tag?post=31732"}],"curies":[{"name":"wp","href":"https:\/\/api.w.org\/{rel}","templated":true}]}}