{"id":31734,"date":"2024-06-05T14:55:50","date_gmt":"2024-06-05T12:55:50","guid":{"rendered":"https:\/\/galli.ch\/?post_type=product&#038;p=31734"},"modified":"2025-11-24T11:04:21","modified_gmt":"2025-11-24T10:04:21","slug":"super-chronomat-b01-44-eb0136251m1s1","status":"publish","type":"product","link":"https:\/\/galli.ch\/en\/uhren\/breitling\/chronomat\/super-chronomat-b01-44-eb0136251m1s1\/","title":{"rendered":"Breitling Super Chronomat B01 44"},"content":{"rendered":"<p>Die leistungsstarke Breitling Uhr f\u00fcr alle Gelegenheiten. Die Super Chronomat wurde von der urspr\u00fcnglichen Chronomat aus den 1980er-Jahren inspiriert, die von Breitling f\u00fcr die wagemutigsten Kunstflugstaffeln entwickelt wurde. Als wohl auffallendstes Modell dieser Kollektion besticht die Super Chronomat durch mehrere Keramikeins\u00e4tze \u2013 auf der L\u00fcnette, den Chronographendr\u00fcckern und der Krone \u2013 und durch ein Kautschukarmband in Rouleaux-Optik. Sie ist eine vielseitige Sportuhr, die sich sowohl im Fitnessstudio als auch auf einer Gala wohlf\u00fchlt.<\/p>\n","protected":false},"excerpt":{"rendered":"<p>Die leistungsstarke Breitling Uhr f\u00fcr alle Gelegenheiten. Die Super Chronomat wurde von der urspr\u00fcnglichen Chronomat aus den 1980er-Jahren inspiriert, die von Breitling f\u00fcr die wagemutigsten Kunstflugstaffeln entwickelt wurde. Als wohl auffallendstes Modell dieser Kollektion besticht die Super Chronomat durch mehrere Keramikeins\u00e4tze \u2013 auf der L\u00fcnette, den Chronographendr\u00fcckern und der Krone \u2013 und durch ein Kautschukarmband&#8230;  <a class=\"excerpt-read-more\" href=\"https:\/\/galli.ch\/en\/uhren\/breitling\/chronomat\/super-chronomat-b01-44-eb0136251m1s1\/\" title=\"Read Breitling Super Chronomat B01 44\">Weiter &raquo;<\/a><\/p>\n","protected":false},"featured_media":31677,"template":"","meta":{"_acf_changed":false,"inline_featured_image":false},"product_brand":[],"product_cat":[188],"product_tag":[],"class_list":{"0":"post-31734","1":"product","2":"type-product","3":"status-publish","4":"has-post-thumbnail","6":"uhrenhersteller-breitling","7":"uhrenhersteller-chronomat","8":"product_cat-uhren","10":"first","11":"outofstock","12":"taxable","13":"shipping-taxable","14":"purchasable","15":"product-type-simple"},"acf":[],"yoast_head":"<!-- This site is optimized with the Yoast SEO plugin v25.5 - https:\/\/yoast.com\/wordpress\/plugins\/seo\/ -->\n<title>Breitling Super Chronomat B01 44 - Galli Uhren Bijouterie<\/title>\n<meta name=\"robots\" content=\"index, follow, max-snippet:-1, max-image-preview:large, max-video-preview:-1\" \/>\n<link rel=\"canonical\" href=\"https:\/\/galli.ch\/uhren\/breitling\/chronomat\/super-chronomat-b01-44-eb0136251m1s1\/\" \/>\n<meta property=\"og:locale\" content=\"en_US\" \/>\n<meta property=\"og:type\" content=\"article\" \/>\n<meta property=\"og:title\" content=\"Breitling Super Chronomat B01 44 - Galli Uhren Bijouterie\" \/>\n<meta property=\"og:description\" content=\"Die leistungsstarke Breitling Uhr f\u00fcr alle Gelegenheiten. Die Super Chronomat wurde von der urspr\u00fcnglichen Chronomat aus den 1980er-Jahren inspiriert, die von Breitling f\u00fcr die wagemutigsten Kunstflugstaffeln entwickelt wurde. Als wohl auffallendstes Modell dieser Kollektion besticht die Super Chronomat durch mehrere Keramikeins\u00e4tze \u2013 auf der L\u00fcnette, den Chronographendr\u00fcckern und der Krone \u2013 und durch ein Kautschukarmband... Weiter &raquo;\" \/>\n<meta property=\"og:url\" content=\"https:\/\/galli.ch\/uhren\/breitling\/chronomat\/super-chronomat-b01-44-eb0136251m1s1\/\" \/>\n<meta property=\"og:site_name\" content=\"Galli Uhren Bijouterie\" \/>\n<meta property=\"article:modified_time\" content=\"2025-11-24T10:04:21+00:00\" \/>\n<meta property=\"og:image\" content=\"https:\/\/galli.ch\/wp-content\/uploads\/eb0136251m1s1-super-chronomat-b01-44-soldier.png\" \/>\n\t<meta property=\"og:image:width\" content=\"1000\" \/>\n\t<meta property=\"og:image:height\" content=\"1400\" \/>\n\t<meta property=\"og:image:type\" content=\"image\/png\" \/>\n<meta name=\"twitter:card\" content=\"summary_large_image\" \/>\n<script type=\"application\/ld+json\" class=\"yoast-schema-graph\">{\"@context\":\"https:\/\/schema.org\",\"@graph\":[{\"@type\":\"WebPage\",\"@id\":\"https:\/\/galli.ch\/uhren\/breitling\/chronomat\/super-chronomat-b01-44-eb0136251m1s1\/\",\"url\":\"https:\/\/galli.ch\/uhren\/breitling\/chronomat\/super-chronomat-b01-44-eb0136251m1s1\/\",\"name\":\"Breitling Super Chronomat B01 44 - Galli Uhren Bijouterie\",\"isPartOf\":{\"@id\":\"http:\/\/galli.ch\/en\/#website\"},\"primaryImageOfPage\":{\"@id\":\"https:\/\/galli.ch\/uhren\/breitling\/chronomat\/super-chronomat-b01-44-eb0136251m1s1\/#primaryimage\"},\"image\":{\"@id\":\"https:\/\/galli.ch\/uhren\/breitling\/chronomat\/super-chronomat-b01-44-eb0136251m1s1\/#primaryimage\"},\"thumbnailUrl\":\"https:\/\/galli.ch\/wp-content\/uploads\/eb0136251m1s1-super-chronomat-b01-44-soldier.png\",\"datePublished\":\"2024-06-05T12:55:50+00:00\",\"dateModified\":\"2025-11-24T10:04:21+00:00\",\"breadcrumb\":{\"@id\":\"https:\/\/galli.ch\/uhren\/breitling\/chronomat\/super-chronomat-b01-44-eb0136251m1s1\/#breadcrumb\"},\"inLanguage\":\"en-US\",\"potentialAction\":[{\"@type\":\"ReadAction\",\"target\":[\"https:\/\/galli.ch\/uhren\/breitling\/chronomat\/super-chronomat-b01-44-eb0136251m1s1\/\"]}]},{\"@type\":\"ImageObject\",\"inLanguage\":\"en-US\",\"@id\":\"https:\/\/galli.ch\/uhren\/breitling\/chronomat\/super-chronomat-b01-44-eb0136251m1s1\/#primaryimage\",\"url\":\"https:\/\/galli.ch\/wp-content\/uploads\/eb0136251m1s1-super-chronomat-b01-44-soldier.png\",\"contentUrl\":\"https:\/\/galli.ch\/wp-content\/uploads\/eb0136251m1s1-super-chronomat-b01-44-soldier.png\",\"width\":1000,\"height\":1400},{\"@type\":\"BreadcrumbList\",\"@id\":\"https:\/\/galli.ch\/uhren\/breitling\/chronomat\/super-chronomat-b01-44-eb0136251m1s1\/#breadcrumb\",\"itemListElement\":[{\"@type\":\"ListItem\",\"position\":1,\"name\":\"Home\",\"item\":\"https:\/\/galli.ch\/en\/\"},{\"@type\":\"ListItem\",\"position\":2,\"name\":\"Uhren\",\"item\":\"https:\/\/galli.ch\/en\/uhren\/\"},{\"@type\":\"ListItem\",\"position\":3,\"name\":\"Breitling Super Chronomat B01 44\"}]},{\"@type\":\"WebSite\",\"@id\":\"http:\/\/galli.ch\/en\/#website\",\"url\":\"http:\/\/galli.ch\/en\/\",\"name\":\"Galli Uhren Bijouterie\",\"description\":\"\",\"potentialAction\":[{\"@type\":\"SearchAction\",\"target\":{\"@type\":\"EntryPoint\",\"urlTemplate\":\"http:\/\/galli.ch\/en\/?s={search_term_string}\"},\"query-input\":{\"@type\":\"PropertyValueSpecification\",\"valueRequired\":true,\"valueName\":\"search_term_string\"}}],\"inLanguage\":\"en-US\"}]}<\/script>\n<!-- \/ Yoast SEO plugin. -->","yoast_head_json":{"title":"Breitling Super Chronomat B01 44 - Galli Uhren Bijouterie","robots":{"index":"index","follow":"follow","max-snippet":"max-snippet:-1","max-image-preview":"max-image-preview:large","max-video-preview":"max-video-preview:-1"},"canonical":"https:\/\/galli.ch\/uhren\/breitling\/chronomat\/super-chronomat-b01-44-eb0136251m1s1\/","og_locale":"en_US","og_type":"article","og_title":"Breitling Super Chronomat B01 44 - Galli Uhren Bijouterie","og_description":"Die leistungsstarke Breitling Uhr f\u00fcr alle Gelegenheiten. Die Super Chronomat wurde von der urspr\u00fcnglichen Chronomat aus den 1980er-Jahren inspiriert, die von Breitling f\u00fcr die wagemutigsten Kunstflugstaffeln entwickelt wurde. Als wohl auffallendstes Modell dieser Kollektion besticht die Super Chronomat durch mehrere Keramikeins\u00e4tze \u2013 auf der L\u00fcnette, den Chronographendr\u00fcckern und der Krone \u2013 und durch ein Kautschukarmband... Weiter &raquo;","og_url":"https:\/\/galli.ch\/uhren\/breitling\/chronomat\/super-chronomat-b01-44-eb0136251m1s1\/","og_site_name":"Galli Uhren Bijouterie","article_modified_time":"2025-11-24T10:04:21+00:00","og_image":[{"width":1000,"height":1400,"url":"https:\/\/galli.ch\/wp-content\/uploads\/eb0136251m1s1-super-chronomat-b01-44-soldier.png","type":"image\/png"}],"twitter_card":"summary_large_image","schema":{"@context":"https:\/\/schema.org","@graph":[{"@type":"WebPage","@id":"https:\/\/galli.ch\/uhren\/breitling\/chronomat\/super-chronomat-b01-44-eb0136251m1s1\/","url":"https:\/\/galli.ch\/uhren\/breitling\/chronomat\/super-chronomat-b01-44-eb0136251m1s1\/","name":"Breitling Super Chronomat B01 44 - Galli Uhren Bijouterie","isPartOf":{"@id":"http:\/\/galli.ch\/en\/#website"},"primaryImageOfPage":{"@id":"https:\/\/galli.ch\/uhren\/breitling\/chronomat\/super-chronomat-b01-44-eb0136251m1s1\/#primaryimage"},"image":{"@id":"https:\/\/galli.ch\/uhren\/breitling\/chronomat\/super-chronomat-b01-44-eb0136251m1s1\/#primaryimage"},"thumbnailUrl":"https:\/\/galli.ch\/wp-content\/uploads\/eb0136251m1s1-super-chronomat-b01-44-soldier.png","datePublished":"2024-06-05T12:55:50+00:00","dateModified":"2025-11-24T10:04:21+00:00","breadcrumb":{"@id":"https:\/\/galli.ch\/uhren\/breitling\/chronomat\/super-chronomat-b01-44-eb0136251m1s1\/#breadcrumb"},"inLanguage":"en-US","potentialAction":[{"@type":"ReadAction","target":["https:\/\/galli.ch\/uhren\/breitling\/chronomat\/super-chronomat-b01-44-eb0136251m1s1\/"]}]},{"@type":"ImageObject","inLanguage":"en-US","@id":"https:\/\/galli.ch\/uhren\/breitling\/chronomat\/super-chronomat-b01-44-eb0136251m1s1\/#primaryimage","url":"https:\/\/galli.ch\/wp-content\/uploads\/eb0136251m1s1-super-chronomat-b01-44-soldier.png","contentUrl":"https:\/\/galli.ch\/wp-content\/uploads\/eb0136251m1s1-super-chronomat-b01-44-soldier.png","width":1000,"height":1400},{"@type":"BreadcrumbList","@id":"https:\/\/galli.ch\/uhren\/breitling\/chronomat\/super-chronomat-b01-44-eb0136251m1s1\/#breadcrumb","itemListElement":[{"@type":"ListItem","position":1,"name":"Home","item":"https:\/\/galli.ch\/en\/"},{"@type":"ListItem","position":2,"name":"Uhren","item":"https:\/\/galli.ch\/en\/uhren\/"},{"@type":"ListItem","position":3,"name":"Breitling Super Chronomat B01 44"}]},{"@type":"WebSite","@id":"http:\/\/galli.ch\/en\/#website","url":"http:\/\/galli.ch\/en\/","name":"Galli Uhren Bijouterie","description":"","potentialAction":[{"@type":"SearchAction","target":{"@type":"EntryPoint","urlTemplate":"http:\/\/galli.ch\/en\/?s={search_term_string}"},"query-input":{"@type":"PropertyValueSpecification","valueRequired":true,"valueName":"search_term_string"}}],"inLanguage":"en-US"}]}},"_links":{"self":[{"href":"https:\/\/galli.ch\/en\/wp-json\/wp\/v2\/product\/31734","targetHints":{"allow":["GET"]}}],"collection":[{"href":"https:\/\/galli.ch\/en\/wp-json\/wp\/v2\/product"}],"about":[{"href":"https:\/\/galli.ch\/en\/wp-json\/wp\/v2\/types\/product"}],"wp:featuredmedia":[{"embeddable":true,"href":"https:\/\/galli.ch\/en\/wp-json\/wp\/v2\/media\/31677"}],"wp:attachment":[{"href":"https:\/\/galli.ch\/en\/wp-json\/wp\/v2\/media?parent=31734"}],"wp:term":[{"taxonomy":"product_brand","embeddable":true,"href":"https:\/\/galli.ch\/en\/wp-json\/wp\/v2\/product_brand?post=31734"},{"taxonomy":"product_cat","embeddable":true,"href":"https:\/\/galli.ch\/en\/wp-json\/wp\/v2\/product_cat?post=31734"},{"taxonomy":"product_tag","embeddable":true,"href":"https:\/\/galli.ch\/en\/wp-json\/wp\/v2\/product_tag?post=31734"}],"curies":[{"name":"wp","href":"https:\/\/api.w.org\/{rel}","templated":true}]}}