{"id":31746,"date":"2024-06-05T15:55:25","date_gmt":"2024-06-05T13:55:25","guid":{"rendered":"https:\/\/galli.ch\/?post_type=product&#038;p=31746"},"modified":"2025-11-24T10:54:23","modified_gmt":"2025-11-24T09:54:23","slug":"b01-42-ub0134101c1s1","status":"publish","type":"product","link":"https:\/\/galli.ch\/en\/uhren\/breitling\/chronomat\/b01-42-ub0134101c1s1\/","title":{"rendered":"Breitling Chronomat B01 42"},"content":{"rendered":"<p>Eine Breitling-Uhr f\u00fcr jede Situation und Aktivit\u00e4t. Die Chronomat nimmt einen wichtigen Platz in der Geschichte von Breitling ein. Die Markteinf\u00fchrung erfolgte 1984, zu einer Zeit, in der besonders flache Quarzuhren angesagt waren. Breitling setzte dabei mutig auf eine eindrucksvoll proportionierte mechanische Uhr. Die Chronomat beruht auf dem Chronograph Frecce Tricolori, der in Zusammenarbeit mit der ber\u00fchmten italienischen Flugstaffel entwickelt und 1983 auf dem Markt eingef\u00fchrt wurde. Mit dem Modell wurde stilvoll das hundertj\u00e4hrige Bestehen von Breitling gefeiert.<br \/>\nDie Chronomat ist in vielen verschiedenen Materialien erh\u00e4ltlich \u2013 angefangen bei Edelstahl bis hin zu luxuri\u00f6sem 18-kar\u00e4tigem Rotgold. Das Modell verf\u00fcgt \u00fcber ein 42-mm-Geh\u00e4use und die legend\u00e4re L\u00fcnette mit den vier Reitern.<\/p>\n","protected":false},"excerpt":{"rendered":"<p>Eine Breitling-Uhr f\u00fcr jede Situation und Aktivit\u00e4t. Die Chronomat nimmt einen wichtigen Platz in der Geschichte von Breitling ein. Die Markteinf\u00fchrung erfolgte 1984, zu einer Zeit, in der besonders flache Quarzuhren angesagt waren. Breitling setzte dabei mutig auf eine eindrucksvoll proportionierte mechanische Uhr. Die Chronomat beruht auf dem Chronograph Frecce Tricolori, der in Zusammenarbeit mit&#8230;  <a class=\"excerpt-read-more\" href=\"https:\/\/galli.ch\/en\/uhren\/breitling\/chronomat\/b01-42-ub0134101c1s1\/\" title=\"Read Breitling Chronomat B01 42\">Weiter &raquo;<\/a><\/p>\n","protected":false},"featured_media":31727,"template":"","meta":{"_acf_changed":false,"inline_featured_image":false},"product_brand":[],"product_cat":[188],"product_tag":[],"class_list":{"0":"post-31746","1":"product","2":"type-product","3":"status-publish","4":"has-post-thumbnail","6":"uhrenhersteller-breitling","7":"uhrenhersteller-chronomat","8":"product_cat-uhren","10":"first","11":"outofstock","12":"taxable","13":"shipping-taxable","14":"purchasable","15":"product-type-simple"},"acf":[],"yoast_head":"<!-- This site is optimized with the Yoast SEO plugin v25.5 - https:\/\/yoast.com\/wordpress\/plugins\/seo\/ -->\n<title>Breitling Chronomat B01 42 - Galli Uhren Bijouterie<\/title>\n<meta name=\"robots\" content=\"index, follow, max-snippet:-1, max-image-preview:large, max-video-preview:-1\" \/>\n<link rel=\"canonical\" href=\"https:\/\/galli.ch\/uhren\/breitling\/chronomat\/b01-42-ub0134101c1s1\/\" \/>\n<meta property=\"og:locale\" content=\"en_US\" \/>\n<meta property=\"og:type\" content=\"article\" \/>\n<meta property=\"og:title\" content=\"Breitling Chronomat B01 42 - Galli Uhren Bijouterie\" \/>\n<meta property=\"og:description\" content=\"Eine Breitling-Uhr f\u00fcr jede Situation und Aktivit\u00e4t. Die Chronomat nimmt einen wichtigen Platz in der Geschichte von Breitling ein. Die Markteinf\u00fchrung erfolgte 1984, zu einer Zeit, in der besonders flache Quarzuhren angesagt waren. Breitling setzte dabei mutig auf eine eindrucksvoll proportionierte mechanische Uhr. Die Chronomat beruht auf dem Chronograph Frecce Tricolori, der in Zusammenarbeit mit... Weiter &raquo;\" \/>\n<meta property=\"og:url\" content=\"https:\/\/galli.ch\/uhren\/breitling\/chronomat\/b01-42-ub0134101c1s1\/\" \/>\n<meta property=\"og:site_name\" content=\"Galli Uhren Bijouterie\" \/>\n<meta property=\"article:modified_time\" content=\"2025-11-24T09:54:23+00:00\" \/>\n<meta property=\"og:image\" content=\"https:\/\/galli.ch\/wp-content\/uploads\/ub0134101c1s1-chronomat-b01-42-soldier.png\" \/>\n\t<meta property=\"og:image:width\" content=\"1000\" \/>\n\t<meta property=\"og:image:height\" content=\"1400\" \/>\n\t<meta property=\"og:image:type\" content=\"image\/png\" \/>\n<meta name=\"twitter:card\" content=\"summary_large_image\" \/>\n<script type=\"application\/ld+json\" class=\"yoast-schema-graph\">{\"@context\":\"https:\/\/schema.org\",\"@graph\":[{\"@type\":\"WebPage\",\"@id\":\"https:\/\/galli.ch\/uhren\/breitling\/chronomat\/b01-42-ub0134101c1s1\/\",\"url\":\"https:\/\/galli.ch\/uhren\/breitling\/chronomat\/b01-42-ub0134101c1s1\/\",\"name\":\"Breitling Chronomat B01 42 - Galli Uhren Bijouterie\",\"isPartOf\":{\"@id\":\"http:\/\/galli.ch\/en\/#website\"},\"primaryImageOfPage\":{\"@id\":\"https:\/\/galli.ch\/uhren\/breitling\/chronomat\/b01-42-ub0134101c1s1\/#primaryimage\"},\"image\":{\"@id\":\"https:\/\/galli.ch\/uhren\/breitling\/chronomat\/b01-42-ub0134101c1s1\/#primaryimage\"},\"thumbnailUrl\":\"https:\/\/galli.ch\/wp-content\/uploads\/ub0134101c1s1-chronomat-b01-42-soldier.png\",\"datePublished\":\"2024-06-05T13:55:25+00:00\",\"dateModified\":\"2025-11-24T09:54:23+00:00\",\"breadcrumb\":{\"@id\":\"https:\/\/galli.ch\/uhren\/breitling\/chronomat\/b01-42-ub0134101c1s1\/#breadcrumb\"},\"inLanguage\":\"en-US\",\"potentialAction\":[{\"@type\":\"ReadAction\",\"target\":[\"https:\/\/galli.ch\/uhren\/breitling\/chronomat\/b01-42-ub0134101c1s1\/\"]}]},{\"@type\":\"ImageObject\",\"inLanguage\":\"en-US\",\"@id\":\"https:\/\/galli.ch\/uhren\/breitling\/chronomat\/b01-42-ub0134101c1s1\/#primaryimage\",\"url\":\"https:\/\/galli.ch\/wp-content\/uploads\/ub0134101c1s1-chronomat-b01-42-soldier.png\",\"contentUrl\":\"https:\/\/galli.ch\/wp-content\/uploads\/ub0134101c1s1-chronomat-b01-42-soldier.png\",\"width\":1000,\"height\":1400},{\"@type\":\"BreadcrumbList\",\"@id\":\"https:\/\/galli.ch\/uhren\/breitling\/chronomat\/b01-42-ub0134101c1s1\/#breadcrumb\",\"itemListElement\":[{\"@type\":\"ListItem\",\"position\":1,\"name\":\"Home\",\"item\":\"https:\/\/galli.ch\/en\/\"},{\"@type\":\"ListItem\",\"position\":2,\"name\":\"Uhren\",\"item\":\"https:\/\/galli.ch\/en\/uhren\/\"},{\"@type\":\"ListItem\",\"position\":3,\"name\":\"Breitling Chronomat B01 42\"}]},{\"@type\":\"WebSite\",\"@id\":\"http:\/\/galli.ch\/en\/#website\",\"url\":\"http:\/\/galli.ch\/en\/\",\"name\":\"Galli Uhren Bijouterie\",\"description\":\"\",\"potentialAction\":[{\"@type\":\"SearchAction\",\"target\":{\"@type\":\"EntryPoint\",\"urlTemplate\":\"http:\/\/galli.ch\/en\/?s={search_term_string}\"},\"query-input\":{\"@type\":\"PropertyValueSpecification\",\"valueRequired\":true,\"valueName\":\"search_term_string\"}}],\"inLanguage\":\"en-US\"}]}<\/script>\n<!-- \/ Yoast SEO plugin. -->","yoast_head_json":{"title":"Breitling Chronomat B01 42 - Galli Uhren Bijouterie","robots":{"index":"index","follow":"follow","max-snippet":"max-snippet:-1","max-image-preview":"max-image-preview:large","max-video-preview":"max-video-preview:-1"},"canonical":"https:\/\/galli.ch\/uhren\/breitling\/chronomat\/b01-42-ub0134101c1s1\/","og_locale":"en_US","og_type":"article","og_title":"Breitling Chronomat B01 42 - Galli Uhren Bijouterie","og_description":"Eine Breitling-Uhr f\u00fcr jede Situation und Aktivit\u00e4t. Die Chronomat nimmt einen wichtigen Platz in der Geschichte von Breitling ein. Die Markteinf\u00fchrung erfolgte 1984, zu einer Zeit, in der besonders flache Quarzuhren angesagt waren. Breitling setzte dabei mutig auf eine eindrucksvoll proportionierte mechanische Uhr. Die Chronomat beruht auf dem Chronograph Frecce Tricolori, der in Zusammenarbeit mit... Weiter &raquo;","og_url":"https:\/\/galli.ch\/uhren\/breitling\/chronomat\/b01-42-ub0134101c1s1\/","og_site_name":"Galli Uhren Bijouterie","article_modified_time":"2025-11-24T09:54:23+00:00","og_image":[{"width":1000,"height":1400,"url":"https:\/\/galli.ch\/wp-content\/uploads\/ub0134101c1s1-chronomat-b01-42-soldier.png","type":"image\/png"}],"twitter_card":"summary_large_image","schema":{"@context":"https:\/\/schema.org","@graph":[{"@type":"WebPage","@id":"https:\/\/galli.ch\/uhren\/breitling\/chronomat\/b01-42-ub0134101c1s1\/","url":"https:\/\/galli.ch\/uhren\/breitling\/chronomat\/b01-42-ub0134101c1s1\/","name":"Breitling Chronomat B01 42 - Galli Uhren Bijouterie","isPartOf":{"@id":"http:\/\/galli.ch\/en\/#website"},"primaryImageOfPage":{"@id":"https:\/\/galli.ch\/uhren\/breitling\/chronomat\/b01-42-ub0134101c1s1\/#primaryimage"},"image":{"@id":"https:\/\/galli.ch\/uhren\/breitling\/chronomat\/b01-42-ub0134101c1s1\/#primaryimage"},"thumbnailUrl":"https:\/\/galli.ch\/wp-content\/uploads\/ub0134101c1s1-chronomat-b01-42-soldier.png","datePublished":"2024-06-05T13:55:25+00:00","dateModified":"2025-11-24T09:54:23+00:00","breadcrumb":{"@id":"https:\/\/galli.ch\/uhren\/breitling\/chronomat\/b01-42-ub0134101c1s1\/#breadcrumb"},"inLanguage":"en-US","potentialAction":[{"@type":"ReadAction","target":["https:\/\/galli.ch\/uhren\/breitling\/chronomat\/b01-42-ub0134101c1s1\/"]}]},{"@type":"ImageObject","inLanguage":"en-US","@id":"https:\/\/galli.ch\/uhren\/breitling\/chronomat\/b01-42-ub0134101c1s1\/#primaryimage","url":"https:\/\/galli.ch\/wp-content\/uploads\/ub0134101c1s1-chronomat-b01-42-soldier.png","contentUrl":"https:\/\/galli.ch\/wp-content\/uploads\/ub0134101c1s1-chronomat-b01-42-soldier.png","width":1000,"height":1400},{"@type":"BreadcrumbList","@id":"https:\/\/galli.ch\/uhren\/breitling\/chronomat\/b01-42-ub0134101c1s1\/#breadcrumb","itemListElement":[{"@type":"ListItem","position":1,"name":"Home","item":"https:\/\/galli.ch\/en\/"},{"@type":"ListItem","position":2,"name":"Uhren","item":"https:\/\/galli.ch\/en\/uhren\/"},{"@type":"ListItem","position":3,"name":"Breitling Chronomat B01 42"}]},{"@type":"WebSite","@id":"http:\/\/galli.ch\/en\/#website","url":"http:\/\/galli.ch\/en\/","name":"Galli Uhren Bijouterie","description":"","potentialAction":[{"@type":"SearchAction","target":{"@type":"EntryPoint","urlTemplate":"http:\/\/galli.ch\/en\/?s={search_term_string}"},"query-input":{"@type":"PropertyValueSpecification","valueRequired":true,"valueName":"search_term_string"}}],"inLanguage":"en-US"}]}},"_links":{"self":[{"href":"https:\/\/galli.ch\/en\/wp-json\/wp\/v2\/product\/31746","targetHints":{"allow":["GET"]}}],"collection":[{"href":"https:\/\/galli.ch\/en\/wp-json\/wp\/v2\/product"}],"about":[{"href":"https:\/\/galli.ch\/en\/wp-json\/wp\/v2\/types\/product"}],"wp:featuredmedia":[{"embeddable":true,"href":"https:\/\/galli.ch\/en\/wp-json\/wp\/v2\/media\/31727"}],"wp:attachment":[{"href":"https:\/\/galli.ch\/en\/wp-json\/wp\/v2\/media?parent=31746"}],"wp:term":[{"taxonomy":"product_brand","embeddable":true,"href":"https:\/\/galli.ch\/en\/wp-json\/wp\/v2\/product_brand?post=31746"},{"taxonomy":"product_cat","embeddable":true,"href":"https:\/\/galli.ch\/en\/wp-json\/wp\/v2\/product_cat?post=31746"},{"taxonomy":"product_tag","embeddable":true,"href":"https:\/\/galli.ch\/en\/wp-json\/wp\/v2\/product_tag?post=31746"}],"curies":[{"name":"wp","href":"https:\/\/api.w.org\/{rel}","templated":true}]}}