{"id":31755,"date":"2024-06-05T17:09:18","date_gmt":"2024-06-05T15:09:18","guid":{"rendered":"https:\/\/galli.ch\/?post_type=product&#038;p=31755"},"modified":"2026-03-02T11:12:03","modified_gmt":"2026-03-02T10:12:03","slug":"moonwatch-professional-310-20-42-50-99-001","status":"publish","type":"product","link":"https:\/\/galli.ch\/en\/uhren\/omega\/speedmaster\/moonwatch-professional-310-20-42-50-99-001\/","title":{"rendered":"Omega Speedmaster Moonwatch Professional"},"content":{"rendered":"<p>Die Speedmaster Moonwatch geh\u00f6rt zu den legend\u00e4rsten Zeitmessern der Welt. Der bei allen sechs Mondlandungen von Astronauten getragene, legend\u00e4re Chronograph ist ein eindrucksvolles Symbol f\u00fcr den Pioniergeist von OMEGA.<\/p>\n<p>Dieses 42-mm-Modell aus Edelstahl und 18 K Sedna\u2122-Gold ist sowohl auf der Vorder- als auch auf der R\u00fcckseite mit einem Saphirglas versehen. Es sch\u00f6pft seine Inspiration aus der vierten Generation der Speedmaster und zeichnet sich durch ein asymmetrisches Geh\u00e4use mit einem L\u00fcnettenring aus schwarzer Keramik, eine Tachymeterskala aus OMEGA Ceragold\u2122 und den ber\u00fchmten \u201ePunkt \u00fcber der 90\u201c aus.<\/p>\n","protected":false},"excerpt":{"rendered":"<p>Die Speedmaster Moonwatch geh\u00f6rt zu den legend\u00e4rsten Zeitmessern der Welt. Der bei allen sechs Mondlandungen von Astronauten getragene, legend\u00e4re Chronograph ist ein eindrucksvolles Symbol f\u00fcr den Pioniergeist von OMEGA. Dieses 42-mm-Modell aus Edelstahl und 18 K Sedna\u2122-Gold ist sowohl auf der Vorder- als auch auf der R\u00fcckseite mit einem Saphirglas versehen. Es sch\u00f6pft seine Inspiration&#8230;  <a class=\"excerpt-read-more\" href=\"https:\/\/galli.ch\/en\/uhren\/omega\/speedmaster\/moonwatch-professional-310-20-42-50-99-001\/\" title=\"Read Omega Speedmaster Moonwatch Professional\">Weiter &raquo;<\/a><\/p>\n","protected":false},"featured_media":31715,"template":"","meta":{"_acf_changed":false,"inline_featured_image":false},"product_brand":[],"product_cat":[188],"product_tag":[],"class_list":{"0":"post-31755","1":"product","2":"type-product","3":"status-publish","4":"has-post-thumbnail","6":"uhrenhersteller-omega","7":"uhrenhersteller-speedmaster","8":"product_cat-uhren","10":"first","11":"outofstock","12":"taxable","13":"shipping-taxable","14":"purchasable","15":"product-type-simple"},"acf":[],"yoast_head":"<!-- This site is optimized with the Yoast SEO plugin v25.5 - https:\/\/yoast.com\/wordpress\/plugins\/seo\/ -->\n<title>Omega Speedmaster Moonwatch Professional - Galli Uhren Bijouterie<\/title>\n<meta name=\"robots\" content=\"index, follow, max-snippet:-1, max-image-preview:large, max-video-preview:-1\" \/>\n<link rel=\"canonical\" href=\"https:\/\/galli.ch\/uhren\/omega\/speedmaster\/moonwatch-professional-310-20-42-50-99-001\/\" \/>\n<meta property=\"og:locale\" content=\"en_US\" \/>\n<meta property=\"og:type\" content=\"article\" \/>\n<meta property=\"og:title\" content=\"Omega Speedmaster Moonwatch Professional - Galli Uhren Bijouterie\" \/>\n<meta property=\"og:description\" content=\"Die Speedmaster Moonwatch geh\u00f6rt zu den legend\u00e4rsten Zeitmessern der Welt. Der bei allen sechs Mondlandungen von Astronauten getragene, legend\u00e4re Chronograph ist ein eindrucksvolles Symbol f\u00fcr den Pioniergeist von OMEGA. Dieses 42-mm-Modell aus Edelstahl und 18 K Sedna\u2122-Gold ist sowohl auf der Vorder- als auch auf der R\u00fcckseite mit einem Saphirglas versehen. Es sch\u00f6pft seine Inspiration... Weiter &raquo;\" \/>\n<meta property=\"og:url\" content=\"https:\/\/galli.ch\/uhren\/omega\/speedmaster\/moonwatch-professional-310-20-42-50-99-001\/\" \/>\n<meta property=\"og:site_name\" content=\"Galli Uhren Bijouterie\" \/>\n<meta property=\"article:modified_time\" content=\"2026-03-02T10:12:03+00:00\" \/>\n<meta property=\"og:image\" content=\"https:\/\/galli.ch\/wp-content\/uploads\/omega-speedmaster-moonwatch-professional-co-axial-master-chronometer-chronograph-42-mm-3102042509900.png\" \/>\n\t<meta property=\"og:image:width\" content=\"1000\" \/>\n\t<meta property=\"og:image:height\" content=\"1400\" \/>\n\t<meta property=\"og:image:type\" content=\"image\/png\" \/>\n<meta name=\"twitter:card\" content=\"summary_large_image\" \/>\n<script type=\"application\/ld+json\" class=\"yoast-schema-graph\">{\"@context\":\"https:\/\/schema.org\",\"@graph\":[{\"@type\":\"WebPage\",\"@id\":\"https:\/\/galli.ch\/uhren\/omega\/speedmaster\/moonwatch-professional-310-20-42-50-99-001\/\",\"url\":\"https:\/\/galli.ch\/uhren\/omega\/speedmaster\/moonwatch-professional-310-20-42-50-99-001\/\",\"name\":\"Omega Speedmaster Moonwatch Professional - Galli Uhren Bijouterie\",\"isPartOf\":{\"@id\":\"http:\/\/galli.ch\/en\/#website\"},\"primaryImageOfPage\":{\"@id\":\"https:\/\/galli.ch\/uhren\/omega\/speedmaster\/moonwatch-professional-310-20-42-50-99-001\/#primaryimage\"},\"image\":{\"@id\":\"https:\/\/galli.ch\/uhren\/omega\/speedmaster\/moonwatch-professional-310-20-42-50-99-001\/#primaryimage\"},\"thumbnailUrl\":\"https:\/\/galli.ch\/wp-content\/uploads\/omega-speedmaster-moonwatch-professional-co-axial-master-chronometer-chronograph-42-mm-3102042509900.png\",\"datePublished\":\"2024-06-05T15:09:18+00:00\",\"dateModified\":\"2026-03-02T10:12:03+00:00\",\"breadcrumb\":{\"@id\":\"https:\/\/galli.ch\/uhren\/omega\/speedmaster\/moonwatch-professional-310-20-42-50-99-001\/#breadcrumb\"},\"inLanguage\":\"en-US\",\"potentialAction\":[{\"@type\":\"ReadAction\",\"target\":[\"https:\/\/galli.ch\/uhren\/omega\/speedmaster\/moonwatch-professional-310-20-42-50-99-001\/\"]}]},{\"@type\":\"ImageObject\",\"inLanguage\":\"en-US\",\"@id\":\"https:\/\/galli.ch\/uhren\/omega\/speedmaster\/moonwatch-professional-310-20-42-50-99-001\/#primaryimage\",\"url\":\"https:\/\/galli.ch\/wp-content\/uploads\/omega-speedmaster-moonwatch-professional-co-axial-master-chronometer-chronograph-42-mm-3102042509900.png\",\"contentUrl\":\"https:\/\/galli.ch\/wp-content\/uploads\/omega-speedmaster-moonwatch-professional-co-axial-master-chronometer-chronograph-42-mm-3102042509900.png\",\"width\":1000,\"height\":1400},{\"@type\":\"BreadcrumbList\",\"@id\":\"https:\/\/galli.ch\/uhren\/omega\/speedmaster\/moonwatch-professional-310-20-42-50-99-001\/#breadcrumb\",\"itemListElement\":[{\"@type\":\"ListItem\",\"position\":1,\"name\":\"Home\",\"item\":\"https:\/\/galli.ch\/en\/\"},{\"@type\":\"ListItem\",\"position\":2,\"name\":\"Uhren\",\"item\":\"https:\/\/galli.ch\/en\/uhren\/\"},{\"@type\":\"ListItem\",\"position\":3,\"name\":\"Omega Speedmaster Moonwatch Professional\"}]},{\"@type\":\"WebSite\",\"@id\":\"http:\/\/galli.ch\/en\/#website\",\"url\":\"http:\/\/galli.ch\/en\/\",\"name\":\"Galli Uhren Bijouterie\",\"description\":\"\",\"potentialAction\":[{\"@type\":\"SearchAction\",\"target\":{\"@type\":\"EntryPoint\",\"urlTemplate\":\"http:\/\/galli.ch\/en\/?s={search_term_string}\"},\"query-input\":{\"@type\":\"PropertyValueSpecification\",\"valueRequired\":true,\"valueName\":\"search_term_string\"}}],\"inLanguage\":\"en-US\"}]}<\/script>\n<!-- \/ Yoast SEO plugin. -->","yoast_head_json":{"title":"Omega Speedmaster Moonwatch Professional - Galli Uhren Bijouterie","robots":{"index":"index","follow":"follow","max-snippet":"max-snippet:-1","max-image-preview":"max-image-preview:large","max-video-preview":"max-video-preview:-1"},"canonical":"https:\/\/galli.ch\/uhren\/omega\/speedmaster\/moonwatch-professional-310-20-42-50-99-001\/","og_locale":"en_US","og_type":"article","og_title":"Omega Speedmaster Moonwatch Professional - Galli Uhren Bijouterie","og_description":"Die Speedmaster Moonwatch geh\u00f6rt zu den legend\u00e4rsten Zeitmessern der Welt. Der bei allen sechs Mondlandungen von Astronauten getragene, legend\u00e4re Chronograph ist ein eindrucksvolles Symbol f\u00fcr den Pioniergeist von OMEGA. Dieses 42-mm-Modell aus Edelstahl und 18 K Sedna\u2122-Gold ist sowohl auf der Vorder- als auch auf der R\u00fcckseite mit einem Saphirglas versehen. Es sch\u00f6pft seine Inspiration... Weiter &raquo;","og_url":"https:\/\/galli.ch\/uhren\/omega\/speedmaster\/moonwatch-professional-310-20-42-50-99-001\/","og_site_name":"Galli Uhren Bijouterie","article_modified_time":"2026-03-02T10:12:03+00:00","og_image":[{"width":1000,"height":1400,"url":"https:\/\/galli.ch\/wp-content\/uploads\/omega-speedmaster-moonwatch-professional-co-axial-master-chronometer-chronograph-42-mm-3102042509900.png","type":"image\/png"}],"twitter_card":"summary_large_image","schema":{"@context":"https:\/\/schema.org","@graph":[{"@type":"WebPage","@id":"https:\/\/galli.ch\/uhren\/omega\/speedmaster\/moonwatch-professional-310-20-42-50-99-001\/","url":"https:\/\/galli.ch\/uhren\/omega\/speedmaster\/moonwatch-professional-310-20-42-50-99-001\/","name":"Omega Speedmaster Moonwatch Professional - Galli Uhren Bijouterie","isPartOf":{"@id":"http:\/\/galli.ch\/en\/#website"},"primaryImageOfPage":{"@id":"https:\/\/galli.ch\/uhren\/omega\/speedmaster\/moonwatch-professional-310-20-42-50-99-001\/#primaryimage"},"image":{"@id":"https:\/\/galli.ch\/uhren\/omega\/speedmaster\/moonwatch-professional-310-20-42-50-99-001\/#primaryimage"},"thumbnailUrl":"https:\/\/galli.ch\/wp-content\/uploads\/omega-speedmaster-moonwatch-professional-co-axial-master-chronometer-chronograph-42-mm-3102042509900.png","datePublished":"2024-06-05T15:09:18+00:00","dateModified":"2026-03-02T10:12:03+00:00","breadcrumb":{"@id":"https:\/\/galli.ch\/uhren\/omega\/speedmaster\/moonwatch-professional-310-20-42-50-99-001\/#breadcrumb"},"inLanguage":"en-US","potentialAction":[{"@type":"ReadAction","target":["https:\/\/galli.ch\/uhren\/omega\/speedmaster\/moonwatch-professional-310-20-42-50-99-001\/"]}]},{"@type":"ImageObject","inLanguage":"en-US","@id":"https:\/\/galli.ch\/uhren\/omega\/speedmaster\/moonwatch-professional-310-20-42-50-99-001\/#primaryimage","url":"https:\/\/galli.ch\/wp-content\/uploads\/omega-speedmaster-moonwatch-professional-co-axial-master-chronometer-chronograph-42-mm-3102042509900.png","contentUrl":"https:\/\/galli.ch\/wp-content\/uploads\/omega-speedmaster-moonwatch-professional-co-axial-master-chronometer-chronograph-42-mm-3102042509900.png","width":1000,"height":1400},{"@type":"BreadcrumbList","@id":"https:\/\/galli.ch\/uhren\/omega\/speedmaster\/moonwatch-professional-310-20-42-50-99-001\/#breadcrumb","itemListElement":[{"@type":"ListItem","position":1,"name":"Home","item":"https:\/\/galli.ch\/en\/"},{"@type":"ListItem","position":2,"name":"Uhren","item":"https:\/\/galli.ch\/en\/uhren\/"},{"@type":"ListItem","position":3,"name":"Omega Speedmaster Moonwatch Professional"}]},{"@type":"WebSite","@id":"http:\/\/galli.ch\/en\/#website","url":"http:\/\/galli.ch\/en\/","name":"Galli Uhren Bijouterie","description":"","potentialAction":[{"@type":"SearchAction","target":{"@type":"EntryPoint","urlTemplate":"http:\/\/galli.ch\/en\/?s={search_term_string}"},"query-input":{"@type":"PropertyValueSpecification","valueRequired":true,"valueName":"search_term_string"}}],"inLanguage":"en-US"}]}},"_links":{"self":[{"href":"https:\/\/galli.ch\/en\/wp-json\/wp\/v2\/product\/31755","targetHints":{"allow":["GET"]}}],"collection":[{"href":"https:\/\/galli.ch\/en\/wp-json\/wp\/v2\/product"}],"about":[{"href":"https:\/\/galli.ch\/en\/wp-json\/wp\/v2\/types\/product"}],"wp:featuredmedia":[{"embeddable":true,"href":"https:\/\/galli.ch\/en\/wp-json\/wp\/v2\/media\/31715"}],"wp:attachment":[{"href":"https:\/\/galli.ch\/en\/wp-json\/wp\/v2\/media?parent=31755"}],"wp:term":[{"taxonomy":"product_brand","embeddable":true,"href":"https:\/\/galli.ch\/en\/wp-json\/wp\/v2\/product_brand?post=31755"},{"taxonomy":"product_cat","embeddable":true,"href":"https:\/\/galli.ch\/en\/wp-json\/wp\/v2\/product_cat?post=31755"},{"taxonomy":"product_tag","embeddable":true,"href":"https:\/\/galli.ch\/en\/wp-json\/wp\/v2\/product_tag?post=31755"}],"curies":[{"name":"wp","href":"https:\/\/api.w.org\/{rel}","templated":true}]}}