{"id":31851,"date":"2024-06-11T09:39:34","date_gmt":"2024-06-11T07:39:34","guid":{"rendered":"https:\/\/galli.ch\/?post_type=product&#038;p=31851"},"modified":"2026-04-20T18:18:17","modified_gmt":"2026-04-20T16:18:17","slug":"diver-300m-paris-edition-522-21-42-20-04-001","status":"publish","type":"product","link":"https:\/\/galli.ch\/en\/uhren\/omega\/seamaster\/diver-300m-paris-edition-522-21-42-20-04-001\/","title":{"rendered":"Omega Seamaster Diver 300M Paris Edition"},"content":{"rendered":"<p>Die Olympischen und Paralympischen Spiele sind das gr\u00f6sste Sportereignis der Welt und Paris 2024 f\u00fcgt dieser Geschichte nun ein weiteres Kapitel hinzu. OMEGA wird dabei zum 31. Mal als offizieller Zeitnehmer dabei sein, um die Tr\u00e4ume der weltbesten Athleten aufzuzeichnen. Diesen Anlass feiert die Marke geb\u00fchrend mit einer neuen Seamaster Diver 300M mit passenden Goldakzenten.<br \/>\nEs ist das Material, von dem jeder Sportler tr\u00e4umt. Auf dem 42-mm-Geh\u00e4use aus Edelstahl findet sich ein auff\u00e4lliger L\u00fcnettenring aus 18 K Moonshine\u2122-Gold. Sie verf\u00fcgt \u00fcber eine per Laser skalierte, polierte Taucherskala in positivem Relief und einen Punkt aus Super-LumiNova bei 12 Uhr, der zus\u00e4tzliche Leuchtkraft verspricht.<\/p>\n","protected":false},"excerpt":{"rendered":"<p>Die Olympischen und Paralympischen Spiele sind das gr\u00f6sste Sportereignis der Welt und Paris 2024 f\u00fcgt dieser Geschichte nun ein weiteres Kapitel hinzu. OMEGA wird dabei zum 31. Mal als offizieller Zeitnehmer dabei sein, um die Tr\u00e4ume der weltbesten Athleten aufzuzeichnen. Diesen Anlass feiert die Marke geb\u00fchrend mit einer neuen Seamaster Diver 300M mit passenden Goldakzenten&#8230;.  <a class=\"excerpt-read-more\" href=\"https:\/\/galli.ch\/en\/uhren\/omega\/seamaster\/diver-300m-paris-edition-522-21-42-20-04-001\/\" title=\"Read Omega Seamaster Diver 300M Paris Edition\">Weiter &raquo;<\/a><\/p>\n","protected":false},"featured_media":31846,"template":"","meta":{"_acf_changed":false,"inline_featured_image":false},"product_brand":[],"product_cat":[188],"product_tag":[],"class_list":{"0":"post-31851","1":"product","2":"type-product","3":"status-publish","4":"has-post-thumbnail","6":"uhrenhersteller-omega","7":"uhrenhersteller-seamaster","8":"product_cat-uhren","10":"first","11":"instock","12":"taxable","13":"shipping-taxable","14":"purchasable","15":"product-type-simple"},"acf":[],"yoast_head":"<!-- This site is optimized with the Yoast SEO plugin v25.5 - https:\/\/yoast.com\/wordpress\/plugins\/seo\/ -->\n<title>Omega Seamaster Diver 300M Paris Edition - Galli Uhren Bijouterie<\/title>\n<meta name=\"robots\" content=\"index, follow, max-snippet:-1, max-image-preview:large, max-video-preview:-1\" \/>\n<link rel=\"canonical\" href=\"https:\/\/galli.ch\/uhren\/omega\/seamaster\/diver-300m-paris-edition-522-21-42-20-04-001\/\" \/>\n<meta property=\"og:locale\" content=\"en_US\" \/>\n<meta property=\"og:type\" content=\"article\" \/>\n<meta property=\"og:title\" content=\"Omega Seamaster Diver 300M Paris Edition - Galli Uhren Bijouterie\" \/>\n<meta property=\"og:description\" content=\"Die Olympischen und Paralympischen Spiele sind das gr\u00f6sste Sportereignis der Welt und Paris 2024 f\u00fcgt dieser Geschichte nun ein weiteres Kapitel hinzu. OMEGA wird dabei zum 31. Mal als offizieller Zeitnehmer dabei sein, um die Tr\u00e4ume der weltbesten Athleten aufzuzeichnen. Diesen Anlass feiert die Marke geb\u00fchrend mit einer neuen Seamaster Diver 300M mit passenden Goldakzenten.... Weiter &raquo;\" \/>\n<meta property=\"og:url\" content=\"https:\/\/galli.ch\/uhren\/omega\/seamaster\/diver-300m-paris-edition-522-21-42-20-04-001\/\" \/>\n<meta property=\"og:site_name\" content=\"Galli Uhren Bijouterie\" \/>\n<meta property=\"article:modified_time\" content=\"2026-04-20T16:18:17+00:00\" \/>\n<meta property=\"og:image\" content=\"https:\/\/galli.ch\/wp-content\/uploads\/omega-seamaster-diver-300m-co-axial-master-chronometer-42-mm-52221422004001-c61b9b.png\" \/>\n\t<meta property=\"og:image:width\" content=\"1000\" \/>\n\t<meta property=\"og:image:height\" content=\"1400\" \/>\n\t<meta property=\"og:image:type\" content=\"image\/png\" \/>\n<meta name=\"twitter:card\" content=\"summary_large_image\" \/>\n<script type=\"application\/ld+json\" class=\"yoast-schema-graph\">{\"@context\":\"https:\/\/schema.org\",\"@graph\":[{\"@type\":\"WebPage\",\"@id\":\"https:\/\/galli.ch\/uhren\/omega\/seamaster\/diver-300m-paris-edition-522-21-42-20-04-001\/\",\"url\":\"https:\/\/galli.ch\/uhren\/omega\/seamaster\/diver-300m-paris-edition-522-21-42-20-04-001\/\",\"name\":\"Omega Seamaster Diver 300M Paris Edition - Galli Uhren Bijouterie\",\"isPartOf\":{\"@id\":\"http:\/\/galli.ch\/en\/#website\"},\"primaryImageOfPage\":{\"@id\":\"https:\/\/galli.ch\/uhren\/omega\/seamaster\/diver-300m-paris-edition-522-21-42-20-04-001\/#primaryimage\"},\"image\":{\"@id\":\"https:\/\/galli.ch\/uhren\/omega\/seamaster\/diver-300m-paris-edition-522-21-42-20-04-001\/#primaryimage\"},\"thumbnailUrl\":\"https:\/\/galli.ch\/wp-content\/uploads\/omega-seamaster-diver-300m-co-axial-master-chronometer-42-mm-52221422004001-c61b9b.png\",\"datePublished\":\"2024-06-11T07:39:34+00:00\",\"dateModified\":\"2026-04-20T16:18:17+00:00\",\"breadcrumb\":{\"@id\":\"https:\/\/galli.ch\/uhren\/omega\/seamaster\/diver-300m-paris-edition-522-21-42-20-04-001\/#breadcrumb\"},\"inLanguage\":\"en-US\",\"potentialAction\":[{\"@type\":\"ReadAction\",\"target\":[\"https:\/\/galli.ch\/uhren\/omega\/seamaster\/diver-300m-paris-edition-522-21-42-20-04-001\/\"]}]},{\"@type\":\"ImageObject\",\"inLanguage\":\"en-US\",\"@id\":\"https:\/\/galli.ch\/uhren\/omega\/seamaster\/diver-300m-paris-edition-522-21-42-20-04-001\/#primaryimage\",\"url\":\"https:\/\/galli.ch\/wp-content\/uploads\/omega-seamaster-diver-300m-co-axial-master-chronometer-42-mm-52221422004001-c61b9b.png\",\"contentUrl\":\"https:\/\/galli.ch\/wp-content\/uploads\/omega-seamaster-diver-300m-co-axial-master-chronometer-42-mm-52221422004001-c61b9b.png\",\"width\":1000,\"height\":1400},{\"@type\":\"BreadcrumbList\",\"@id\":\"https:\/\/galli.ch\/uhren\/omega\/seamaster\/diver-300m-paris-edition-522-21-42-20-04-001\/#breadcrumb\",\"itemListElement\":[{\"@type\":\"ListItem\",\"position\":1,\"name\":\"Home\",\"item\":\"https:\/\/galli.ch\/en\/\"},{\"@type\":\"ListItem\",\"position\":2,\"name\":\"Uhren\",\"item\":\"https:\/\/galli.ch\/en\/uhren\/\"},{\"@type\":\"ListItem\",\"position\":3,\"name\":\"Omega Seamaster Diver 300M Paris Edition\"}]},{\"@type\":\"WebSite\",\"@id\":\"http:\/\/galli.ch\/en\/#website\",\"url\":\"http:\/\/galli.ch\/en\/\",\"name\":\"Galli Uhren Bijouterie\",\"description\":\"\",\"potentialAction\":[{\"@type\":\"SearchAction\",\"target\":{\"@type\":\"EntryPoint\",\"urlTemplate\":\"http:\/\/galli.ch\/en\/?s={search_term_string}\"},\"query-input\":{\"@type\":\"PropertyValueSpecification\",\"valueRequired\":true,\"valueName\":\"search_term_string\"}}],\"inLanguage\":\"en-US\"}]}<\/script>\n<!-- \/ Yoast SEO plugin. -->","yoast_head_json":{"title":"Omega Seamaster Diver 300M Paris Edition - Galli Uhren Bijouterie","robots":{"index":"index","follow":"follow","max-snippet":"max-snippet:-1","max-image-preview":"max-image-preview:large","max-video-preview":"max-video-preview:-1"},"canonical":"https:\/\/galli.ch\/uhren\/omega\/seamaster\/diver-300m-paris-edition-522-21-42-20-04-001\/","og_locale":"en_US","og_type":"article","og_title":"Omega Seamaster Diver 300M Paris Edition - Galli Uhren Bijouterie","og_description":"Die Olympischen und Paralympischen Spiele sind das gr\u00f6sste Sportereignis der Welt und Paris 2024 f\u00fcgt dieser Geschichte nun ein weiteres Kapitel hinzu. OMEGA wird dabei zum 31. Mal als offizieller Zeitnehmer dabei sein, um die Tr\u00e4ume der weltbesten Athleten aufzuzeichnen. Diesen Anlass feiert die Marke geb\u00fchrend mit einer neuen Seamaster Diver 300M mit passenden Goldakzenten.... Weiter &raquo;","og_url":"https:\/\/galli.ch\/uhren\/omega\/seamaster\/diver-300m-paris-edition-522-21-42-20-04-001\/","og_site_name":"Galli Uhren Bijouterie","article_modified_time":"2026-04-20T16:18:17+00:00","og_image":[{"width":1000,"height":1400,"url":"https:\/\/galli.ch\/wp-content\/uploads\/omega-seamaster-diver-300m-co-axial-master-chronometer-42-mm-52221422004001-c61b9b.png","type":"image\/png"}],"twitter_card":"summary_large_image","schema":{"@context":"https:\/\/schema.org","@graph":[{"@type":"WebPage","@id":"https:\/\/galli.ch\/uhren\/omega\/seamaster\/diver-300m-paris-edition-522-21-42-20-04-001\/","url":"https:\/\/galli.ch\/uhren\/omega\/seamaster\/diver-300m-paris-edition-522-21-42-20-04-001\/","name":"Omega Seamaster Diver 300M Paris Edition - Galli Uhren Bijouterie","isPartOf":{"@id":"http:\/\/galli.ch\/en\/#website"},"primaryImageOfPage":{"@id":"https:\/\/galli.ch\/uhren\/omega\/seamaster\/diver-300m-paris-edition-522-21-42-20-04-001\/#primaryimage"},"image":{"@id":"https:\/\/galli.ch\/uhren\/omega\/seamaster\/diver-300m-paris-edition-522-21-42-20-04-001\/#primaryimage"},"thumbnailUrl":"https:\/\/galli.ch\/wp-content\/uploads\/omega-seamaster-diver-300m-co-axial-master-chronometer-42-mm-52221422004001-c61b9b.png","datePublished":"2024-06-11T07:39:34+00:00","dateModified":"2026-04-20T16:18:17+00:00","breadcrumb":{"@id":"https:\/\/galli.ch\/uhren\/omega\/seamaster\/diver-300m-paris-edition-522-21-42-20-04-001\/#breadcrumb"},"inLanguage":"en-US","potentialAction":[{"@type":"ReadAction","target":["https:\/\/galli.ch\/uhren\/omega\/seamaster\/diver-300m-paris-edition-522-21-42-20-04-001\/"]}]},{"@type":"ImageObject","inLanguage":"en-US","@id":"https:\/\/galli.ch\/uhren\/omega\/seamaster\/diver-300m-paris-edition-522-21-42-20-04-001\/#primaryimage","url":"https:\/\/galli.ch\/wp-content\/uploads\/omega-seamaster-diver-300m-co-axial-master-chronometer-42-mm-52221422004001-c61b9b.png","contentUrl":"https:\/\/galli.ch\/wp-content\/uploads\/omega-seamaster-diver-300m-co-axial-master-chronometer-42-mm-52221422004001-c61b9b.png","width":1000,"height":1400},{"@type":"BreadcrumbList","@id":"https:\/\/galli.ch\/uhren\/omega\/seamaster\/diver-300m-paris-edition-522-21-42-20-04-001\/#breadcrumb","itemListElement":[{"@type":"ListItem","position":1,"name":"Home","item":"https:\/\/galli.ch\/en\/"},{"@type":"ListItem","position":2,"name":"Uhren","item":"https:\/\/galli.ch\/en\/uhren\/"},{"@type":"ListItem","position":3,"name":"Omega Seamaster Diver 300M Paris Edition"}]},{"@type":"WebSite","@id":"http:\/\/galli.ch\/en\/#website","url":"http:\/\/galli.ch\/en\/","name":"Galli Uhren Bijouterie","description":"","potentialAction":[{"@type":"SearchAction","target":{"@type":"EntryPoint","urlTemplate":"http:\/\/galli.ch\/en\/?s={search_term_string}"},"query-input":{"@type":"PropertyValueSpecification","valueRequired":true,"valueName":"search_term_string"}}],"inLanguage":"en-US"}]}},"_links":{"self":[{"href":"https:\/\/galli.ch\/en\/wp-json\/wp\/v2\/product\/31851","targetHints":{"allow":["GET"]}}],"collection":[{"href":"https:\/\/galli.ch\/en\/wp-json\/wp\/v2\/product"}],"about":[{"href":"https:\/\/galli.ch\/en\/wp-json\/wp\/v2\/types\/product"}],"wp:featuredmedia":[{"embeddable":true,"href":"https:\/\/galli.ch\/en\/wp-json\/wp\/v2\/media\/31846"}],"wp:attachment":[{"href":"https:\/\/galli.ch\/en\/wp-json\/wp\/v2\/media?parent=31851"}],"wp:term":[{"taxonomy":"product_brand","embeddable":true,"href":"https:\/\/galli.ch\/en\/wp-json\/wp\/v2\/product_brand?post=31851"},{"taxonomy":"product_cat","embeddable":true,"href":"https:\/\/galli.ch\/en\/wp-json\/wp\/v2\/product_cat?post=31851"},{"taxonomy":"product_tag","embeddable":true,"href":"https:\/\/galli.ch\/en\/wp-json\/wp\/v2\/product_tag?post=31851"}],"curies":[{"name":"wp","href":"https:\/\/api.w.org\/{rel}","templated":true}]}}