{"id":32281,"date":"2024-06-27T09:52:30","date_gmt":"2024-06-27T07:52:30","guid":{"rendered":"https:\/\/galli.ch\/?post_type=product&#038;p=32281"},"modified":"2026-04-20T18:17:39","modified_gmt":"2026-04-20T16:17:39","slug":"planet-ocean-600m-215-32-44-21-09-001","status":"publish","type":"product","link":"https:\/\/galli.ch\/en\/uhren\/omega\/seamaster\/planet-ocean-600m-215-32-44-21-09-001\/","title":{"rendered":"Omega Seamaster Planet Ocean 600M"},"content":{"rendered":"<p>Die Markteinf\u00fchrung der Planet Ocean Kollektion im Jahr 2005 stand im Zeichen von OMEGAs maritimem Erbe. Heute ist die Kollektion eine Hommage an das Taucheruhrenerbe der Marke \u2013 mit modernem Stil und fortschrittlicher Pr\u00e4zision.<\/p>\n<p>Dieses 43,50 mm gro\u00dfe Modell aus geb\u00fcrstetem Edelstahl verf\u00fcgt \u00fcber einen L\u00fcnettenring aus geb\u00fcrsteter Siliziumnitridkeramik in einer neuen Bronzefarbe und mit einer Taucherskala aus fl\u00fcssiger Keramik und Super-LumiNova.<\/p>\n","protected":false},"excerpt":{"rendered":"<p>Die Markteinf\u00fchrung der Planet Ocean Kollektion im Jahr 2005 stand im Zeichen von OMEGAs maritimem Erbe. Heute ist die Kollektion eine Hommage an das Taucheruhrenerbe der Marke \u2013 mit modernem Stil und fortschrittlicher Pr\u00e4zision. Dieses 43,50 mm gro\u00dfe Modell aus geb\u00fcrstetem Edelstahl verf\u00fcgt \u00fcber einen L\u00fcnettenring aus geb\u00fcrsteter Siliziumnitridkeramik in einer neuen Bronzefarbe und mit&#8230;  <a class=\"excerpt-read-more\" href=\"https:\/\/galli.ch\/en\/uhren\/omega\/seamaster\/planet-ocean-600m-215-32-44-21-09-001\/\" title=\"Read Omega Seamaster Planet Ocean 600M\">Weiter &raquo;<\/a><\/p>\n","protected":false},"featured_media":32270,"template":"","meta":{"_acf_changed":false,"inline_featured_image":false},"product_brand":[],"product_cat":[188],"product_tag":[],"class_list":{"0":"post-32281","1":"product","2":"type-product","3":"status-publish","4":"has-post-thumbnail","6":"uhrenhersteller-omega","7":"uhrenhersteller-seamaster","8":"product_cat-uhren","10":"first","11":"instock","12":"taxable","13":"shipping-taxable","14":"purchasable","15":"product-type-simple"},"acf":[],"yoast_head":"<!-- This site is optimized with the Yoast SEO plugin v25.5 - https:\/\/yoast.com\/wordpress\/plugins\/seo\/ -->\n<title>Omega Seamaster Planet Ocean 600M - Galli Uhren Bijouterie<\/title>\n<meta name=\"robots\" content=\"index, follow, max-snippet:-1, max-image-preview:large, max-video-preview:-1\" \/>\n<link rel=\"canonical\" href=\"https:\/\/galli.ch\/uhren\/omega\/seamaster\/planet-ocean-600m-215-32-44-21-09-001\/\" \/>\n<meta property=\"og:locale\" content=\"en_US\" \/>\n<meta property=\"og:type\" content=\"article\" \/>\n<meta property=\"og:title\" content=\"Omega Seamaster Planet Ocean 600M - Galli Uhren Bijouterie\" \/>\n<meta property=\"og:description\" content=\"Die Markteinf\u00fchrung der Planet Ocean Kollektion im Jahr 2005 stand im Zeichen von OMEGAs maritimem Erbe. Heute ist die Kollektion eine Hommage an das Taucheruhrenerbe der Marke \u2013 mit modernem Stil und fortschrittlicher Pr\u00e4zision. Dieses 43,50 mm gro\u00dfe Modell aus geb\u00fcrstetem Edelstahl verf\u00fcgt \u00fcber einen L\u00fcnettenring aus geb\u00fcrsteter Siliziumnitridkeramik in einer neuen Bronzefarbe und mit... Weiter &raquo;\" \/>\n<meta property=\"og:url\" content=\"https:\/\/galli.ch\/uhren\/omega\/seamaster\/planet-ocean-600m-215-32-44-21-09-001\/\" \/>\n<meta property=\"og:site_name\" content=\"Galli Uhren Bijouterie\" \/>\n<meta property=\"article:modified_time\" content=\"2026-04-20T16:17:39+00:00\" \/>\n<meta property=\"og:image\" content=\"https:\/\/galli.ch\/wp-content\/uploads\/omega-seamaster-planet-ocean-600m-co-axial-master-chronometer-43-5-mm-21532442109001-933d48.png\" \/>\n\t<meta property=\"og:image:width\" content=\"1000\" \/>\n\t<meta property=\"og:image:height\" content=\"1400\" \/>\n\t<meta property=\"og:image:type\" content=\"image\/png\" \/>\n<meta name=\"twitter:card\" content=\"summary_large_image\" \/>\n<script type=\"application\/ld+json\" class=\"yoast-schema-graph\">{\"@context\":\"https:\/\/schema.org\",\"@graph\":[{\"@type\":\"WebPage\",\"@id\":\"https:\/\/galli.ch\/uhren\/omega\/seamaster\/planet-ocean-600m-215-32-44-21-09-001\/\",\"url\":\"https:\/\/galli.ch\/uhren\/omega\/seamaster\/planet-ocean-600m-215-32-44-21-09-001\/\",\"name\":\"Omega Seamaster Planet Ocean 600M - Galli Uhren Bijouterie\",\"isPartOf\":{\"@id\":\"http:\/\/galli.ch\/en\/#website\"},\"primaryImageOfPage\":{\"@id\":\"https:\/\/galli.ch\/uhren\/omega\/seamaster\/planet-ocean-600m-215-32-44-21-09-001\/#primaryimage\"},\"image\":{\"@id\":\"https:\/\/galli.ch\/uhren\/omega\/seamaster\/planet-ocean-600m-215-32-44-21-09-001\/#primaryimage\"},\"thumbnailUrl\":\"https:\/\/galli.ch\/wp-content\/uploads\/omega-seamaster-planet-ocean-600m-co-axial-master-chronometer-43-5-mm-21532442109001-933d48.png\",\"datePublished\":\"2024-06-27T07:52:30+00:00\",\"dateModified\":\"2026-04-20T16:17:39+00:00\",\"breadcrumb\":{\"@id\":\"https:\/\/galli.ch\/uhren\/omega\/seamaster\/planet-ocean-600m-215-32-44-21-09-001\/#breadcrumb\"},\"inLanguage\":\"en-US\",\"potentialAction\":[{\"@type\":\"ReadAction\",\"target\":[\"https:\/\/galli.ch\/uhren\/omega\/seamaster\/planet-ocean-600m-215-32-44-21-09-001\/\"]}]},{\"@type\":\"ImageObject\",\"inLanguage\":\"en-US\",\"@id\":\"https:\/\/galli.ch\/uhren\/omega\/seamaster\/planet-ocean-600m-215-32-44-21-09-001\/#primaryimage\",\"url\":\"https:\/\/galli.ch\/wp-content\/uploads\/omega-seamaster-planet-ocean-600m-co-axial-master-chronometer-43-5-mm-21532442109001-933d48.png\",\"contentUrl\":\"https:\/\/galli.ch\/wp-content\/uploads\/omega-seamaster-planet-ocean-600m-co-axial-master-chronometer-43-5-mm-21532442109001-933d48.png\",\"width\":1000,\"height\":1400},{\"@type\":\"BreadcrumbList\",\"@id\":\"https:\/\/galli.ch\/uhren\/omega\/seamaster\/planet-ocean-600m-215-32-44-21-09-001\/#breadcrumb\",\"itemListElement\":[{\"@type\":\"ListItem\",\"position\":1,\"name\":\"Home\",\"item\":\"https:\/\/galli.ch\/en\/\"},{\"@type\":\"ListItem\",\"position\":2,\"name\":\"Uhren\",\"item\":\"https:\/\/galli.ch\/en\/uhren\/\"},{\"@type\":\"ListItem\",\"position\":3,\"name\":\"Omega Seamaster Planet Ocean 600M\"}]},{\"@type\":\"WebSite\",\"@id\":\"http:\/\/galli.ch\/en\/#website\",\"url\":\"http:\/\/galli.ch\/en\/\",\"name\":\"Galli Uhren Bijouterie\",\"description\":\"\",\"potentialAction\":[{\"@type\":\"SearchAction\",\"target\":{\"@type\":\"EntryPoint\",\"urlTemplate\":\"http:\/\/galli.ch\/en\/?s={search_term_string}\"},\"query-input\":{\"@type\":\"PropertyValueSpecification\",\"valueRequired\":true,\"valueName\":\"search_term_string\"}}],\"inLanguage\":\"en-US\"}]}<\/script>\n<!-- \/ Yoast SEO plugin. -->","yoast_head_json":{"title":"Omega Seamaster Planet Ocean 600M - Galli Uhren Bijouterie","robots":{"index":"index","follow":"follow","max-snippet":"max-snippet:-1","max-image-preview":"max-image-preview:large","max-video-preview":"max-video-preview:-1"},"canonical":"https:\/\/galli.ch\/uhren\/omega\/seamaster\/planet-ocean-600m-215-32-44-21-09-001\/","og_locale":"en_US","og_type":"article","og_title":"Omega Seamaster Planet Ocean 600M - Galli Uhren Bijouterie","og_description":"Die Markteinf\u00fchrung der Planet Ocean Kollektion im Jahr 2005 stand im Zeichen von OMEGAs maritimem Erbe. Heute ist die Kollektion eine Hommage an das Taucheruhrenerbe der Marke \u2013 mit modernem Stil und fortschrittlicher Pr\u00e4zision. Dieses 43,50 mm gro\u00dfe Modell aus geb\u00fcrstetem Edelstahl verf\u00fcgt \u00fcber einen L\u00fcnettenring aus geb\u00fcrsteter Siliziumnitridkeramik in einer neuen Bronzefarbe und mit... Weiter &raquo;","og_url":"https:\/\/galli.ch\/uhren\/omega\/seamaster\/planet-ocean-600m-215-32-44-21-09-001\/","og_site_name":"Galli Uhren Bijouterie","article_modified_time":"2026-04-20T16:17:39+00:00","og_image":[{"width":1000,"height":1400,"url":"https:\/\/galli.ch\/wp-content\/uploads\/omega-seamaster-planet-ocean-600m-co-axial-master-chronometer-43-5-mm-21532442109001-933d48.png","type":"image\/png"}],"twitter_card":"summary_large_image","schema":{"@context":"https:\/\/schema.org","@graph":[{"@type":"WebPage","@id":"https:\/\/galli.ch\/uhren\/omega\/seamaster\/planet-ocean-600m-215-32-44-21-09-001\/","url":"https:\/\/galli.ch\/uhren\/omega\/seamaster\/planet-ocean-600m-215-32-44-21-09-001\/","name":"Omega Seamaster Planet Ocean 600M - Galli Uhren Bijouterie","isPartOf":{"@id":"http:\/\/galli.ch\/en\/#website"},"primaryImageOfPage":{"@id":"https:\/\/galli.ch\/uhren\/omega\/seamaster\/planet-ocean-600m-215-32-44-21-09-001\/#primaryimage"},"image":{"@id":"https:\/\/galli.ch\/uhren\/omega\/seamaster\/planet-ocean-600m-215-32-44-21-09-001\/#primaryimage"},"thumbnailUrl":"https:\/\/galli.ch\/wp-content\/uploads\/omega-seamaster-planet-ocean-600m-co-axial-master-chronometer-43-5-mm-21532442109001-933d48.png","datePublished":"2024-06-27T07:52:30+00:00","dateModified":"2026-04-20T16:17:39+00:00","breadcrumb":{"@id":"https:\/\/galli.ch\/uhren\/omega\/seamaster\/planet-ocean-600m-215-32-44-21-09-001\/#breadcrumb"},"inLanguage":"en-US","potentialAction":[{"@type":"ReadAction","target":["https:\/\/galli.ch\/uhren\/omega\/seamaster\/planet-ocean-600m-215-32-44-21-09-001\/"]}]},{"@type":"ImageObject","inLanguage":"en-US","@id":"https:\/\/galli.ch\/uhren\/omega\/seamaster\/planet-ocean-600m-215-32-44-21-09-001\/#primaryimage","url":"https:\/\/galli.ch\/wp-content\/uploads\/omega-seamaster-planet-ocean-600m-co-axial-master-chronometer-43-5-mm-21532442109001-933d48.png","contentUrl":"https:\/\/galli.ch\/wp-content\/uploads\/omega-seamaster-planet-ocean-600m-co-axial-master-chronometer-43-5-mm-21532442109001-933d48.png","width":1000,"height":1400},{"@type":"BreadcrumbList","@id":"https:\/\/galli.ch\/uhren\/omega\/seamaster\/planet-ocean-600m-215-32-44-21-09-001\/#breadcrumb","itemListElement":[{"@type":"ListItem","position":1,"name":"Home","item":"https:\/\/galli.ch\/en\/"},{"@type":"ListItem","position":2,"name":"Uhren","item":"https:\/\/galli.ch\/en\/uhren\/"},{"@type":"ListItem","position":3,"name":"Omega Seamaster Planet Ocean 600M"}]},{"@type":"WebSite","@id":"http:\/\/galli.ch\/en\/#website","url":"http:\/\/galli.ch\/en\/","name":"Galli Uhren Bijouterie","description":"","potentialAction":[{"@type":"SearchAction","target":{"@type":"EntryPoint","urlTemplate":"http:\/\/galli.ch\/en\/?s={search_term_string}"},"query-input":{"@type":"PropertyValueSpecification","valueRequired":true,"valueName":"search_term_string"}}],"inLanguage":"en-US"}]}},"_links":{"self":[{"href":"https:\/\/galli.ch\/en\/wp-json\/wp\/v2\/product\/32281","targetHints":{"allow":["GET"]}}],"collection":[{"href":"https:\/\/galli.ch\/en\/wp-json\/wp\/v2\/product"}],"about":[{"href":"https:\/\/galli.ch\/en\/wp-json\/wp\/v2\/types\/product"}],"wp:featuredmedia":[{"embeddable":true,"href":"https:\/\/galli.ch\/en\/wp-json\/wp\/v2\/media\/32270"}],"wp:attachment":[{"href":"https:\/\/galli.ch\/en\/wp-json\/wp\/v2\/media?parent=32281"}],"wp:term":[{"taxonomy":"product_brand","embeddable":true,"href":"https:\/\/galli.ch\/en\/wp-json\/wp\/v2\/product_brand?post=32281"},{"taxonomy":"product_cat","embeddable":true,"href":"https:\/\/galli.ch\/en\/wp-json\/wp\/v2\/product_cat?post=32281"},{"taxonomy":"product_tag","embeddable":true,"href":"https:\/\/galli.ch\/en\/wp-json\/wp\/v2\/product_tag?post=32281"}],"curies":[{"name":"wp","href":"https:\/\/api.w.org\/{rel}","templated":true}]}}