{"id":32285,"date":"2024-06-27T10:04:11","date_gmt":"2024-06-27T08:04:11","guid":{"rendered":"https:\/\/galli.ch\/?post_type=product&#038;p=32285"},"modified":"2025-10-23T17:49:52","modified_gmt":"2025-10-23T15:49:52","slug":"planet-ocean-600m-215-32-46-51-06-001","status":"publish","type":"product","link":"https:\/\/galli.ch\/en\/uhren\/omega\/seamaster\/planet-ocean-600m-215-32-46-51-06-001\/","title":{"rendered":"Omega Seamaster Planet Ocean 600M"},"content":{"rendered":"<p>Die Markteinf\u00fchrung der Planet Ocean Kollektion im Jahr 2005 stand im Zeichen von OMEGAs maritimem Erbe. Heute ist die Kollektion eine Hommage an das Taucheruhrenerbe der Marke \u2013 mit modernem Stil und fortschrittlicher Pr\u00e4zision.<\/p>\n<p>Dieser Chronograph besticht durch ein 45,50 mm grosses Geh\u00e4use aus geb\u00fcrstetem Edelstahl und Dr\u00fccker mit Ringen aus geb\u00fcrsteter gr\u00fcner Keramik. Ausserdem gibt es einen geb\u00fcrsteten gr\u00fcnen Keramikring mit einer Taucherskala aus Liquidmetal\u2122.<\/p>\n","protected":false},"excerpt":{"rendered":"<p>Die Markteinf\u00fchrung der Planet Ocean Kollektion im Jahr 2005 stand im Zeichen von OMEGAs maritimem Erbe. Heute ist die Kollektion eine Hommage an das Taucheruhrenerbe der Marke \u2013 mit modernem Stil und fortschrittlicher Pr\u00e4zision. Dieser Chronograph besticht durch ein 45,50 mm grosses Geh\u00e4use aus geb\u00fcrstetem Edelstahl und Dr\u00fccker mit Ringen aus geb\u00fcrsteter gr\u00fcner Keramik. Ausserdem&#8230;  <a class=\"excerpt-read-more\" href=\"https:\/\/galli.ch\/en\/uhren\/omega\/seamaster\/planet-ocean-600m-215-32-46-51-06-001\/\" title=\"Read Omega Seamaster Planet Ocean 600M\">Weiter &raquo;<\/a><\/p>\n","protected":false},"featured_media":32272,"template":"","meta":{"_acf_changed":false,"inline_featured_image":false},"product_brand":[],"product_cat":[188],"product_tag":[],"class_list":{"0":"post-32285","1":"product","2":"type-product","3":"status-publish","4":"has-post-thumbnail","6":"uhrenhersteller-omega","7":"uhrenhersteller-seamaster","8":"product_cat-uhren","10":"first","11":"outofstock","12":"taxable","13":"shipping-taxable","14":"purchasable","15":"product-type-simple"},"acf":[],"yoast_head":"<!-- This site is optimized with the Yoast SEO plugin v25.5 - https:\/\/yoast.com\/wordpress\/plugins\/seo\/ -->\n<title>Omega Seamaster Planet Ocean 600M - Galli Uhren Bijouterie<\/title>\n<meta name=\"robots\" content=\"index, follow, max-snippet:-1, max-image-preview:large, max-video-preview:-1\" \/>\n<link rel=\"canonical\" href=\"https:\/\/galli.ch\/uhren\/omega\/seamaster\/planet-ocean-600m-215-32-46-51-06-001\/\" \/>\n<meta property=\"og:locale\" content=\"en_US\" \/>\n<meta property=\"og:type\" content=\"article\" \/>\n<meta property=\"og:title\" content=\"Omega Seamaster Planet Ocean 600M - Galli Uhren Bijouterie\" \/>\n<meta property=\"og:description\" content=\"Die Markteinf\u00fchrung der Planet Ocean Kollektion im Jahr 2005 stand im Zeichen von OMEGAs maritimem Erbe. Heute ist die Kollektion eine Hommage an das Taucheruhrenerbe der Marke \u2013 mit modernem Stil und fortschrittlicher Pr\u00e4zision. Dieser Chronograph besticht durch ein 45,50 mm grosses Geh\u00e4use aus geb\u00fcrstetem Edelstahl und Dr\u00fccker mit Ringen aus geb\u00fcrsteter gr\u00fcner Keramik. Ausserdem... Weiter &raquo;\" \/>\n<meta property=\"og:url\" content=\"https:\/\/galli.ch\/uhren\/omega\/seamaster\/planet-ocean-600m-215-32-46-51-06-001\/\" \/>\n<meta property=\"og:site_name\" content=\"Galli Uhren Bijouterie\" \/>\n<meta property=\"article:modified_time\" content=\"2025-10-23T15:49:52+00:00\" \/>\n<meta property=\"og:image\" content=\"https:\/\/galli.ch\/wp-content\/uploads\/omega-seamaster-planet-ocean-600m-co-axial-master-chronometer-chronograph-45-5-mm-21532465106001-476af3.png\" \/>\n\t<meta property=\"og:image:width\" content=\"1000\" \/>\n\t<meta property=\"og:image:height\" content=\"1400\" \/>\n\t<meta property=\"og:image:type\" content=\"image\/png\" \/>\n<meta name=\"twitter:card\" content=\"summary_large_image\" \/>\n<script type=\"application\/ld+json\" class=\"yoast-schema-graph\">{\"@context\":\"https:\/\/schema.org\",\"@graph\":[{\"@type\":\"WebPage\",\"@id\":\"https:\/\/galli.ch\/uhren\/omega\/seamaster\/planet-ocean-600m-215-32-46-51-06-001\/\",\"url\":\"https:\/\/galli.ch\/uhren\/omega\/seamaster\/planet-ocean-600m-215-32-46-51-06-001\/\",\"name\":\"Omega Seamaster Planet Ocean 600M - Galli Uhren Bijouterie\",\"isPartOf\":{\"@id\":\"http:\/\/galli.ch\/en\/#website\"},\"primaryImageOfPage\":{\"@id\":\"https:\/\/galli.ch\/uhren\/omega\/seamaster\/planet-ocean-600m-215-32-46-51-06-001\/#primaryimage\"},\"image\":{\"@id\":\"https:\/\/galli.ch\/uhren\/omega\/seamaster\/planet-ocean-600m-215-32-46-51-06-001\/#primaryimage\"},\"thumbnailUrl\":\"https:\/\/galli.ch\/wp-content\/uploads\/omega-seamaster-planet-ocean-600m-co-axial-master-chronometer-chronograph-45-5-mm-21532465106001-476af3.png\",\"datePublished\":\"2024-06-27T08:04:11+00:00\",\"dateModified\":\"2025-10-23T15:49:52+00:00\",\"breadcrumb\":{\"@id\":\"https:\/\/galli.ch\/uhren\/omega\/seamaster\/planet-ocean-600m-215-32-46-51-06-001\/#breadcrumb\"},\"inLanguage\":\"en-US\",\"potentialAction\":[{\"@type\":\"ReadAction\",\"target\":[\"https:\/\/galli.ch\/uhren\/omega\/seamaster\/planet-ocean-600m-215-32-46-51-06-001\/\"]}]},{\"@type\":\"ImageObject\",\"inLanguage\":\"en-US\",\"@id\":\"https:\/\/galli.ch\/uhren\/omega\/seamaster\/planet-ocean-600m-215-32-46-51-06-001\/#primaryimage\",\"url\":\"https:\/\/galli.ch\/wp-content\/uploads\/omega-seamaster-planet-ocean-600m-co-axial-master-chronometer-chronograph-45-5-mm-21532465106001-476af3.png\",\"contentUrl\":\"https:\/\/galli.ch\/wp-content\/uploads\/omega-seamaster-planet-ocean-600m-co-axial-master-chronometer-chronograph-45-5-mm-21532465106001-476af3.png\",\"width\":1000,\"height\":1400},{\"@type\":\"BreadcrumbList\",\"@id\":\"https:\/\/galli.ch\/uhren\/omega\/seamaster\/planet-ocean-600m-215-32-46-51-06-001\/#breadcrumb\",\"itemListElement\":[{\"@type\":\"ListItem\",\"position\":1,\"name\":\"Home\",\"item\":\"https:\/\/galli.ch\/en\/\"},{\"@type\":\"ListItem\",\"position\":2,\"name\":\"Uhren\",\"item\":\"https:\/\/galli.ch\/en\/uhren\/\"},{\"@type\":\"ListItem\",\"position\":3,\"name\":\"Omega Seamaster Planet Ocean 600M\"}]},{\"@type\":\"WebSite\",\"@id\":\"http:\/\/galli.ch\/en\/#website\",\"url\":\"http:\/\/galli.ch\/en\/\",\"name\":\"Galli Uhren Bijouterie\",\"description\":\"\",\"potentialAction\":[{\"@type\":\"SearchAction\",\"target\":{\"@type\":\"EntryPoint\",\"urlTemplate\":\"http:\/\/galli.ch\/en\/?s={search_term_string}\"},\"query-input\":{\"@type\":\"PropertyValueSpecification\",\"valueRequired\":true,\"valueName\":\"search_term_string\"}}],\"inLanguage\":\"en-US\"}]}<\/script>\n<!-- \/ Yoast SEO plugin. -->","yoast_head_json":{"title":"Omega Seamaster Planet Ocean 600M - Galli Uhren Bijouterie","robots":{"index":"index","follow":"follow","max-snippet":"max-snippet:-1","max-image-preview":"max-image-preview:large","max-video-preview":"max-video-preview:-1"},"canonical":"https:\/\/galli.ch\/uhren\/omega\/seamaster\/planet-ocean-600m-215-32-46-51-06-001\/","og_locale":"en_US","og_type":"article","og_title":"Omega Seamaster Planet Ocean 600M - Galli Uhren Bijouterie","og_description":"Die Markteinf\u00fchrung der Planet Ocean Kollektion im Jahr 2005 stand im Zeichen von OMEGAs maritimem Erbe. Heute ist die Kollektion eine Hommage an das Taucheruhrenerbe der Marke \u2013 mit modernem Stil und fortschrittlicher Pr\u00e4zision. Dieser Chronograph besticht durch ein 45,50 mm grosses Geh\u00e4use aus geb\u00fcrstetem Edelstahl und Dr\u00fccker mit Ringen aus geb\u00fcrsteter gr\u00fcner Keramik. Ausserdem... Weiter &raquo;","og_url":"https:\/\/galli.ch\/uhren\/omega\/seamaster\/planet-ocean-600m-215-32-46-51-06-001\/","og_site_name":"Galli Uhren Bijouterie","article_modified_time":"2025-10-23T15:49:52+00:00","og_image":[{"width":1000,"height":1400,"url":"https:\/\/galli.ch\/wp-content\/uploads\/omega-seamaster-planet-ocean-600m-co-axial-master-chronometer-chronograph-45-5-mm-21532465106001-476af3.png","type":"image\/png"}],"twitter_card":"summary_large_image","schema":{"@context":"https:\/\/schema.org","@graph":[{"@type":"WebPage","@id":"https:\/\/galli.ch\/uhren\/omega\/seamaster\/planet-ocean-600m-215-32-46-51-06-001\/","url":"https:\/\/galli.ch\/uhren\/omega\/seamaster\/planet-ocean-600m-215-32-46-51-06-001\/","name":"Omega Seamaster Planet Ocean 600M - Galli Uhren Bijouterie","isPartOf":{"@id":"http:\/\/galli.ch\/en\/#website"},"primaryImageOfPage":{"@id":"https:\/\/galli.ch\/uhren\/omega\/seamaster\/planet-ocean-600m-215-32-46-51-06-001\/#primaryimage"},"image":{"@id":"https:\/\/galli.ch\/uhren\/omega\/seamaster\/planet-ocean-600m-215-32-46-51-06-001\/#primaryimage"},"thumbnailUrl":"https:\/\/galli.ch\/wp-content\/uploads\/omega-seamaster-planet-ocean-600m-co-axial-master-chronometer-chronograph-45-5-mm-21532465106001-476af3.png","datePublished":"2024-06-27T08:04:11+00:00","dateModified":"2025-10-23T15:49:52+00:00","breadcrumb":{"@id":"https:\/\/galli.ch\/uhren\/omega\/seamaster\/planet-ocean-600m-215-32-46-51-06-001\/#breadcrumb"},"inLanguage":"en-US","potentialAction":[{"@type":"ReadAction","target":["https:\/\/galli.ch\/uhren\/omega\/seamaster\/planet-ocean-600m-215-32-46-51-06-001\/"]}]},{"@type":"ImageObject","inLanguage":"en-US","@id":"https:\/\/galli.ch\/uhren\/omega\/seamaster\/planet-ocean-600m-215-32-46-51-06-001\/#primaryimage","url":"https:\/\/galli.ch\/wp-content\/uploads\/omega-seamaster-planet-ocean-600m-co-axial-master-chronometer-chronograph-45-5-mm-21532465106001-476af3.png","contentUrl":"https:\/\/galli.ch\/wp-content\/uploads\/omega-seamaster-planet-ocean-600m-co-axial-master-chronometer-chronograph-45-5-mm-21532465106001-476af3.png","width":1000,"height":1400},{"@type":"BreadcrumbList","@id":"https:\/\/galli.ch\/uhren\/omega\/seamaster\/planet-ocean-600m-215-32-46-51-06-001\/#breadcrumb","itemListElement":[{"@type":"ListItem","position":1,"name":"Home","item":"https:\/\/galli.ch\/en\/"},{"@type":"ListItem","position":2,"name":"Uhren","item":"https:\/\/galli.ch\/en\/uhren\/"},{"@type":"ListItem","position":3,"name":"Omega Seamaster Planet Ocean 600M"}]},{"@type":"WebSite","@id":"http:\/\/galli.ch\/en\/#website","url":"http:\/\/galli.ch\/en\/","name":"Galli Uhren Bijouterie","description":"","potentialAction":[{"@type":"SearchAction","target":{"@type":"EntryPoint","urlTemplate":"http:\/\/galli.ch\/en\/?s={search_term_string}"},"query-input":{"@type":"PropertyValueSpecification","valueRequired":true,"valueName":"search_term_string"}}],"inLanguage":"en-US"}]}},"_links":{"self":[{"href":"https:\/\/galli.ch\/en\/wp-json\/wp\/v2\/product\/32285","targetHints":{"allow":["GET"]}}],"collection":[{"href":"https:\/\/galli.ch\/en\/wp-json\/wp\/v2\/product"}],"about":[{"href":"https:\/\/galli.ch\/en\/wp-json\/wp\/v2\/types\/product"}],"wp:featuredmedia":[{"embeddable":true,"href":"https:\/\/galli.ch\/en\/wp-json\/wp\/v2\/media\/32272"}],"wp:attachment":[{"href":"https:\/\/galli.ch\/en\/wp-json\/wp\/v2\/media?parent=32285"}],"wp:term":[{"taxonomy":"product_brand","embeddable":true,"href":"https:\/\/galli.ch\/en\/wp-json\/wp\/v2\/product_brand?post=32285"},{"taxonomy":"product_cat","embeddable":true,"href":"https:\/\/galli.ch\/en\/wp-json\/wp\/v2\/product_cat?post=32285"},{"taxonomy":"product_tag","embeddable":true,"href":"https:\/\/galli.ch\/en\/wp-json\/wp\/v2\/product_tag?post=32285"}],"curies":[{"name":"wp","href":"https:\/\/api.w.org\/{rel}","templated":true}]}}