{"id":32523,"date":"2024-07-12T16:53:16","date_gmt":"2024-07-12T14:53:16","guid":{"rendered":"https:\/\/galli.ch\/?post_type=product&#038;p=32523"},"modified":"2026-03-30T10:15:23","modified_gmt":"2026-03-30T08:15:23","slug":"ceramic-m79210cnu-0007","status":"publish","type":"product","link":"https:\/\/galli.ch\/en\/uhren\/tudor\/black-bay\/ceramic-m79210cnu-0007\/","title":{"rendered":"Tudor Black Bay Ceramic"},"content":{"rendered":"<p>TUDOR wird offizieller Partner des brandneuen Visa Cash App RB Formula One Teams und bringt das Team damit an die Spitze der Startaufstellung.<\/p>\n<p>TUDOR blickt auf eine lange Tradition im Wettbewerb auf der Rennstrecke zur\u00fcck. TUDOR unterst\u00fctzte siegreiche Teams w\u00e4hrend der goldenen \u00c4ra des Motorsports, angefangen mit dem Tudor Watch Racing Team in den sp\u00e4ten 60er Jahren bis hin zur aktuellen IMSA TUDOR United SportsCar Championship. Jetzt, im Jahr 2024, kehrt TUDOR noch einmal an den Start zur\u00fcck.<br \/>\nVisa Cash App RB ist ein brandneues Formel 1\u00ae-Team, das von TUDOR unterst\u00fctzt wird. Am Steuer der Autos sitzen der bew\u00e4hrte Rennsieger Daniel Ricciardo und der aufregende Youngster Yuki Tsunoda. Das Team wurde radikal umgestaltet, nicht nur im Hinblick auf die auff\u00e4llige Lackierung mit dem TUDOR-Branding und die Rennanz\u00fcge der Fahrer, sondern auch in allen Abteilungen, vom Management bis zur Technik, auf dem Weg zu einem neuen Abenteuer mit dem Ziel, ein Spitzenreiter in der Formel 1\u00ae zu werden.<\/p>\n","protected":false},"excerpt":{"rendered":"<p>TUDOR wird offizieller Partner des brandneuen Visa Cash App RB Formula One Teams und bringt das Team damit an die Spitze der Startaufstellung. TUDOR blickt auf eine lange Tradition im Wettbewerb auf der Rennstrecke zur\u00fcck. TUDOR unterst\u00fctzte siegreiche Teams w\u00e4hrend der goldenen \u00c4ra des Motorsports, angefangen mit dem Tudor Watch Racing Team in den sp\u00e4ten&#8230;  <a class=\"excerpt-read-more\" href=\"https:\/\/galli.ch\/en\/uhren\/tudor\/black-bay\/ceramic-m79210cnu-0007\/\" title=\"Read Tudor Black Bay Ceramic\">Weiter &raquo;<\/a><\/p>\n","protected":false},"featured_media":32403,"template":"","meta":{"_acf_changed":false,"inline_featured_image":false},"product_brand":[],"product_cat":[188],"product_tag":[],"class_list":{"0":"post-32523","1":"product","2":"type-product","3":"status-publish","4":"has-post-thumbnail","6":"uhrenhersteller-tudor","7":"uhrenhersteller-black-bay","8":"product_cat-uhren","10":"first","11":"outofstock","12":"taxable","13":"shipping-taxable","14":"purchasable","15":"product-type-simple"},"acf":[],"yoast_head":"<!-- This site is optimized with the Yoast SEO plugin v25.5 - https:\/\/yoast.com\/wordpress\/plugins\/seo\/ -->\n<title>Tudor Black Bay Ceramic - Galli Uhren Bijouterie<\/title>\n<meta name=\"robots\" content=\"index, follow, max-snippet:-1, max-image-preview:large, max-video-preview:-1\" \/>\n<link rel=\"canonical\" href=\"https:\/\/galli.ch\/uhren\/tudor\/black-bay\/ceramic-m79210cnu-0007\/\" \/>\n<meta property=\"og:locale\" content=\"en_US\" \/>\n<meta property=\"og:type\" content=\"article\" \/>\n<meta property=\"og:title\" content=\"Tudor Black Bay Ceramic - Galli Uhren Bijouterie\" \/>\n<meta property=\"og:description\" content=\"TUDOR wird offizieller Partner des brandneuen Visa Cash App RB Formula One Teams und bringt das Team damit an die Spitze der Startaufstellung. TUDOR blickt auf eine lange Tradition im Wettbewerb auf der Rennstrecke zur\u00fcck. TUDOR unterst\u00fctzte siegreiche Teams w\u00e4hrend der goldenen \u00c4ra des Motorsports, angefangen mit dem Tudor Watch Racing Team in den sp\u00e4ten... Weiter &raquo;\" \/>\n<meta property=\"og:url\" content=\"https:\/\/galli.ch\/uhren\/tudor\/black-bay\/ceramic-m79210cnu-0007\/\" \/>\n<meta property=\"og:site_name\" content=\"Galli Uhren Bijouterie\" \/>\n<meta property=\"article:modified_time\" content=\"2026-03-30T08:15:23+00:00\" \/>\n<meta property=\"og:image\" content=\"https:\/\/galli.ch\/wp-content\/uploads\/tudor-m79210cnu-0007.png\" \/>\n\t<meta property=\"og:image:width\" content=\"1000\" \/>\n\t<meta property=\"og:image:height\" content=\"1400\" \/>\n\t<meta property=\"og:image:type\" content=\"image\/png\" \/>\n<meta name=\"twitter:card\" content=\"summary_large_image\" \/>\n<script type=\"application\/ld+json\" class=\"yoast-schema-graph\">{\"@context\":\"https:\/\/schema.org\",\"@graph\":[{\"@type\":\"WebPage\",\"@id\":\"https:\/\/galli.ch\/uhren\/tudor\/black-bay\/ceramic-m79210cnu-0007\/\",\"url\":\"https:\/\/galli.ch\/uhren\/tudor\/black-bay\/ceramic-m79210cnu-0007\/\",\"name\":\"Tudor Black Bay Ceramic - Galli Uhren Bijouterie\",\"isPartOf\":{\"@id\":\"http:\/\/galli.ch\/en\/#website\"},\"primaryImageOfPage\":{\"@id\":\"https:\/\/galli.ch\/uhren\/tudor\/black-bay\/ceramic-m79210cnu-0007\/#primaryimage\"},\"image\":{\"@id\":\"https:\/\/galli.ch\/uhren\/tudor\/black-bay\/ceramic-m79210cnu-0007\/#primaryimage\"},\"thumbnailUrl\":\"https:\/\/galli.ch\/wp-content\/uploads\/tudor-m79210cnu-0007.png\",\"datePublished\":\"2024-07-12T14:53:16+00:00\",\"dateModified\":\"2026-03-30T08:15:23+00:00\",\"breadcrumb\":{\"@id\":\"https:\/\/galli.ch\/uhren\/tudor\/black-bay\/ceramic-m79210cnu-0007\/#breadcrumb\"},\"inLanguage\":\"en-US\",\"potentialAction\":[{\"@type\":\"ReadAction\",\"target\":[\"https:\/\/galli.ch\/uhren\/tudor\/black-bay\/ceramic-m79210cnu-0007\/\"]}]},{\"@type\":\"ImageObject\",\"inLanguage\":\"en-US\",\"@id\":\"https:\/\/galli.ch\/uhren\/tudor\/black-bay\/ceramic-m79210cnu-0007\/#primaryimage\",\"url\":\"https:\/\/galli.ch\/wp-content\/uploads\/tudor-m79210cnu-0007.png\",\"contentUrl\":\"https:\/\/galli.ch\/wp-content\/uploads\/tudor-m79210cnu-0007.png\",\"width\":1000,\"height\":1400},{\"@type\":\"BreadcrumbList\",\"@id\":\"https:\/\/galli.ch\/uhren\/tudor\/black-bay\/ceramic-m79210cnu-0007\/#breadcrumb\",\"itemListElement\":[{\"@type\":\"ListItem\",\"position\":1,\"name\":\"Home\",\"item\":\"https:\/\/galli.ch\/en\/\"},{\"@type\":\"ListItem\",\"position\":2,\"name\":\"Uhren\",\"item\":\"https:\/\/galli.ch\/en\/uhren\/\"},{\"@type\":\"ListItem\",\"position\":3,\"name\":\"Tudor Black Bay Ceramic\"}]},{\"@type\":\"WebSite\",\"@id\":\"http:\/\/galli.ch\/en\/#website\",\"url\":\"http:\/\/galli.ch\/en\/\",\"name\":\"Galli Uhren Bijouterie\",\"description\":\"\",\"potentialAction\":[{\"@type\":\"SearchAction\",\"target\":{\"@type\":\"EntryPoint\",\"urlTemplate\":\"http:\/\/galli.ch\/en\/?s={search_term_string}\"},\"query-input\":{\"@type\":\"PropertyValueSpecification\",\"valueRequired\":true,\"valueName\":\"search_term_string\"}}],\"inLanguage\":\"en-US\"}]}<\/script>\n<!-- \/ Yoast SEO plugin. -->","yoast_head_json":{"title":"Tudor Black Bay Ceramic - Galli Uhren Bijouterie","robots":{"index":"index","follow":"follow","max-snippet":"max-snippet:-1","max-image-preview":"max-image-preview:large","max-video-preview":"max-video-preview:-1"},"canonical":"https:\/\/galli.ch\/uhren\/tudor\/black-bay\/ceramic-m79210cnu-0007\/","og_locale":"en_US","og_type":"article","og_title":"Tudor Black Bay Ceramic - Galli Uhren Bijouterie","og_description":"TUDOR wird offizieller Partner des brandneuen Visa Cash App RB Formula One Teams und bringt das Team damit an die Spitze der Startaufstellung. TUDOR blickt auf eine lange Tradition im Wettbewerb auf der Rennstrecke zur\u00fcck. TUDOR unterst\u00fctzte siegreiche Teams w\u00e4hrend der goldenen \u00c4ra des Motorsports, angefangen mit dem Tudor Watch Racing Team in den sp\u00e4ten... Weiter &raquo;","og_url":"https:\/\/galli.ch\/uhren\/tudor\/black-bay\/ceramic-m79210cnu-0007\/","og_site_name":"Galli Uhren Bijouterie","article_modified_time":"2026-03-30T08:15:23+00:00","og_image":[{"width":1000,"height":1400,"url":"https:\/\/galli.ch\/wp-content\/uploads\/tudor-m79210cnu-0007.png","type":"image\/png"}],"twitter_card":"summary_large_image","schema":{"@context":"https:\/\/schema.org","@graph":[{"@type":"WebPage","@id":"https:\/\/galli.ch\/uhren\/tudor\/black-bay\/ceramic-m79210cnu-0007\/","url":"https:\/\/galli.ch\/uhren\/tudor\/black-bay\/ceramic-m79210cnu-0007\/","name":"Tudor Black Bay Ceramic - Galli Uhren Bijouterie","isPartOf":{"@id":"http:\/\/galli.ch\/en\/#website"},"primaryImageOfPage":{"@id":"https:\/\/galli.ch\/uhren\/tudor\/black-bay\/ceramic-m79210cnu-0007\/#primaryimage"},"image":{"@id":"https:\/\/galli.ch\/uhren\/tudor\/black-bay\/ceramic-m79210cnu-0007\/#primaryimage"},"thumbnailUrl":"https:\/\/galli.ch\/wp-content\/uploads\/tudor-m79210cnu-0007.png","datePublished":"2024-07-12T14:53:16+00:00","dateModified":"2026-03-30T08:15:23+00:00","breadcrumb":{"@id":"https:\/\/galli.ch\/uhren\/tudor\/black-bay\/ceramic-m79210cnu-0007\/#breadcrumb"},"inLanguage":"en-US","potentialAction":[{"@type":"ReadAction","target":["https:\/\/galli.ch\/uhren\/tudor\/black-bay\/ceramic-m79210cnu-0007\/"]}]},{"@type":"ImageObject","inLanguage":"en-US","@id":"https:\/\/galli.ch\/uhren\/tudor\/black-bay\/ceramic-m79210cnu-0007\/#primaryimage","url":"https:\/\/galli.ch\/wp-content\/uploads\/tudor-m79210cnu-0007.png","contentUrl":"https:\/\/galli.ch\/wp-content\/uploads\/tudor-m79210cnu-0007.png","width":1000,"height":1400},{"@type":"BreadcrumbList","@id":"https:\/\/galli.ch\/uhren\/tudor\/black-bay\/ceramic-m79210cnu-0007\/#breadcrumb","itemListElement":[{"@type":"ListItem","position":1,"name":"Home","item":"https:\/\/galli.ch\/en\/"},{"@type":"ListItem","position":2,"name":"Uhren","item":"https:\/\/galli.ch\/en\/uhren\/"},{"@type":"ListItem","position":3,"name":"Tudor Black Bay Ceramic"}]},{"@type":"WebSite","@id":"http:\/\/galli.ch\/en\/#website","url":"http:\/\/galli.ch\/en\/","name":"Galli Uhren Bijouterie","description":"","potentialAction":[{"@type":"SearchAction","target":{"@type":"EntryPoint","urlTemplate":"http:\/\/galli.ch\/en\/?s={search_term_string}"},"query-input":{"@type":"PropertyValueSpecification","valueRequired":true,"valueName":"search_term_string"}}],"inLanguage":"en-US"}]}},"_links":{"self":[{"href":"https:\/\/galli.ch\/en\/wp-json\/wp\/v2\/product\/32523","targetHints":{"allow":["GET"]}}],"collection":[{"href":"https:\/\/galli.ch\/en\/wp-json\/wp\/v2\/product"}],"about":[{"href":"https:\/\/galli.ch\/en\/wp-json\/wp\/v2\/types\/product"}],"wp:featuredmedia":[{"embeddable":true,"href":"https:\/\/galli.ch\/en\/wp-json\/wp\/v2\/media\/32403"}],"wp:attachment":[{"href":"https:\/\/galli.ch\/en\/wp-json\/wp\/v2\/media?parent=32523"}],"wp:term":[{"taxonomy":"product_brand","embeddable":true,"href":"https:\/\/galli.ch\/en\/wp-json\/wp\/v2\/product_brand?post=32523"},{"taxonomy":"product_cat","embeddable":true,"href":"https:\/\/galli.ch\/en\/wp-json\/wp\/v2\/product_cat?post=32523"},{"taxonomy":"product_tag","embeddable":true,"href":"https:\/\/galli.ch\/en\/wp-json\/wp\/v2\/product_tag?post=32523"}],"curies":[{"name":"wp","href":"https:\/\/api.w.org\/{rel}","templated":true}]}}