{"id":32525,"date":"2024-07-12T17:02:17","date_gmt":"2024-07-12T15:02:17","guid":{"rendered":"https:\/\/galli.ch\/?post_type=product&#038;p=32525"},"modified":"2026-03-30T10:13:17","modified_gmt":"2026-03-30T08:13:17","slug":"endurance-pro-38-x83310281b1s1","status":"publish","type":"product","link":"https:\/\/galli.ch\/en\/uhren\/breitling\/professional\/endurance-pro-38-x83310281b1s1\/","title":{"rendered":"Breitling Endurance Pro 38"},"content":{"rendered":"<p>Die Endurance Pro ist als besonders leichter Wettkampfzeitmesser, aber auch als l\u00e4ssiger Sportchronometer f\u00fcr jeden Tag konzipiert. Sie repr\u00e4sentiert die perfekte Verschmelzung von innovativer Technologie und frischem Design und ist damit die ultimative Athleisure-Uhr. Die Endurance Pro wurde f\u00fcr Frauen und M\u00e4nner gestaltet, in deren aktivem Leben Professionalit\u00e4t und Sportlichkeit zusammenfinden. Sie ist den Herausforderungen eines anstrengenden Workouts gewachsen, ist aber auch ein stilvoller Begleiter im Alltag. Die Endurance Pro verf\u00fcgt \u00fcber ein ultraleichtes Geh\u00e4use aus Breitlight\u00ae.<\/p>\n","protected":false},"excerpt":{"rendered":"<p>Die Endurance Pro ist als besonders leichter Wettkampfzeitmesser, aber auch als l\u00e4ssiger Sportchronometer f\u00fcr jeden Tag konzipiert. Sie repr\u00e4sentiert die perfekte Verschmelzung von innovativer Technologie und frischem Design und ist damit die ultimative Athleisure-Uhr. Die Endurance Pro wurde f\u00fcr Frauen und M\u00e4nner gestaltet, in deren aktivem Leben Professionalit\u00e4t und Sportlichkeit zusammenfinden. Sie ist den Herausforderungen&#8230;  <a class=\"excerpt-read-more\" href=\"https:\/\/galli.ch\/en\/uhren\/breitling\/professional\/endurance-pro-38-x83310281b1s1\/\" title=\"Read Breitling Endurance Pro 38\">Weiter &raquo;<\/a><\/p>\n","protected":false},"featured_media":32355,"template":"","meta":{"_acf_changed":false,"inline_featured_image":false},"product_brand":[],"product_cat":[188],"product_tag":[],"class_list":{"0":"post-32525","1":"product","2":"type-product","3":"status-publish","4":"has-post-thumbnail","6":"uhrenhersteller-breitling","7":"uhrenhersteller-professional","8":"product_cat-uhren","10":"first","11":"instock","12":"taxable","13":"shipping-taxable","14":"purchasable","15":"product-type-simple"},"acf":[],"yoast_head":"<!-- This site is optimized with the Yoast SEO plugin v25.5 - https:\/\/yoast.com\/wordpress\/plugins\/seo\/ -->\n<title>Breitling Endurance Pro 38 - Galli Uhren Bijouterie<\/title>\n<meta name=\"robots\" content=\"index, follow, max-snippet:-1, max-image-preview:large, max-video-preview:-1\" \/>\n<link rel=\"canonical\" href=\"https:\/\/galli.ch\/uhren\/breitling\/professional\/endurance-pro-38-x83310281b1s1\/\" \/>\n<meta property=\"og:locale\" content=\"en_US\" \/>\n<meta property=\"og:type\" content=\"article\" \/>\n<meta property=\"og:title\" content=\"Breitling Endurance Pro 38 - Galli Uhren Bijouterie\" \/>\n<meta property=\"og:description\" content=\"Die Endurance Pro ist als besonders leichter Wettkampfzeitmesser, aber auch als l\u00e4ssiger Sportchronometer f\u00fcr jeden Tag konzipiert. Sie repr\u00e4sentiert die perfekte Verschmelzung von innovativer Technologie und frischem Design und ist damit die ultimative Athleisure-Uhr. Die Endurance Pro wurde f\u00fcr Frauen und M\u00e4nner gestaltet, in deren aktivem Leben Professionalit\u00e4t und Sportlichkeit zusammenfinden. Sie ist den Herausforderungen... Weiter &raquo;\" \/>\n<meta property=\"og:url\" content=\"https:\/\/galli.ch\/uhren\/breitling\/professional\/endurance-pro-38-x83310281b1s1\/\" \/>\n<meta property=\"og:site_name\" content=\"Galli Uhren Bijouterie\" \/>\n<meta property=\"article:modified_time\" content=\"2026-03-30T08:13:17+00:00\" \/>\n<meta property=\"og:image\" content=\"https:\/\/galli.ch\/wp-content\/uploads\/x83310281b1s1-endurance-pro-soldier.png\" \/>\n\t<meta property=\"og:image:width\" content=\"1000\" \/>\n\t<meta property=\"og:image:height\" content=\"1400\" \/>\n\t<meta property=\"og:image:type\" content=\"image\/png\" \/>\n<meta name=\"twitter:card\" content=\"summary_large_image\" \/>\n<script type=\"application\/ld+json\" class=\"yoast-schema-graph\">{\"@context\":\"https:\/\/schema.org\",\"@graph\":[{\"@type\":\"WebPage\",\"@id\":\"https:\/\/galli.ch\/uhren\/breitling\/professional\/endurance-pro-38-x83310281b1s1\/\",\"url\":\"https:\/\/galli.ch\/uhren\/breitling\/professional\/endurance-pro-38-x83310281b1s1\/\",\"name\":\"Breitling Endurance Pro 38 - Galli Uhren Bijouterie\",\"isPartOf\":{\"@id\":\"http:\/\/galli.ch\/en\/#website\"},\"primaryImageOfPage\":{\"@id\":\"https:\/\/galli.ch\/uhren\/breitling\/professional\/endurance-pro-38-x83310281b1s1\/#primaryimage\"},\"image\":{\"@id\":\"https:\/\/galli.ch\/uhren\/breitling\/professional\/endurance-pro-38-x83310281b1s1\/#primaryimage\"},\"thumbnailUrl\":\"https:\/\/galli.ch\/wp-content\/uploads\/x83310281b1s1-endurance-pro-soldier.png\",\"datePublished\":\"2024-07-12T15:02:17+00:00\",\"dateModified\":\"2026-03-30T08:13:17+00:00\",\"breadcrumb\":{\"@id\":\"https:\/\/galli.ch\/uhren\/breitling\/professional\/endurance-pro-38-x83310281b1s1\/#breadcrumb\"},\"inLanguage\":\"en-US\",\"potentialAction\":[{\"@type\":\"ReadAction\",\"target\":[\"https:\/\/galli.ch\/uhren\/breitling\/professional\/endurance-pro-38-x83310281b1s1\/\"]}]},{\"@type\":\"ImageObject\",\"inLanguage\":\"en-US\",\"@id\":\"https:\/\/galli.ch\/uhren\/breitling\/professional\/endurance-pro-38-x83310281b1s1\/#primaryimage\",\"url\":\"https:\/\/galli.ch\/wp-content\/uploads\/x83310281b1s1-endurance-pro-soldier.png\",\"contentUrl\":\"https:\/\/galli.ch\/wp-content\/uploads\/x83310281b1s1-endurance-pro-soldier.png\",\"width\":1000,\"height\":1400},{\"@type\":\"BreadcrumbList\",\"@id\":\"https:\/\/galli.ch\/uhren\/breitling\/professional\/endurance-pro-38-x83310281b1s1\/#breadcrumb\",\"itemListElement\":[{\"@type\":\"ListItem\",\"position\":1,\"name\":\"Home\",\"item\":\"https:\/\/galli.ch\/en\/\"},{\"@type\":\"ListItem\",\"position\":2,\"name\":\"Uhren\",\"item\":\"https:\/\/galli.ch\/en\/uhren\/\"},{\"@type\":\"ListItem\",\"position\":3,\"name\":\"Endurance Pro 38\"}]},{\"@type\":\"WebSite\",\"@id\":\"http:\/\/galli.ch\/en\/#website\",\"url\":\"http:\/\/galli.ch\/en\/\",\"name\":\"Galli Uhren Bijouterie\",\"description\":\"\",\"potentialAction\":[{\"@type\":\"SearchAction\",\"target\":{\"@type\":\"EntryPoint\",\"urlTemplate\":\"http:\/\/galli.ch\/en\/?s={search_term_string}\"},\"query-input\":{\"@type\":\"PropertyValueSpecification\",\"valueRequired\":true,\"valueName\":\"search_term_string\"}}],\"inLanguage\":\"en-US\"}]}<\/script>\n<!-- \/ Yoast SEO plugin. -->","yoast_head_json":{"title":"Breitling Endurance Pro 38 - Galli Uhren Bijouterie","robots":{"index":"index","follow":"follow","max-snippet":"max-snippet:-1","max-image-preview":"max-image-preview:large","max-video-preview":"max-video-preview:-1"},"canonical":"https:\/\/galli.ch\/uhren\/breitling\/professional\/endurance-pro-38-x83310281b1s1\/","og_locale":"en_US","og_type":"article","og_title":"Breitling Endurance Pro 38 - Galli Uhren Bijouterie","og_description":"Die Endurance Pro ist als besonders leichter Wettkampfzeitmesser, aber auch als l\u00e4ssiger Sportchronometer f\u00fcr jeden Tag konzipiert. Sie repr\u00e4sentiert die perfekte Verschmelzung von innovativer Technologie und frischem Design und ist damit die ultimative Athleisure-Uhr. Die Endurance Pro wurde f\u00fcr Frauen und M\u00e4nner gestaltet, in deren aktivem Leben Professionalit\u00e4t und Sportlichkeit zusammenfinden. Sie ist den Herausforderungen... Weiter &raquo;","og_url":"https:\/\/galli.ch\/uhren\/breitling\/professional\/endurance-pro-38-x83310281b1s1\/","og_site_name":"Galli Uhren Bijouterie","article_modified_time":"2026-03-30T08:13:17+00:00","og_image":[{"width":1000,"height":1400,"url":"https:\/\/galli.ch\/wp-content\/uploads\/x83310281b1s1-endurance-pro-soldier.png","type":"image\/png"}],"twitter_card":"summary_large_image","schema":{"@context":"https:\/\/schema.org","@graph":[{"@type":"WebPage","@id":"https:\/\/galli.ch\/uhren\/breitling\/professional\/endurance-pro-38-x83310281b1s1\/","url":"https:\/\/galli.ch\/uhren\/breitling\/professional\/endurance-pro-38-x83310281b1s1\/","name":"Breitling Endurance Pro 38 - Galli Uhren Bijouterie","isPartOf":{"@id":"http:\/\/galli.ch\/en\/#website"},"primaryImageOfPage":{"@id":"https:\/\/galli.ch\/uhren\/breitling\/professional\/endurance-pro-38-x83310281b1s1\/#primaryimage"},"image":{"@id":"https:\/\/galli.ch\/uhren\/breitling\/professional\/endurance-pro-38-x83310281b1s1\/#primaryimage"},"thumbnailUrl":"https:\/\/galli.ch\/wp-content\/uploads\/x83310281b1s1-endurance-pro-soldier.png","datePublished":"2024-07-12T15:02:17+00:00","dateModified":"2026-03-30T08:13:17+00:00","breadcrumb":{"@id":"https:\/\/galli.ch\/uhren\/breitling\/professional\/endurance-pro-38-x83310281b1s1\/#breadcrumb"},"inLanguage":"en-US","potentialAction":[{"@type":"ReadAction","target":["https:\/\/galli.ch\/uhren\/breitling\/professional\/endurance-pro-38-x83310281b1s1\/"]}]},{"@type":"ImageObject","inLanguage":"en-US","@id":"https:\/\/galli.ch\/uhren\/breitling\/professional\/endurance-pro-38-x83310281b1s1\/#primaryimage","url":"https:\/\/galli.ch\/wp-content\/uploads\/x83310281b1s1-endurance-pro-soldier.png","contentUrl":"https:\/\/galli.ch\/wp-content\/uploads\/x83310281b1s1-endurance-pro-soldier.png","width":1000,"height":1400},{"@type":"BreadcrumbList","@id":"https:\/\/galli.ch\/uhren\/breitling\/professional\/endurance-pro-38-x83310281b1s1\/#breadcrumb","itemListElement":[{"@type":"ListItem","position":1,"name":"Home","item":"https:\/\/galli.ch\/en\/"},{"@type":"ListItem","position":2,"name":"Uhren","item":"https:\/\/galli.ch\/en\/uhren\/"},{"@type":"ListItem","position":3,"name":"Endurance Pro 38"}]},{"@type":"WebSite","@id":"http:\/\/galli.ch\/en\/#website","url":"http:\/\/galli.ch\/en\/","name":"Galli Uhren Bijouterie","description":"","potentialAction":[{"@type":"SearchAction","target":{"@type":"EntryPoint","urlTemplate":"http:\/\/galli.ch\/en\/?s={search_term_string}"},"query-input":{"@type":"PropertyValueSpecification","valueRequired":true,"valueName":"search_term_string"}}],"inLanguage":"en-US"}]}},"_links":{"self":[{"href":"https:\/\/galli.ch\/en\/wp-json\/wp\/v2\/product\/32525","targetHints":{"allow":["GET"]}}],"collection":[{"href":"https:\/\/galli.ch\/en\/wp-json\/wp\/v2\/product"}],"about":[{"href":"https:\/\/galli.ch\/en\/wp-json\/wp\/v2\/types\/product"}],"wp:featuredmedia":[{"embeddable":true,"href":"https:\/\/galli.ch\/en\/wp-json\/wp\/v2\/media\/32355"}],"wp:attachment":[{"href":"https:\/\/galli.ch\/en\/wp-json\/wp\/v2\/media?parent=32525"}],"wp:term":[{"taxonomy":"product_brand","embeddable":true,"href":"https:\/\/galli.ch\/en\/wp-json\/wp\/v2\/product_brand?post=32525"},{"taxonomy":"product_cat","embeddable":true,"href":"https:\/\/galli.ch\/en\/wp-json\/wp\/v2\/product_cat?post=32525"},{"taxonomy":"product_tag","embeddable":true,"href":"https:\/\/galli.ch\/en\/wp-json\/wp\/v2\/product_tag?post=32525"}],"curies":[{"name":"wp","href":"https:\/\/api.w.org\/{rel}","templated":true}]}}