{"id":32542,"date":"2024-07-13T09:24:01","date_gmt":"2024-07-13T07:24:01","guid":{"rendered":"https:\/\/galli.ch\/?post_type=product&#038;p=32542"},"modified":"2026-03-30T10:11:01","modified_gmt":"2026-03-30T08:11:01","slug":"superocean-automatic-46-super-diver-e10379d31l1s1","status":"publish","type":"product","link":"https:\/\/galli.ch\/en\/uhren\/breitling\/superocean\/superocean-automatic-46-super-diver-e10379d31l1s1\/","title":{"rendered":"Breitling Superocean Automatic 46 Super Diver"},"content":{"rendered":"<p>Superleistung f\u00fcr alle Ihre Wassersport-Aktivit\u00e4ten. In den 1960er-Jahren galt der Tauchsport als der letzte Schrei. F\u00fcr Taucher war Timing alles, und Breitling machte sich daran, eine m\u00f6glichst schn\u00f6rkellose Taucheruhr zu entwickeln, bei der auf jede Funktion verzichtet wurde, die nicht auf die lebensrettenden Anforderungen unter Wasser abgestimmt war. Diese auf das Wesentliche reduzierte Uhr erhielt den Namen Superocean Slow Motion. Was blieb, waren klare Linien, massive Leuchtindizes, eckige Zeiger und ein kontrastreicher Zifferblattring, um maximale Ablesbarkeit zu garantieren. Praktisch war sie in jedem Fall. Aber was die Leute wirklich begeisterte, war ihr Look. Die Superocean Automatic 46 Super Diver nimmt die gefeierten Designelemente der Slow Motion wieder auf und erg\u00e4nzt sie mit modernen Funktionen wie einer kratzfesten, matten Keramikinlay-L\u00fcnette und Camouflage-Zifferbl\u00e4ttern.<\/p>\n","protected":false},"excerpt":{"rendered":"<p>Superleistung f\u00fcr alle Ihre Wassersport-Aktivit\u00e4ten. In den 1960er-Jahren galt der Tauchsport als der letzte Schrei. F\u00fcr Taucher war Timing alles, und Breitling machte sich daran, eine m\u00f6glichst schn\u00f6rkellose Taucheruhr zu entwickeln, bei der auf jede Funktion verzichtet wurde, die nicht auf die lebensrettenden Anforderungen unter Wasser abgestimmt war. Diese auf das Wesentliche reduzierte Uhr erhielt&#8230;  <a class=\"excerpt-read-more\" href=\"https:\/\/galli.ch\/en\/uhren\/breitling\/superocean\/superocean-automatic-46-super-diver-e10379d31l1s1\/\" title=\"Read Breitling Superocean Automatic 46 Super Diver\">Weiter &raquo;<\/a><\/p>\n","protected":false},"featured_media":32307,"template":"","meta":{"_acf_changed":false,"inline_featured_image":false},"product_brand":[],"product_cat":[188],"product_tag":[],"class_list":{"0":"post-32542","1":"product","2":"type-product","3":"status-publish","4":"has-post-thumbnail","6":"uhrenhersteller-breitling","7":"uhrenhersteller-superocean","8":"product_cat-uhren","10":"first","11":"instock","12":"taxable","13":"shipping-taxable","14":"purchasable","15":"product-type-simple"},"acf":[],"yoast_head":"<!-- This site is optimized with the Yoast SEO plugin v25.5 - https:\/\/yoast.com\/wordpress\/plugins\/seo\/ -->\n<title>Breitling Superocean Automatic 46 Super Diver - Galli Uhren Bijouterie<\/title>\n<meta name=\"robots\" content=\"index, follow, max-snippet:-1, max-image-preview:large, max-video-preview:-1\" \/>\n<link rel=\"canonical\" href=\"https:\/\/galli.ch\/uhren\/breitling\/superocean\/superocean-automatic-46-super-diver-e10379d31l1s1\/\" \/>\n<meta property=\"og:locale\" content=\"en_US\" \/>\n<meta property=\"og:type\" content=\"article\" \/>\n<meta property=\"og:title\" content=\"Breitling Superocean Automatic 46 Super Diver - Galli Uhren Bijouterie\" \/>\n<meta property=\"og:description\" content=\"Superleistung f\u00fcr alle Ihre Wassersport-Aktivit\u00e4ten. In den 1960er-Jahren galt der Tauchsport als der letzte Schrei. F\u00fcr Taucher war Timing alles, und Breitling machte sich daran, eine m\u00f6glichst schn\u00f6rkellose Taucheruhr zu entwickeln, bei der auf jede Funktion verzichtet wurde, die nicht auf die lebensrettenden Anforderungen unter Wasser abgestimmt war. Diese auf das Wesentliche reduzierte Uhr erhielt... Weiter &raquo;\" \/>\n<meta property=\"og:url\" content=\"https:\/\/galli.ch\/uhren\/breitling\/superocean\/superocean-automatic-46-super-diver-e10379d31l1s1\/\" \/>\n<meta property=\"og:site_name\" content=\"Galli Uhren Bijouterie\" \/>\n<meta property=\"article:modified_time\" content=\"2026-03-30T08:11:01+00:00\" \/>\n<meta property=\"og:image\" content=\"https:\/\/galli.ch\/wp-content\/uploads\/e10379d31l1s1-superocean-automatic-46-super-diver-soldier.png\" \/>\n\t<meta property=\"og:image:width\" content=\"1000\" \/>\n\t<meta property=\"og:image:height\" content=\"1400\" \/>\n\t<meta property=\"og:image:type\" content=\"image\/png\" \/>\n<meta name=\"twitter:card\" content=\"summary_large_image\" \/>\n<script type=\"application\/ld+json\" class=\"yoast-schema-graph\">{\"@context\":\"https:\/\/schema.org\",\"@graph\":[{\"@type\":\"WebPage\",\"@id\":\"https:\/\/galli.ch\/uhren\/breitling\/superocean\/superocean-automatic-46-super-diver-e10379d31l1s1\/\",\"url\":\"https:\/\/galli.ch\/uhren\/breitling\/superocean\/superocean-automatic-46-super-diver-e10379d31l1s1\/\",\"name\":\"Breitling Superocean Automatic 46 Super Diver - Galli Uhren Bijouterie\",\"isPartOf\":{\"@id\":\"http:\/\/galli.ch\/en\/#website\"},\"primaryImageOfPage\":{\"@id\":\"https:\/\/galli.ch\/uhren\/breitling\/superocean\/superocean-automatic-46-super-diver-e10379d31l1s1\/#primaryimage\"},\"image\":{\"@id\":\"https:\/\/galli.ch\/uhren\/breitling\/superocean\/superocean-automatic-46-super-diver-e10379d31l1s1\/#primaryimage\"},\"thumbnailUrl\":\"https:\/\/galli.ch\/wp-content\/uploads\/e10379d31l1s1-superocean-automatic-46-super-diver-soldier.png\",\"datePublished\":\"2024-07-13T07:24:01+00:00\",\"dateModified\":\"2026-03-30T08:11:01+00:00\",\"breadcrumb\":{\"@id\":\"https:\/\/galli.ch\/uhren\/breitling\/superocean\/superocean-automatic-46-super-diver-e10379d31l1s1\/#breadcrumb\"},\"inLanguage\":\"en-US\",\"potentialAction\":[{\"@type\":\"ReadAction\",\"target\":[\"https:\/\/galli.ch\/uhren\/breitling\/superocean\/superocean-automatic-46-super-diver-e10379d31l1s1\/\"]}]},{\"@type\":\"ImageObject\",\"inLanguage\":\"en-US\",\"@id\":\"https:\/\/galli.ch\/uhren\/breitling\/superocean\/superocean-automatic-46-super-diver-e10379d31l1s1\/#primaryimage\",\"url\":\"https:\/\/galli.ch\/wp-content\/uploads\/e10379d31l1s1-superocean-automatic-46-super-diver-soldier.png\",\"contentUrl\":\"https:\/\/galli.ch\/wp-content\/uploads\/e10379d31l1s1-superocean-automatic-46-super-diver-soldier.png\",\"width\":1000,\"height\":1400},{\"@type\":\"BreadcrumbList\",\"@id\":\"https:\/\/galli.ch\/uhren\/breitling\/superocean\/superocean-automatic-46-super-diver-e10379d31l1s1\/#breadcrumb\",\"itemListElement\":[{\"@type\":\"ListItem\",\"position\":1,\"name\":\"Home\",\"item\":\"https:\/\/galli.ch\/en\/\"},{\"@type\":\"ListItem\",\"position\":2,\"name\":\"Uhren\",\"item\":\"https:\/\/galli.ch\/en\/uhren\/\"},{\"@type\":\"ListItem\",\"position\":3,\"name\":\"Superocean Automatic 46 Super Diver\"}]},{\"@type\":\"WebSite\",\"@id\":\"http:\/\/galli.ch\/en\/#website\",\"url\":\"http:\/\/galli.ch\/en\/\",\"name\":\"Galli Uhren Bijouterie\",\"description\":\"\",\"potentialAction\":[{\"@type\":\"SearchAction\",\"target\":{\"@type\":\"EntryPoint\",\"urlTemplate\":\"http:\/\/galli.ch\/en\/?s={search_term_string}\"},\"query-input\":{\"@type\":\"PropertyValueSpecification\",\"valueRequired\":true,\"valueName\":\"search_term_string\"}}],\"inLanguage\":\"en-US\"}]}<\/script>\n<!-- \/ Yoast SEO plugin. -->","yoast_head_json":{"title":"Breitling Superocean Automatic 46 Super Diver - Galli Uhren Bijouterie","robots":{"index":"index","follow":"follow","max-snippet":"max-snippet:-1","max-image-preview":"max-image-preview:large","max-video-preview":"max-video-preview:-1"},"canonical":"https:\/\/galli.ch\/uhren\/breitling\/superocean\/superocean-automatic-46-super-diver-e10379d31l1s1\/","og_locale":"en_US","og_type":"article","og_title":"Breitling Superocean Automatic 46 Super Diver - Galli Uhren Bijouterie","og_description":"Superleistung f\u00fcr alle Ihre Wassersport-Aktivit\u00e4ten. In den 1960er-Jahren galt der Tauchsport als der letzte Schrei. F\u00fcr Taucher war Timing alles, und Breitling machte sich daran, eine m\u00f6glichst schn\u00f6rkellose Taucheruhr zu entwickeln, bei der auf jede Funktion verzichtet wurde, die nicht auf die lebensrettenden Anforderungen unter Wasser abgestimmt war. Diese auf das Wesentliche reduzierte Uhr erhielt... Weiter &raquo;","og_url":"https:\/\/galli.ch\/uhren\/breitling\/superocean\/superocean-automatic-46-super-diver-e10379d31l1s1\/","og_site_name":"Galli Uhren Bijouterie","article_modified_time":"2026-03-30T08:11:01+00:00","og_image":[{"width":1000,"height":1400,"url":"https:\/\/galli.ch\/wp-content\/uploads\/e10379d31l1s1-superocean-automatic-46-super-diver-soldier.png","type":"image\/png"}],"twitter_card":"summary_large_image","schema":{"@context":"https:\/\/schema.org","@graph":[{"@type":"WebPage","@id":"https:\/\/galli.ch\/uhren\/breitling\/superocean\/superocean-automatic-46-super-diver-e10379d31l1s1\/","url":"https:\/\/galli.ch\/uhren\/breitling\/superocean\/superocean-automatic-46-super-diver-e10379d31l1s1\/","name":"Breitling Superocean Automatic 46 Super Diver - Galli Uhren Bijouterie","isPartOf":{"@id":"http:\/\/galli.ch\/en\/#website"},"primaryImageOfPage":{"@id":"https:\/\/galli.ch\/uhren\/breitling\/superocean\/superocean-automatic-46-super-diver-e10379d31l1s1\/#primaryimage"},"image":{"@id":"https:\/\/galli.ch\/uhren\/breitling\/superocean\/superocean-automatic-46-super-diver-e10379d31l1s1\/#primaryimage"},"thumbnailUrl":"https:\/\/galli.ch\/wp-content\/uploads\/e10379d31l1s1-superocean-automatic-46-super-diver-soldier.png","datePublished":"2024-07-13T07:24:01+00:00","dateModified":"2026-03-30T08:11:01+00:00","breadcrumb":{"@id":"https:\/\/galli.ch\/uhren\/breitling\/superocean\/superocean-automatic-46-super-diver-e10379d31l1s1\/#breadcrumb"},"inLanguage":"en-US","potentialAction":[{"@type":"ReadAction","target":["https:\/\/galli.ch\/uhren\/breitling\/superocean\/superocean-automatic-46-super-diver-e10379d31l1s1\/"]}]},{"@type":"ImageObject","inLanguage":"en-US","@id":"https:\/\/galli.ch\/uhren\/breitling\/superocean\/superocean-automatic-46-super-diver-e10379d31l1s1\/#primaryimage","url":"https:\/\/galli.ch\/wp-content\/uploads\/e10379d31l1s1-superocean-automatic-46-super-diver-soldier.png","contentUrl":"https:\/\/galli.ch\/wp-content\/uploads\/e10379d31l1s1-superocean-automatic-46-super-diver-soldier.png","width":1000,"height":1400},{"@type":"BreadcrumbList","@id":"https:\/\/galli.ch\/uhren\/breitling\/superocean\/superocean-automatic-46-super-diver-e10379d31l1s1\/#breadcrumb","itemListElement":[{"@type":"ListItem","position":1,"name":"Home","item":"https:\/\/galli.ch\/en\/"},{"@type":"ListItem","position":2,"name":"Uhren","item":"https:\/\/galli.ch\/en\/uhren\/"},{"@type":"ListItem","position":3,"name":"Superocean Automatic 46 Super Diver"}]},{"@type":"WebSite","@id":"http:\/\/galli.ch\/en\/#website","url":"http:\/\/galli.ch\/en\/","name":"Galli Uhren Bijouterie","description":"","potentialAction":[{"@type":"SearchAction","target":{"@type":"EntryPoint","urlTemplate":"http:\/\/galli.ch\/en\/?s={search_term_string}"},"query-input":{"@type":"PropertyValueSpecification","valueRequired":true,"valueName":"search_term_string"}}],"inLanguage":"en-US"}]}},"_links":{"self":[{"href":"https:\/\/galli.ch\/en\/wp-json\/wp\/v2\/product\/32542","targetHints":{"allow":["GET"]}}],"collection":[{"href":"https:\/\/galli.ch\/en\/wp-json\/wp\/v2\/product"}],"about":[{"href":"https:\/\/galli.ch\/en\/wp-json\/wp\/v2\/types\/product"}],"wp:featuredmedia":[{"embeddable":true,"href":"https:\/\/galli.ch\/en\/wp-json\/wp\/v2\/media\/32307"}],"wp:attachment":[{"href":"https:\/\/galli.ch\/en\/wp-json\/wp\/v2\/media?parent=32542"}],"wp:term":[{"taxonomy":"product_brand","embeddable":true,"href":"https:\/\/galli.ch\/en\/wp-json\/wp\/v2\/product_brand?post=32542"},{"taxonomy":"product_cat","embeddable":true,"href":"https:\/\/galli.ch\/en\/wp-json\/wp\/v2\/product_cat?post=32542"},{"taxonomy":"product_tag","embeddable":true,"href":"https:\/\/galli.ch\/en\/wp-json\/wp\/v2\/product_tag?post=32542"}],"curies":[{"name":"wp","href":"https:\/\/api.w.org\/{rel}","templated":true}]}}