{"id":32564,"date":"2024-07-15T13:06:13","date_gmt":"2024-07-15T11:06:13","guid":{"rendered":"https:\/\/galli.ch\/?post_type=product&#038;p=32564"},"modified":"2025-03-13T13:45:44","modified_gmt":"2025-03-13T12:45:44","slug":"rotgold-armband-mit-mondsteine-abr18mo","status":"publish","type":"product","link":"https:\/\/galli.ch\/en\/schmuck\/herzog-loibner\/rotgold-armband-mit-mondsteine-abr18mo\/","title":{"rendered":"Herzog Loibner Rotgold Armband mit Mondsteine"},"content":{"rendered":"<p>Die 18 Karat Gold Goldarmb\u00e4nder von Herzog Loibner stehen f\u00fcr h\u00f6chste Qualit\u00e4t und \u00fcberzeugen durch moderne Eleganz und luxuri\u00f6sem Finish. Casual zum Cashmere Pullover wie auch elegant zum Abendkleid entfalten die von Herzog Loibner handgeschmiedeten Armb\u00e4nder ihre pure und formvollendete Wirkung. Herzog Loibner Armb\u00e4nder sind ein sympathisches Statement, Schmuckst\u00fccke f\u00fcr die selbstbewusste stilorientierte Frau.<\/p>\n","protected":false},"excerpt":{"rendered":"<p>Die 18 Karat Gold Goldarmb\u00e4nder von Herzog Loibner stehen f\u00fcr h\u00f6chste Qualit\u00e4t und \u00fcberzeugen durch moderne Eleganz und luxuri\u00f6sem Finish. Casual zum Cashmere Pullover wie auch elegant zum Abendkleid entfalten die von Herzog Loibner handgeschmiedeten Armb\u00e4nder ihre pure und formvollendete Wirkung. Herzog Loibner Armb\u00e4nder sind ein sympathisches Statement, Schmuckst\u00fccke f\u00fcr die selbstbewusste stilorientierte Frau.<\/p>\n","protected":false},"featured_media":32505,"template":"","meta":{"_acf_changed":false,"inline_featured_image":false},"product_brand":[],"product_cat":[189],"product_tag":[],"class_list":{"0":"post-32564","1":"product","2":"type-product","3":"status-publish","4":"has-post-thumbnail","6":"schmuckhersteller-herzog-loibner","7":"schmuckthemen-bracelets","8":"product_cat-schmuck","10":"first","11":"outofstock","12":"taxable","13":"shipping-taxable","14":"purchasable","15":"product-type-simple"},"acf":[],"yoast_head":"<!-- This site is optimized with the Yoast SEO plugin v25.5 - https:\/\/yoast.com\/wordpress\/plugins\/seo\/ -->\n<title>Herzog Loibner Rotgold Armband mit Mondsteine - Galli Uhren Bijouterie<\/title>\n<meta name=\"robots\" content=\"index, follow, max-snippet:-1, max-image-preview:large, max-video-preview:-1\" \/>\n<link rel=\"canonical\" href=\"https:\/\/galli.ch\/schmuck\/herzog-loibner\/rotgold-armband-mit-mondsteine-abr18mo\/\" \/>\n<meta property=\"og:locale\" content=\"en_US\" \/>\n<meta property=\"og:type\" content=\"article\" \/>\n<meta property=\"og:title\" content=\"Herzog Loibner Rotgold Armband mit Mondsteine - Galli Uhren Bijouterie\" \/>\n<meta property=\"og:description\" content=\"Die 18 Karat Gold Goldarmb\u00e4nder von Herzog Loibner stehen f\u00fcr h\u00f6chste Qualit\u00e4t und \u00fcberzeugen durch moderne Eleganz und luxuri\u00f6sem Finish. Casual zum Cashmere Pullover wie auch elegant zum Abendkleid entfalten die von Herzog Loibner handgeschmiedeten Armb\u00e4nder ihre pure und formvollendete Wirkung. Herzog Loibner Armb\u00e4nder sind ein sympathisches Statement, Schmuckst\u00fccke f\u00fcr die selbstbewusste stilorientierte Frau.\" \/>\n<meta property=\"og:url\" content=\"https:\/\/galli.ch\/schmuck\/herzog-loibner\/rotgold-armband-mit-mondsteine-abr18mo\/\" \/>\n<meta property=\"og:site_name\" content=\"Galli Uhren Bijouterie\" \/>\n<meta property=\"article:modified_time\" content=\"2025-03-13T12:45:44+00:00\" \/>\n<meta property=\"og:image\" content=\"https:\/\/galli.ch\/wp-content\/uploads\/240601R_7662_web.png\" \/>\n\t<meta property=\"og:image:width\" content=\"1000\" \/>\n\t<meta property=\"og:image:height\" content=\"1400\" \/>\n\t<meta property=\"og:image:type\" content=\"image\/png\" \/>\n<meta name=\"twitter:card\" content=\"summary_large_image\" \/>\n<script type=\"application\/ld+json\" class=\"yoast-schema-graph\">{\"@context\":\"https:\/\/schema.org\",\"@graph\":[{\"@type\":\"WebPage\",\"@id\":\"https:\/\/galli.ch\/schmuck\/herzog-loibner\/rotgold-armband-mit-mondsteine-abr18mo\/\",\"url\":\"https:\/\/galli.ch\/schmuck\/herzog-loibner\/rotgold-armband-mit-mondsteine-abr18mo\/\",\"name\":\"Herzog Loibner Rotgold Armband mit Mondsteine - Galli Uhren Bijouterie\",\"isPartOf\":{\"@id\":\"http:\/\/galli.ch\/en\/#website\"},\"primaryImageOfPage\":{\"@id\":\"https:\/\/galli.ch\/schmuck\/herzog-loibner\/rotgold-armband-mit-mondsteine-abr18mo\/#primaryimage\"},\"image\":{\"@id\":\"https:\/\/galli.ch\/schmuck\/herzog-loibner\/rotgold-armband-mit-mondsteine-abr18mo\/#primaryimage\"},\"thumbnailUrl\":\"https:\/\/galli.ch\/wp-content\/uploads\/240601R_7662_web.png\",\"datePublished\":\"2024-07-15T11:06:13+00:00\",\"dateModified\":\"2025-03-13T12:45:44+00:00\",\"breadcrumb\":{\"@id\":\"https:\/\/galli.ch\/schmuck\/herzog-loibner\/rotgold-armband-mit-mondsteine-abr18mo\/#breadcrumb\"},\"inLanguage\":\"en-US\",\"potentialAction\":[{\"@type\":\"ReadAction\",\"target\":[\"https:\/\/galli.ch\/schmuck\/herzog-loibner\/rotgold-armband-mit-mondsteine-abr18mo\/\"]}]},{\"@type\":\"ImageObject\",\"inLanguage\":\"en-US\",\"@id\":\"https:\/\/galli.ch\/schmuck\/herzog-loibner\/rotgold-armband-mit-mondsteine-abr18mo\/#primaryimage\",\"url\":\"https:\/\/galli.ch\/wp-content\/uploads\/240601R_7662_web.png\",\"contentUrl\":\"https:\/\/galli.ch\/wp-content\/uploads\/240601R_7662_web.png\",\"width\":1000,\"height\":1400},{\"@type\":\"BreadcrumbList\",\"@id\":\"https:\/\/galli.ch\/schmuck\/herzog-loibner\/rotgold-armband-mit-mondsteine-abr18mo\/#breadcrumb\",\"itemListElement\":[{\"@type\":\"ListItem\",\"position\":1,\"name\":\"Home\",\"item\":\"https:\/\/galli.ch\/en\/\"},{\"@type\":\"ListItem\",\"position\":2,\"name\":\"Uhren\",\"item\":\"https:\/\/galli.ch\/en\/uhren\/\"},{\"@type\":\"ListItem\",\"position\":3,\"name\":\"Rotgold Armband mit Mondsteine\"}]},{\"@type\":\"WebSite\",\"@id\":\"http:\/\/galli.ch\/en\/#website\",\"url\":\"http:\/\/galli.ch\/en\/\",\"name\":\"Galli Uhren Bijouterie\",\"description\":\"\",\"potentialAction\":[{\"@type\":\"SearchAction\",\"target\":{\"@type\":\"EntryPoint\",\"urlTemplate\":\"http:\/\/galli.ch\/en\/?s={search_term_string}\"},\"query-input\":{\"@type\":\"PropertyValueSpecification\",\"valueRequired\":true,\"valueName\":\"search_term_string\"}}],\"inLanguage\":\"en-US\"}]}<\/script>\n<!-- \/ Yoast SEO plugin. -->","yoast_head_json":{"title":"Herzog Loibner Rotgold Armband mit Mondsteine - Galli Uhren Bijouterie","robots":{"index":"index","follow":"follow","max-snippet":"max-snippet:-1","max-image-preview":"max-image-preview:large","max-video-preview":"max-video-preview:-1"},"canonical":"https:\/\/galli.ch\/schmuck\/herzog-loibner\/rotgold-armband-mit-mondsteine-abr18mo\/","og_locale":"en_US","og_type":"article","og_title":"Herzog Loibner Rotgold Armband mit Mondsteine - Galli Uhren Bijouterie","og_description":"Die 18 Karat Gold Goldarmb\u00e4nder von Herzog Loibner stehen f\u00fcr h\u00f6chste Qualit\u00e4t und \u00fcberzeugen durch moderne Eleganz und luxuri\u00f6sem Finish. Casual zum Cashmere Pullover wie auch elegant zum Abendkleid entfalten die von Herzog Loibner handgeschmiedeten Armb\u00e4nder ihre pure und formvollendete Wirkung. Herzog Loibner Armb\u00e4nder sind ein sympathisches Statement, Schmuckst\u00fccke f\u00fcr die selbstbewusste stilorientierte Frau.","og_url":"https:\/\/galli.ch\/schmuck\/herzog-loibner\/rotgold-armband-mit-mondsteine-abr18mo\/","og_site_name":"Galli Uhren Bijouterie","article_modified_time":"2025-03-13T12:45:44+00:00","og_image":[{"width":1000,"height":1400,"url":"https:\/\/galli.ch\/wp-content\/uploads\/240601R_7662_web.png","type":"image\/png"}],"twitter_card":"summary_large_image","schema":{"@context":"https:\/\/schema.org","@graph":[{"@type":"WebPage","@id":"https:\/\/galli.ch\/schmuck\/herzog-loibner\/rotgold-armband-mit-mondsteine-abr18mo\/","url":"https:\/\/galli.ch\/schmuck\/herzog-loibner\/rotgold-armband-mit-mondsteine-abr18mo\/","name":"Herzog Loibner Rotgold Armband mit Mondsteine - Galli Uhren Bijouterie","isPartOf":{"@id":"http:\/\/galli.ch\/en\/#website"},"primaryImageOfPage":{"@id":"https:\/\/galli.ch\/schmuck\/herzog-loibner\/rotgold-armband-mit-mondsteine-abr18mo\/#primaryimage"},"image":{"@id":"https:\/\/galli.ch\/schmuck\/herzog-loibner\/rotgold-armband-mit-mondsteine-abr18mo\/#primaryimage"},"thumbnailUrl":"https:\/\/galli.ch\/wp-content\/uploads\/240601R_7662_web.png","datePublished":"2024-07-15T11:06:13+00:00","dateModified":"2025-03-13T12:45:44+00:00","breadcrumb":{"@id":"https:\/\/galli.ch\/schmuck\/herzog-loibner\/rotgold-armband-mit-mondsteine-abr18mo\/#breadcrumb"},"inLanguage":"en-US","potentialAction":[{"@type":"ReadAction","target":["https:\/\/galli.ch\/schmuck\/herzog-loibner\/rotgold-armband-mit-mondsteine-abr18mo\/"]}]},{"@type":"ImageObject","inLanguage":"en-US","@id":"https:\/\/galli.ch\/schmuck\/herzog-loibner\/rotgold-armband-mit-mondsteine-abr18mo\/#primaryimage","url":"https:\/\/galli.ch\/wp-content\/uploads\/240601R_7662_web.png","contentUrl":"https:\/\/galli.ch\/wp-content\/uploads\/240601R_7662_web.png","width":1000,"height":1400},{"@type":"BreadcrumbList","@id":"https:\/\/galli.ch\/schmuck\/herzog-loibner\/rotgold-armband-mit-mondsteine-abr18mo\/#breadcrumb","itemListElement":[{"@type":"ListItem","position":1,"name":"Home","item":"https:\/\/galli.ch\/en\/"},{"@type":"ListItem","position":2,"name":"Uhren","item":"https:\/\/galli.ch\/en\/uhren\/"},{"@type":"ListItem","position":3,"name":"Rotgold Armband mit Mondsteine"}]},{"@type":"WebSite","@id":"http:\/\/galli.ch\/en\/#website","url":"http:\/\/galli.ch\/en\/","name":"Galli Uhren Bijouterie","description":"","potentialAction":[{"@type":"SearchAction","target":{"@type":"EntryPoint","urlTemplate":"http:\/\/galli.ch\/en\/?s={search_term_string}"},"query-input":{"@type":"PropertyValueSpecification","valueRequired":true,"valueName":"search_term_string"}}],"inLanguage":"en-US"}]}},"_links":{"self":[{"href":"https:\/\/galli.ch\/en\/wp-json\/wp\/v2\/product\/32564","targetHints":{"allow":["GET"]}}],"collection":[{"href":"https:\/\/galli.ch\/en\/wp-json\/wp\/v2\/product"}],"about":[{"href":"https:\/\/galli.ch\/en\/wp-json\/wp\/v2\/types\/product"}],"wp:featuredmedia":[{"embeddable":true,"href":"https:\/\/galli.ch\/en\/wp-json\/wp\/v2\/media\/32505"}],"wp:attachment":[{"href":"https:\/\/galli.ch\/en\/wp-json\/wp\/v2\/media?parent=32564"}],"wp:term":[{"taxonomy":"product_brand","embeddable":true,"href":"https:\/\/galli.ch\/en\/wp-json\/wp\/v2\/product_brand?post=32564"},{"taxonomy":"product_cat","embeddable":true,"href":"https:\/\/galli.ch\/en\/wp-json\/wp\/v2\/product_cat?post=32564"},{"taxonomy":"product_tag","embeddable":true,"href":"https:\/\/galli.ch\/en\/wp-json\/wp\/v2\/product_tag?post=32564"}],"curies":[{"name":"wp","href":"https:\/\/api.w.org\/{rel}","templated":true}]}}