{"id":32570,"date":"2024-07-15T13:51:22","date_gmt":"2024-07-15T11:51:22","guid":{"rendered":"https:\/\/galli.ch\/?post_type=product&#038;p=32570"},"modified":"2025-03-13T13:45:45","modified_gmt":"2025-03-13T12:45:45","slug":"rotgold-collier-mit-mondsteine-und-anhaenger","status":"publish","type":"product","link":"https:\/\/galli.ch\/en\/schmuck\/herzog-loibner\/rotgold-collier-mit-mondsteine-und-anhaenger\/","title":{"rendered":"Herzog Loibner Rotgold Collier mit Mondsteine und Anh\u00e4nger"},"content":{"rendered":"<p>Die Ketten von Herzog Loibner stehen f\u00fcr h\u00f6chste Qualit\u00e4t und \u00fcberzeugen durch moderne Eleganz und luxuri\u00f6sem Finish. Casual zum Cashmere Pullover wie auch elegant zum Abendkleid entfalten die von Herzog Loibner handgeschmiedeten 18-Karat Gold Colliers ihre pure und formvollendete Wirkung.<\/p>\n","protected":false},"excerpt":{"rendered":"<p>Die Ketten von Herzog Loibner stehen f\u00fcr h\u00f6chste Qualit\u00e4t und \u00fcberzeugen durch moderne Eleganz und luxuri\u00f6sem Finish. Casual zum Cashmere Pullover wie auch elegant zum Abendkleid entfalten die von Herzog Loibner handgeschmiedeten 18-Karat Gold Colliers ihre pure und formvollendete Wirkung.<\/p>\n","protected":false},"featured_media":32511,"template":"","meta":{"_acf_changed":false,"inline_featured_image":false},"product_brand":[],"product_cat":[189],"product_tag":[],"class_list":{"0":"post-32570","1":"product","2":"type-product","3":"status-publish","4":"has-post-thumbnail","6":"schmuckhersteller-herzog-loibner","7":"schmuckthemen-necklaces","8":"product_cat-schmuck","10":"first","11":"outofstock","12":"taxable","13":"shipping-taxable","14":"purchasable","15":"product-type-simple"},"acf":[],"yoast_head":"<!-- This site is optimized with the Yoast SEO plugin v25.5 - https:\/\/yoast.com\/wordpress\/plugins\/seo\/ -->\n<title>Herzog Loibner Rotgold Collier mit Mondsteine und Anh\u00e4nger - Galli Uhren Bijouterie<\/title>\n<meta name=\"robots\" content=\"index, follow, max-snippet:-1, max-image-preview:large, max-video-preview:-1\" \/>\n<link rel=\"canonical\" href=\"https:\/\/galli.ch\/schmuck\/herzog-loibner\/rotgold-collier-mit-mondsteine-und-anhaenger\/\" \/>\n<meta property=\"og:locale\" content=\"en_US\" \/>\n<meta property=\"og:type\" content=\"article\" \/>\n<meta property=\"og:title\" content=\"Herzog Loibner Rotgold Collier mit Mondsteine und Anh\u00e4nger - Galli Uhren Bijouterie\" \/>\n<meta property=\"og:description\" content=\"Die Ketten von Herzog Loibner stehen f\u00fcr h\u00f6chste Qualit\u00e4t und \u00fcberzeugen durch moderne Eleganz und luxuri\u00f6sem Finish. Casual zum Cashmere Pullover wie auch elegant zum Abendkleid entfalten die von Herzog Loibner handgeschmiedeten 18-Karat Gold Colliers ihre pure und formvollendete Wirkung.\" \/>\n<meta property=\"og:url\" content=\"https:\/\/galli.ch\/schmuck\/herzog-loibner\/rotgold-collier-mit-mondsteine-und-anhaenger\/\" \/>\n<meta property=\"og:site_name\" content=\"Galli Uhren Bijouterie\" \/>\n<meta property=\"article:modified_time\" content=\"2025-03-13T12:45:45+00:00\" \/>\n<meta property=\"og:image\" content=\"https:\/\/galli.ch\/wp-content\/uploads\/240601R_8165_web.png\" \/>\n\t<meta property=\"og:image:width\" content=\"1000\" \/>\n\t<meta property=\"og:image:height\" content=\"1400\" \/>\n\t<meta property=\"og:image:type\" content=\"image\/png\" \/>\n<meta name=\"twitter:card\" content=\"summary_large_image\" \/>\n<script type=\"application\/ld+json\" class=\"yoast-schema-graph\">{\"@context\":\"https:\/\/schema.org\",\"@graph\":[{\"@type\":\"WebPage\",\"@id\":\"https:\/\/galli.ch\/schmuck\/herzog-loibner\/rotgold-collier-mit-mondsteine-und-anhaenger\/\",\"url\":\"https:\/\/galli.ch\/schmuck\/herzog-loibner\/rotgold-collier-mit-mondsteine-und-anhaenger\/\",\"name\":\"Herzog Loibner Rotgold Collier mit Mondsteine und Anh\u00e4nger - Galli Uhren Bijouterie\",\"isPartOf\":{\"@id\":\"http:\/\/galli.ch\/en\/#website\"},\"primaryImageOfPage\":{\"@id\":\"https:\/\/galli.ch\/schmuck\/herzog-loibner\/rotgold-collier-mit-mondsteine-und-anhaenger\/#primaryimage\"},\"image\":{\"@id\":\"https:\/\/galli.ch\/schmuck\/herzog-loibner\/rotgold-collier-mit-mondsteine-und-anhaenger\/#primaryimage\"},\"thumbnailUrl\":\"https:\/\/galli.ch\/wp-content\/uploads\/240601R_8165_web.png\",\"datePublished\":\"2024-07-15T11:51:22+00:00\",\"dateModified\":\"2025-03-13T12:45:45+00:00\",\"breadcrumb\":{\"@id\":\"https:\/\/galli.ch\/schmuck\/herzog-loibner\/rotgold-collier-mit-mondsteine-und-anhaenger\/#breadcrumb\"},\"inLanguage\":\"en-US\",\"potentialAction\":[{\"@type\":\"ReadAction\",\"target\":[\"https:\/\/galli.ch\/schmuck\/herzog-loibner\/rotgold-collier-mit-mondsteine-und-anhaenger\/\"]}]},{\"@type\":\"ImageObject\",\"inLanguage\":\"en-US\",\"@id\":\"https:\/\/galli.ch\/schmuck\/herzog-loibner\/rotgold-collier-mit-mondsteine-und-anhaenger\/#primaryimage\",\"url\":\"https:\/\/galli.ch\/wp-content\/uploads\/240601R_8165_web.png\",\"contentUrl\":\"https:\/\/galli.ch\/wp-content\/uploads\/240601R_8165_web.png\",\"width\":1000,\"height\":1400},{\"@type\":\"BreadcrumbList\",\"@id\":\"https:\/\/galli.ch\/schmuck\/herzog-loibner\/rotgold-collier-mit-mondsteine-und-anhaenger\/#breadcrumb\",\"itemListElement\":[{\"@type\":\"ListItem\",\"position\":1,\"name\":\"Home\",\"item\":\"https:\/\/galli.ch\/en\/\"},{\"@type\":\"ListItem\",\"position\":2,\"name\":\"Uhren\",\"item\":\"https:\/\/galli.ch\/en\/uhren\/\"},{\"@type\":\"ListItem\",\"position\":3,\"name\":\"Rotgold Collier mit Mondsteine und Anh\u00e4nger\"}]},{\"@type\":\"WebSite\",\"@id\":\"http:\/\/galli.ch\/en\/#website\",\"url\":\"http:\/\/galli.ch\/en\/\",\"name\":\"Galli Uhren Bijouterie\",\"description\":\"\",\"potentialAction\":[{\"@type\":\"SearchAction\",\"target\":{\"@type\":\"EntryPoint\",\"urlTemplate\":\"http:\/\/galli.ch\/en\/?s={search_term_string}\"},\"query-input\":{\"@type\":\"PropertyValueSpecification\",\"valueRequired\":true,\"valueName\":\"search_term_string\"}}],\"inLanguage\":\"en-US\"}]}<\/script>\n<!-- \/ Yoast SEO plugin. -->","yoast_head_json":{"title":"Herzog Loibner Rotgold Collier mit Mondsteine und Anh\u00e4nger - Galli Uhren Bijouterie","robots":{"index":"index","follow":"follow","max-snippet":"max-snippet:-1","max-image-preview":"max-image-preview:large","max-video-preview":"max-video-preview:-1"},"canonical":"https:\/\/galli.ch\/schmuck\/herzog-loibner\/rotgold-collier-mit-mondsteine-und-anhaenger\/","og_locale":"en_US","og_type":"article","og_title":"Herzog Loibner Rotgold Collier mit Mondsteine und Anh\u00e4nger - Galli Uhren Bijouterie","og_description":"Die Ketten von Herzog Loibner stehen f\u00fcr h\u00f6chste Qualit\u00e4t und \u00fcberzeugen durch moderne Eleganz und luxuri\u00f6sem Finish. Casual zum Cashmere Pullover wie auch elegant zum Abendkleid entfalten die von Herzog Loibner handgeschmiedeten 18-Karat Gold Colliers ihre pure und formvollendete Wirkung.","og_url":"https:\/\/galli.ch\/schmuck\/herzog-loibner\/rotgold-collier-mit-mondsteine-und-anhaenger\/","og_site_name":"Galli Uhren Bijouterie","article_modified_time":"2025-03-13T12:45:45+00:00","og_image":[{"width":1000,"height":1400,"url":"https:\/\/galli.ch\/wp-content\/uploads\/240601R_8165_web.png","type":"image\/png"}],"twitter_card":"summary_large_image","schema":{"@context":"https:\/\/schema.org","@graph":[{"@type":"WebPage","@id":"https:\/\/galli.ch\/schmuck\/herzog-loibner\/rotgold-collier-mit-mondsteine-und-anhaenger\/","url":"https:\/\/galli.ch\/schmuck\/herzog-loibner\/rotgold-collier-mit-mondsteine-und-anhaenger\/","name":"Herzog Loibner Rotgold Collier mit Mondsteine und Anh\u00e4nger - Galli Uhren Bijouterie","isPartOf":{"@id":"http:\/\/galli.ch\/en\/#website"},"primaryImageOfPage":{"@id":"https:\/\/galli.ch\/schmuck\/herzog-loibner\/rotgold-collier-mit-mondsteine-und-anhaenger\/#primaryimage"},"image":{"@id":"https:\/\/galli.ch\/schmuck\/herzog-loibner\/rotgold-collier-mit-mondsteine-und-anhaenger\/#primaryimage"},"thumbnailUrl":"https:\/\/galli.ch\/wp-content\/uploads\/240601R_8165_web.png","datePublished":"2024-07-15T11:51:22+00:00","dateModified":"2025-03-13T12:45:45+00:00","breadcrumb":{"@id":"https:\/\/galli.ch\/schmuck\/herzog-loibner\/rotgold-collier-mit-mondsteine-und-anhaenger\/#breadcrumb"},"inLanguage":"en-US","potentialAction":[{"@type":"ReadAction","target":["https:\/\/galli.ch\/schmuck\/herzog-loibner\/rotgold-collier-mit-mondsteine-und-anhaenger\/"]}]},{"@type":"ImageObject","inLanguage":"en-US","@id":"https:\/\/galli.ch\/schmuck\/herzog-loibner\/rotgold-collier-mit-mondsteine-und-anhaenger\/#primaryimage","url":"https:\/\/galli.ch\/wp-content\/uploads\/240601R_8165_web.png","contentUrl":"https:\/\/galli.ch\/wp-content\/uploads\/240601R_8165_web.png","width":1000,"height":1400},{"@type":"BreadcrumbList","@id":"https:\/\/galli.ch\/schmuck\/herzog-loibner\/rotgold-collier-mit-mondsteine-und-anhaenger\/#breadcrumb","itemListElement":[{"@type":"ListItem","position":1,"name":"Home","item":"https:\/\/galli.ch\/en\/"},{"@type":"ListItem","position":2,"name":"Uhren","item":"https:\/\/galli.ch\/en\/uhren\/"},{"@type":"ListItem","position":3,"name":"Rotgold Collier mit Mondsteine und Anh\u00e4nger"}]},{"@type":"WebSite","@id":"http:\/\/galli.ch\/en\/#website","url":"http:\/\/galli.ch\/en\/","name":"Galli Uhren Bijouterie","description":"","potentialAction":[{"@type":"SearchAction","target":{"@type":"EntryPoint","urlTemplate":"http:\/\/galli.ch\/en\/?s={search_term_string}"},"query-input":{"@type":"PropertyValueSpecification","valueRequired":true,"valueName":"search_term_string"}}],"inLanguage":"en-US"}]}},"_links":{"self":[{"href":"https:\/\/galli.ch\/en\/wp-json\/wp\/v2\/product\/32570","targetHints":{"allow":["GET"]}}],"collection":[{"href":"https:\/\/galli.ch\/en\/wp-json\/wp\/v2\/product"}],"about":[{"href":"https:\/\/galli.ch\/en\/wp-json\/wp\/v2\/types\/product"}],"wp:featuredmedia":[{"embeddable":true,"href":"https:\/\/galli.ch\/en\/wp-json\/wp\/v2\/media\/32511"}],"wp:attachment":[{"href":"https:\/\/galli.ch\/en\/wp-json\/wp\/v2\/media?parent=32570"}],"wp:term":[{"taxonomy":"product_brand","embeddable":true,"href":"https:\/\/galli.ch\/en\/wp-json\/wp\/v2\/product_brand?post=32570"},{"taxonomy":"product_cat","embeddable":true,"href":"https:\/\/galli.ch\/en\/wp-json\/wp\/v2\/product_cat?post=32570"},{"taxonomy":"product_tag","embeddable":true,"href":"https:\/\/galli.ch\/en\/wp-json\/wp\/v2\/product_tag?post=32570"}],"curies":[{"name":"wp","href":"https:\/\/api.w.org\/{rel}","templated":true}]}}